{"id":3691,"date":"2024-11-10T06:28:41","date_gmt":"2024-11-10T06:28:41","guid":{"rendered":"https:\/\/nfc-readers.com\/?post_type=product&#038;p=3691"},"modified":"2024-11-10T06:28:41","modified_gmt":"2024-11-10T06:28:41","slug":"nfc-ntag-424-dna-sticker-anti-metal-tag-anti-fake","status":"publish","type":"product","link":"https:\/\/nfc-readers.com\/hr\/ic-reader\/nfc-ntag-424-dna-sticker-anti-metal-tag-anti-fake\/","title":{"rendered":"NFC Ntag 424 DNA naljepnica Anti-metal tag Anti-fake"},"content":{"rendered":"<h1 style=\"text-align: center;\"><strong>NFC Ntag 424 DNA naljepnica Anti-metal tag Anti-fake<\/strong><\/h1>\n<p>U doba u kojem su digitalna sigurnost i autenti\u010dnost najva\u017eniji, <strong>NFC Ntag 424 DNK naljepnica protiv metala<\/strong>\u00a0isti\u010de se kao revolucionarno rje\u0161enje. Bilo da \u017eelite za\u0161tititi svoju marku tehnologijom protiv la\u017eiranja, pobolj\u0161ati korisni\u010dku interakciju besprijekornom komunikacijom ili jednostavno prihvatiti najnoviju NFC tehnologiju, ovaj je proizvod izra\u0111en da zadovolji va\u0161e potrebe. Recite zbogom zabrinutosti oko krivotvorina i osigurajte da va\u0161i proizvodi ulivaju povjerenje.<\/p>\n<p>&nbsp;<\/p>\n<h2>Pregled proizvoda i prednosti<\/h2>\n<p>The\u00a0<strong>NFC Ntag 424 DNK naljepnica<\/strong>\u00a0nudi napredne zna\u010dajke koje ga \u010dine obaveznim za tvrtke i potro\u0161a\u010de. Bavi se izazovom provjere autenti\u010dnosti predmeta i osiguravanjem sigurne komunikacije putem NFC (Near Field Communication) tehnologije. Sa svojim kompaktnim dizajnom i specijaliziranim materijalima, savr\u0161en je za razli\u010dite primjene, uklju\u010duju\u0107i ozna\u010davanje proizvoda, marketing i kontrolu pristupa.<\/p>\n<p>&nbsp;<\/p>\n<h3>Prednosti odabira NFC Ntag 424 DNA naljepnica<\/h3>\n<ul>\n<li><strong>Tehnologija protiv la\u017eiranja:<\/strong>\u00a0Integracija naprednih protokola protiv la\u017eiranja \u0161titi va\u0161u marku od krivotvorina.<\/li>\n<li><strong>Prilago\u0111eno korisniku:<\/strong>\u00a0Jednostavan za kori\u0161tenje s pametnim telefonima, tabletima i drugim ure\u0111ajima koji podr\u017eavaju NFC, osigurava trenutni pristup digitalnom sadr\u017eaju.<\/li>\n<li><strong>Izdr\u017eljiv i otporan na vremenske uvjete:<\/strong>\u00a0Izra\u0111en od materijala protiv metala, \u0161to ga \u010dini prikladnim za razli\u010dita okru\u017eenja.<\/li>\n<li><strong>Prilagodljiva rje\u0161enja:<\/strong>\u00a0Dostupan u razli\u010ditim veli\u010dinama i oblicima, zadovoljavaju\u0107i specifi\u010dne poslovne potrebe.<\/li>\n<\/ul>\n<p>Odabirom\u00a0<strong>NFC Ntag 424 DNA naljepnica Anti-Metal Tag Anti-Fake<\/strong>\u00a0zna\u010di ulaganje u kvalitetu, sigurnost i najnoviju tehnologiju, \u0161to ga \u010dini vrijednim svakog penija.<\/p>\n<p>&nbsp;<\/p>\n<h3>Tehni\u010dke specifikacije<\/h3>\n<p>The\u00a0<strong>NFC Ntag 424 DNK naljepnica<\/strong>\u00a0dolazi opremljen vrhunskim specifikacijama dizajniranim za vrhunske performanse. Klju\u010dne zna\u010dajke uklju\u010duju:<\/p>\n<ul>\n<li><strong>Model \u010dipa<\/strong>: Ntag 424 DNK<\/li>\n<li><strong>Kapacitet memorije<\/strong>: 416 bajtova<\/li>\n<li><strong>Radna frekvencija<\/strong>: 13,56 MHz<\/li>\n<li><strong>Uskla\u0111enost<\/strong>: ISO 14443A standard, koji osigurava kompatibilnost s raznim NFC ure\u0111ajima.<\/li>\n<\/ul>\n<p>&nbsp;<\/p>\n<h3>Posebne zna\u010dajke NFC Ntag 424 DNA oznake<\/h3>\n<p><strong>Vodootporan\/otporan na vremenske uvjete<\/strong>: Jedan od istaknutih aspekata ove NFC oznake je njena sposobnost da izdr\u017ei razli\u010dite uvjete okoline. Bilo da pada ki\u0161a ili je izlo\u017eena pra\u0161ini, oznaka zadr\u017eava svoju funkcionalnost zahvaljuju\u0107i robusnom dizajnu.<\/p>\n<p><strong>MINI TAG Dizajn<\/strong>: S promjerom od samo 30 mm, ova mini oznaka je nevjerojatno svestrana. Njegova kompaktna veli\u010dina \u010dini ga prikladnim za \u0161irok raspon primjena gdje je prostor ograni\u010denje.<\/p>\n<p>&nbsp;<\/p>\n<h3>\u010cesto postavljana pitanja o NFC Ntag 424 DNK naljepnicama<\/h3>\n<p><strong>P: Mogu li se ove naljepnice koristiti na otvorenom?<\/strong><br \/>\nO: Da, zna\u010dajke vodootpornosti i otpornosti na vremenske uvjete omogu\u0107uju upotrebu na otvorenom, \u0161to ih \u010dini prikladnima za razli\u010dita okru\u017eenja.<\/p>\n<p><strong>P: Kako mogu naru\u010diti prilago\u0111eni dizajn?<\/strong><br \/>\nO: Zainteresirani kupci mogu kontaktirati na\u0161 prodajni tim putem obrasca za upit koji je dostupan na na\u0161oj web stranici kako bi razgovarali o mogu\u0107nostima prilagodbe.<\/p>\n<p><strong>P: Je li potrebna neka posebna aplikacija za \u010ditanje ovih oznaka?<\/strong><br \/>\nO: Nije potrebna nikakva posebna aplikacija osim standardnog ure\u0111aja s omogu\u0107enom NFC tehnologijom, koji mo\u017ee automatski interpretirati NFC signale.<\/p>","protected":false},"excerpt":{"rendered":"<div class=\"message-item-outer relative px-4 mb-2\" data-id=\"54844065-da5f-474c-98ea-c1f5db113a22\">\n<div class=\"content-area pl-[0px]\">\n<div class=\"message-item select-text relative\">\n<div class=\"message-inner relative\">\n<div class=\"py-[2px]\">\n<div class=\"flex flex-col gap-2\">\n<div class=\"answer-markdown-box overflow-x-auto select-text custom-scrollbar\">\n<div class=\"markdown-body\">\n<p>The\u00a0<strong>NFC Ntag 424 DNK naljepnica protiv metala<\/strong> je vrhunsko rje\u0161enje osmi\u0161ljeno za borbu protiv krivotvorina s naprednom tehnologijom protiv la\u017eiranja. Njegov kompaktan, izdr\u017eljiv dizajn osigurava besprijekoran rad na metalnim povr\u0161inama, \u0161to ga \u010dini idealnim za osiguranje autenti\u010dnosti proizvoda i pove\u0107anje povjerenja potro\u0161a\u010da.<\/p>\n<\/div>\n<\/div>\n<\/div>\n<\/div>\n<\/div>\n<\/div>\n<\/div>\n<\/div>\n<div class=\"message-item-outer relative px-4 mb-2\" data-id=\"46d94813-0d14-49f1-b71b-49c37dfa1a29\">\n<div class=\"content-area pl-[0px]\">\n<div class=\"message-item select-text relative self ms-[22px]\">\n<div class=\"message-inner relative\">\n<div class=\"py-[2px] flex-row-reverse\">\n<div class=\"flex flex-row-reverse\">\n<div class=\"max-w-full\">\n<div class=\"mt-1 border overflow-hidden max-w-[360px] border-solid text-text-primary-4 border-grey-line2-normal rounded-xl mb-2 py-[10px] px-[12px] cursor-pointer hover:border-grey-line2-hover\">\n<div class=\"transition-[max-height] duration-300 ease-in-out\">\n<div class=\"text-xs opacity-100 transition-opacity duration-700 ease-in-out\"><\/div>\n<\/div>\n<\/div>\n<\/div>\n<\/div>\n<\/div>\n<\/div>\n<\/div>\n<\/div>\n<\/div>","protected":false},"featured_media":3693,"template":"","meta":[],"product_brand":[],"product_cat":[48],"product_tag":[],"class_list":{"0":"post-3691","1":"product","2":"type-product","3":"status-publish","4":"has-post-thumbnail","6":"product_cat-nfc-stickers","8":"first","9":"instock","10":"shipping-taxable","11":"product-type-simple"},"_links":{"self":[{"href":"https:\/\/nfc-readers.com\/hr\/wp-json\/wp\/v2\/product\/3691","targetHints":{"allow":["GET"]}}],"collection":[{"href":"https:\/\/nfc-readers.com\/hr\/wp-json\/wp\/v2\/product"}],"about":[{"href":"https:\/\/nfc-readers.com\/hr\/wp-json\/wp\/v2\/types\/product"}],"wp:featuredmedia":[{"embeddable":true,"href":"https:\/\/nfc-readers.com\/hr\/wp-json\/wp\/v2\/media\/3693"}],"wp:attachment":[{"href":"https:\/\/nfc-readers.com\/hr\/wp-json\/wp\/v2\/media?parent=3691"}],"wp:term":[{"taxonomy":"product_brand","embeddable":true,"href":"https:\/\/nfc-readers.com\/hr\/wp-json\/wp\/v2\/product_brand?post=3691"},{"taxonomy":"product_cat","embeddable":true,"href":"https:\/\/nfc-readers.com\/hr\/wp-json\/wp\/v2\/product_cat?post=3691"},{"taxonomy":"product_tag","embeddable":true,"href":"https:\/\/nfc-readers.com\/hr\/wp-json\/wp\/v2\/product_tag?post=3691"}],"curies":[{"name":"wp","href":"https:\/\/api.w.org\/{rel}","templated":true}]}}