{"id":1493,"date":"2024-04-07T02:35:08","date_gmt":"2024-04-07T02:35:08","guid":{"rendered":"https:\/\/nfc-readers.com\/?post_type=product&#038;p=1493"},"modified":"2024-10-16T07:54:06","modified_gmt":"2024-10-16T07:54:06","slug":"acr1255u-j1-bluetooth-nfc-reader-writer","status":"publish","type":"product","link":"https:\/\/nfc-readers.com\/it\/ic-reader\/acr1255u-j1-bluetooth-nfc-reader-writer\/","title":{"rendered":"ACR1255U-J1 \u2013 Lettore\/scrittore NFC Bluetooth\u00ae"},"content":{"rendered":"<h1>ACR1255U-J1 \u2013 Lettore\/scrittore NFC Bluetooth\u00ae<\/h1>\n<p>Il lettore\/scrittore NFC Bluetooth\u00ae sicuro ACS ACR1255U-J1 \u00e8 progettato per abilitare facilmente smart card mobili e applicazioni NFC. Incorporando l&#039;avanzata tecnologia contactless da 13,56 MHz insieme all&#039;integrazione Bluetooth\u00ae, questo dispositivo \u00e8 una testimonianza della moderna tecnologia portatile. Supporta una variet\u00e0 di formati tra cui smart card ISO 14443 Tipo A e B, MIFARE\u00ae, FeliCa\u00ae, nonch\u00e9 la maggior parte dei tag NFC e dispositivi che soddisfano lo standard ISO 18092, garantendo l&#039;applicabilit\u00e0 dell&#039;ACR1255U-J1 a una vasta gamma di usi. Dall&#039;autenticazione no-touch per il controllo degli accessi alla gestione dell&#039;inventario logistico, la sua gamma di applicazioni \u00e8 diversificata. L&#039;ACR1255U-J1 offre doppie funzionalit\u00e0 di interfaccia. Utilizza Bluetooth Low Energy (BLE), noto anche semplicemente come Bluetooth, per la connettivit\u00e0 mobile e USB Full Speed per le interazioni dirette con il PC. Il dispositivo esegue operazioni di lettura\/scrittura a velocit\u00e0 che raggiungono i 424 Kbps, consentendo rapidi trasferimenti di dati con smart card senza contatto e dispositivi NFC. Progettato per l&#039;attivit\u00e0 in movimento, l&#039;ACR1255U-J1 vanta una struttura compatta e trae energia da una batteria interna ricaricabile agli ioni di litio batteria. La sua portabilit\u00e0 lo rende uno strumento pronto per l&#039;uso con la maggior parte degli smartphone e tablet abilitati Bluetooth, ovunque tu sia. Il firmware aggiornabile sul campo \u00e8 un ulteriore vantaggio dell&#039;ACR1255U-J1, offrendo vantaggi in termini di costi e risparmio di tempo mantenendo il passo con la rapida progresso tecnologico e adattamento alle diverse esigenze degli utenti.Protetto dalla crittografia AES-128, il lettore Bluetooth NFC si connette facilmente e in modo sicuro ai dispositivi Android\u2122 (versione 4.3 e successive), iOS (versione 8.0 e successive), nonch\u00e9 Windows\u00ae ( 7 e versioni successive) e Mac OS\u00ae (10.7 e versioni successive). Per l&#039;uso desktop, l&#039;ACR1255U-J1 \u00e8 semplicissimo da installare su computer con Windows\u00ae, grazie alla conformit\u00e0 PC\/SC e CCID. Inoltre, \u00e8 compatibile con i driver Linux\u00ae e Mac OS\u00ae.<\/p>\n<ul>\n<li>\n<h2>Interfaccia Bluetooth\u00ae<\/h2>\n<\/li>\n<li>\n<h2>Interfaccia USB 2.0 a piena velocit\u00e0<\/h2>\n<\/li>\n<li>\n<h2>Fonte di potere:<\/h2>\n<ul>\n<li>\n<h3>Alimentato a batteria (incorpora una batteria agli ioni di litio ricaricabile tramite porta USB Mini-B)<\/h3>\n<\/li>\n<li>\n<h3>Alimentazione tramite USB (tramite modalit\u00e0 collegata al PC)<\/h3>\n<\/li>\n<\/ul>\n<\/li>\n<li>\n<h2>Conformit\u00e0 CCID<\/h2>\n<\/li>\n<li>\n<h2>Lettore di smart card:<\/h2>\n<ul>\n<li>\n<h3>Interfaccia senza contatto:<\/h3>\n<ul>\n<li>\n<h4>Velocit\u00e0 di lettura\/scrittura fino a 424 kbps<\/h4>\n<\/li>\n<li>\n<h4>Antenna integrata per accesso tag senza contatto, con distanza di lettura tessera fino a 60 mm (a seconda del tipo di tag)<\/h4>\n<\/li>\n<li>\n<h4>Supporta carte ISO 14443 Tipo A e B, MIFARE, FeliCa e tutti e 4 i tipi di tag NFC (ISO\/IEC 18092)<\/h4>\n<\/li>\n<li>\n<h4>Funzionalit\u00e0 anticollisione integrata (\u00e8 possibile accedere solo a 1 tag alla volta)<\/h4>\n<\/li>\n<li>\n<h4>Supporto NFC<\/h4>\n<\/li>\n<li>\n<h4>Modalit\u00e0 lettore\/scrittore di schede<\/h4>\n<\/li>\n<\/ul>\n<\/li>\n<\/ul>\n<\/li>\n<li>\n<h2>Periferiche integrate:<\/h2>\n<ul>\n<li>\n<h3>Due LED bicolore controllabili dall&#039;utente<\/h3>\n<\/li>\n<li>\n<h3>Cicalino controllabile dall&#039;utente<\/h3>\n<\/li>\n<\/ul>\n<\/li>\n<li>\n<h2>Interfaccia di programmazione applicazioni:<\/h2>\n<ul>\n<li>\n<h3>Supporta PC\/SC<\/h3>\n<\/li>\n<li>\n<h3>Supporta CT-API (tramite wrapper su PC\/SC)<\/h3>\n<\/li>\n<\/ul>\n<\/li>\n<li>\n<h2>Aggiornabilit\u00e0 del firmware USB<\/h2>\n<\/li>\n<li>\n<h2>Supporta Android\u2122 4.3 e versioni successive<\/h2>\n<\/li>\n<li>\n<h2>Supporta iOS 8.0 e versioni successive<\/h2>\n<\/li>\n<li>\n<table width=\"719\">\n<tbody>\n<tr>\n<td colspan=\"2\" width=\"719\">Caratteristiche fisiche<\/td>\n<\/tr>\n<tr>\n<td width=\"326\">Dimensioni (mm)<\/td>\n<td width=\"393\">85 mm (L) x 54 mm (L) x 10 mm (A)<\/td>\n<\/tr>\n<tr>\n<td width=\"326\">Peso (g)<\/td>\n<td width=\"393\">37,5 g (74,1 g con cavo \u00b1 5 g tolleranza)<\/td>\n<\/tr>\n<tr>\n<td colspan=\"2\" width=\"719\">Interfaccia Bluetooth<\/td>\n<\/tr>\n<tr>\n<td width=\"326\">Protocollo<\/td>\n<td width=\"393\">Bluetooth\u00ae(Bluetooth 4.0)<\/td>\n<\/tr>\n<tr>\n<td width=\"326\">Fonte di potere<\/td>\n<td width=\"393\">Batteria ricaricabile agli ioni di litio (ricarica tramite USB)<\/td>\n<\/tr>\n<tr>\n<td width=\"326\">Velocit\u00e0<\/td>\n<td width=\"393\">1Mbps<\/td>\n<\/tr>\n<tr>\n<td colspan=\"2\" width=\"719\">Interfaccia USB<\/td>\n<\/tr>\n<tr>\n<td width=\"326\">Protocollo<\/td>\n<td width=\"393\">CCID USB<\/td>\n<\/tr>\n<tr>\n<td width=\"326\">Tipo di connettore<\/td>\n<td width=\"393\">USB Mini-B<\/td>\n<\/tr>\n<tr>\n<td width=\"326\">Fonte di potere<\/td>\n<td width=\"393\">Dalla porta USB<\/td>\n<\/tr>\n<tr>\n<td width=\"326\">Velocit\u00e0<\/td>\n<td width=\"393\">USB massima velocit\u00e0 (12 Mbps)<\/td>\n<\/tr>\n<tr>\n<td width=\"326\">Lunghezza del cavo<\/td>\n<td width=\"393\">1 m, staccabile<\/td>\n<\/tr>\n<tr>\n<td colspan=\"2\" width=\"719\">Interfaccia smart card senza contatto<\/td>\n<\/tr>\n<tr>\n<td width=\"326\">Standard<\/td>\n<td width=\"393\">ISO\/IEC 18092 NFC, ISO 14443 Tipo A e B, MIFARE, FeliCa<\/td>\n<\/tr>\n<tr>\n<td width=\"326\">Protocollo<\/td>\n<td width=\"393\">Scheda conforme ISO 14443-4, T=CL<br \/>\nCarta MIFARE Classica, T=CL<br \/>\nISO 18092, tag NFC<br \/>\nFeliCa<\/td>\n<\/tr>\n<tr>\n<td colspan=\"2\" width=\"719\">Periferiche integrate<\/td>\n<\/tr>\n<tr>\n<td width=\"326\">GUIDATO<\/td>\n<td width=\"393\">2 bicolori: rosso e blu, rosso e verde<\/td>\n<\/tr>\n<tr>\n<td width=\"326\">Cicalino<\/td>\n<td width=\"393\">Monotono<\/td>\n<\/tr>\n<tr>\n<td colspan=\"2\" width=\"719\">Altre caratteristiche<\/td>\n<\/tr>\n<tr>\n<td width=\"326\">Crittografia<\/td>\n<td width=\"393\">Algoritmo di crittografia AES integrato nel dispositivo<\/td>\n<\/tr>\n<tr>\n<td width=\"326\">Aggiornamento del firmware<\/td>\n<td width=\"393\">Supportato<\/td>\n<\/tr>\n<tr>\n<td colspan=\"2\" width=\"719\">Certificazioni\/Conformit\u00e0<\/td>\n<\/tr>\n<tr>\n<td rowspan=\"14\" width=\"326\">Certificazioni\/Conformit\u00e0<\/td>\n<td>EN 60950\/IEC 60950<\/td>\n<\/tr>\n<tr>\n<td>ISO18092<\/td>\n<\/tr>\n<tr>\n<td>ISO 14443<\/td>\n<\/tr>\n<tr>\n<td>USB a piena velocit\u00e0<\/td>\n<\/tr>\n<tr>\n<td>Bluetooth\u00ae<\/td>\n<\/tr>\n<tr>\n<td>PC\/SC<\/td>\n<\/tr>\n<tr>\n<td>CCID<\/td>\n<\/tr>\n<tr>\n<td>CE<\/td>\n<\/tr>\n<tr>\n<td>FCC<\/td>\n<\/tr>\n<tr>\n<td>RoHS<\/td>\n<\/tr>\n<tr>\n<td>PORTATA<\/td>\n<\/tr>\n<tr>\n<td>VCCI (Giappone)<\/td>\n<\/tr>\n<tr>\n<td>BRI (India)<\/td>\n<\/tr>\n<tr>\n<td>Microsoft\u00ae WHQL<\/td>\n<\/tr>\n<tr>\n<td colspan=\"2\" width=\"719\">Supporto del sistema operativo del driver del dispositivo<\/td>\n<\/tr>\n<tr>\n<td rowspan=\"5\" width=\"326\">Supporto del sistema operativo del driver del dispositivo<\/td>\n<td width=\"393\">Windows\u00ae<\/td>\n<\/tr>\n<tr>\n<td width=\"393\">Linux\u00ae<\/td>\n<\/tr>\n<tr>\n<td width=\"393\">MAC OS\u00ae 10.7 e versioni successive<\/td>\n<\/tr>\n<tr>\n<td width=\"393\">Android\u2122 4.3 e versioni successive<\/td>\n<\/tr>\n<tr>\n<td width=\"393\">iOS 8.0 e versioni successive<\/td>\n<\/tr>\n<\/tbody>\n<\/table>\n<\/li>\n<\/ul>","protected":false},"excerpt":{"rendered":"<p>ACR1255U-J1 \u00e8 un versatile lettore Bluetooth\u00ae NFC dotato di tecnologia RFID, che consente interazioni fluide su dispositivi mobili e desktop con smart card e dispositivi NFC.<\/p>","protected":false},"featured_media":1496,"template":"","meta":[],"product_brand":[],"product_cat":[38,40],"product_tag":[],"class_list":{"0":"post-1493","1":"product","2":"type-product","3":"status-publish","4":"has-post-thumbnail","6":"product_cat-mobile-ble-nfc-reader","7":"product_cat-rfid-nfc-reader","9":"first","10":"instock","11":"shipping-taxable","12":"product-type-simple"},"_links":{"self":[{"href":"https:\/\/nfc-readers.com\/it\/wp-json\/wp\/v2\/product\/1493","targetHints":{"allow":["GET"]}}],"collection":[{"href":"https:\/\/nfc-readers.com\/it\/wp-json\/wp\/v2\/product"}],"about":[{"href":"https:\/\/nfc-readers.com\/it\/wp-json\/wp\/v2\/types\/product"}],"wp:featuredmedia":[{"embeddable":true,"href":"https:\/\/nfc-readers.com\/it\/wp-json\/wp\/v2\/media\/1496"}],"wp:attachment":[{"href":"https:\/\/nfc-readers.com\/it\/wp-json\/wp\/v2\/media?parent=1493"}],"wp:term":[{"taxonomy":"product_brand","embeddable":true,"href":"https:\/\/nfc-readers.com\/it\/wp-json\/wp\/v2\/product_brand?post=1493"},{"taxonomy":"product_cat","embeddable":true,"href":"https:\/\/nfc-readers.com\/it\/wp-json\/wp\/v2\/product_cat?post=1493"},{"taxonomy":"product_tag","embeddable":true,"href":"https:\/\/nfc-readers.com\/it\/wp-json\/wp\/v2\/product_tag?post=1493"}],"curies":[{"name":"wp","href":"https:\/\/api.w.org\/{rel}","templated":true}]}}