{"id":1512,"date":"2024-04-07T03:03:03","date_gmt":"2024-04-07T03:03:03","guid":{"rendered":"https:\/\/nfc-readers.com\/?post_type=product&#038;p=1512"},"modified":"2024-10-16T08:13:55","modified_gmt":"2024-10-16T08:13:55","slug":"acr35-nfc-mobilemate-card-reader","status":"publish","type":"product","link":"https:\/\/nfc-readers.com\/it\/ic-reader\/acr35-nfc-mobilemate-card-reader\/","title":{"rendered":"Lettore di schede NFC MobileMate ACR35"},"content":{"rendered":"<h1>Lettore di schede NFC MobileMate ACR35<\/h1>\n<p>Il lettore di schede NFC MobileMate ACR35 \u00e8 un lettore NFC compatto, elegante e portatile che offre un&#039;esperienza sicura e facile da usare. Le sue funzionalit\u00e0 di crittografia avanzate e la comodit\u00e0 di un alimentatore ricaricabile lo rendono una risorsa preziosa per transazioni mobili sicure, incarnando la perfetta combinazione di funzionalit\u00e0 e portabilit\u00e0 per gli utenti attivi.<\/p>\n<p>&nbsp;<\/p>\n<p>Interfaccia jack audio da 3,5 mm<br \/>\nAlimentato da una batteria agli ioni di litio (ricaricabile tramite modalit\u00e0 collegata al PC)<br \/>\nLettore di smart card:<br \/>\nAntenna integrata per l&#039;accesso al tag senza contatto, con distanza di lettura fino a 50 mm (a seconda del tipo di tag)<br \/>\nSupporta le schede ISO 14443 Parte 4 Tipo A e B<br \/>\nSupporta MIFARE<br \/>\nSupporta FeliCa<br \/>\nSupporta tag ISO 18092 (tag NFC)*<br \/>\nFunzionalit\u00e0 anticollisione integrata<br \/>\nSupporto NFC:<br \/>\nModalit\u00e0 lettore\/scrittore di carte<br \/>\nLettore di carte a banda magnetica:<br \/>\nLegge fino a due tracce di dati della carta (Traccia 1\/Traccia 2)<br \/>\nCapace di lettura bidirezionale<br \/>\nSupporta l&#039;algoritmo di crittografia AES128<br \/>\nSupporta il sistema di gestione delle chiavi DUKPT<br \/>\nSupporta carte magnetiche ISO 7810\/7811<br \/>\nSupporta carte magnetiche ad alta e bassa coercivit\u00e0<br \/>\nSupporta JIS1 e JIS2<\/p>\n<table width=\"769\">\n<tbody>\n<tr>\n<td colspan=\"2\" width=\"769\">Caratteristiche fisiche<\/td>\n<\/tr>\n<tr>\n<td width=\"376\">Dimensioni (mm)<\/td>\n<td width=\"393\">60,0 mm (L) x 45,0 mm (L) x 13,3 mm (A)<\/td>\n<\/tr>\n<tr>\n<td width=\"376\">Peso (g)<\/td>\n<td width=\"393\">29,0 g (con batteria)<\/td>\n<\/tr>\n<tr>\n<td colspan=\"2\" width=\"769\">Interfaccia di comunicazione jack audio<\/td>\n<\/tr>\n<tr>\n<td width=\"376\">Protocollo<\/td>\n<td width=\"393\">Interfaccia jack audio bidirezionale<\/td>\n<\/tr>\n<tr>\n<td width=\"376\">Tipo di connettore<\/td>\n<td width=\"393\">Jack audio a 4 poli da 3,5 mm<\/td>\n<\/tr>\n<tr>\n<td width=\"376\">Fonte di potere<\/td>\n<td width=\"393\">Batteria caricata<\/td>\n<\/tr>\n<tr>\n<td colspan=\"2\" width=\"769\">Interfaccia USB<\/td>\n<\/tr>\n<tr>\n<td width=\"376\">Tipo di connettore<\/td>\n<td width=\"393\">Micro USB<\/td>\n<\/tr>\n<tr>\n<td width=\"376\">Fonte di potere<\/td>\n<td width=\"393\">Dalla porta USB<\/td>\n<\/tr>\n<tr>\n<td width=\"376\">Lunghezza del cavo<\/td>\n<td width=\"393\">1 m, staccabile<\/td>\n<\/tr>\n<tr>\n<td colspan=\"2\" width=\"769\">Interfaccia smart card senza contatto<\/td>\n<\/tr>\n<tr>\n<td width=\"376\">Standard<\/td>\n<td width=\"393\">ISO\/IEC 18092 NFC, ISO 14443 Tipo A e B, MIFARE, FeliCa<\/td>\n<\/tr>\n<tr>\n<td rowspan=\"4\" width=\"376\">Protocollo<\/td>\n<td width=\"393\">Scheda conforme ISO 14443-4, T=CL<\/td>\n<\/tr>\n<tr>\n<td width=\"393\">Carta MIFARE Classica, T=CL<\/td>\n<\/tr>\n<tr>\n<td width=\"393\">ISO 18092, tag NFC<\/td>\n<\/tr>\n<tr>\n<td width=\"393\">FeliCa<\/td>\n<\/tr>\n<tr>\n<td colspan=\"2\" width=\"769\">Interfaccia per carte magnetiche<\/td>\n<\/tr>\n<tr>\n<td rowspan=\"2\" width=\"376\">Standard<\/td>\n<td width=\"393\">Carte magnetiche ISO 7810\/7811 Hi-Co e Low-Co<\/td>\n<\/tr>\n<tr>\n<td width=\"393\">JIS 1 e JIS 2<\/td>\n<\/tr>\n<tr>\n<td colspan=\"2\" width=\"769\">Altre caratteristiche<\/td>\n<\/tr>\n<tr>\n<td rowspan=\"2\" width=\"376\">Crittografia<\/td>\n<td width=\"393\">Algoritmo di crittografia AES integrato nel dispositivo<\/td>\n<\/tr>\n<tr>\n<td width=\"393\">Sistema di gestione delle chiavi DUKPT<\/td>\n<\/tr>\n<tr>\n<td colspan=\"2\" width=\"769\">Certificazioni\/Conformit\u00e0<\/td>\n<\/tr>\n<tr>\n<td rowspan=\"10\" width=\"376\">Certificazioni\/Conformit\u00e0<\/td>\n<td>EN 60950\/IEC 60950<\/td>\n<\/tr>\n<tr>\n<td>ISO7811<\/td>\n<\/tr>\n<tr>\n<td>ISO18092<\/td>\n<\/tr>\n<tr>\n<td>ISO 14443<\/td>\n<\/tr>\n<tr>\n<td>VCCI (Giappone)<\/td>\n<\/tr>\n<tr>\n<td>KC (Corea)<\/td>\n<\/tr>\n<tr>\n<td>CE<\/td>\n<\/tr>\n<tr>\n<td>FCC<\/td>\n<\/tr>\n<tr>\n<td>RoHS2<\/td>\n<\/tr>\n<tr>\n<td>PORTATA<\/td>\n<\/tr>\n<tr>\n<td colspan=\"2\" width=\"769\">Supporto del sistema operativo del driver del dispositivo<\/td>\n<\/tr>\n<tr>\n<td rowspan=\"2\" width=\"376\">Supporto del sistema operativo del driver del dispositivo<\/td>\n<td>Android\u2122 2.0 e versioni successive<\/td>\n<\/tr>\n<tr>\n<td>iOS 5.0 e versioni successive<\/td>\n<\/tr>\n<\/tbody>\n<\/table>","protected":false},"excerpt":{"rendered":"<p>Il lettore ACR35 NFC MobileMate \u00e8 un lettore portatile contactless che potenzia i dispositivi mobili, offrendo transazioni NFC sicure per gli utenti in movimento.<\/p>","protected":false},"featured_media":1499,"template":"","meta":[],"product_brand":[],"product_cat":[38],"product_tag":[],"class_list":{"0":"post-1512","1":"product","2":"type-product","3":"status-publish","4":"has-post-thumbnail","6":"product_cat-mobile-ble-nfc-reader","8":"first","9":"instock","10":"shipping-taxable","11":"product-type-simple"},"_links":{"self":[{"href":"https:\/\/nfc-readers.com\/it\/wp-json\/wp\/v2\/product\/1512","targetHints":{"allow":["GET"]}}],"collection":[{"href":"https:\/\/nfc-readers.com\/it\/wp-json\/wp\/v2\/product"}],"about":[{"href":"https:\/\/nfc-readers.com\/it\/wp-json\/wp\/v2\/types\/product"}],"wp:featuredmedia":[{"embeddable":true,"href":"https:\/\/nfc-readers.com\/it\/wp-json\/wp\/v2\/media\/1499"}],"wp:attachment":[{"href":"https:\/\/nfc-readers.com\/it\/wp-json\/wp\/v2\/media?parent=1512"}],"wp:term":[{"taxonomy":"product_brand","embeddable":true,"href":"https:\/\/nfc-readers.com\/it\/wp-json\/wp\/v2\/product_brand?post=1512"},{"taxonomy":"product_cat","embeddable":true,"href":"https:\/\/nfc-readers.com\/it\/wp-json\/wp\/v2\/product_cat?post=1512"},{"taxonomy":"product_tag","embeddable":true,"href":"https:\/\/nfc-readers.com\/it\/wp-json\/wp\/v2\/product_tag?post=1512"}],"curies":[{"name":"wp","href":"https:\/\/api.w.org\/{rel}","templated":true}]}}