{"id":1532,"date":"2024-04-07T04:16:02","date_gmt":"2024-04-07T04:16:02","guid":{"rendered":"https:\/\/nfc-readers.com\/?post_type=product&#038;p=1532"},"modified":"2024-10-16T08:01:13","modified_gmt":"2024-10-16T08:01:13","slug":"acr39u-nd-pocketmate-ii-micro-usb-smart-card-reader","status":"publish","type":"product","link":"https:\/\/nfc-readers.com\/it\/ic-reader\/acr39u-nd-pocketmate-ii-micro-usb-smart-card-reader\/","title":{"rendered":"Lettore di smart card ACR39U-ND PocketMate II (Micro-USB)."},"content":{"rendered":"<div>\n<h1>Lettore di smart card ACR39U-ND PocketMate II (Micro-USB).<\/h1>\n<p>L&#039;ACR39 Pocketmate II, dotato di un connettore Micro-USB, si evolve ingegnosamente in un lettore di Smart Card a contatto di dimensioni standard con una semplice azione di rotazione. Abbastanza compatto da stare su un portachiavi, questo dispositivo \u00e8 pronto a supportare applicazioni di smart card sofisticate con efficienza. Questo lettore portatile ospita abilmente smart card conformi a ISO 7816 Classe A, B e C (5 V, 3 V e 1,8 V), insieme a schede a microprocessore che operano su protocolli T=0 e T=1. La sua versatilit\u00e0 si estende a una serie di schede di memoria, comprese quelle utilizzate dal Dipartimento della Difesa per l&#039;accesso comune (CAC) e SIPRNET. L&#039;ACR39U PocketMate II prospera in vari scenari, tra cui la verifica dell&#039;identit\u00e0 personale, i controlli di accesso, le firme digitali e le transazioni online sicure. La variante Micro-USB assicura che l&#039;ACR39U Pocketmate II mantenga tutte le rinomate funzionalit\u00e0 della serie ACR39U, offrendo anche compatibilit\u00e0 inversa e facilit\u00e0 di orientamento. Adatto alle integrazioni desktop e mobile, i suoi driver si armonizzano con una moltitudine di sistemi operativi come Windows\u00ae, Linux\u00ae, Solaris e Mac OS\u00ae. Inoltre, l&#039;ACR39U PocketMate II ha esteso la sua utilit\u00e0 ai dispositivi Android\u2122 che eseguono la versione 3.1 o superiore.<\/p>\n<ul>\n<li>\n<h2>Interfaccia USB 2.0 a piena velocit\u00e0<\/h2>\n<\/li>\n<li>\n<h2>Connettore USB micro-USB<\/h2>\n<\/li>\n<li>\n<h2>Plug and Play: il supporto CCID offre la massima mobilit\u00e0<\/h2>\n<\/li>\n<li>\n<h2>Design del movimento girevole<\/h2>\n<\/li>\n<li>\n<h2>Lettore di smart card:<\/h2>\n<ul>\n<li>\n<h3>Supporta schede ISO 7816 Classe A, B e C (5 V, 3 V, 1,8 V)<\/h3>\n<\/li>\n<li>\n<h3>Supporta CAC<\/h3>\n<\/li>\n<li>\n<h3>Supporta la scheda SIPRNET<\/h3>\n<\/li>\n<li>\n<h3>Supporta la scheda J-LIS<\/h3>\n<\/li>\n<li>\n<h3>Supporta la scheda Mykad<\/h3>\n<\/li>\n<li>\n<h3>Supporta schede a microprocessore con protocollo T=0 o T=1<\/h3>\n<\/li>\n<li>\n<h3>Supporta schede di memoria<\/h3>\n<\/li>\n<li>\n<h3>Supporta PPS (selezione protocollo e parametri)<\/h3>\n<\/li>\n<li>\n<h3>Dispone di protezione da cortocircuito<\/h3>\n<\/li>\n<\/ul>\n<\/li>\n<li>\n<h2>Interfaccia di programmazione applicazioni:<\/h2>\n<ul>\n<li>\n<h3>Supporta PC\/SC<\/h3>\n<\/li>\n<li>\n<h3>Supporta CT-API CT-API (tramite wrapper su PC\/SC)<\/h3>\n<\/li>\n<\/ul>\n<\/li>\n<li>\n<h2>Supporta Android\u2122 3.1 e versioni successive<\/h2>\n<\/li>\n<li>\n<table width=\"719\">\n<tbody>\n<tr>\n<td colspan=\"2\" width=\"719\">Caratteristiche fisiche<\/td>\n<\/tr>\n<tr>\n<td width=\"326\">Dimensioni (mm)<\/td>\n<td width=\"393\">58,0 mm (L) x 20,0 mm (L) x 13,7 mm (A)<\/td>\n<\/tr>\n<tr>\n<td width=\"326\">Peso (g)<\/td>\n<td width=\"393\">9,7 g<\/td>\n<\/tr>\n<tr>\n<td colspan=\"2\" width=\"719\">Interfaccia USB<\/td>\n<\/tr>\n<tr>\n<td width=\"326\">Protocollo<\/td>\n<td width=\"393\">CCID USB<\/td>\n<\/tr>\n<tr>\n<td width=\"326\">Tipo di connettore<\/td>\n<td width=\"393\">Micro USB<\/td>\n<\/tr>\n<tr>\n<td width=\"326\">Fonte di potere<\/td>\n<td width=\"393\">Dalla porta USB<\/td>\n<\/tr>\n<tr>\n<td width=\"326\">Velocit\u00e0<\/td>\n<td width=\"393\">USB massima velocit\u00e0 (12 Mbps)<\/td>\n<\/tr>\n<tr>\n<td colspan=\"2\" width=\"719\">Contatta l&#039;interfaccia Smart Card<\/td>\n<\/tr>\n<tr>\n<td width=\"326\">Numero di slot<\/td>\n<td width=\"393\">1 slot per schede di dimensioni standard<\/td>\n<\/tr>\n<tr>\n<td width=\"326\">Standard<\/td>\n<td width=\"393\">ISO 7816 Parti 1-3, Classe A, B, C (5 V, 3 V, 1,8 V)<\/td>\n<\/tr>\n<tr>\n<td width=\"326\">Protocollo<\/td>\n<td width=\"393\">T=0; T=1; Supporto per schede di memoria<\/td>\n<\/tr>\n<tr>\n<td width=\"326\">Altri<\/td>\n<td width=\"393\">Smart card CAC, PIV, SIPRNET, J-LIS<\/td>\n<\/tr>\n<tr>\n<td colspan=\"2\" width=\"719\">Certificazioni\/Conformit\u00e0<\/td>\n<\/tr>\n<tr>\n<td rowspan=\"16\" width=\"326\">Certificazioni\/Conformit\u00e0<\/td>\n<td>EN 60950\/IEC 60950<\/td>\n<\/tr>\n<tr>\n<td>ISO7816<\/td>\n<\/tr>\n<tr>\n<td>USB a piena velocit\u00e0<\/td>\n<\/tr>\n<tr>\n<td>EMV\u2122 Livello 1 (Contatti)<\/td>\n<\/tr>\n<tr>\n<td>PC\/SC<\/td>\n<\/tr>\n<tr>\n<td>CCID<\/td>\n<\/tr>\n<tr>\n<td>TAAA (Stati Uniti)<\/td>\n<\/tr>\n<tr>\n<td>VCCI (Giappone)<\/td>\n<\/tr>\n<tr>\n<td>J-LIS (Giappone)<\/td>\n<\/tr>\n<tr>\n<td>PBOC (Cina)<\/td>\n<\/tr>\n<tr>\n<td>CE<\/td>\n<\/tr>\n<tr>\n<td>FCC<\/td>\n<\/tr>\n<tr>\n<td>RAEE<\/td>\n<\/tr>\n<tr>\n<td>RoHS2<\/td>\n<\/tr>\n<tr>\n<td>PORTATA<\/td>\n<\/tr>\n<tr>\n<td>Microsoft\u00ae WHQL<\/td>\n<\/tr>\n<tr>\n<td colspan=\"2\" width=\"719\">Supporto del sistema operativo del driver del dispositivo<\/td>\n<\/tr>\n<tr>\n<td rowspan=\"5\" width=\"326\">Supporto del sistema operativo del driver del dispositivo<\/td>\n<td>Windows\u00ae<\/td>\n<\/tr>\n<tr>\n<td>Linux\u00ae<\/td>\n<\/tr>\n<tr>\n<td>MACOS\u00ae<\/td>\n<\/tr>\n<tr>\n<td>Solaris<\/td>\n<\/tr>\n<tr>\n<td>Android\u2122 3.1 e versioni successive<\/td>\n<\/tr>\n<\/tbody>\n<\/table>\n<\/li>\n<\/ul>\n<\/div>\n<div><\/div>","protected":false},"excerpt":{"rendered":"<p>ACR39U Pocketmate II \u00e8 un lettore USB sicuro compatto che offre supporto ad alta velocit\u00e0 per varie applicazioni di smart card.<\/p>","protected":false},"featured_media":1534,"template":"","meta":[],"product_brand":[],"product_cat":[39],"product_tag":[],"class_list":{"0":"post-1532","1":"product","2":"type-product","3":"status-publish","4":"has-post-thumbnail","6":"product_cat-usb-ic-smartcard-reader","8":"first","9":"instock","10":"shipping-taxable","11":"product-type-simple"},"_links":{"self":[{"href":"https:\/\/nfc-readers.com\/it\/wp-json\/wp\/v2\/product\/1532","targetHints":{"allow":["GET"]}}],"collection":[{"href":"https:\/\/nfc-readers.com\/it\/wp-json\/wp\/v2\/product"}],"about":[{"href":"https:\/\/nfc-readers.com\/it\/wp-json\/wp\/v2\/types\/product"}],"wp:featuredmedia":[{"embeddable":true,"href":"https:\/\/nfc-readers.com\/it\/wp-json\/wp\/v2\/media\/1534"}],"wp:attachment":[{"href":"https:\/\/nfc-readers.com\/it\/wp-json\/wp\/v2\/media?parent=1532"}],"wp:term":[{"taxonomy":"product_brand","embeddable":true,"href":"https:\/\/nfc-readers.com\/it\/wp-json\/wp\/v2\/product_brand?post=1532"},{"taxonomy":"product_cat","embeddable":true,"href":"https:\/\/nfc-readers.com\/it\/wp-json\/wp\/v2\/product_cat?post=1532"},{"taxonomy":"product_tag","embeddable":true,"href":"https:\/\/nfc-readers.com\/it\/wp-json\/wp\/v2\/product_tag?post=1532"}],"curies":[{"name":"wp","href":"https:\/\/api.w.org\/{rel}","templated":true}]}}