{"id":1545,"date":"2024-04-07T06:11:51","date_gmt":"2024-04-07T06:11:51","guid":{"rendered":"https:\/\/nfc-readers.com\/?post_type=product&#038;p=1545"},"modified":"2024-10-16T06:54:40","modified_gmt":"2024-10-16T06:54:40","slug":"acr1251u-nfc-reader-writer","status":"publish","type":"product","link":"https:\/\/nfc-readers.com\/it\/ic-reader\/acr1251u-nfc-reader-writer\/","title":{"rendered":"ACR1251U Lettore\/scrittore NFC"},"content":{"rendered":"<h1>ACR1251U Lettore\/scrittore NFC<\/h1>\n<p>L&#039;ACR1251U-A1 emerge come il lettore NFC contactless di nuova generazione, migliorando l&#039;esperienza utente con funzionalit\u00e0 come l&#039;aggiornabilit\u00e0 del firmware, uno slot SAM (Secure Access Module) e la capacit\u00e0 di interagire con tag e dispositivi NFC. Si distingue nel regno delle funzionalit\u00e0 contactless, offrendo un ulteriore livello di sicurezza. Grazie al SAM, pu\u00f2 eseguire la diversificazione delle chiavi e l&#039;autenticazione reciproca, riducendo drasticamente l&#039;esposizione delle chiavi e minimizzando il rischio di compromissione delle chiavi, rafforzando cos\u00ec la sicurezza delle operazioni contactless. Progettato per una variet\u00e0 di scopi di smart card contactless, l&#039;ACR1251U-A1 \u00e8 adatto per applicazioni come l&#039;autenticazione dell&#039;identit\u00e0 personale, l&#039;accesso alla rete, l&#039;e-banking e le transazioni su piccola scala. Le sue funzionalit\u00e0 NFC avanzate lo rendono anche adatto per usi innovativi come Smart Poster per la pubblicit\u00e0 e la comunicazione con un&#039;ampia gamma di smartphone compatibili con NFC. La compatibilit\u00e0 con PC\/SC favorisce un&#039;integrazione fluida multipiattaforma e a livello di applicazione. L&#039;ACR1251U-A1 supporta inoltre gli aggiornamenti firmware remoti post-distribuzione, aggirando la necessit\u00e0 di modifiche hardware fisiche. Il suo design elegante e attento allo spazio e la funzionalit\u00e0 completa rendono l&#039;ACR1251U-A1 uno strumento di prim&#039;ordine per chiunque cerchi tutti i vantaggi della tecnologia NFC.<\/p>\n<p><iframe loading=\"lazy\" title=\"LETTORE NFC ACR1251U C1\" width=\"1020\" height=\"574\" src=\"https:\/\/www.youtube.com\/embed\/8QiOKOoec6k?feature=oembed\" frameborder=\"0\" allow=\"accelerometer; autoplay; clipboard-write; encrypted-media; gyroscope; picture-in-picture; web-share\" referrerpolicy=\"strict-origin-when-cross-origin\" allowfullscreen><\/iframe><\/p>\n<ul>\n<li>\n<h2>Interfaccia USB a piena velocit\u00e0<\/h2>\n<\/li>\n<li>\n<h2>Conformit\u00e0 CCID<\/h2>\n<\/li>\n<li>\n<h2>Lettore di smart card:<\/h2>\n<ul>\n<li>\n<h3>Interfaccia senza contatto:<\/h3>\n<ul>\n<li>\n<h4>Velocit\u00e0 di lettura\/scrittura fino a 424 kbps<\/h4>\n<\/li>\n<li>\n<h4>Antenna integrata per accesso tag senza contatto, con distanza di lettura tessera fino a 30 mm (a seconda del tipo di tag)<\/h4>\n<\/li>\n<li>\n<h4>Supporta carte ISO 14443 Tipo A e B, MIFARE\u00ae, FeliCa e tutti e 4 i tipi di tag NFC (ISO\/IEC 18092)<\/h4>\n<\/li>\n<li>\n<h4>Funzionalit\u00e0 anticollisione integrata (\u00e8 possibile accedere solo a 1 tag alla volta)<\/h4>\n<\/li>\n<li>\n<h4>Supporto NFC<\/h4>\n<\/li>\n<li>\n<h4>Modalit\u00e0 lettore\/scrittore di schede<\/h4>\n<\/li>\n<\/ul>\n<\/li>\n<\/ul>\n<\/li>\n<li>\n<h2>Periferiche integrate:<\/h2>\n<ul>\n<li>\n<h3>LED:<\/h3>\n<ul>\n<li>\n<h4>LED bicolore controllabile dall&#039;utente<\/h4>\n<\/li>\n<\/ul>\n<\/li>\n<\/ul>\n<\/li>\n<li>\n<h2>Interfaccia di programmazione applicazioni:<\/h2>\n<ul>\n<li>\n<h3>Supporta PC\/SC<\/h3>\n<\/li>\n<li>\n<h3>Supporta CT-API (tramite wrapper su PC\/SC)<\/h3>\n<\/li>\n<\/ul>\n<\/li>\n<li>\n<h2>Aggiornabilit\u00e0 del firmware USB<\/h2>\n<\/li>\n<li>\n<h2>Supporta Android\u2122 3.1 e versioni successive<\/h2>\n<\/li>\n<li>\n<div>\n<table width=\"843\">\n<tbody>\n<tr>\n<td colspan=\"2\" width=\"843\">Caratteristiche fisiche<\/td>\n<\/tr>\n<tr>\n<td width=\"450\">Dimensioni (mm)<\/td>\n<td width=\"393\">98,0 mm (L) x 65,0 mm (L) x 12,8 mm (A)<\/td>\n<\/tr>\n<tr>\n<td width=\"450\">Peso (g)<\/td>\n<td width=\"393\">70 g<\/td>\n<\/tr>\n<tr>\n<td colspan=\"2\" width=\"843\">Interfaccia USB<\/td>\n<\/tr>\n<tr>\n<td width=\"450\">Protocollo<\/td>\n<td width=\"393\">CCID USB<\/td>\n<\/tr>\n<tr>\n<td width=\"450\">Fonte di potere<\/td>\n<td width=\"393\">Dalla porta USB<\/td>\n<\/tr>\n<tr>\n<td width=\"450\">Velocit\u00e0<\/td>\n<td width=\"393\">USB massima velocit\u00e0 (12 Mbps)<\/td>\n<\/tr>\n<tr>\n<td width=\"450\">Lunghezza del cavo<\/td>\n<td width=\"393\">1,0 m, fisso<\/td>\n<\/tr>\n<tr>\n<td colspan=\"2\" width=\"843\">Interfaccia smart card senza contatto<\/td>\n<\/tr>\n<tr>\n<td width=\"450\">Standard<\/td>\n<td width=\"393\">ISO\/IEC 18092 NFC, ISO 14443 Tipo A e B, MIFARE\u00ae, FeliCa<\/td>\n<\/tr>\n<tr>\n<td rowspan=\"4\" width=\"450\">Protocollo<\/td>\n<td width=\"393\">Scheda conforme ISO 14443-4, T=CL<\/td>\n<\/tr>\n<tr>\n<td width=\"393\">Carta MIFARE\u00ae Classica, T=CL<\/td>\n<\/tr>\n<tr>\n<td width=\"393\">ISO18092, tag NFC<\/td>\n<\/tr>\n<tr>\n<td width=\"393\">FeliCa<\/td>\n<\/tr>\n<tr>\n<td colspan=\"2\" width=\"843\">Periferiche integrate<\/td>\n<\/tr>\n<tr>\n<td width=\"450\">GUIDATO<\/td>\n<td width=\"393\">1 bicolore: rosso e verde<\/td>\n<\/tr>\n<tr>\n<td width=\"450\">Cicalino<\/td>\n<td width=\"393\">Monotono<\/td>\n<\/tr>\n<tr>\n<td colspan=\"2\" width=\"843\">Certificazioni\/Conformit\u00e0<\/td>\n<\/tr>\n<tr>\n<td rowspan=\"13\" width=\"450\">Certificazioni\/Conformit\u00e0<\/td>\n<td width=\"393\">EN 60950\/IEC 60950<\/td>\n<\/tr>\n<tr>\n<td width=\"393\">ISO18092<\/td>\n<\/tr>\n<tr>\n<td width=\"393\">ISO 14443<\/td>\n<\/tr>\n<tr>\n<td width=\"393\">USB a piena velocit\u00e0<\/td>\n<\/tr>\n<tr>\n<td width=\"393\">PC\/SC<\/td>\n<\/tr>\n<tr>\n<td width=\"393\">CCID<\/td>\n<\/tr>\n<tr>\n<td width=\"393\">VCCI (Giappone)<\/td>\n<\/tr>\n<tr>\n<td width=\"393\">KC (Corea)<\/td>\n<\/tr>\n<tr>\n<td width=\"393\">Microsoft\u00ae WHQL<\/td>\n<\/tr>\n<tr>\n<td width=\"393\">CE<\/td>\n<\/tr>\n<tr>\n<td width=\"393\">FCC<\/td>\n<\/tr>\n<tr>\n<td width=\"393\">RoHS2<\/td>\n<\/tr>\n<tr>\n<td width=\"393\">PORTATA<\/td>\n<\/tr>\n<tr>\n<td colspan=\"2\" width=\"843\">Supporto del sistema operativo del driver del dispositivo<\/td>\n<\/tr>\n<tr>\n<td rowspan=\"6\" width=\"450\">Supporto del sistema operativo del driver del dispositivo<\/td>\n<td width=\"393\">Windows\u00aeCE<\/td>\n<\/tr>\n<tr>\n<td width=\"393\">Windows\u00ae<\/td>\n<\/tr>\n<tr>\n<td width=\"393\">Linux\u00ae<\/td>\n<\/tr>\n<tr>\n<td width=\"393\">MACOS\u00ae<\/td>\n<\/tr>\n<tr>\n<td width=\"393\">Solaris<\/td>\n<\/tr>\n<tr>\n<td width=\"393\">Android\u2122<\/td>\n<\/tr>\n<\/tbody>\n<\/table>\n<\/div>\n<\/li>\n<\/ul>","protected":false},"excerpt":{"rendered":"<p>L&#039;ACR1251U-A1 \u00e8 un lettore NFC USB all&#039;avanguardia con slot SAM, che offre maggiore sicurezza e versatilit\u00e0 per varie applicazioni contactless.<\/p>","protected":false},"featured_media":1549,"template":"","meta":[],"product_brand":[],"product_cat":[45,40],"product_tag":[],"class_list":{"0":"post-1545","1":"product","2":"type-product","3":"status-publish","4":"has-post-thumbnail","6":"product_cat-contactless-nfc-reader","7":"product_cat-rfid-nfc-reader","9":"first","10":"instock","11":"shipping-taxable","12":"product-type-simple"},"_links":{"self":[{"href":"https:\/\/nfc-readers.com\/it\/wp-json\/wp\/v2\/product\/1545","targetHints":{"allow":["GET"]}}],"collection":[{"href":"https:\/\/nfc-readers.com\/it\/wp-json\/wp\/v2\/product"}],"about":[{"href":"https:\/\/nfc-readers.com\/it\/wp-json\/wp\/v2\/types\/product"}],"wp:featuredmedia":[{"embeddable":true,"href":"https:\/\/nfc-readers.com\/it\/wp-json\/wp\/v2\/media\/1549"}],"wp:attachment":[{"href":"https:\/\/nfc-readers.com\/it\/wp-json\/wp\/v2\/media?parent=1545"}],"wp:term":[{"taxonomy":"product_brand","embeddable":true,"href":"https:\/\/nfc-readers.com\/it\/wp-json\/wp\/v2\/product_brand?post=1545"},{"taxonomy":"product_cat","embeddable":true,"href":"https:\/\/nfc-readers.com\/it\/wp-json\/wp\/v2\/product_cat?post=1545"},{"taxonomy":"product_tag","embeddable":true,"href":"https:\/\/nfc-readers.com\/it\/wp-json\/wp\/v2\/product_tag?post=1545"}],"curies":[{"name":"wp","href":"https:\/\/api.w.org\/{rel}","templated":true}]}}