{"id":1564,"date":"2024-04-07T06:24:04","date_gmt":"2024-04-07T06:24:04","guid":{"rendered":"https:\/\/nfc-readers.com\/?post_type=product&#038;p=1564"},"modified":"2024-10-16T06:23:32","modified_gmt":"2024-10-16T06:23:32","slug":"acm1281u-c7-usb-contactless-reader-module-with-sam-slot","status":"publish","type":"product","link":"https:\/\/nfc-readers.com\/it\/ic-reader\/acm1281u-c7-usb-contactless-reader-module-with-sam-slot\/","title":{"rendered":"Modulo lettore senza contatto USB ACM1281U-C7 con slot SAM"},"content":{"rendered":"<h1>Modulo lettore senza contatto USB ACM1281U-C7 con slot SAM<\/h1>\n<p>L&#039;ACM1281U-C7 si distingue come un sofisticato lettore di smart card progettato per una perfetta integrazione in vari sistemi embedded. Supportando ISO 14443 A\/B per le principali tecnologie delle carte e offrendo una sicurezza approfondita attraverso lo slot SAM conforme, insieme alla flessibilit\u00e0 del firmware aggiornabile sul campo, questo lettore NFC portatile \u00e8 progettato su misura per ambienti in cui la sicurezza e l&#039;affidabilit\u00e0 sono fondamentali, come sistemi di pagamento e di gioco.<\/p>\n<ul>\n<li>\n<h2>Interfaccia USB 2.0 a piena velocit\u00e0<\/h2>\n<\/li>\n<li>\n<h2>Conformit\u00e0 CCID<\/h2>\n<\/li>\n<li>\n<h2>Aggiornabilit\u00e0 del firmware USB<\/h2>\n<\/li>\n<li>\n<h2>Lettore di smart card:<\/h2>\n<ul>\n<li>\n<h3>Interfaccia senza contatto:<\/h3>\n<ul>\n<li>\n<h4>Velocit\u00e0 di lettura\/scrittura fino a 848 kbps<\/h4>\n<\/li>\n<li>\n<h4>Antenna integrata per accesso tag senza contatto, con distanza di lettura tessera fino a 50 mm (a seconda del tipo di tag)<\/h4>\n<\/li>\n<li>\n<h4>Supporta le carte ISO 14443 Parte 4 Tipo A e B e la serie MIFARE\u00ae Classic<\/h4>\n<\/li>\n<li>\n<h4>Funzionalit\u00e0 anticollisione integrata (\u00e8 possibile accedere solo a 1 tag alla volta)<\/h4>\n<\/li>\n<li>\n<h4>Supporta APDU estesa (max. 64 kbyte)<\/h4>\n<\/li>\n<\/ul>\n<\/li>\n<li>\n<h3>Interfaccia SAM:<\/h3>\n<ul>\n<li>\n<h4>Slot SAM conforme a ISO 7816, Classe A (5 V)<\/h4>\n<\/li>\n<\/ul>\n<\/li>\n<\/ul>\n<\/li>\n<li>\n<h2>Interfaccia di programmazione applicazioni:<\/h2>\n<ul>\n<li>\n<h3>Supporta PC\/SC<\/h3>\n<\/li>\n<li>\n<h3>Supporta CT-API (tramite wrapper su PC\/SC)<\/h3>\n<\/li>\n<\/ul>\n<\/li>\n<li>\n<h2>Periferiche:<\/h2>\n<ul>\n<li>\n<h3>LED bicolore controllabile dall&#039;utente<\/h3>\n<\/li>\n<li>\n<h3>Cicalino controllabile dall&#039;utente<\/h3>\n<\/li>\n<li>\n<div>\n<table width=\"558\">\n<tbody>\n<tr>\n<td colspan=\"2\" width=\"558\">Caratteristiche fisiche<\/td>\n<\/tr>\n<tr>\n<td width=\"234\">Dimensioni (mm)<\/td>\n<td width=\"324\">106,6 mm (L) x 67,0 mm (L) x 16,0 mm (A)<\/td>\n<\/tr>\n<tr>\n<td width=\"234\">Peso (g)<\/td>\n<td width=\"324\">20,8 g<\/td>\n<\/tr>\n<tr>\n<td colspan=\"2\" width=\"558\">Interfaccia USB<\/td>\n<\/tr>\n<tr>\n<td width=\"234\">Protocollo<\/td>\n<td width=\"324\">CCID USB<\/td>\n<\/tr>\n<tr>\n<td width=\"234\">Tipo di connettore<\/td>\n<td width=\"324\">Tipo standard A<\/td>\n<\/tr>\n<tr>\n<td width=\"234\">Fonte di potere<\/td>\n<td width=\"324\">Dalla porta USB<\/td>\n<\/tr>\n<tr>\n<td width=\"234\">Velocit\u00e0<\/td>\n<td width=\"324\">USB massima velocit\u00e0 (12 Mbps)<\/td>\n<\/tr>\n<tr>\n<td width=\"234\">Lunghezza del cavo<\/td>\n<td width=\"324\">1,0 m, staccabile (opzionale)<\/td>\n<\/tr>\n<tr>\n<td colspan=\"2\" width=\"558\">Interfaccia smart card senza contatto<\/td>\n<\/tr>\n<tr>\n<td width=\"234\">Standard<\/td>\n<td width=\"324\">ISO 14443 A e B Parti 1-4<\/td>\n<\/tr>\n<tr>\n<td rowspan=\"2\" width=\"234\">Protocollo<\/td>\n<td width=\"324\">Schede conformi ISO14443-4, T=CL<\/td>\n<\/tr>\n<tr>\n<td width=\"324\">Protocollo MIFARE\u00ae Classic Card, T=CL<\/td>\n<\/tr>\n<tr>\n<td width=\"234\">Antenna<\/td>\n<td width=\"324\">65 mmx60 mm<\/td>\n<\/tr>\n<tr>\n<td colspan=\"2\" width=\"558\">Interfaccia scheda SAM<\/td>\n<\/tr>\n<tr>\n<td width=\"234\">Numero di slot<\/td>\n<td width=\"324\">1<\/td>\n<\/tr>\n<tr>\n<td width=\"234\">Standard<\/td>\n<td width=\"324\">ISO 7816 Parti 1-3, Classe A (5 V)<\/td>\n<\/tr>\n<tr>\n<td width=\"234\">Protocollo<\/td>\n<td width=\"324\">T=0; T=1<\/td>\n<\/tr>\n<tr>\n<td colspan=\"2\" width=\"558\">Periferiche integrate<\/td>\n<\/tr>\n<tr>\n<td width=\"234\">GUIDATO<\/td>\n<td width=\"324\">2 monocolore: Rosso e Verde<\/td>\n<\/tr>\n<tr>\n<td width=\"234\">Cicalino<\/td>\n<td width=\"324\">Monotono<\/td>\n<\/tr>\n<tr>\n<td colspan=\"2\" width=\"558\">Altre caratteristiche<\/td>\n<\/tr>\n<tr>\n<td width=\"234\">Aggiornamento del firmware<\/td>\n<td width=\"324\">Supportato<\/td>\n<\/tr>\n<tr>\n<td colspan=\"2\" width=\"558\">Certificazioni\/Conformit\u00e0<\/td>\n<\/tr>\n<tr>\n<td rowspan=\"10\" width=\"234\">Certificazioni\/Conformit\u00e0<\/td>\n<td width=\"324\">ISO 7816 (slot SAM)<\/td>\n<\/tr>\n<tr>\n<td width=\"324\">ISO 14443<\/td>\n<\/tr>\n<tr>\n<td width=\"324\">USB a piena velocit\u00e0<\/td>\n<\/tr>\n<tr>\n<td width=\"324\">PC\/SC<\/td>\n<\/tr>\n<tr>\n<td width=\"324\">CCID<\/td>\n<\/tr>\n<tr>\n<td width=\"324\">CE<\/td>\n<\/tr>\n<tr>\n<td width=\"324\">FCC<\/td>\n<\/tr>\n<tr>\n<td width=\"324\">RoHS<\/td>\n<\/tr>\n<tr>\n<td width=\"324\">PORTATA<\/td>\n<\/tr>\n<tr>\n<td width=\"324\">Microsoft\u00ae WHQL<\/td>\n<\/tr>\n<tr>\n<td colspan=\"2\" width=\"558\">Supporto del sistema operativo del driver del dispositivo<\/td>\n<\/tr>\n<tr>\n<td rowspan=\"5\" width=\"234\">Supporto del sistema operativo del driver del dispositivo<\/td>\n<td width=\"324\">Windows\u00ae<\/td>\n<\/tr>\n<tr>\n<td width=\"324\">Linux\u00ae<\/td>\n<\/tr>\n<tr>\n<td width=\"324\">MACOS\u00ae<\/td>\n<\/tr>\n<tr>\n<td width=\"324\">Solaris<\/td>\n<\/tr>\n<tr>\n<td width=\"324\">Android\u2122<\/td>\n<\/tr>\n<\/tbody>\n<\/table>\n<\/div>\n<\/li>\n<\/ul>\n<\/li>\n<\/ul>","protected":false},"excerpt":{"rendered":"<p>L&#039;ACM1281U-C7 \u00e8 un versatile lettore USB contactless con SAM, che supporta CCID e PC\/SC, ideale per applicazioni NFC sicure come i pagamenti automatici.<\/p>","protected":false},"featured_media":1565,"template":"","meta":[],"product_brand":[],"product_cat":[41],"product_tag":[],"class_list":{"0":"post-1564","1":"product","2":"type-product","3":"status-publish","4":"has-post-thumbnail","6":"product_cat-module-ic-reader","8":"first","9":"instock","10":"shipping-taxable","11":"product-type-simple"},"_links":{"self":[{"href":"https:\/\/nfc-readers.com\/it\/wp-json\/wp\/v2\/product\/1564","targetHints":{"allow":["GET"]}}],"collection":[{"href":"https:\/\/nfc-readers.com\/it\/wp-json\/wp\/v2\/product"}],"about":[{"href":"https:\/\/nfc-readers.com\/it\/wp-json\/wp\/v2\/types\/product"}],"wp:featuredmedia":[{"embeddable":true,"href":"https:\/\/nfc-readers.com\/it\/wp-json\/wp\/v2\/media\/1565"}],"wp:attachment":[{"href":"https:\/\/nfc-readers.com\/it\/wp-json\/wp\/v2\/media?parent=1564"}],"wp:term":[{"taxonomy":"product_brand","embeddable":true,"href":"https:\/\/nfc-readers.com\/it\/wp-json\/wp\/v2\/product_brand?post=1564"},{"taxonomy":"product_cat","embeddable":true,"href":"https:\/\/nfc-readers.com\/it\/wp-json\/wp\/v2\/product_cat?post=1564"},{"taxonomy":"product_tag","embeddable":true,"href":"https:\/\/nfc-readers.com\/it\/wp-json\/wp\/v2\/product_tag?post=1564"}],"curies":[{"name":"wp","href":"https:\/\/api.w.org\/{rel}","templated":true}]}}