{"id":1566,"date":"2024-04-07T06:26:05","date_gmt":"2024-04-07T06:26:05","guid":{"rendered":"https:\/\/nfc-readers.com\/?post_type=product&#038;p=1566"},"modified":"2024-10-16T06:20:36","modified_gmt":"2024-10-16T06:20:36","slug":"acm1281s-c7-serial-contactless-reader-module-with-sam-slot","status":"publish","type":"product","link":"https:\/\/nfc-readers.com\/it\/ic-reader\/acm1281s-c7-serial-contactless-reader-module-with-sam-slot\/","title":{"rendered":"Modulo lettore seriale senza contatto ACM1281S-C7 con slot SAM"},"content":{"rendered":"<h1>Modulo lettore seriale senza contatto ACM1281S-C7 con slot SAM<\/h1>\n<p>L&#039;ACM1281S-C7 rappresenta un avanzato lettore di smart card seriale senza contatto con caratteristiche portatili e ad alta velocit\u00e0, adatto per una vasta gamma di applicazioni che richiedono interazioni rapide, affidabili e sicure. La sua capacit\u00e0 di supportare APDU estesa, unita alla sua facilit\u00e0 d&#039;uso, rende questo lettore una soluzione robusta sia per ambienti mobili che fissi.<\/p>\n<ul>\n<li>\n<h2>Interfaccia seriale RS232<\/h2>\n<\/li>\n<li>\n<h2>Interfaccia USB per l&#039;alimentazione<\/h2>\n<\/li>\n<li>\n<h2>Formato frame simile a CCID (formato binario)<\/h2>\n<\/li>\n<li>\n<h2>Aggiornabilit\u00e0 del firmware USB<\/h2>\n<\/li>\n<li>\n<h2>Lettore di smart card:<\/h2>\n<ul>\n<li>\n<h3>Interfaccia senza contatto:<\/h3>\n<ul>\n<li>\n<h4>Velocit\u00e0 di lettura\/scrittura fino a 848 kbps<\/h4>\n<\/li>\n<li>\n<h4>Antenna integrata per accesso tag senza contatto, con distanza di lettura tessera fino a 50 mm (a seconda del tipo di tag)<\/h4>\n<\/li>\n<li>\n<h4>Supporta le carte ISO 14443 Parte 4 Tipo A e B e la serie MIFARE\u00ae Classic<\/h4>\n<\/li>\n<li>\n<h4>Funzionalit\u00e0 anticollisione integrata (\u00e8 possibile accedere solo a 1 tag alla volta)<\/h4>\n<\/li>\n<li>\n<h4>Supporta APDU estesa (max. 64 kbyte)<\/h4>\n<\/li>\n<\/ul>\n<\/li>\n<li>\n<h3>Interfaccia SAM:<\/h3>\n<ul>\n<li>\n<h4>Slot SAM conforme a ISO 7816, Classe A (5 V)<\/h4>\n<\/li>\n<\/ul>\n<\/li>\n<\/ul>\n<\/li>\n<li>\n<h2>Periferiche:<\/h2>\n<ul>\n<li>\n<h3>LED bicolore controllabile dall&#039;utente<\/h3>\n<\/li>\n<li>\n<h3>Cicalino controllabile dall&#039;utente<\/h3>\n<\/li>\n<li>\n<div>\n<table width=\"551\">\n<tbody>\n<tr>\n<td colspan=\"2\" width=\"551\">Caratteristiche fisiche<\/td>\n<\/tr>\n<tr>\n<td width=\"226\">Dimensioni (mm)<\/td>\n<td width=\"325\">106,6 mm (L) x 67,0 g (L) x 16,0 g (A)<\/td>\n<\/tr>\n<tr>\n<td width=\"226\">Peso (g)<\/td>\n<td width=\"325\">20,8 g<\/td>\n<\/tr>\n<tr>\n<td colspan=\"2\" width=\"551\">Interfaccia seriale<\/td>\n<\/tr>\n<tr>\n<td width=\"226\">Protocollo<\/td>\n<td width=\"325\">RS-232<\/td>\n<\/tr>\n<tr>\n<td width=\"226\">Tipo di connettore<\/td>\n<td width=\"325\">Connettore DB-9<\/td>\n<\/tr>\n<tr>\n<td width=\"226\">Fonte di potere<\/td>\n<td width=\"325\">Tramite cavo USB<\/td>\n<\/tr>\n<tr>\n<td width=\"226\">Lunghezza del cavo<\/td>\n<td width=\"325\">1,5 m, staccabile (opzionale)<\/td>\n<\/tr>\n<tr>\n<td colspan=\"2\" width=\"551\">Interfaccia smart card senza contatto<\/td>\n<\/tr>\n<tr>\n<td width=\"226\">Standard<\/td>\n<td width=\"325\">ISO 14443 A e B Parti 1-4<\/td>\n<\/tr>\n<tr>\n<td rowspan=\"2\" width=\"226\">Protocollo<\/td>\n<td width=\"325\">Schede conformi ISO14443-4, T=CL<\/td>\n<\/tr>\n<tr>\n<td width=\"325\">Protocollo MIFARE\u00ae Classic Card, T=CL<\/td>\n<\/tr>\n<tr>\n<td width=\"226\">Antenna<\/td>\n<td width=\"325\">65 mmx60 mm<\/td>\n<\/tr>\n<tr>\n<td colspan=\"2\" width=\"551\">Interfaccia scheda SAM<\/td>\n<\/tr>\n<tr>\n<td width=\"226\">Numero di slot<\/td>\n<td width=\"325\">1<\/td>\n<\/tr>\n<tr>\n<td width=\"226\">Standard<\/td>\n<td width=\"325\">ISO 7816 Parti 1-3, Classe A (5 V)<\/td>\n<\/tr>\n<tr>\n<td width=\"226\">Protocollo<\/td>\n<td width=\"325\">T=0; T=1<\/td>\n<\/tr>\n<tr>\n<td colspan=\"2\" width=\"551\">Periferiche integrate<\/td>\n<\/tr>\n<tr>\n<td width=\"226\">GUIDATO<\/td>\n<td width=\"325\">2 monocolore: Rosso e Verde<\/td>\n<\/tr>\n<tr>\n<td width=\"226\">Cicalino<\/td>\n<td width=\"325\">Monotono<\/td>\n<\/tr>\n<tr>\n<td colspan=\"2\" width=\"551\">Altre caratteristiche<\/td>\n<\/tr>\n<tr>\n<td width=\"226\">Aggiornamento del firmware<\/td>\n<td width=\"325\">Supportato<\/td>\n<\/tr>\n<tr>\n<td colspan=\"2\" width=\"551\">Certificazioni\/Conformit\u00e0<\/td>\n<\/tr>\n<tr>\n<td rowspan=\"6\" width=\"226\">Certificazioni\/Conformit\u00e0<\/td>\n<td width=\"325\">ISO 7816 (slot SAM)<\/td>\n<\/tr>\n<tr>\n<td width=\"325\">ISO 14443<\/td>\n<\/tr>\n<tr>\n<td width=\"325\">CE<\/td>\n<\/tr>\n<tr>\n<td width=\"325\">FCC<\/td>\n<\/tr>\n<tr>\n<td width=\"325\">RoHS<\/td>\n<\/tr>\n<tr>\n<td width=\"325\">PORTATA<\/td>\n<\/tr>\n<tr>\n<td colspan=\"2\" width=\"551\">Supporto del sistema operativo del driver del dispositivo<\/td>\n<\/tr>\n<tr>\n<td rowspan=\"2\" width=\"226\">Supporto del sistema operativo del driver del dispositivo<\/td>\n<td width=\"325\">Windows\u00ae<\/td>\n<\/tr>\n<tr>\n<td width=\"325\">Linux\u00ae<\/td>\n<\/tr>\n<\/tbody>\n<\/table>\n<\/div>\n<\/li>\n<\/ul>\n<\/li>\n<\/ul>","protected":false},"excerpt":{"rendered":"<p>L&#039;ACM1281S-C7 \u00e8 un lettore seriale contactless compatto con modulo SAM, che offre prestazioni ad alta velocit\u00e0 e facile integrazione per varie applicazioni embedded.<\/p>","protected":false},"featured_media":1567,"template":"","meta":[],"product_brand":[],"product_cat":[45,41],"product_tag":[],"class_list":{"0":"post-1566","1":"product","2":"type-product","3":"status-publish","4":"has-post-thumbnail","6":"product_cat-contactless-nfc-reader","7":"product_cat-module-ic-reader","9":"first","10":"instock","11":"shipping-taxable","12":"product-type-simple"},"_links":{"self":[{"href":"https:\/\/nfc-readers.com\/it\/wp-json\/wp\/v2\/product\/1566","targetHints":{"allow":["GET"]}}],"collection":[{"href":"https:\/\/nfc-readers.com\/it\/wp-json\/wp\/v2\/product"}],"about":[{"href":"https:\/\/nfc-readers.com\/it\/wp-json\/wp\/v2\/types\/product"}],"wp:featuredmedia":[{"embeddable":true,"href":"https:\/\/nfc-readers.com\/it\/wp-json\/wp\/v2\/media\/1567"}],"wp:attachment":[{"href":"https:\/\/nfc-readers.com\/it\/wp-json\/wp\/v2\/media?parent=1566"}],"wp:term":[{"taxonomy":"product_brand","embeddable":true,"href":"https:\/\/nfc-readers.com\/it\/wp-json\/wp\/v2\/product_brand?post=1566"},{"taxonomy":"product_cat","embeddable":true,"href":"https:\/\/nfc-readers.com\/it\/wp-json\/wp\/v2\/product_cat?post=1566"},{"taxonomy":"product_tag","embeddable":true,"href":"https:\/\/nfc-readers.com\/it\/wp-json\/wp\/v2\/product_tag?post=1566"}],"curies":[{"name":"wp","href":"https:\/\/api.w.org\/{rel}","templated":true}]}}