{"id":1568,"date":"2024-04-07T06:30:24","date_gmt":"2024-04-07T06:30:24","guid":{"rendered":"https:\/\/nfc-readers.com\/?post_type=product&#038;p=1568"},"modified":"2024-10-16T06:16:19","modified_gmt":"2024-10-16T06:16:19","slug":"acm1252u-y3-usb-nfc-reader-module-with-detachable-antenna-board","status":"publish","type":"product","link":"https:\/\/nfc-readers.com\/it\/ic-reader\/acm1252u-y3-usb-nfc-reader-module-with-detachable-antenna-board\/","title":{"rendered":"Modulo lettore NFC USB ACM1252U-Y3 con scheda antenna rimovibile"},"content":{"rendered":"<h1>Modulo lettore NFC USB ACM1252U-Y3 con scheda antenna rimovibile<\/h1>\n<p>ACM1252U-Y3 \u00e8 un modulo lettore USB di smart card NFC all&#039;avanguardia, ideale per applicazioni diversificate che richiedono la tecnologia NFC incorporata. Con le sue capacit\u00e0 di portata estesa, il trasferimento dati ad alta velocit\u00e0 e funzionalit\u00e0 aggiuntive che promuovono l&#039;adattabilit\u00e0 e la facilit\u00e0 d&#039;uso, questo modulo \u00e8 una scelta premium per consentire transazioni NFC in applicazioni di sistema integrate.<\/p>\n<ul>\n<li>\n<h2>Interfaccia USB 2.0 a piena velocit\u00e0<\/h2>\n<\/li>\n<li>\n<h2>Conformit\u00e0 CCID<\/h2>\n<\/li>\n<li>\n<h2>Aggiornabilit\u00e0 del firmware USB<\/h2>\n<\/li>\n<li>\n<h2>Lettore di smart card:<\/h2>\n<ul>\n<li>\n<h3>Interfaccia senza contatto:<\/h3>\n<ul>\n<li>\n<h4>Velocit\u00e0 di lettura\/scrittura fino a 424 kbps<\/h4>\n<\/li>\n<li>\n<h4>Antenna integrata per accesso tag senza contatto, con distanza di lettura tessera fino a 50 mm (a seconda del tipo di tag)<\/h4>\n<\/li>\n<li>\n<h4>Supporta le carte ISO 14443 Tipo A e B, MIFARE\u00ae e FeliCa e tutti e 4 i tipi di tag NFC (ISO\/IEC 18092)<\/h4>\n<\/li>\n<li>\n<h4>Supporta MIFARE\u00ae UID a 7 byte, MIFARE\u00ae Plus e MIFARE\u00ae DESfire<\/h4>\n<\/li>\n<li>\n<h4>Funzionalit\u00e0 anticollisione integrata (\u00e8 possibile accedere solo a 1 tag alla volta)<\/h4>\n<\/li>\n<li>\n<h4>Supporto NFC:<\/h4>\n<ul>\n<li>Modalit\u00e0 lettore\/scrittore NFC<\/li>\n<li>Modalit\u00e0 peer-to-peer<\/li>\n<li>Modalit\u00e0 di emulazione della carta<\/li>\n<\/ul>\n<\/li>\n<\/ul>\n<\/li>\n<\/ul>\n<\/li>\n<li>\n<h2>Interfaccia di programmazione applicazioni:<\/h2>\n<ul>\n<li>\n<h3>Supporta PC\/SC<\/h3>\n<\/li>\n<li>\n<h3>Supporta CT-API (tramite wrapper su PC\/SC)<\/h3>\n<\/li>\n<\/ul>\n<\/li>\n<li>\n<h2>Periferiche:<\/h2>\n<ul>\n<li>\n<h3>LED bicolore controllabile dall&#039;utente<\/h3>\n<\/li>\n<li>\n<h3>Cicalino controllabile dall&#039;utente<\/h3>\n<\/li>\n<li>\n<div>\n<table width=\"495\">\n<tbody>\n<tr>\n<td colspan=\"2\" width=\"495\">Caratteristiche fisiche<\/td>\n<\/tr>\n<tr>\n<td rowspan=\"2\" width=\"187\">Dimensioni (mm)<\/td>\n<td width=\"308\">Scheda principale: 55,0 mm (L) x 45,0 mm (L) x 5,1 mm (A)<\/td>\n<\/tr>\n<tr>\n<td width=\"308\">Scheda antenna: 91,0 mm (L) x 49,5 mm (L) x 5,1 mm (A)<\/td>\n<\/tr>\n<tr>\n<td width=\"187\">Peso (g)<\/td>\n<td width=\"308\">26,6 g<\/td>\n<\/tr>\n<tr>\n<td colspan=\"2\" width=\"495\">Interfaccia USB<\/td>\n<\/tr>\n<tr>\n<td width=\"187\">Protocollo<\/td>\n<td width=\"308\">CCID USB<\/td>\n<\/tr>\n<tr>\n<td width=\"187\">Tipo di connettore<\/td>\n<td width=\"308\">Tipo standard A<\/td>\n<\/tr>\n<tr>\n<td width=\"187\">Fonte di potere<\/td>\n<td width=\"308\">Dalla porta USB<\/td>\n<\/tr>\n<tr>\n<td width=\"187\">Velocit\u00e0<\/td>\n<td width=\"308\">USB massima velocit\u00e0 (12 Mbps)<\/td>\n<\/tr>\n<tr>\n<td width=\"187\">Lunghezza del cavo<\/td>\n<td width=\"308\">1,0 m, staccabile (opzionale)<\/td>\n<\/tr>\n<tr>\n<td colspan=\"2\" width=\"495\">Interfaccia smart card senza contatto<\/td>\n<\/tr>\n<tr>\n<td width=\"187\">Standard<\/td>\n<td width=\"308\">ISO\/IEC 18092 NFC, ISO 14443 Tipo A e B, MIFARE\u00ae, FeliCa<\/td>\n<\/tr>\n<tr>\n<td rowspan=\"4\" width=\"187\">Protocollo<\/td>\n<td width=\"308\">Scheda conforme ISO 14443-4, T=CL<\/td>\n<\/tr>\n<tr>\n<td width=\"308\">Carta MIFARE\u00ae Classica, T=CL<\/td>\n<\/tr>\n<tr>\n<td width=\"308\">ISO18092, tag NFC<\/td>\n<\/tr>\n<tr>\n<td width=\"308\">FeliCa<\/td>\n<\/tr>\n<tr>\n<td width=\"187\">Antenna<\/td>\n<td width=\"308\">77 mmx49,5 mm<\/td>\n<\/tr>\n<tr>\n<td colspan=\"2\" width=\"495\">Interfaccia scheda SAM<\/td>\n<\/tr>\n<tr>\n<td width=\"187\">Numero di slot<\/td>\n<td width=\"308\">1 (facoltativo)<\/td>\n<\/tr>\n<tr>\n<td colspan=\"2\" width=\"495\">Periferiche integrate<\/td>\n<\/tr>\n<tr>\n<td width=\"187\">GUIDATO<\/td>\n<td width=\"308\">1 bicolore: rosso e verde<\/td>\n<\/tr>\n<tr>\n<td width=\"187\">Cicalino<\/td>\n<td width=\"308\">Monotono<\/td>\n<\/tr>\n<tr>\n<td colspan=\"2\" width=\"495\">Altre caratteristiche<\/td>\n<\/tr>\n<tr>\n<td width=\"187\">Aggiornamento del firmware<\/td>\n<td width=\"308\">Supportato<\/td>\n<\/tr>\n<tr>\n<td colspan=\"2\" width=\"495\">Certificazioni\/Conformit\u00e0<\/td>\n<\/tr>\n<tr>\n<td rowspan=\"13\" width=\"187\">Certificazioni\/Conformit\u00e0<\/td>\n<td width=\"308\">EN 60950\/IEC 60950<\/td>\n<\/tr>\n<tr>\n<td width=\"308\">ISO 7816 (slot SAM)<\/td>\n<\/tr>\n<tr>\n<td width=\"308\">ISO 14443<\/td>\n<\/tr>\n<tr>\n<td width=\"308\">ISO18092<\/td>\n<\/tr>\n<tr>\n<td width=\"308\">USB a piena velocit\u00e0<\/td>\n<\/tr>\n<tr>\n<td width=\"308\">PC\/SC<\/td>\n<\/tr>\n<tr>\n<td width=\"308\">CCID<\/td>\n<\/tr>\n<tr>\n<td width=\"308\">VCCI (Giappone)<\/td>\n<\/tr>\n<tr>\n<td width=\"308\">CE<\/td>\n<\/tr>\n<tr>\n<td width=\"308\">FCC<\/td>\n<\/tr>\n<tr>\n<td width=\"308\">RoHS<\/td>\n<\/tr>\n<tr>\n<td width=\"308\">PORTATA<\/td>\n<\/tr>\n<tr>\n<td width=\"308\">Microsoft\u00ae WHQL<\/td>\n<\/tr>\n<tr>\n<td colspan=\"2\" width=\"495\">Supporto del sistema operativo del driver del dispositivo<\/td>\n<\/tr>\n<tr>\n<td rowspan=\"5\" width=\"187\">Supporto del sistema operativo del driver del dispositivo<\/td>\n<td width=\"308\">Windows\u00ae<\/td>\n<\/tr>\n<tr>\n<td width=\"308\">Linux\u00ae<\/td>\n<\/tr>\n<tr>\n<td width=\"308\">MACOS\u00ae<\/td>\n<\/tr>\n<tr>\n<td width=\"308\">Solaris<\/td>\n<\/tr>\n<tr>\n<td width=\"308\">Android\u2122<\/td>\n<\/tr>\n<\/tbody>\n<\/table>\n<\/div>\n<\/li>\n<\/ul>\n<\/li>\n<\/ul>","protected":false},"excerpt":{"rendered":"<p>L&#039;ACM1252U-Y3 \u00e8 un versatile modulo NFC USB che utilizza la tecnologia 13,56M, supporta lo scambio di dati ad alta velocit\u00e0 ed \u00e8 ideale per varie applicazioni embedded.<\/p>","protected":false},"featured_media":1570,"template":"","meta":[],"product_brand":[],"product_cat":[45,41,40],"product_tag":[],"class_list":{"0":"post-1568","1":"product","2":"type-product","3":"status-publish","4":"has-post-thumbnail","6":"product_cat-contactless-nfc-reader","7":"product_cat-module-ic-reader","8":"product_cat-rfid-nfc-reader","10":"first","11":"instock","12":"shipping-taxable","13":"product-type-simple"},"_links":{"self":[{"href":"https:\/\/nfc-readers.com\/it\/wp-json\/wp\/v2\/product\/1568","targetHints":{"allow":["GET"]}}],"collection":[{"href":"https:\/\/nfc-readers.com\/it\/wp-json\/wp\/v2\/product"}],"about":[{"href":"https:\/\/nfc-readers.com\/it\/wp-json\/wp\/v2\/types\/product"}],"wp:featuredmedia":[{"embeddable":true,"href":"https:\/\/nfc-readers.com\/it\/wp-json\/wp\/v2\/media\/1570"}],"wp:attachment":[{"href":"https:\/\/nfc-readers.com\/it\/wp-json\/wp\/v2\/media?parent=1568"}],"wp:term":[{"taxonomy":"product_brand","embeddable":true,"href":"https:\/\/nfc-readers.com\/it\/wp-json\/wp\/v2\/product_brand?post=1568"},{"taxonomy":"product_cat","embeddable":true,"href":"https:\/\/nfc-readers.com\/it\/wp-json\/wp\/v2\/product_cat?post=1568"},{"taxonomy":"product_tag","embeddable":true,"href":"https:\/\/nfc-readers.com\/it\/wp-json\/wp\/v2\/product_tag?post=1568"}],"curies":[{"name":"wp","href":"https:\/\/api.w.org\/{rel}","templated":true}]}}