{"id":1572,"date":"2024-04-07T06:32:56","date_gmt":"2024-04-07T06:32:56","guid":{"rendered":"https:\/\/nfc-readers.com\/?post_type=product&#038;p=1572"},"modified":"2024-10-16T06:13:06","modified_gmt":"2024-10-16T06:13:06","slug":"acm1252u-z2-small-nfc-reader-module","status":"publish","type":"product","link":"https:\/\/nfc-readers.com\/it\/ic-reader\/acm1252u-z2-small-nfc-reader-module\/","title":{"rendered":"Modulo lettore NFC piccolo ACM1252U-Z2"},"content":{"rendered":"<h1>Modulo lettore NFC piccolo ACM1252U-Z2<\/h1>\n<p>ACM1252U-Z2 \u00e8 un modulo lettore NFC versatile e robusto realizzato per l&#039;integrazione di sistemi embedded, che presenta una preziosa combinazione di ampio supporto di protocolli e funzionalit\u00e0 efficienti. La sua funzionalit\u00e0 anticollisione aggiunge utilit\u00e0 in scenari con pi\u00f9 schede, consolidando il suo ruolo di soluzione economicamente vantaggiosa nel panorama della tecnologia NFC.<\/p>\n<ul>\n<li>\n<h2>Interfaccia USB 2.0 a piena velocit\u00e0<\/h2>\n<\/li>\n<li>\n<h2>Conformit\u00e0 CCID<\/h2>\n<\/li>\n<li>\n<h2>Supporto per carte senza contatto:<\/h2>\n<ul>\n<li>\n<h3>Velocit\u00e0 di lettura\/scrittura fino a 424 kbps<\/h3>\n<\/li>\n<li>\n<h3>Antenna integrata per accesso tag senza contatto, con distanza di lettura tessera fino a 30 mm (a seconda del tipo di tag)<\/h3>\n<\/li>\n<li>\n<h3>Supporta carte ISO 14443 Parte 4 Tipo A e B, MIFARE\u00ae, FeliCa e tutti e quattro i tipi di NFC (tag ISO 18092)<\/h3>\n<\/li>\n<li>\n<h3>Funzionalit\u00e0 anticollisione integrata (\u00e8 possibile accedere a un solo tag alla volta)<\/h3>\n<\/li>\n<\/ul>\n<\/li>\n<li>\n<h2>Interfaccia di programmazione applicazioni<\/h2>\n<ul>\n<li>\n<h3>Supporta PC\/SC<\/h3>\n<\/li>\n<\/ul>\n<\/li>\n<li>\n<h2>Aggiornabilit\u00e0 del firmware USB<\/h2>\n<\/li>\n<li>\n<div>\n<table width=\"574\">\n<tbody>\n<tr>\n<td colspan=\"2\" width=\"574\">Caratteristiche fisiche<\/td>\n<\/tr>\n<tr>\n<td width=\"204\">Dimensioni (mm)<\/td>\n<td width=\"370\">52,0 mm (L) x 20,0 mm (L) x 6,0 mm (A)<\/td>\n<\/tr>\n<tr>\n<td width=\"204\">Peso (g)<\/td>\n<td width=\"370\">3,65 g<\/td>\n<\/tr>\n<tr>\n<td colspan=\"2\" width=\"574\">Interfaccia USB<\/td>\n<\/tr>\n<tr>\n<td width=\"204\">Protocollo<\/td>\n<td width=\"370\">CCID USB<\/td>\n<\/tr>\n<tr>\n<td width=\"204\">Tipo di connettore<\/td>\n<td width=\"370\">Micro USB<\/td>\n<\/tr>\n<tr>\n<td width=\"204\">Fonte di potere<\/td>\n<td width=\"370\">Dalla porta USB<\/td>\n<\/tr>\n<tr>\n<td width=\"204\">Velocit\u00e0<\/td>\n<td width=\"370\">USB massima velocit\u00e0 (12 Mbps)<\/td>\n<\/tr>\n<tr>\n<td width=\"204\">Lunghezza del cavo<\/td>\n<td width=\"370\">1,0 m, staccabile (opzionale)<\/td>\n<\/tr>\n<tr>\n<td colspan=\"2\" width=\"574\">Interfaccia smart card senza contatto<\/td>\n<\/tr>\n<tr>\n<td width=\"204\">Standard<\/td>\n<td width=\"370\">ISO\/IEC 18092 NFC, ISO 14443 Tipo A e B, MIFARE\u00ae, FeliCa<\/td>\n<\/tr>\n<tr>\n<td rowspan=\"4\" width=\"204\">Protocollo<\/td>\n<td width=\"370\">Schede conformi ISO14443-4, T=CL<\/td>\n<\/tr>\n<tr>\n<td width=\"370\">Protocollo MIFARE\u00ae Classic Card, T=CL<\/td>\n<\/tr>\n<tr>\n<td width=\"370\">ISO 18092, tag NFC<\/td>\n<\/tr>\n<tr>\n<td width=\"370\">FeliCa<\/td>\n<\/tr>\n<tr>\n<td width=\"204\">Antenna<\/td>\n<td width=\"370\">20 mmx22 mm<\/td>\n<\/tr>\n<tr>\n<td colspan=\"2\" width=\"574\">Periferiche integrate<\/td>\n<\/tr>\n<tr>\n<td width=\"204\">GUIDATO<\/td>\n<td width=\"370\">1 bicolore: rosso e verde<\/td>\n<\/tr>\n<tr>\n<td colspan=\"2\" width=\"574\">Altre caratteristiche<\/td>\n<\/tr>\n<tr>\n<td width=\"204\">Aggiornamento del firmware<\/td>\n<td width=\"370\">Supportato<\/td>\n<\/tr>\n<tr>\n<td colspan=\"2\" width=\"574\">Certificazioni\/Conformit\u00e0<\/td>\n<\/tr>\n<tr>\n<td rowspan=\"10\" width=\"204\">Certificazioni\/Conformit\u00e0<\/td>\n<td width=\"370\">ISO 14443<\/td>\n<\/tr>\n<tr>\n<td width=\"370\">ISO18092<\/td>\n<\/tr>\n<tr>\n<td width=\"370\">USB a piena velocit\u00e0<\/td>\n<\/tr>\n<tr>\n<td width=\"370\">PC\/SC<\/td>\n<\/tr>\n<tr>\n<td width=\"370\">CCID<\/td>\n<\/tr>\n<tr>\n<td width=\"370\">CE<\/td>\n<\/tr>\n<tr>\n<td width=\"370\">FCC<\/td>\n<\/tr>\n<tr>\n<td width=\"370\">RoHS<\/td>\n<\/tr>\n<tr>\n<td width=\"370\">PORTATA<\/td>\n<\/tr>\n<tr>\n<td width=\"370\">Microsoft\u00ae WHQL<\/td>\n<\/tr>\n<tr>\n<td colspan=\"2\" width=\"574\">Supporto del sistema operativo del driver del dispositivo<\/td>\n<\/tr>\n<tr>\n<td rowspan=\"5\" width=\"204\">Supporto del sistema operativo del driver del dispositivo<\/td>\n<td width=\"370\">Windows\u00ae<\/td>\n<\/tr>\n<tr>\n<td width=\"370\">Linux\u00ae<\/td>\n<\/tr>\n<tr>\n<td width=\"370\">MACOS\u00ae<\/td>\n<\/tr>\n<tr>\n<td width=\"370\">Solaris<\/td>\n<\/tr>\n<tr>\n<td width=\"370\">Android\u2122<\/td>\n<\/tr>\n<\/tbody>\n<\/table>\n<\/div>\n<\/li>\n<\/ul>","protected":false},"excerpt":{"rendered":"<p>L&#039;ACM1252U-Z2 \u00e8 un modulo USB NFC ad alte prestazioni che funziona a 13,56 M e supporta ISO 14443 e 18092, rendendolo ideale per applicazioni NFC integrate.<\/p>","protected":false},"featured_media":1573,"template":"","meta":[],"product_brand":[],"product_cat":[45,41,40],"product_tag":[],"class_list":{"0":"post-1572","1":"product","2":"type-product","3":"status-publish","4":"has-post-thumbnail","6":"product_cat-contactless-nfc-reader","7":"product_cat-module-ic-reader","8":"product_cat-rfid-nfc-reader","10":"first","11":"instock","12":"shipping-taxable","13":"product-type-simple"},"_links":{"self":[{"href":"https:\/\/nfc-readers.com\/it\/wp-json\/wp\/v2\/product\/1572","targetHints":{"allow":["GET"]}}],"collection":[{"href":"https:\/\/nfc-readers.com\/it\/wp-json\/wp\/v2\/product"}],"about":[{"href":"https:\/\/nfc-readers.com\/it\/wp-json\/wp\/v2\/types\/product"}],"wp:featuredmedia":[{"embeddable":true,"href":"https:\/\/nfc-readers.com\/it\/wp-json\/wp\/v2\/media\/1573"}],"wp:attachment":[{"href":"https:\/\/nfc-readers.com\/it\/wp-json\/wp\/v2\/media?parent=1572"}],"wp:term":[{"taxonomy":"product_brand","embeddable":true,"href":"https:\/\/nfc-readers.com\/it\/wp-json\/wp\/v2\/product_brand?post=1572"},{"taxonomy":"product_cat","embeddable":true,"href":"https:\/\/nfc-readers.com\/it\/wp-json\/wp\/v2\/product_cat?post=1572"},{"taxonomy":"product_tag","embeddable":true,"href":"https:\/\/nfc-readers.com\/it\/wp-json\/wp\/v2\/product_tag?post=1572"}],"curies":[{"name":"wp","href":"https:\/\/api.w.org\/{rel}","templated":true}]}}