{"id":1598,"date":"2024-04-07T07:36:03","date_gmt":"2024-04-07T07:36:03","guid":{"rendered":"https:\/\/nfc-readers.com\/?post_type=product&#038;p=1598"},"modified":"2024-10-16T03:12:59","modified_gmt":"2024-10-16T03:12:59","slug":"acr1552u-m1-nfc-rfid-reader-writer","status":"publish","type":"product","link":"https:\/\/nfc-readers.com\/it\/ic-reader\/acr1552u-m1-nfc-rfid-reader-writer\/","title":{"rendered":"ACR1552U-M1 Lettore\/scrittore RFID NFC"},"content":{"rendered":"<h1>ACR1552U-M1 Lettore\/scrittore RFID NFC<\/h1>\n<p>Il lettore NFC USB-C ACR1552U-M1 racchiude un dispositivo potente e versatile che soddisfa una moltitudine di funzionalit\u00e0 di smart card. Rassicura gli utenti con funzionalit\u00e0 avanzate che enfatizzano sicurezza, adattabilit\u00e0 e compatibilit\u00e0 completa con le smart card, rendendolo uno strumento indispensabile in una vasta gamma di settori.<\/p>\n<ul>\n<li>\n<h2>Interfaccia USB 2.0 a piena velocit\u00e0<\/h2>\n<\/li>\n<li>\n<h2>Conformit\u00e0 CCID<\/h2>\n<\/li>\n<li>\n<h2>Lettore di smart card senza contatto:<\/h2>\n<ul>\n<li>\n<h3>Velocit\u00e0 di lettura\/scrittura fino a 848 kbps<\/h3>\n<\/li>\n<li>\n<h3>Antenna integrata per accesso tag senza contatto, con distanza di lettura tessera fino a 70 mm (a seconda del tipo di tag)<\/h3>\n<\/li>\n<li>\n<h3>Supporta schede ISO 14443 tipo A e B, schede ISO 15693 e ISO18092 NFC<\/h3>\n<\/li>\n<li>\n<h3>Supporta MIFARE\u00ae (T=CL), FeliCa, tag NFC, SRI\/SRIX, CTS, Innovatron, Picopass, Topaz Card<\/h3>\n<\/li>\n<li>\n<h3>Funzionalit\u00e0 anticollisione integrata<\/h3>\n<\/li>\n<li>\n<h3>Supporta APDU estesa (max. 64 kbyte)<\/h3>\n<\/li>\n<li>\n<h3>Uno slot SAM conforme a ISO7816 (Classe A)<\/h3>\n<\/li>\n<li>\n<h3>Supporto NFC<\/h3>\n<ul>\n<li>\n<h4>\u00a0 \u00a0Modalit\u00e0 lettore\/scrittore di smart card<\/h4>\n<\/li>\n<li>\n<h4>\u00a0 \u00a0Modalit\u00e0 di emulazione della carta<\/h4>\n<\/li>\n<li>\n<h4>\u00a0 \u00a0Modalit\u00e0 di emulazione della tastiera<\/h4>\n<\/li>\n<\/ul>\n<\/li>\n<\/ul>\n<\/li>\n<li>\n<h2>Interfaccia di programmazione applicazioni:<\/h2>\n<ul>\n<li>\n<h3>Supporta PC\/SC<\/h3>\n<\/li>\n<li>\n<h3>Supporta CT-API (tramite wrapper su PC\/SC)<\/h3>\n<\/li>\n<\/ul>\n<\/li>\n<li>\n<h2>Periferiche:<\/h2>\n<ul>\n<li>\n<h3>LED bicolore controllabile dall&#039;utente (blu e verde)<\/h3>\n<\/li>\n<li>\n<h3>Cicalino controllabile dall&#039;utente (monotono)<\/h3>\n<\/li>\n<li>\n<h3>Uno slot SAM<\/h3>\n<\/li>\n<\/ul>\n<\/li>\n<li>\n<h2>Aggiornabilit\u00e0 del firmware USB<\/h2>\n<\/li>\n<li>\n<div>\n<table width=\"528\">\n<tbody>\n<tr>\n<td colspan=\"2\" width=\"528\">Caratteristiche fisiche<\/td>\n<\/tr>\n<tr>\n<td rowspan=\"2\" width=\"215\">Dimensioni (mm)<\/td>\n<td width=\"313\">Corpo principale: 98 x 65 x 12,8 mm<\/td>\n<\/tr>\n<tr>\n<td width=\"313\">Dimensioni dell&#039;antenna: 50 x 40 mm<\/td>\n<\/tr>\n<tr>\n<td width=\"215\">Peso (g)<\/td>\n<td width=\"313\">89 g<\/td>\n<\/tr>\n<tr>\n<td colspan=\"2\" width=\"528\">Interfaccia USB<\/td>\n<\/tr>\n<tr>\n<td width=\"215\">Protocollo<\/td>\n<td width=\"313\">CCID USB<\/td>\n<\/tr>\n<tr>\n<td width=\"215\">Tipo di connettore<\/td>\n<td width=\"313\">USB tipo A (ACR1552U-M1), USB tipo C (ACR1552U-MF)<\/td>\n<\/tr>\n<tr>\n<td width=\"215\">Fonte di potere<\/td>\n<td width=\"313\">Dalla porta USB<\/td>\n<\/tr>\n<tr>\n<td width=\"215\">Velocit\u00e0<\/td>\n<td width=\"313\">USB massima velocit\u00e0 (12 Mbps)<\/td>\n<\/tr>\n<tr>\n<td width=\"215\">Lunghezza del cavo<\/td>\n<td width=\"313\">1 m, non staccabile<\/td>\n<\/tr>\n<tr>\n<td colspan=\"2\" width=\"528\">Interfaccia smart card senza contatto<\/td>\n<\/tr>\n<tr>\n<td width=\"215\">Standard<\/td>\n<td width=\"313\">ISO\/IEC 18092 NFC, ISO 14443 Tipo A e B, ISO 15693, MIFARE\u00ae, FeliCa<\/td>\n<\/tr>\n<tr>\n<td rowspan=\"5\" width=\"215\">Protocollo<\/td>\n<td width=\"313\">Scheda conforme ISO 14443-4, T=CL<\/td>\n<\/tr>\n<tr>\n<td width=\"313\">Carta MIFARE\u00ae Classica, T=CL<\/td>\n<\/tr>\n<tr>\n<td width=\"313\">ISO15693<\/td>\n<\/tr>\n<tr>\n<td width=\"313\">Tag NFC ISO 18092<\/td>\n<\/tr>\n<tr>\n<td width=\"313\">FeliCa<\/td>\n<\/tr>\n<tr>\n<td colspan=\"2\" width=\"528\">Interfaccia scheda SAM<\/td>\n<\/tr>\n<tr>\n<td width=\"215\">Numero di slot<\/td>\n<td width=\"313\">1 slot per scheda SIM standard<\/td>\n<\/tr>\n<tr>\n<td width=\"215\">Standard<\/td>\n<td width=\"313\">ISO 7816 Classe A (5 V)<\/td>\n<\/tr>\n<tr>\n<td width=\"215\">Protocollo<\/td>\n<td width=\"313\">T=0; T=1<\/td>\n<\/tr>\n<tr>\n<td colspan=\"2\" width=\"528\">Periferiche integrate<\/td>\n<\/tr>\n<tr>\n<td width=\"215\">GUIDATO<\/td>\n<td width=\"313\">1 bicolore: blu e verde<\/td>\n<\/tr>\n<tr>\n<td width=\"215\">Cicalino<\/td>\n<td width=\"313\">S\u00cc<\/td>\n<\/tr>\n<tr>\n<td colspan=\"2\" width=\"528\">Altre caratteristiche<\/td>\n<\/tr>\n<tr>\n<td rowspan=\"4\" width=\"215\">Altre caratteristiche<\/td>\n<td width=\"313\">Tipi di carte supportate:<\/td>\n<\/tr>\n<tr>\n<td width=\"313\">ISO 14443 Tipo A e B Parti 1-4, ISO 15693, ISO 18092 NFC, MIFARE\u00ae, FeliCa, SRI\/SRIX, CTS, Innovatron, Picopass, Topaz Card<\/td>\n<\/tr>\n<tr>\n<td width=\"313\">\u00a0 Caratteristiche NFC:<\/td>\n<\/tr>\n<tr>\n<td width=\"313\">Lettore\/scrittore di smart card, emulazione tastiera, emulazione scheda<\/td>\n<\/tr>\n<tr>\n<td width=\"215\">Aggiornamento del firmware<\/td>\n<td width=\"313\">Supportato<\/td>\n<\/tr>\n<tr>\n<td colspan=\"2\" width=\"528\">Certificazioni\/Conformit\u00e0<\/td>\n<\/tr>\n<tr>\n<td rowspan=\"4\" width=\"215\">Certificazioni\/Conformit\u00e0<\/td>\n<td width=\"313\">Certificazioni:<\/td>\n<\/tr>\n<tr>\n<td width=\"313\">IEC\/EN 62368, CE, UKCA, FCC, VCCI, KC, J-LIS, RoHS, REACH, WEEE, Microsoft\u00ae WHQL<\/td>\n<\/tr>\n<tr>\n<td width=\"313\">Conformit\u00e0:<\/td>\n<\/tr>\n<tr>\n<td width=\"313\">CCID USB, PC\/SC<\/td>\n<\/tr>\n<tr>\n<td colspan=\"2\" width=\"528\">Supporto del sistema operativo del driver del dispositivo<\/td>\n<\/tr>\n<tr>\n<td width=\"215\">Supporto del sistema operativo del driver del dispositivo<\/td>\n<td width=\"313\">Windows\u00ae, Linux\u00ae, macOS, Android\u2122, iOS\/iPadOS (16 o successivo)<\/td>\n<\/tr>\n<\/tbody>\n<\/table>\n<\/div>\n<\/li>\n<\/ul>","protected":false},"excerpt":{"rendered":"<p>L&#039;ACR1552U \u00e8 un lettore NFC USB ad alta velocit\u00e0 conforme a CCID e PC\/SC, che supporta ISO 14443 e 15693, ideale per diverse applicazioni di smart card.<\/p>","protected":false},"featured_media":1599,"template":"","meta":[],"product_brand":[],"product_cat":[45,40],"product_tag":[],"class_list":{"0":"post-1598","1":"product","2":"type-product","3":"status-publish","4":"has-post-thumbnail","6":"product_cat-contactless-nfc-reader","7":"product_cat-rfid-nfc-reader","9":"first","10":"instock","11":"shipping-taxable","12":"product-type-simple"},"_links":{"self":[{"href":"https:\/\/nfc-readers.com\/it\/wp-json\/wp\/v2\/product\/1598","targetHints":{"allow":["GET"]}}],"collection":[{"href":"https:\/\/nfc-readers.com\/it\/wp-json\/wp\/v2\/product"}],"about":[{"href":"https:\/\/nfc-readers.com\/it\/wp-json\/wp\/v2\/types\/product"}],"wp:featuredmedia":[{"embeddable":true,"href":"https:\/\/nfc-readers.com\/it\/wp-json\/wp\/v2\/media\/1599"}],"wp:attachment":[{"href":"https:\/\/nfc-readers.com\/it\/wp-json\/wp\/v2\/media?parent=1598"}],"wp:term":[{"taxonomy":"product_brand","embeddable":true,"href":"https:\/\/nfc-readers.com\/it\/wp-json\/wp\/v2\/product_brand?post=1598"},{"taxonomy":"product_cat","embeddable":true,"href":"https:\/\/nfc-readers.com\/it\/wp-json\/wp\/v2\/product_cat?post=1598"},{"taxonomy":"product_tag","embeddable":true,"href":"https:\/\/nfc-readers.com\/it\/wp-json\/wp\/v2\/product_tag?post=1598"}],"curies":[{"name":"wp","href":"https:\/\/api.w.org\/{rel}","templated":true}]}}