{"id":1608,"date":"2024-04-07T07:46:35","date_gmt":"2024-04-07T07:46:35","guid":{"rendered":"https:\/\/nfc-readers.com\/?post_type=product&#038;p=1608"},"modified":"2024-10-16T02:43:39","modified_gmt":"2024-10-16T02:43:39","slug":"acr1251t-usb-token-nfc-reader-ii","status":"publish","type":"product","link":"https:\/\/nfc-readers.com\/it\/ic-reader\/acr1251t-usb-token-nfc-reader-ii\/","title":{"rendered":"ACR1251T Lettore NFC token USB II"},"content":{"rendered":"<h1>ACR1251T Lettore NFC token USB II<\/h1>\n<p>ACR1251T \u00e8 un lettore di smart card NFC avanzato e ad alta velocit\u00e0, ideale per le aziende che cercano una soluzione portatile ed efficiente. Con funzionalit\u00e0 anticollisione, ampia compatibilit\u00e0 e funzionalit\u00e0 aggiuntive di facile utilizzo, rappresenta un&#039;opzione solida per transazioni NFC sicure e rapide in diversi ambienti di lavoro.<\/p>\n<ul>\n<li>\n<h2>Interfaccia USB a piena velocit\u00e0<\/h2>\n<\/li>\n<li>\n<h2>Conformit\u00e0 CCID<\/h2>\n<\/li>\n<li>\n<h2>Lettore di smart card:<\/h2>\n<ul>\n<li>\n<h3>Interfaccia senza contatto:<\/h3>\n<ul>\n<li>Velocit\u00e0 di lettura\/scrittura fino a 424 kbps<\/li>\n<li>Antenna integrata per accesso tag senza contatto, con distanza di lettura tessera fino a 30 mm (a seconda del tipo di tag)<\/li>\n<li>Supporta carte ISO 14443 Tipo A e B, MIFARE\u00ae, FeliCa e tutti e 4 i tipi di tag NFC (ISO\/IEC 18092)<\/li>\n<li>Funzionalit\u00e0 anticollisione integrata (\u00e8 possibile accedere solo a 1 tag alla volta)<\/li>\n<li>Supporto NFC<\/li>\n<li>Modalit\u00e0 lettore\/scrittore di schede<\/li>\n<\/ul>\n<\/li>\n<\/ul>\n<\/li>\n<li>\n<h2>Periferiche integrate:<\/h2>\n<ul>\n<li>\n<h3>LED:<\/h3>\n<ul>\n<li>LED bicolore controllabile dall&#039;utente<\/li>\n<\/ul>\n<\/li>\n<\/ul>\n<\/li>\n<li>\n<h2>Interfaccia di programmazione applicazioni:<\/h2>\n<ul>\n<li>\n<h3>Supporta PC\/SC<\/h3>\n<\/li>\n<li>\n<h3>Supporta CT-API (tramite wrapper su PC\/SC)<\/h3>\n<\/li>\n<\/ul>\n<\/li>\n<li>\n<h2>Aggiornabilit\u00e0 del firmware USB<\/h2>\n<\/li>\n<li>\n<h2>Supporta Android\u2122 3.1 e versioni successive<\/h2>\n<\/li>\n<li>\n<div>\n<table width=\"582\">\n<tbody>\n<tr>\n<td colspan=\"2\" width=\"582\">Caratteristiche fisiche<\/td>\n<\/tr>\n<tr>\n<td width=\"215\">Dimensioni (mm)<\/td>\n<td width=\"367\">75,0 mm (L) x 30,0 mm (L) x 12,7 mm (A)<\/td>\n<\/tr>\n<tr>\n<td width=\"215\">Peso (g)<\/td>\n<td width=\"367\">15,8 g<\/td>\n<\/tr>\n<tr>\n<td colspan=\"2\" width=\"582\">Interfaccia USB<\/td>\n<\/tr>\n<tr>\n<td width=\"215\">Protocollo<\/td>\n<td width=\"367\">CCID USB<\/td>\n<\/tr>\n<tr>\n<td width=\"215\">Tipo di connettore<\/td>\n<td width=\"367\">Tipo standard A<\/td>\n<\/tr>\n<tr>\n<td width=\"215\">Fonte di potere<\/td>\n<td width=\"367\">Dalla porta USB<\/td>\n<\/tr>\n<tr>\n<td width=\"215\">Velocit\u00e0<\/td>\n<td width=\"367\">USB massima velocit\u00e0 (12 Mbps)<\/td>\n<\/tr>\n<tr>\n<td colspan=\"2\" width=\"582\">Interfaccia smart card senza contatto<\/td>\n<\/tr>\n<tr>\n<td width=\"215\">Standard<\/td>\n<td width=\"367\">ISO\/IEC 18092 NFC, ISO 14443 Tipo A e B, MIFARE\u00ae, FeliCa<\/td>\n<\/tr>\n<tr>\n<td rowspan=\"4\" width=\"215\">Protocollo<\/td>\n<td width=\"367\">Schede conformi ISO14443-4, T=CL<\/td>\n<\/tr>\n<tr>\n<td width=\"367\">Protocollo MIFARE\u00ae Classic Card, T=CL<\/td>\n<\/tr>\n<tr>\n<td width=\"367\">ISO 18092, tag NFC<\/td>\n<\/tr>\n<tr>\n<td width=\"367\">FeliCa<\/td>\n<\/tr>\n<tr>\n<td colspan=\"2\" width=\"582\">Periferiche integrate<\/td>\n<\/tr>\n<tr>\n<td width=\"215\">GUIDATO<\/td>\n<td width=\"367\">1 bicolore: verde e rosso<\/td>\n<\/tr>\n<tr>\n<td colspan=\"2\" width=\"582\">Altre caratteristiche<\/td>\n<\/tr>\n<tr>\n<td width=\"215\">Aggiornamento del firmware<\/td>\n<td width=\"367\">Supportato<\/td>\n<\/tr>\n<tr>\n<td colspan=\"2\" width=\"582\">Certificazioni\/Conformit\u00e0<\/td>\n<\/tr>\n<tr>\n<td rowspan=\"13\" width=\"215\">Certificazioni\/Conformit\u00e0<\/td>\n<td width=\"367\">EN 60950\/IEC 60950<\/td>\n<\/tr>\n<tr>\n<td width=\"367\">ISO18092<\/td>\n<\/tr>\n<tr>\n<td width=\"367\">ISO 14443<\/td>\n<\/tr>\n<tr>\n<td width=\"367\">USB a piena velocit\u00e0<\/td>\n<\/tr>\n<tr>\n<td width=\"367\">PC\/SC<\/td>\n<\/tr>\n<tr>\n<td width=\"367\">CCID<\/td>\n<\/tr>\n<tr>\n<td width=\"367\">VCCI (Giappone)<\/td>\n<\/tr>\n<tr>\n<td width=\"367\">MIC (Giappone)<\/td>\n<\/tr>\n<tr>\n<td width=\"367\">Microsoft\u00ae WHQL<\/td>\n<\/tr>\n<tr>\n<td width=\"367\">CE<\/td>\n<\/tr>\n<tr>\n<td width=\"367\">FCC<\/td>\n<\/tr>\n<tr>\n<td width=\"367\">RoHS<\/td>\n<\/tr>\n<tr>\n<td width=\"367\">PORTATA<\/td>\n<\/tr>\n<tr>\n<td colspan=\"2\" width=\"582\">Supporto del sistema operativo del driver del dispositivo<\/td>\n<\/tr>\n<tr>\n<td rowspan=\"6\" width=\"215\">Supporto del sistema operativo del driver del dispositivo<\/td>\n<td width=\"367\">Windows\u00aeCE<\/td>\n<\/tr>\n<tr>\n<td width=\"367\">Windows\u00ae<\/td>\n<\/tr>\n<tr>\n<td width=\"367\">Linux\u00ae<\/td>\n<\/tr>\n<tr>\n<td width=\"367\">MAC OS\u00ae 10.7 e versioni successive<\/td>\n<\/tr>\n<tr>\n<td width=\"367\">Solaris<\/td>\n<\/tr>\n<tr>\n<td width=\"367\">Android\u2122 3.1 e versioni successive<\/td>\n<\/tr>\n<\/tbody>\n<\/table>\n<\/div>\n<\/li>\n<\/ul>","protected":false},"excerpt":{"rendered":"<p>ACR1251T \u00e8 un lettore di smart card NFC portatile ad alta velocit\u00e0, compatibile con NFC e ISO\/IEC 18092, che garantisce una lettura efficiente delle card su vari sistemi.<\/p>","protected":false},"featured_media":1609,"template":"","meta":[],"product_brand":[],"product_cat":[45,40],"product_tag":[],"class_list":{"0":"post-1608","1":"product","2":"type-product","3":"status-publish","4":"has-post-thumbnail","6":"product_cat-contactless-nfc-reader","7":"product_cat-rfid-nfc-reader","9":"first","10":"instock","11":"shipping-taxable","12":"product-type-simple"},"_links":{"self":[{"href":"https:\/\/nfc-readers.com\/it\/wp-json\/wp\/v2\/product\/1608","targetHints":{"allow":["GET"]}}],"collection":[{"href":"https:\/\/nfc-readers.com\/it\/wp-json\/wp\/v2\/product"}],"about":[{"href":"https:\/\/nfc-readers.com\/it\/wp-json\/wp\/v2\/types\/product"}],"wp:featuredmedia":[{"embeddable":true,"href":"https:\/\/nfc-readers.com\/it\/wp-json\/wp\/v2\/media\/1609"}],"wp:attachment":[{"href":"https:\/\/nfc-readers.com\/it\/wp-json\/wp\/v2\/media?parent=1608"}],"wp:term":[{"taxonomy":"product_brand","embeddable":true,"href":"https:\/\/nfc-readers.com\/it\/wp-json\/wp\/v2\/product_brand?post=1608"},{"taxonomy":"product_cat","embeddable":true,"href":"https:\/\/nfc-readers.com\/it\/wp-json\/wp\/v2\/product_cat?post=1608"},{"taxonomy":"product_tag","embeddable":true,"href":"https:\/\/nfc-readers.com\/it\/wp-json\/wp\/v2\/product_tag?post=1608"}],"curies":[{"name":"wp","href":"https:\/\/api.w.org\/{rel}","templated":true}]}}