{"id":1613,"date":"2024-04-07T07:49:24","date_gmt":"2024-04-07T07:49:24","guid":{"rendered":"https:\/\/nfc-readers.com\/?post_type=product&#038;p=1613"},"modified":"2024-10-16T02:39:20","modified_gmt":"2024-10-16T02:39:20","slug":"acm1552u-y3-nfc-module-reader","status":"publish","type":"product","link":"https:\/\/nfc-readers.com\/it\/ic-reader\/acm1552u-y3-nfc-module-reader\/","title":{"rendered":"LETTORE MODULO NFC ACM1552U-Y3"},"content":{"rendered":"<h1>LETTORE MODULO NFC ACM1552U-Y3<\/h1>\n<p>L&#039;ACM1552U-Y3 \u00e8 un modulo lettore NFC versatile e potente, che offre velocit\u00e0 avanzata e un ampio raggio operativo. La sua compatibilit\u00e0 con molteplici protocolli NFC e ISO, combinata con le sue modalit\u00e0 intuitive, lo posiziona come una soluzione ideale per implementare transazioni basate su NFC in diverse aree di applicazione.<\/p>\n<ul>\n<li>\n<h2>Interfaccia USB 2.0 a piena velocit\u00e0<\/h2>\n<\/li>\n<li>\n<h2>Conformit\u00e0 CCID<\/h2>\n<\/li>\n<li>\n<h2>Lettore di smart card senza contatto:<\/h2>\n<ul>\n<li>\n<h3>Velocit\u00e0 di lettura\/scrittura fino a 848 kbps<\/h3>\n<\/li>\n<li>\n<h3>Antenna integrata per accesso tag senza contatto, con distanza di lettura tessera fino a 70 mm (a seconda del tipo di tag)<\/h3>\n<\/li>\n<li>\n<h3>Supporta schede ISO 14443 tipo A e B, schede ISO 15693 e ISO18092 NFC<\/h3>\n<\/li>\n<li>\n<h3>Supporta MIFARE Classic\u00ae, MIFARE\u00ae Mini, MIFARE Ultralight\u00ae (T=CL), FeliCa e Topaz Card<\/h3>\n<\/li>\n<li>\n<h3>Funzionalit\u00e0 anticollisione integrata<\/h3>\n<\/li>\n<li>\n<h3>Supporta APDU estesa (max. 64 kbyte)<\/h3>\n<\/li>\n<li>\n<h3>Uno slot SAM conforme a ISO7816 (Classe A) (su richiesta)<\/h3>\n<\/li>\n<\/ul>\n<\/li>\n<li>\n<h2>Supporto NFC<\/h2>\n<ul>\n<li>\n<h3>Modalit\u00e0 lettore\/scrittore di smart card<\/h3>\n<\/li>\n<li>\n<h3>Modalit\u00e0 di emulazione della carta<\/h3>\n<\/li>\n<li>\n<h3>Modalit\u00e0 di emulazione della tastiera<\/h3>\n<\/li>\n<\/ul>\n<\/li>\n<li>\n<h2>Interfaccia di programmazione applicazioni:<\/h2>\n<ul>\n<li>\n<h3>Supporta PC\/SC<\/h3>\n<\/li>\n<li>\n<h3>Supporta CT-API (tramite wrapper su PC\/SC)<\/h3>\n<\/li>\n<\/ul>\n<\/li>\n<li>\n<h2>Periferiche:<\/h2>\n<ul>\n<li>\n<h3>LED bicolore controllabile dall&#039;utente (blu e verde)<\/h3>\n<\/li>\n<li>\n<h3>Cicalino controllabile dall&#039;utente (monotono)<\/h3>\n<\/li>\n<li>\n<h3>Uno slot SAM (su richiesta)<\/h3>\n<\/li>\n<\/ul>\n<\/li>\n<li>\n<h2>Aggiornabilit\u00e0 del firmware USB<\/h2>\n<\/li>\n<li>\n<div>\n<table width=\"640\">\n<tbody>\n<tr>\n<td colspan=\"2\" width=\"640\">Caratteristiche fisiche<\/td>\n<\/tr>\n<tr>\n<td rowspan=\"2\" width=\"257\">Dimensioni (mm)<\/td>\n<td width=\"383\">Scheda principale: 55,0 x 45,0 x 6,5<\/td>\n<\/tr>\n<tr>\n<td width=\"383\">Scheda antenna: 91,0 x 49,5 x 5,0<\/td>\n<\/tr>\n<tr>\n<td width=\"257\">Peso (g)<\/td>\n<td width=\"383\">27.7<\/td>\n<\/tr>\n<tr>\n<td colspan=\"2\" width=\"640\">Interfaccia USB<\/td>\n<\/tr>\n<tr>\n<td width=\"257\">Protocollo<\/td>\n<td width=\"383\">CCID USB<\/td>\n<\/tr>\n<tr>\n<td width=\"257\">Tipo di connettore<\/td>\n<td width=\"383\">USB tipo A<\/td>\n<\/tr>\n<tr>\n<td width=\"257\">Fonte di potere<\/td>\n<td width=\"383\">Dalla porta USB<\/td>\n<\/tr>\n<tr>\n<td width=\"257\">Velocit\u00e0<\/td>\n<td width=\"383\">USB massima velocit\u00e0 (12 Mbps)<\/td>\n<\/tr>\n<tr>\n<td width=\"257\">Lunghezza del cavo<\/td>\n<td width=\"383\">1 m, staccabile (opzionale)<\/td>\n<\/tr>\n<tr>\n<td colspan=\"2\" width=\"640\">Interfaccia smart card senza contatto<\/td>\n<\/tr>\n<tr>\n<td width=\"257\">Standard<\/td>\n<td width=\"383\">ISO 18092 NFC, ISO 14443 Tipo A e B, ISO 15693, MIFARE\u00ae, FeliCa<\/td>\n<\/tr>\n<tr>\n<td rowspan=\"5\" width=\"257\">Protocollo<\/td>\n<td width=\"383\">Scheda conforme ISO 14443-4, T=CL<\/td>\n<\/tr>\n<tr>\n<td width=\"383\">Carta MIFARE\u00ae Classica, T=CL<\/td>\n<\/tr>\n<tr>\n<td width=\"383\">ISO15693<\/td>\n<\/tr>\n<tr>\n<td width=\"383\">Tag NFC ISO 18092<\/td>\n<\/tr>\n<tr>\n<td width=\"383\">FeliCa<\/td>\n<\/tr>\n<tr>\n<td colspan=\"2\" width=\"640\">Periferiche integrate<\/td>\n<\/tr>\n<tr>\n<td width=\"257\">GUIDATO<\/td>\n<td width=\"383\">1 bicolore: blu e verde<\/td>\n<\/tr>\n<tr>\n<td width=\"257\">Cicalino<\/td>\n<td width=\"383\">Monotono<\/td>\n<\/tr>\n<tr>\n<td colspan=\"2\" width=\"640\">Altre caratteristiche<\/td>\n<\/tr>\n<tr>\n<td rowspan=\"4\" width=\"257\">Altre caratteristiche<\/td>\n<td width=\"383\">Tipi di carte supportate:<\/td>\n<\/tr>\n<tr>\n<td width=\"383\">ISO 14443 Tipo A e B Parti 1-4, ISO 15693, ISO 18092 NFC, MIFARE Classic\u00ae, MIFARE\u00ae Mini, MIFARE Ultralight\u00ae (T=CL), FeliCa e Topaz Card<\/td>\n<\/tr>\n<tr>\n<td width=\"383\">Altre funzionalit\u00e0 NFC:<\/td>\n<\/tr>\n<tr>\n<td width=\"383\">Lettore\/scrittore di smart card, emulazione tastiera, emulazione scheda<\/td>\n<\/tr>\n<tr>\n<td width=\"257\">Aggiornamento del firmware<\/td>\n<td width=\"383\">Supportato<\/td>\n<\/tr>\n<tr>\n<td colspan=\"2\" width=\"640\">Certificazioni\/Conformit\u00e0<\/td>\n<\/tr>\n<tr>\n<td rowspan=\"4\" width=\"257\">Certificazioni\/Conformit\u00e0<\/td>\n<td width=\"383\">Certificazioni:<\/td>\n<\/tr>\n<tr>\n<td width=\"383\">IEC\/EN 62368, CE, UKCA, FCC, VCCI, RoHS, REACH, WEEE, Microsoft\u00ae WHQL<\/td>\n<\/tr>\n<tr>\n<td width=\"383\">Conformit\u00e0:<\/td>\n<\/tr>\n<tr>\n<td width=\"383\">CCID USB, PC\/SC<\/td>\n<\/tr>\n<tr>\n<td colspan=\"2\" width=\"640\">Supporto del sistema operativo del driver del dispositivo<\/td>\n<\/tr>\n<tr>\n<td width=\"257\">Supporto del sistema operativo del driver del dispositivo<\/td>\n<td width=\"383\">Windows\u00ae, Linux\u00ae, macOS, Android\u2122<\/td>\n<\/tr>\n<\/tbody>\n<\/table>\n<\/div>\n<\/li>\n<\/ul>","protected":false},"excerpt":{"rendered":"<p>ACM1552U-Y3 \u00e8 un modulo NFC USB ad alta velocit\u00e0 che supporta varie tecnologie, tra cui Card Emulation, ideale per diverse applicazioni NFC.<\/p>","protected":false},"featured_media":1614,"template":"","meta":[],"product_brand":[],"product_cat":[41,40],"product_tag":[],"class_list":{"0":"post-1613","1":"product","2":"type-product","3":"status-publish","4":"has-post-thumbnail","6":"product_cat-module-ic-reader","7":"product_cat-rfid-nfc-reader","9":"first","10":"instock","11":"shipping-taxable","12":"product-type-simple"},"_links":{"self":[{"href":"https:\/\/nfc-readers.com\/it\/wp-json\/wp\/v2\/product\/1613","targetHints":{"allow":["GET"]}}],"collection":[{"href":"https:\/\/nfc-readers.com\/it\/wp-json\/wp\/v2\/product"}],"about":[{"href":"https:\/\/nfc-readers.com\/it\/wp-json\/wp\/v2\/types\/product"}],"wp:featuredmedia":[{"embeddable":true,"href":"https:\/\/nfc-readers.com\/it\/wp-json\/wp\/v2\/media\/1614"}],"wp:attachment":[{"href":"https:\/\/nfc-readers.com\/it\/wp-json\/wp\/v2\/media?parent=1613"}],"wp:term":[{"taxonomy":"product_brand","embeddable":true,"href":"https:\/\/nfc-readers.com\/it\/wp-json\/wp\/v2\/product_brand?post=1613"},{"taxonomy":"product_cat","embeddable":true,"href":"https:\/\/nfc-readers.com\/it\/wp-json\/wp\/v2\/product_cat?post=1613"},{"taxonomy":"product_tag","embeddable":true,"href":"https:\/\/nfc-readers.com\/it\/wp-json\/wp\/v2\/product_tag?post=1613"}],"curies":[{"name":"wp","href":"https:\/\/api.w.org\/{rel}","templated":true}]}}