{"id":1615,"date":"2024-04-07T07:52:08","date_gmt":"2024-04-07T07:52:08","guid":{"rendered":"https:\/\/nfc-readers.com\/?post_type=product&#038;p=1615"},"modified":"2024-10-16T02:36:24","modified_gmt":"2024-10-16T02:36:24","slug":"acm1552u-z2-small-multi-iso-nfc-module-reader-writer","status":"publish","type":"product","link":"https:\/\/nfc-readers.com\/it\/ic-reader\/acm1552u-z2-small-multi-iso-nfc-module-reader-writer\/","title":{"rendered":"ACM1552U-Z2 \u2013 Lettore\/scrittore per moduli NFC multi-ISO di piccole dimensioni"},"content":{"rendered":"<h1>ACM1552U-Z2 \u2013 Lettore\/scrittore per moduli NFC multi-ISO di piccole dimensioni<\/h1>\n<p>L&#039;ACM1552U-Z2 si distingue come un modulo compatto e versatile, che offre funzionalit\u00e0 NFC ad alta velocit\u00e0 e compatibilit\u00e0 con molteplici standard. Con le sue funzionalit\u00e0 aggiuntive di sicurezza ed efficienza energetica, insieme a un&#039;interfaccia intuitiva, rappresenta una soluzione sofisticata per la comunicazione senza contatto in dispositivi compatti.<\/p>\n<ul>\n<li>\n<h2>Interfaccia USB 2.0 a piena velocit\u00e0<\/h2>\n<\/li>\n<li>\n<h2>Conformit\u00e0 CCID<\/h2>\n<\/li>\n<li>\n<h2>Supporto per smart card senza contatto:<\/h2>\n<ul>\n<li>\n<h3>Velocit\u00e0 di lettura\/scrittura fino a 848 kbps<\/h3>\n<\/li>\n<li>\n<h3>Antenna integrata per accesso tag senza contatto, con distanza di lettura tessera fino a 70 mm (a seconda del tipo di tag)<\/h3>\n<\/li>\n<li>\n<h3>Supporta schede ISO 14443 tipo A e B, schede ISO 15693 e ISO18092 NFC<\/h3>\n<\/li>\n<li>\n<h3>Supporta MIFARE Classic\u00ae, MIFARE\u00ae, DESFire\u00ae, MIFARE Ultralight\u00ae, MIFARE Plus\u00ae, FeliCa e Topaz<\/h3>\n<\/li>\n<li>\n<h3>Funzionalit\u00e0 anticollisione integrata<\/h3>\n<\/li>\n<li>\n<h3>Supporta APDU estesa (max. 64 kbyte)<\/h3>\n<\/li>\n<\/ul>\n<\/li>\n<li>\n<h2>Supporto NFC:<\/h2>\n<ul>\n<li>\n<h3>Modalit\u00e0 lettore\/scrittore di smart card<\/h3>\n<\/li>\n<li>\n<h3>Modalit\u00e0 di emulazione della carta<\/h3>\n<\/li>\n<li>\n<h3>Modalit\u00e0 di emulazione della tastiera<\/h3>\n<\/li>\n<\/ul>\n<\/li>\n<li>\n<h2>Interfaccia di programmazione applicazioni:<\/h2>\n<ul>\n<li>\n<h3>Supporta PC\/SC<\/h3>\n<\/li>\n<li>\n<h3>Supporta CT-API (tramite wrapper su PC\/SC)<\/h3>\n<\/li>\n<\/ul>\n<\/li>\n<li>\n<h2>Periferiche:<\/h2>\n<ul>\n<li>\n<h3>LED bicolore controllabile dall&#039;utente (blu e verde)<\/h3>\n<\/li>\n<\/ul>\n<\/li>\n<li>\n<h2>Dimensioni compatte<\/h2>\n<\/li>\n<li>\n<h2>Aggiornabilit\u00e0 del firmware USB<\/h2>\n<\/li>\n<li>\n<div>\n<table width=\"545\">\n<tbody>\n<tr>\n<td colspan=\"2\" width=\"545\">Caratteristiche fisiche<\/td>\n<\/tr>\n<tr>\n<td width=\"228\">Dimensioni (mm)<\/td>\n<td width=\"317\">52,0x20,0x5,7<\/td>\n<\/tr>\n<tr>\n<td width=\"228\">Peso (g)<\/td>\n<td width=\"317\">3.4<\/td>\n<\/tr>\n<tr>\n<td colspan=\"2\" width=\"545\">Interfaccia USB<\/td>\n<\/tr>\n<tr>\n<td width=\"228\">Protocollo<\/td>\n<td width=\"317\">CCID USB<\/td>\n<\/tr>\n<tr>\n<td width=\"228\">Tipo di connettore<\/td>\n<td width=\"317\">5 pin, passo 1 mm, compatibile con la serie JST SH<\/td>\n<\/tr>\n<tr>\n<td width=\"228\">Fonte di potere<\/td>\n<td width=\"317\">Dalla porta USB<\/td>\n<\/tr>\n<tr>\n<td width=\"228\">Velocit\u00e0<\/td>\n<td width=\"317\">USB 2.0 Full Speed (12 Mbps) compatibile con USB 3.0<\/td>\n<\/tr>\n<tr>\n<td width=\"228\">Lunghezza del cavo<\/td>\n<td width=\"317\">1 m, staccabile (su richiesta)<\/td>\n<\/tr>\n<tr>\n<td colspan=\"2\" width=\"545\">Interfaccia smart card senza contatto<\/td>\n<\/tr>\n<tr>\n<td width=\"228\">Standard<\/td>\n<td width=\"317\">ISO 18092 NFC, ISO 14443 Tipo A e B, ISO 15693, MIFARE\u00ae, FeliCa<\/td>\n<\/tr>\n<tr>\n<td rowspan=\"5\" width=\"228\">Protocollo<\/td>\n<td width=\"317\">Scheda conforme ISO 14443-4, T=CL<\/td>\n<\/tr>\n<tr>\n<td width=\"317\">Carta MIFARE\u00ae Classica, T=CL<\/td>\n<\/tr>\n<tr>\n<td width=\"317\">ISO15693<\/td>\n<\/tr>\n<tr>\n<td width=\"317\">Tag NFC ISO 18092<\/td>\n<\/tr>\n<tr>\n<td width=\"317\">FeliCa<\/td>\n<\/tr>\n<tr>\n<td colspan=\"2\" width=\"545\">Periferiche integrate<\/td>\n<\/tr>\n<tr>\n<td width=\"228\">GUIDATO<\/td>\n<td width=\"317\">1 bicolore: blu e verde<\/td>\n<\/tr>\n<tr>\n<td colspan=\"2\" width=\"545\">Altre caratteristiche<\/td>\n<\/tr>\n<tr>\n<td rowspan=\"6\" width=\"228\">Altre caratteristiche<\/td>\n<td width=\"317\">Tipi di carte supportate:<\/td>\n<\/tr>\n<tr>\n<td width=\"317\">ISO 14443 Tipo A e B Parti 1-4,<\/td>\n<\/tr>\n<tr>\n<td width=\"317\">ISO 15693, ISO 18092NFC,<\/td>\n<\/tr>\n<tr>\n<td width=\"317\">MIFARE Classic\u00ae, MIFARE DESFire\u00ae, MIFARE Ultralight\u00ae, MIFARE Plus\u00ae, FeliCa e Topaz<\/td>\n<\/tr>\n<tr>\n<td width=\"317\">Altre funzionalit\u00e0 NFC:<\/td>\n<\/tr>\n<tr>\n<td width=\"317\">Lettore\/scrittore di smart card, emulazione tastiera, emulazione scheda<\/td>\n<\/tr>\n<tr>\n<td width=\"228\">Aggiornamento del firmware<\/td>\n<td width=\"317\">Supportato<\/td>\n<\/tr>\n<tr>\n<td colspan=\"2\" width=\"545\">Certificazioni\/Conformit\u00e0<\/td>\n<\/tr>\n<tr>\n<td rowspan=\"4\" width=\"228\">Certificazioni\/Conformit\u00e0<\/td>\n<td width=\"317\">Certificazioni:<\/td>\n<\/tr>\n<tr>\n<td width=\"317\">IEC\/EN 62368, CE, UKCA, FCC, VCCI, RoHS, REACH, WEEE, Microsoft\u00ae WHQL<\/td>\n<\/tr>\n<tr>\n<td width=\"317\">\u00a0 Conformit\u00e0:<\/td>\n<\/tr>\n<tr>\n<td width=\"317\">CCID USB, PC\/SC<\/td>\n<\/tr>\n<tr>\n<td colspan=\"2\" width=\"545\">Supporto del sistema operativo del driver del dispositivo<\/td>\n<\/tr>\n<tr>\n<td width=\"228\">Supporto del sistema operativo del driver del dispositivo<\/td>\n<td width=\"317\">Windows\u00ae, Linux\u00ae, macOS, Android\u2122<\/td>\n<\/tr>\n<\/tbody>\n<\/table>\n<\/div>\n<\/li>\n<\/ul>","protected":false},"excerpt":{"rendered":"<p>ACM1552U-Z2 \u00e8 un modulo NFC USB ad alta velocit\u00e0 che supporta la lettura\/scrittura di smart card e l&#039;emulazione di card, progettato per operazioni contactless efficienti e sicure.<\/p>","protected":false},"featured_media":1616,"template":"","meta":[],"product_brand":[],"product_cat":[41,40],"product_tag":[],"class_list":{"0":"post-1615","1":"product","2":"type-product","3":"status-publish","4":"has-post-thumbnail","6":"product_cat-module-ic-reader","7":"product_cat-rfid-nfc-reader","9":"first","10":"instock","11":"shipping-taxable","12":"product-type-simple"},"_links":{"self":[{"href":"https:\/\/nfc-readers.com\/it\/wp-json\/wp\/v2\/product\/1615","targetHints":{"allow":["GET"]}}],"collection":[{"href":"https:\/\/nfc-readers.com\/it\/wp-json\/wp\/v2\/product"}],"about":[{"href":"https:\/\/nfc-readers.com\/it\/wp-json\/wp\/v2\/types\/product"}],"wp:featuredmedia":[{"embeddable":true,"href":"https:\/\/nfc-readers.com\/it\/wp-json\/wp\/v2\/media\/1616"}],"wp:attachment":[{"href":"https:\/\/nfc-readers.com\/it\/wp-json\/wp\/v2\/media?parent=1615"}],"wp:term":[{"taxonomy":"product_brand","embeddable":true,"href":"https:\/\/nfc-readers.com\/it\/wp-json\/wp\/v2\/product_brand?post=1615"},{"taxonomy":"product_cat","embeddable":true,"href":"https:\/\/nfc-readers.com\/it\/wp-json\/wp\/v2\/product_cat?post=1615"},{"taxonomy":"product_tag","embeddable":true,"href":"https:\/\/nfc-readers.com\/it\/wp-json\/wp\/v2\/product_tag?post=1615"}],"curies":[{"name":"wp","href":"https:\/\/api.w.org\/{rel}","templated":true}]}}