{"id":1623,"date":"2024-04-07T07:59:43","date_gmt":"2024-04-07T07:59:43","guid":{"rendered":"https:\/\/nfc-readers.com\/?post_type=product&#038;p=1623"},"modified":"2024-09-29T07:34:42","modified_gmt":"2024-09-29T07:34:42","slug":"acr40t-type-a-usb-sim-sized-smart-card-reader","status":"publish","type":"product","link":"https:\/\/nfc-readers.com\/it\/ic-reader\/acr40t-type-a-usb-sim-sized-smart-card-reader\/","title":{"rendered":"Lettore di smart card USB di tipo SIM ACR40T tipo A (pulsante integrato e cordino inclusi)"},"content":{"rendered":"<h1>Lettore di smart card USB di tipo SIM ACR40T tipo A (pulsante integrato e cordino inclusi)<\/h1>\n<p>ACR40T \u00e8 un lettore di smart card altamente efficiente e aggiornabile che offre un&#039;ampia compatibilit\u00e0 con smart card ISO 7816 e varie schede di memoria, dotato di uno slot per smart card di facile utilizzo in un design particolarmente piccolo.<\/p>\n<ul>\n<li>\n<h2><strong>Supporta vari tipi di schede di contatto<\/strong><\/h2>\n<ul>\n<li>\n<h3>ISO 7816 Classe A, B e C (5 V, 3 V e 1,8 V)<\/h3>\n<\/li>\n<li>\n<h3>Scheda microprocessore (T=0, T=1)<\/h3>\n<\/li>\n<li>\n<h3>Scheda di memoria<\/h3>\n<\/li>\n<li>\n<h3>Dispone di protezione da cortocircuito<\/h3>\n<\/li>\n<\/ul>\n<\/li>\n<li>\n<h2><strong>Interfaccia di programmazione applicazioni:<\/strong><\/h2>\n<ul>\n<li>\n<h3>Supporta PC\/SC<\/h3>\n<\/li>\n<\/ul>\n<\/li>\n<li>\n<h2><strong>Periferiche integrate<\/strong><\/h2>\n<ul>\n<li>\n<h3>1 x LED programmabile (verde)<\/h3>\n<\/li>\n<li>\n<table width=\"591\">\n<tbody>\n<tr>\n<td colspan=\"2\" width=\"591\">Caratteristiche fisiche<\/td>\n<\/tr>\n<tr>\n<td rowspan=\"2\" width=\"266\">Dimensioni (mm)<\/td>\n<td width=\"325\">ACR40T-A1: 48,9 mm (L) \u00d7 17,7 mm (L) \u00d7 8,0 mm (A)<\/td>\n<\/tr>\n<tr>\n<td width=\"325\">ACR40T-A5: 44,7 mm (L) \u00d7 17,7 mm (L) \u00d7 8,0 mm (A)<\/td>\n<\/tr>\n<tr>\n<td rowspan=\"2\" width=\"266\">Peso (g)<\/td>\n<td width=\"325\">ACR40T-A1: 6,8 g\u00b11,0 g<\/td>\n<\/tr>\n<tr>\n<td width=\"325\">ACR40T-A5: 5,3 g\u00b11,0 g<\/td>\n<\/tr>\n<tr>\n<td colspan=\"2\" width=\"591\">Interfaccia USB<\/td>\n<\/tr>\n<tr>\n<td width=\"266\">Protocollo<\/td>\n<td width=\"325\">CCID USB<\/td>\n<\/tr>\n<tr>\n<td rowspan=\"2\" width=\"266\">Tipo di connettore<\/td>\n<td width=\"325\">USB tipo A<\/td>\n<\/tr>\n<tr>\n<td width=\"325\">USB di tipo C<\/td>\n<\/tr>\n<tr>\n<td width=\"266\">Fonte di potere<\/td>\n<td width=\"325\">Dalla porta USB<\/td>\n<\/tr>\n<tr>\n<td width=\"266\">Velocit\u00e0<\/td>\n<td width=\"325\">USB massima velocit\u00e0 (12 Mbps)<\/td>\n<\/tr>\n<tr>\n<td colspan=\"2\" width=\"591\">Contatta l&#039;interfaccia Smart Card<\/td>\n<\/tr>\n<tr>\n<td width=\"266\">Numero di slot<\/td>\n<td width=\"325\">1 slot per scheda SIM (2FF)<\/td>\n<\/tr>\n<tr>\n<td width=\"266\">Protocollo<\/td>\n<td width=\"325\">T=0; T=1<\/td>\n<\/tr>\n<tr>\n<td colspan=\"2\" width=\"591\">Periferiche integrate<\/td>\n<\/tr>\n<tr>\n<td width=\"266\">GUIDATO<\/td>\n<td width=\"325\">Verde<\/td>\n<\/tr>\n<tr>\n<td colspan=\"2\" width=\"591\">Altre caratteristiche<\/td>\n<\/tr>\n<tr>\n<td width=\"266\">Altre caratteristiche<\/td>\n<td width=\"325\">Supporta l&#039;aggiornamento del firmware<\/td>\n<\/tr>\n<tr>\n<td colspan=\"2\" width=\"591\">Certificazioni\/Conformit\u00e0<\/td>\n<\/tr>\n<tr>\n<td rowspan=\"12\" width=\"266\">Certificazioni\/Conformit\u00e0<\/td>\n<td width=\"325\">Certificazioni:<\/td>\n<\/tr>\n<tr>\n<td width=\"325\">UL62368<\/td>\n<\/tr>\n<tr>\n<td width=\"325\">CE<\/td>\n<\/tr>\n<tr>\n<td width=\"325\">UKCA<\/td>\n<\/tr>\n<tr>\n<td width=\"325\">FCC<\/td>\n<\/tr>\n<tr>\n<td width=\"325\">RoHS<\/td>\n<\/tr>\n<tr>\n<td width=\"325\">PORTATA<\/td>\n<\/tr>\n<tr>\n<td width=\"325\">VCCI<\/td>\n<\/tr>\n<tr>\n<td width=\"325\">Microsoft\u00ae WHQL<\/td>\n<\/tr>\n<tr>\n<td width=\"325\">Conformit\u00e0:<\/td>\n<\/tr>\n<tr>\n<td width=\"325\">CCID USB<\/td>\n<\/tr>\n<tr>\n<td width=\"325\">PC\/SC<\/td>\n<\/tr>\n<tr>\n<td colspan=\"2\" width=\"591\">Supporto del sistema operativo del driver del dispositivo<\/td>\n<\/tr>\n<tr>\n<td rowspan=\"4\" width=\"266\">Supporto del sistema operativo del driver del dispositivo<\/td>\n<td width=\"325\">Windows\u00ae<\/td>\n<\/tr>\n<tr>\n<td width=\"325\">Linux\u00ae<\/td>\n<\/tr>\n<tr>\n<td width=\"325\">Mac OS<\/td>\n<\/tr>\n<tr>\n<td width=\"325\">Android\u2122<\/td>\n<\/tr>\n<\/tbody>\n<\/table>\n<\/li>\n<\/ul>\n<\/li>\n<\/ul>","protected":false},"excerpt":{"rendered":"<p>L&#039;ACR40T \u00e8 un lettore di contatti USB ad alta velocit\u00e0, studiato appositamente per schede di dimensioni SIM, che offre aggiornamenti del firmware e compatibilit\u00e0 con varie smart card e memory card.<\/p>","protected":false},"featured_media":1624,"template":"","meta":[],"product_brand":[],"product_cat":[39],"product_tag":[],"class_list":{"0":"post-1623","1":"product","2":"type-product","3":"status-publish","4":"has-post-thumbnail","6":"product_cat-usb-ic-smartcard-reader","8":"first","9":"instock","10":"shipping-taxable","11":"product-type-simple"},"_links":{"self":[{"href":"https:\/\/nfc-readers.com\/it\/wp-json\/wp\/v2\/product\/1623","targetHints":{"allow":["GET"]}}],"collection":[{"href":"https:\/\/nfc-readers.com\/it\/wp-json\/wp\/v2\/product"}],"about":[{"href":"https:\/\/nfc-readers.com\/it\/wp-json\/wp\/v2\/types\/product"}],"wp:featuredmedia":[{"embeddable":true,"href":"https:\/\/nfc-readers.com\/it\/wp-json\/wp\/v2\/media\/1624"}],"wp:attachment":[{"href":"https:\/\/nfc-readers.com\/it\/wp-json\/wp\/v2\/media?parent=1623"}],"wp:term":[{"taxonomy":"product_brand","embeddable":true,"href":"https:\/\/nfc-readers.com\/it\/wp-json\/wp\/v2\/product_brand?post=1623"},{"taxonomy":"product_cat","embeddable":true,"href":"https:\/\/nfc-readers.com\/it\/wp-json\/wp\/v2\/product_cat?post=1623"},{"taxonomy":"product_tag","embeddable":true,"href":"https:\/\/nfc-readers.com\/it\/wp-json\/wp\/v2\/product_tag?post=1623"}],"curies":[{"name":"wp","href":"https:\/\/api.w.org\/{rel}","templated":true}]}}