{"id":1626,"date":"2024-04-07T08:02:18","date_gmt":"2024-04-07T08:02:18","guid":{"rendered":"https:\/\/nfc-readers.com\/?post_type=product&#038;p=1626"},"modified":"2024-09-29T07:31:36","modified_gmt":"2024-09-29T07:31:36","slug":"acr40u-high-speed-contact-reader-writer","status":"publish","type":"product","link":"https:\/\/nfc-readers.com\/it\/ic-reader\/acr40u-high-speed-contact-reader-writer\/","title":{"rendered":"ACR40U Lettore scrittore a contatti ad alta velocit\u00e0"},"content":{"rendered":"<h1>ACR40U Lettore scrittore a contatti ad alta velocit\u00e0<\/h1>\n<p>il lettore di smart card ACR40U offre una soluzione sofisticata per transazioni digitali sicure e controllo degli accessi, enfatizzando velocit\u00e0, durata e facilit\u00e0 d&#039;uso su varie piattaforme e applicazioni.<\/p>\n<ul>\n<li>\n<h2>Interfaccia USB 2.0 a piena velocit\u00e0<\/h2>\n<\/li>\n<li>\n<h2>USB tipo A<\/h2>\n<\/li>\n<li>\n<h2>Plug and Play: il supporto CCID offre la massima mobilit\u00e0<\/h2>\n<\/li>\n<li>\n<h2>Lettore di smart card:<\/h2>\n<\/li>\n<li>\n<h2>Supporta schede ISO 7816 Classe A, B e C (5 V, 3 V, 1,8 V)<\/h2>\n<ul>\n<li>\n<h3>Supporta CAC<\/h3>\n<\/li>\n<li>\n<h3>Supporta la scheda SIPRNET<\/h3>\n<\/li>\n<li>\n<h3>Supporta MyKad<\/h3>\n<\/li>\n<li>\n<h3>Supporta la scheda J-LIS<\/h3>\n<\/li>\n<li>\n<h3>Supporta schede a microprocessore con protocollo T=0 o T=1<\/h3>\n<\/li>\n<li>\n<h3>Supporta schede di memoria<\/h3>\n<\/li>\n<li>\n<h3>Supporta PPS (selezione protocollo e parametri)<\/h3>\n<\/li>\n<li>\n<h3>Dispone di protezione da cortocircuito<\/h3>\n<\/li>\n<\/ul>\n<\/li>\n<li>\n<h2>Interfaccia di programmazione applicazioni:<\/h2>\n<ul>\n<li>\n<h3>Supporta PC\/SC<\/h3>\n<\/li>\n<li>\n<h3>Supporta l&#039;API CT<\/h3>\n<\/li>\n<\/ul>\n<\/li>\n<li>\n<h2>Supporta tutti i principali sistemi operativi<\/h2>\n<ul>\n<li>\n<h3>Windows\u00ae, Linux\u00ae, macOS, iOS, iPadOS, Android\u2122, Solaris\u2122<\/h3>\n<\/li>\n<li>\n<div>\n<table width=\"566\">\n<tbody>\n<tr>\n<td colspan=\"2\" width=\"566\">Caratteristiche fisiche<\/td>\n<\/tr>\n<tr>\n<td width=\"207\">Dimensioni (mm)<\/td>\n<td width=\"359\">55 mm (L) \u00d7 65,0 mm (L) \u00d7 9,0 mm (A)<\/td>\n<\/tr>\n<tr>\n<td width=\"207\">Peso (g)<\/td>\n<td width=\"359\">40,0 g\u00b15,0 g<\/td>\n<\/tr>\n<tr>\n<td colspan=\"2\" width=\"566\">Interfaccia USB<\/td>\n<\/tr>\n<tr>\n<td width=\"207\">Protocollo<\/td>\n<td width=\"359\">CCID USB<\/td>\n<\/tr>\n<tr>\n<td width=\"207\">Tipo di connettore<\/td>\n<td width=\"359\">Tipo standard A, tipo C<\/td>\n<\/tr>\n<tr>\n<td width=\"207\">Fonte di potere<\/td>\n<td width=\"359\">Dalla porta USB<\/td>\n<\/tr>\n<tr>\n<td width=\"207\">Velocit\u00e0<\/td>\n<td width=\"359\">USB 2.0 massima velocit\u00e0 (12 Mbps)<\/td>\n<\/tr>\n<tr>\n<td width=\"207\">Lunghezza del cavo<\/td>\n<td width=\"359\">1 m, fisso<\/td>\n<\/tr>\n<tr>\n<td colspan=\"2\" width=\"566\">Contatta l&#039;interfaccia Smart Card<\/td>\n<\/tr>\n<tr>\n<td width=\"207\">Numero di slot<\/td>\n<td width=\"359\">1 slot per schede di dimensioni standard<\/td>\n<\/tr>\n<tr>\n<td width=\"207\">Standard<\/td>\n<td width=\"359\">ISO 7816 Parti 1-4, Classe A, B, C (5 V, 3 V, 1,8 V)<\/td>\n<\/tr>\n<tr>\n<td width=\"207\">Protocollo<\/td>\n<td width=\"359\">T=0; T=1; Supporto per schede di memoria<\/td>\n<\/tr>\n<tr>\n<td width=\"207\">Altri<\/td>\n<td width=\"359\">Carta Mykad, CAC, J-LIS, SIPRNET<\/td>\n<\/tr>\n<tr>\n<td colspan=\"2\" width=\"566\">Certificazioni\/Conformit\u00e0<\/td>\n<\/tr>\n<tr>\n<td rowspan=\"17\" width=\"207\">Certificazioni\/Conformit\u00e0<\/td>\n<td width=\"359\">EN62368\/IEC 62368<\/td>\n<\/tr>\n<tr>\n<td width=\"359\">CE<\/td>\n<\/tr>\n<tr>\n<td width=\"359\">FCC<\/td>\n<\/tr>\n<tr>\n<td width=\"359\">RoHS<\/td>\n<\/tr>\n<tr>\n<td width=\"359\">PORTATA<\/td>\n<\/tr>\n<tr>\n<td width=\"359\">EMV\u2122 Livello 1 (Contatti)<\/td>\n<\/tr>\n<tr>\n<td width=\"359\">UL62368<\/td>\n<\/tr>\n<tr>\n<td width=\"359\">J-LIS<\/td>\n<\/tr>\n<tr>\n<td width=\"359\">KC<\/td>\n<\/tr>\n<tr>\n<td width=\"359\">PBOC Livello 1(Contatto)<\/td>\n<\/tr>\n<tr>\n<td width=\"359\">TAAA<\/td>\n<\/tr>\n<tr>\n<td width=\"359\">UKCA<\/td>\n<\/tr>\n<tr>\n<td width=\"359\">UL<\/td>\n<\/tr>\n<tr>\n<td width=\"359\">VCCI<\/td>\n<\/tr>\n<tr>\n<td width=\"359\">RAEE<\/td>\n<\/tr>\n<tr>\n<td width=\"359\">USB 2.0 a piena velocit\u00e0<\/td>\n<\/tr>\n<tr>\n<td width=\"359\">Microsoft\u00ae WHQL<\/td>\n<\/tr>\n<tr>\n<td colspan=\"2\" width=\"566\">Supporto del sistema operativo del driver del dispositivo<\/td>\n<\/tr>\n<tr>\n<td rowspan=\"7\" width=\"207\">Supporto del sistema operativo del driver del dispositivo<\/td>\n<td width=\"359\">Windows\u00ae<\/td>\n<\/tr>\n<tr>\n<td width=\"359\">Linux\u00ae<\/td>\n<\/tr>\n<tr>\n<td width=\"359\">Mac OS<\/td>\n<\/tr>\n<tr>\n<td width=\"359\">iOS<\/td>\n<\/tr>\n<tr>\n<td width=\"359\">iPadOS<\/td>\n<\/tr>\n<tr>\n<td width=\"359\">Android\u2122<\/td>\n<\/tr>\n<tr>\n<td width=\"359\">Solaris\u2122<\/td>\n<\/tr>\n<\/tbody>\n<\/table>\n<\/div>\n<\/li>\n<\/ul>\n<\/li>\n<\/ul>","protected":false},"excerpt":{"rendered":"<p>ACR40U \u00e8 un lettore di contatti USB ad alta velocit\u00e0 che supporta schede EMV, offrendo prestazioni affidabili e compatibilit\u00e0 con pi\u00f9 sistemi operativi per varie applicazioni.<\/p>","protected":false},"featured_media":1628,"template":"","meta":[],"product_brand":[],"product_cat":[39],"product_tag":[],"class_list":{"0":"post-1626","1":"product","2":"type-product","3":"status-publish","4":"has-post-thumbnail","6":"product_cat-usb-ic-smartcard-reader","8":"first","9":"instock","10":"shipping-taxable","11":"product-type-simple"},"_links":{"self":[{"href":"https:\/\/nfc-readers.com\/it\/wp-json\/wp\/v2\/product\/1626","targetHints":{"allow":["GET"]}}],"collection":[{"href":"https:\/\/nfc-readers.com\/it\/wp-json\/wp\/v2\/product"}],"about":[{"href":"https:\/\/nfc-readers.com\/it\/wp-json\/wp\/v2\/types\/product"}],"wp:featuredmedia":[{"embeddable":true,"href":"https:\/\/nfc-readers.com\/it\/wp-json\/wp\/v2\/media\/1628"}],"wp:attachment":[{"href":"https:\/\/nfc-readers.com\/it\/wp-json\/wp\/v2\/media?parent=1626"}],"wp:term":[{"taxonomy":"product_brand","embeddable":true,"href":"https:\/\/nfc-readers.com\/it\/wp-json\/wp\/v2\/product_brand?post=1626"},{"taxonomy":"product_cat","embeddable":true,"href":"https:\/\/nfc-readers.com\/it\/wp-json\/wp\/v2\/product_cat?post=1626"},{"taxonomy":"product_tag","embeddable":true,"href":"https:\/\/nfc-readers.com\/it\/wp-json\/wp\/v2\/product_tag?post=1626"}],"curies":[{"name":"wp","href":"https:\/\/api.w.org\/{rel}","templated":true}]}}