{"id":1909,"date":"2024-10-15T13:42:27","date_gmt":"2024-10-15T13:42:27","guid":{"rendered":"https:\/\/nfc-readers.com\/?post_type=product&#038;p=1909"},"modified":"2024-10-28T15:36:29","modified_gmt":"2024-10-28T15:36:29","slug":"acr1222l-contactless-rfid-nfc-reader-writer","status":"publish","type":"product","link":"https:\/\/nfc-readers.com\/it\/ic-reader\/acr1222l-contactless-rfid-nfc-reader-writer\/","title":{"rendered":"Lettore scrittore RFID NFC contactless ACR1222L"},"content":{"rendered":"<p><iframe loading=\"lazy\" title=\"Lettore NFC ACR1222L\" width=\"1020\" height=\"765\" src=\"https:\/\/www.youtube.com\/embed\/i-7zrKP8WJo?feature=oembed\" frameborder=\"0\" allow=\"accelerometer; autoplay; clipboard-write; encrypted-media; gyroscope; picture-in-picture; web-share\" referrerpolicy=\"strict-origin-when-cross-origin\" allowfullscreen><\/iframe><\/p>\n<div>\n<h1><strong>Lettore scrittore RFID NFC contactless ACR1222L<\/strong><\/h1>\n<p>IL\u00a0<strong>Lettore scrittore RFID NFC contactless ACR1222L<\/strong>\u00a0\u00e8 un dispositivo premium progettato per facilitare l&#039;interazione senza soluzione di continuit\u00e0 con un&#039;ampia gamma di smart card contactless e tag NFC. Con integrazione tecnologica avanzata e funzionalit\u00e0 intuitive, questo\u00a0<strong>Lettore NFC<\/strong>\u00a0\u00e8 ideale per varie applicazioni, tra cui controllo accessi sicuro, pagamenti contactless e raccolta dati. Se stai cercando di migliorare le tue operazioni con un affidabile ed efficiente\u00a0<strong>lettore di carte<\/strong>, vale la pena prendere in considerazione l&#039;ACR1222L.<\/p>\n<p>Questo dispositivo offre una compatibilit\u00e0 eccezionale con pi\u00f9 tag NFC e smart card, aiutando le aziende a ottenere transazioni semplificate e un migliore coinvolgimento degli utenti. I vantaggi dell&#039;investimento nell&#039;ACR1222L includono le sue funzionalit\u00e0 di sicurezza avanzate, l&#039;interfaccia interattiva con un LCD integrato e un ampio supporto per vari tipi di card. Scopri di pi\u00f9 sul motivo per cui questo dispositivo \u00e8 un must per le aziende che cercano di sfruttare la potenza di\u00a0<strong>RFID<\/strong>\u00a0tecnologia.<\/p>\n<h3>1. Compatibilit\u00e0 completa con pi\u00f9 tecnologie NFC<\/h3>\n<p>L&#039;ACR1222L \u00e8 costruito sulla base dell&#039;avanzato\u00a0<strong>Tecnologia RFID a 13,56 MHz<\/strong>, garantendo la compatibilit\u00e0 con un ampio spettro di carte contactless e\u00a0<strong>Non-FC<\/strong>\u00a0tag. Questo include\u00a0<strong>Carte ISO 14443 tipo A e B, MIFARE<\/strong>, FeliCa e tutti e quattro i tipi di tag NFC. Tale versatilit\u00e0 rende l&#039;ACR1222L uno strumento essenziale per le aziende che desiderano integrare la tecnologia contactless nelle proprie operazioni.<\/p>\n<p>Inoltre, il\u00a0<strong>Modello ACR1222L<\/strong>\u00a0supporta\u00a0<strong>Funzionalit\u00e0 NFC<\/strong>\u00a0che consentono di leggere e scrivere tag NFC in modo efficiente. Questa capacit\u00e0 pu\u00f2 essere particolarmente utile per le aziende che utilizzano\u00a0<strong>smartphone<\/strong>\u00a0transazioni, come\u00a0<strong>Pagamento tramite Google<\/strong>, consentendo un&#039;elaborazione fluida dei pagamenti tramite dispositivi abilitati NFC. Sia che tu stia lavorando con le tradizionali carte RFID o con le pi\u00f9 recenti\u00a0<strong>Chip NFC<\/strong>, questo dispositivo si distingue come la scelta migliore sul mercato.<\/p>\n<h3>2. Funzionalit\u00e0 di sicurezza avanzate per transazioni sicure<\/h3>\n<p>La sicurezza \u00e8 una preoccupazione fondamentale per qualsiasi organizzazione che gestisce dati sensibili. L&#039;ACR1222L \u00e8 dotato di\u00a0<strong>tre moduli Secure Access Module (SAM) conformi a ISO 7816<\/strong>\u00a0slot, che forniscono una maggiore sicurezza per le operazioni contactless. Questi slot SAM consentono una gestione sicura delle chiavi crittografiche e assicurano che vengano elaborate solo le transazioni autorizzate.<\/p>\n<p>Grazie alla tecnologia anti-collisione integrata, l&#039;ACR1222L pu\u00f2 gestire pi\u00f9 schede NFC contemporaneamente, assicurando che venga effettuato l&#039;accesso a un solo tag alla volta. Questa funzionalit\u00e0 migliora l&#039;integrit\u00e0 dei dati e riduce il rischio di accesso non autorizzato, una considerazione critica per i sistemi di controllo degli accessi e le transazioni finanziarie. Di conseguenza, questo\u00a0<strong>Lettore NFC<\/strong>\u00a0non solo soddisfa, ma supera gli standard di sicurezza del settore.<\/p>\n<h3>3. Interfaccia utente intuitiva per un&#039;interazione fluida<\/h3>\n<p>L&#039;ACR1222L \u00e8 dotato di un\u00a0<strong>LCD grafico a due righe<\/strong>\u00a0che supporta pi\u00f9 lingue, tra cui cinese, inglese, giapponese e diverse lingue europee. Questo supporto multi-lingua facilita le interazioni per una base di utenti diversificata, assicurando che tutti gli utenti possano comprendere il dispositivo e le sue funzionalit\u00e0.<\/p>\n<p>Inoltre, il display LCD interattivo consente agli utenti di scorrere le opzioni e accedere facilmente a varie impostazioni. Insieme a\u00a0<strong>quattro LED controllabili dall&#039;utente<\/strong>\u00a0e un buzzer udibile per le notifiche di stato, l&#039;ACR1222L garantisce un&#039;esperienza utente chiara e coinvolgente. Questa interfaccia intuitiva \u00e8 progettata per migliorare la comprensione dell&#039;utente e semplificare i flussi di lavoro operativi, rendendola un&#039;eccellente aggiunta a qualsiasi stack tecnologico.<\/p>\n<h3>4. Applicazioni versatili in tutti i settori<\/h3>\n<p>Il lettore\/scrittore RFID NFC contactless ACR1222L pu\u00f2 essere utilizzato in vari settori, tra cui vendita al dettaglio, assistenza sanitaria e trasporti. Nella vendita al dettaglio, la capacit\u00e0 di leggere e scrivere tag NFC consente alle aziende di semplificare le transazioni e migliorare il coinvolgimento dei clienti.\u00a0<strong>Strumenti NFC<\/strong>\u00a0pu\u00f2 essere integrato per gestire programmi fedelt\u00e0 o facilitare i pagamenti contactless, migliorando la soddisfazione complessiva del cliente.<\/p>\n<p>In ambito sanitario, l&#039;ACR1222L pu\u00f2 aiutare a semplificare i check-in dei pazienti, a mantenere un accesso sicuro alle informazioni sensibili e a garantire che il personale medico abbia rapido accesso ai dati. Inoltre, la sua compatibilit\u00e0 con le tessere RFID lo rende ideale per controllare l&#039;accesso alle aree riservate, migliorando la sicurezza negli hub di trasporto.<\/p>\n<h3>5. Specifiche tecniche e parametri di prestazione<\/h3>\n<p>La potenza tecnica dell&#039;ACR1222L \u00e8 dimostrata dalle sue impressionanti specifiche:<\/p>\n<\/div>\n<div>\n<table width=\"702\">\n<tbody>\n<tr>\n<td colspan=\"2\" width=\"702\">Caratteristiche fisiche<\/td>\n<\/tr>\n<tr>\n<td rowspan=\"2\" width=\"250\">Dimensioni (mm)<\/td>\n<td width=\"452\">Corpo principale: 133,5 mm (L) x 88,5 mm (L) x 21,0 mm (A)<\/td>\n<\/tr>\n<tr>\n<td width=\"452\">Con supporto: 158,0 mm (L) x 95,0 mm (L) x 95,0 mm (A)<\/td>\n<\/tr>\n<tr>\n<td rowspan=\"2\" width=\"250\">Peso (g)<\/td>\n<td width=\"452\">Corpo principale: 173 g<\/td>\n<\/tr>\n<tr>\n<td width=\"452\">Con supporto: 415 g<\/td>\n<\/tr>\n<tr>\n<td colspan=\"2\" width=\"702\">Interfaccia USB<\/td>\n<\/tr>\n<tr>\n<td width=\"250\">Protocollo<\/td>\n<td width=\"452\">CCID USB<\/td>\n<\/tr>\n<tr>\n<td width=\"250\">Tipo di connettore<\/td>\n<td width=\"452\">Tipo standard A<\/td>\n<\/tr>\n<tr>\n<td width=\"250\">Fonte di potere<\/td>\n<td width=\"452\">Dalla porta USB<\/td>\n<\/tr>\n<tr>\n<td width=\"250\">Velocit\u00e0<\/td>\n<td width=\"452\">USB massima velocit\u00e0 (12 Mbps)<\/td>\n<\/tr>\n<tr>\n<td width=\"250\">Lunghezza del cavo<\/td>\n<td width=\"452\">1,5 m, fisso<\/td>\n<\/tr>\n<tr>\n<td colspan=\"2\" width=\"702\">Interfaccia smart card senza contatto<\/td>\n<\/tr>\n<tr>\n<td width=\"250\">Standard<\/td>\n<td width=\"452\">ISO\/IEC 18092 NFC, ISO 14443 Tipo A e B, MIFARE\u00ae, FeliCa<\/td>\n<\/tr>\n<tr>\n<td rowspan=\"4\" width=\"250\">Protocollo<\/td>\n<td width=\"452\">Scheda conforme ISO 14443-4, T=CL<\/td>\n<\/tr>\n<tr>\n<td width=\"452\">Carta MIFARE\u00ae Classica, T=CL<\/td>\n<\/tr>\n<tr>\n<td width=\"452\">ISO18092, tag NFC<\/td>\n<\/tr>\n<tr>\n<td width=\"452\">FeliCa<\/td>\n<\/tr>\n<tr>\n<td colspan=\"2\" width=\"702\">Interfaccia scheda SAM<\/td>\n<\/tr>\n<tr>\n<td width=\"250\">Numero di slot<\/td>\n<td width=\"452\">3 slot per schede SIM standard<\/td>\n<\/tr>\n<tr>\n<td width=\"250\">Standard<\/td>\n<td width=\"452\">ISO 7816 Classe A (5 V)<\/td>\n<\/tr>\n<tr>\n<td width=\"250\">Protocollo<\/td>\n<td width=\"452\">T=0; T=1<\/td>\n<\/tr>\n<tr>\n<td colspan=\"2\" width=\"702\">Periferiche integrate<\/td>\n<\/tr>\n<tr>\n<td rowspan=\"3\" width=\"250\">schermo LCD<\/td>\n<td width=\"452\">LCD grafico con retroilluminazione giallo-verde<\/td>\n<\/tr>\n<tr>\n<td width=\"452\">Risoluzione: 128 x 32 pixel<\/td>\n<\/tr>\n<tr>\n<td width=\"452\">Numero di caratteri: 16 caratteri x 2 righe<\/td>\n<\/tr>\n<tr>\n<td width=\"250\">GUIDATO<\/td>\n<td width=\"452\">4 monocolore: Verde, Blu, Arancione e Rosso<\/td>\n<\/tr>\n<tr>\n<td width=\"250\">Cicalino<\/td>\n<td width=\"452\">Monotono<\/td>\n<\/tr>\n<tr>\n<td colspan=\"2\" width=\"702\">Altre caratteristiche<\/td>\n<\/tr>\n<tr>\n<td width=\"250\">Aggiornamento del firmware<\/td>\n<td width=\"452\">Supportato<\/td>\n<\/tr>\n<tr>\n<td colspan=\"2\" width=\"702\">Certificazioni\/Conformit\u00e0<\/td>\n<\/tr>\n<tr>\n<td rowspan=\"13\" width=\"250\">Certificazioni\/Conformit\u00e0<\/td>\n<td width=\"452\">ISO18092<\/td>\n<\/tr>\n<tr>\n<td width=\"452\">ISO 14443<\/td>\n<\/tr>\n<tr>\n<td width=\"452\">ISO 7816 (slot SAM)<\/td>\n<\/tr>\n<tr>\n<td width=\"452\">USB a piena velocit\u00e0<\/td>\n<\/tr>\n<tr>\n<td width=\"452\">PC\/SC<\/td>\n<\/tr>\n<tr>\n<td width=\"452\">CCID<\/td>\n<\/tr>\n<tr>\n<td width=\"452\">VCCI (Giappone)<\/td>\n<\/tr>\n<tr>\n<td width=\"452\">KC (Corea)<\/td>\n<\/tr>\n<tr>\n<td width=\"452\">Microsoft\u00ae WHQL<\/td>\n<\/tr>\n<tr>\n<td width=\"452\">CE<\/td>\n<\/tr>\n<tr>\n<td width=\"452\">FCC<\/td>\n<\/tr>\n<tr>\n<td width=\"452\">RoHS<\/td>\n<\/tr>\n<tr>\n<td width=\"452\">PORTATA<\/td>\n<\/tr>\n<tr>\n<td colspan=\"2\" width=\"702\">Supporto del sistema operativo del driver del dispositivo<\/td>\n<\/tr>\n<tr>\n<td rowspan=\"5\" width=\"250\">Supporto del sistema operativo del driver del dispositivo<\/td>\n<td width=\"452\">Windows\u00ae<\/td>\n<\/tr>\n<tr>\n<td width=\"452\">Linux\u00ae<\/td>\n<\/tr>\n<tr>\n<td width=\"452\">MACOS\u00ae<\/td>\n<\/tr>\n<tr>\n<td width=\"452\">Solaris<\/td>\n<\/tr>\n<tr>\n<td width=\"452\">Android\u2122<\/td>\n<\/tr>\n<\/tbody>\n<\/table>\n<\/div>\n<div><\/div>\n<div>\n<p>Grazie alle sue capacit\u00e0 di lettura ad alta velocit\u00e0 e alla flessibilit\u00e0 nella gestione di varie carte, l&#039;ACR1222L si distingue come un potente\u00a0<strong>lettore di smartcard<\/strong>.<\/p>\n<h3>6. Configurazione e integrazione intuitive<\/h3>\n<p>L&#039;impostazione dell&#039;ACR1222L \u00e8 semplice, rendendolo accessibile sia agli utenti tecnici che a quelli non tecnici. Il dispositivo pu\u00f2 essere facilmente integrato nei sistemi esistenti tramite\u00a0<strong>USB<\/strong>, assicurando la compatibilit\u00e0 con i sistemi operativi pi\u00f9 diffusi, tra cui Windows, Linux e macOS. Inoltre, il\u00a0<strong>Aggiornabilit\u00e0 del firmware USB<\/strong>\u00a0Questa funzionalit\u00e0 consente agli utenti di mantenere i propri dispositivi aggiornati con gli ultimi miglioramenti e funzionalit\u00e0 di sicurezza.<\/p>\n<p>Questa facilit\u00e0 di configurazione \u00e8 particolarmente vantaggiosa per le aziende che desiderano implementare rapidamente\u00a0<strong>soluzioni senza contatto<\/strong>\u00a0senza lunghi tempi di inattivit\u00e0 o installazioni complicate.<\/p>\n<h3>7. Impatto ambientale e utilizzo sostenibile<\/h3>\n<p>Poich\u00e9 le aziende diventano sempre pi\u00f9 consapevoli del loro impatto ambientale, l&#039;ACR1222L aderisce ai principi di utilizzo sostenibile. Con un basso consumo energetico, il dispositivo non solo riduce i costi energetici, ma contribuisce anche a un&#039;impronta di carbonio inferiore.<\/p>\n<p>Inoltre, il dispositivo \u00e8 progettato per prestazioni durevoli, riducendo al minimo la necessit\u00e0 di frequenti sostituzioni e riducendo i rifiuti elettronici nel tempo. Questo appeal di sostenibilit\u00e0 \u00e8 un fattore essenziale per le organizzazioni che cercano di promuovere iniziative ecologiche all&#039;interno delle loro attivit\u00e0.<\/p>\n<h3>8. Recensioni e feedback dei clienti<\/h3>\n<p>Il feedback dei clienti sull&#039;ACR1222L evidenzia la sua affidabilit\u00e0, facilit\u00e0 d&#039;uso e funzionalit\u00e0 complete. Gli utenti apprezzano le prestazioni fluide durante la lettura e la scrittura di tag NFC, insieme alle sue robuste funzionalit\u00e0 di sicurezza.<\/p>\n<p>Un utente ha affermato: &quot;L&#039;ACR1222L ha trasformato i nostri processi di transazione. \u00c8 veloce, sicuro e il display integrato \u00e8 incredibilmente utile per tenere informati i nostri clienti&quot;.<\/p>\n<\/div>\n<div><\/div>\n<div><\/div>","protected":false},"excerpt":{"rendered":"<p>ACR1222L Contactless RFID NFC Reader Writer pu\u00f2 essere utilizzato in vari settori, tra cui vendita al dettaglio, assistenza sanitaria e trasporti. Nella vendita al dettaglio, la capacit\u00e0 di leggere e scrivere tag NFC consente alle aziende di semplificare le transazioni e migliorare il coinvolgimento dei clienti. <strong>Strumenti NFC<\/strong>\u00a0pu\u00f2 essere integrato per gestire programmi fedelt\u00e0 o facilitare i pagamenti contactless, migliorando la soddisfazione complessiva del cliente.<\/p>","protected":false},"featured_media":1563,"template":"","meta":[],"product_brand":[],"product_cat":[45,40],"product_tag":[],"class_list":{"0":"post-1909","1":"product","2":"type-product","3":"status-publish","4":"has-post-thumbnail","6":"product_cat-contactless-nfc-reader","7":"product_cat-rfid-nfc-reader","9":"first","10":"instock","11":"shipping-taxable","12":"product-type-simple"},"_links":{"self":[{"href":"https:\/\/nfc-readers.com\/it\/wp-json\/wp\/v2\/product\/1909","targetHints":{"allow":["GET"]}}],"collection":[{"href":"https:\/\/nfc-readers.com\/it\/wp-json\/wp\/v2\/product"}],"about":[{"href":"https:\/\/nfc-readers.com\/it\/wp-json\/wp\/v2\/types\/product"}],"wp:featuredmedia":[{"embeddable":true,"href":"https:\/\/nfc-readers.com\/it\/wp-json\/wp\/v2\/media\/1563"}],"wp:attachment":[{"href":"https:\/\/nfc-readers.com\/it\/wp-json\/wp\/v2\/media?parent=1909"}],"wp:term":[{"taxonomy":"product_brand","embeddable":true,"href":"https:\/\/nfc-readers.com\/it\/wp-json\/wp\/v2\/product_brand?post=1909"},{"taxonomy":"product_cat","embeddable":true,"href":"https:\/\/nfc-readers.com\/it\/wp-json\/wp\/v2\/product_cat?post=1909"},{"taxonomy":"product_tag","embeddable":true,"href":"https:\/\/nfc-readers.com\/it\/wp-json\/wp\/v2\/product_tag?post=1909"}],"curies":[{"name":"wp","href":"https:\/\/api.w.org\/{rel}","templated":true}]}}