{"id":2109,"date":"2024-04-22T02:26:55","date_gmt":"2024-04-22T02:26:55","guid":{"rendered":"https:\/\/nfc-readers.com\/?post_type=product&#038;p=2109"},"modified":"2024-09-29T01:56:55","modified_gmt":"2024-09-29T01:56:55","slug":"nfc-stickers-ntag213216","status":"publish","type":"product","link":"https:\/\/nfc-readers.com\/it\/ic-reader\/nfc-stickers-ntag213216\/","title":{"rendered":"Adesivi NFC NTAG213 215 216"},"content":{"rendered":"<h1>Adesivi NFC NTAG213 215 216<\/h1>\n<table width=\"534\">\n<tbody>\n<tr style=\"font-style: inherit; font-weight: inherit;\">\n<td style=\"font-style: inherit;\" width=\"215\">\n<p data-spm-anchor-id=\"a2700.pc-decorate.0.i49.7c5c3333IeSDv6\">articolo<\/p>\n<\/td>\n<td width=\"319\">Specifiche<\/td>\n<\/tr>\n<tr style=\"font-style: inherit; font-weight: inherit;\">\n<td style=\"font-style: inherit;\" width=\"215\">\n<p data-spm-anchor-id=\"a2700.pc-decorate.0.i22.bd1b3333wXnVY0\">Luogo d&#039;origine<\/p>\n<\/td>\n<td width=\"319\">Cina<\/td>\n<\/tr>\n<tr style=\"font-style: inherit; font-weight: inherit;\">\n<td style=\"font-style: inherit;\" width=\"215\">\n<p data-spm-anchor-id=\"0.0.0.i10.277b4f05XiiaMd\">Certificazione<\/p>\n<\/td>\n<td width=\"319\">\n<p data-spm-anchor-id=\"a2700.pc-decorate.0.i10.bd1b3333wXnVY0\">CE\/ROHS<\/p>\n<\/td>\n<\/tr>\n<tr style=\"font-style: inherit; font-weight: inherit;\">\n<td style=\"font-style: inherit;\" width=\"215\">Materiale<\/td>\n<td width=\"319\">\n<p data-spm-anchor-id=\"a2700.pc-decorate.0.i50.7c5c3333IeSDv6\">PET, carta patinata, resina epossidica, carta termica, ecc.<\/p>\n<\/td>\n<\/tr>\n<tr style=\"font-style: inherit; font-weight: inherit;\">\n<td style=\"font-style: inherit;\" width=\"215\">Patata fritta<\/td>\n<td width=\"319\">\n<p data-spm-anchor-id=\"a2700.pc-decorate.0.i50.bd1b3333wXnVY0\">NTAG 213\/NTAG 215\/Ntag 216\/Fudan F08 o personalizzare<\/p>\n<\/td>\n<\/tr>\n<tr style=\"font-style: inherit; font-weight: inherit;\">\n<td style=\"font-style: inherit;\" width=\"215\">Frequenza<\/td>\n<td width=\"319\">\n<p data-spm-anchor-id=\"0.0.0.i5.277b4f05QIK8KU\">13,56 MHz<\/p>\n<\/td>\n<\/tr>\n<tr style=\"font-style: inherit; font-weight: inherit;\">\n<td style=\"font-style: inherit;\" width=\"215\">\n<p data-spm-anchor-id=\"a2700.pc-decorate.0.i90.6e273333nK6FqH\">Protocollo<\/p>\n<\/td>\n<td width=\"319\">\n<p data-spm-anchor-id=\"a2700.pc-decorate.0.i51.bd1b3333wXnVY0\">ISO14443A<\/p>\n<\/td>\n<\/tr>\n<tr style=\"font-style: inherit; font-weight: inherit;\">\n<td style=\"font-style: inherit;\" rowspan=\"3\" width=\"215\">Misurare<\/td>\n<td width=\"319\">\n<p data-spm-anchor-id=\"a2700.pc-decorate.0.i53.bd1b3333wXnVY0\">Rotondo 18,25, 30, 35,40 mm<\/p>\n<\/td>\n<\/tr>\n<tr>\n<td width=\"319\">\n<p data-spm-anchor-id=\"a2700.pc-decorate.0.i53.bd1b3333wXnVY0\">Quadrato 86*54,40*25,55*18,10*20,18*18,30*15<\/p>\n<\/td>\n<\/tr>\n<tr>\n<td width=\"319\">\n<p data-spm-anchor-id=\"a2700.pc-decorate.0.i53.bd1b3333wXnVY0\">o dimensioni personalizzate<\/p>\n<\/td>\n<\/tr>\n<tr style=\"font-style: inherit; font-weight: inherit;\">\n<td style=\"font-style: inherit;\" width=\"215\">\n<p data-spm-anchor-id=\"0.0.0.i1.277b4f05XiiaMd\">Caratteristica<\/p>\n<\/td>\n<td width=\"319\">\n<p data-spm-anchor-id=\"a2700.pc-decorate.0.i47.bd1b3333wXnVY0\">ok per condividere i dati tramite telefono abilitato NFC, pi\u00f9 veloce e pi\u00f9 conveniente dei normali tag<\/p>\n<\/td>\n<\/tr>\n<tr style=\"font-style: inherit; font-weight: inherit;\">\n<td style=\"font-style: inherit;\" width=\"215\">\n<p data-spm-anchor-id=\"0.0.0.i8.277b4f05XiiaMd\">Campione<\/p>\n<\/td>\n<td width=\"319\">\n<p data-spm-anchor-id=\"a2700.pc-decorate.0.i39.6e273333nK6FqH\">disponibile gratuitamente<\/p>\n<\/td>\n<\/tr>\n<tr style=\"font-style: inherit; font-weight: inherit;\">\n<td style=\"font-style: inherit;\" width=\"215\">\n<p data-spm-anchor-id=\"a2700.pc-decorate.0.i95.6e273333nK6FqH\">Leggi la distanza<\/p>\n<\/td>\n<td width=\"319\">\n<p data-spm-anchor-id=\"a2700.pc-decorate.0.i89.6e273333nK6FqH\">0-10 cm<\/p>\n<\/td>\n<\/tr>\n<tr style=\"font-style: inherit; font-weight: inherit;\">\n<td style=\"font-style: inherit;\" width=\"215\">\n<p data-spm-anchor-id=\"a2700.pc-decorate.0.i35.6e273333nK6FqH\">Nome del prodotto<\/p>\n<\/td>\n<td width=\"319\">\n<p data-spm-anchor-id=\"a2700.pc-decorate.0.i12.bd1b3333wXnVY0\">Gli adesivi NFC personalizzati NTAG 213 sono rotondi da 18 mm con etichetta bianca vuota. I tag NTAG 213 funzionano perfettamente con i telefoni cellulari abilitati NFC<\/p>\n<\/td>\n<\/tr>\n<tr style=\"font-style: inherit; font-weight: inherit;\">\n<td style=\"font-style: inherit;\" rowspan=\"3\" width=\"215\">Personalizzazione<\/td>\n<td style=\"font-style: inherit;\" width=\"319\">-logo personalizzato, stampato a colori per la carta di superficie<\/td>\n<\/tr>\n<tr>\n<td width=\"319\">-materiale di superficie personalizzato<\/td>\n<\/tr>\n<tr>\n<td width=\"319\">-Informazioni sui dati personalizzati scrivibili nel chip, come URL (sito Web), numeri di serie, ecc.<\/td>\n<\/tr>\n<tr style=\"font-style: inherit; font-weight: inherit;\">\n<td style=\"font-style: inherit;\" rowspan=\"3\" width=\"215\">Applicazione<\/td>\n<td style=\"font-style: inherit;\" width=\"319\">Social media NFC, logistica, gestione, gestione delle risorse, gestione della catena di fornitura, gestione dei veicoli, controllo della produzione,<\/td>\n<\/tr>\n<tr>\n<td width=\"319\">gestione del magazzino, gestione del prodotto, verifica del prodotto, tracciabilit\u00e0 delle risorse, tracciabilit\u00e0 della gestione dei bagagli, gestione dell&#039;inventario,<\/td>\n<\/tr>\n<tr>\n<td width=\"319\">eccetera.<\/td>\n<\/tr>\n<\/tbody>\n<\/table>\n<p>&nbsp;<\/p>\n<p><img loading=\"lazy\" decoding=\"async\" class=\"alignnone wp-image-2110\" src=\"https:\/\/nfc-readers.com\/wp-content\/uploads\/2024\/04\/H13e28f218c5e4df380794f87c5769ff4e-300x252.jpg\" alt=\"\" width=\"573\" height=\"481\" srcset=\"https:\/\/nfc-readers.com\/wp-content\/uploads\/2024\/04\/H13e28f218c5e4df380794f87c5769ff4e-300x252.jpg 300w, https:\/\/nfc-readers.com\/wp-content\/uploads\/2024\/04\/H13e28f218c5e4df380794f87c5769ff4e-600x503.jpg 600w, https:\/\/nfc-readers.com\/wp-content\/uploads\/2024\/04\/H13e28f218c5e4df380794f87c5769ff4e.jpg 750w\" sizes=\"auto, (max-width: 573px) 100vw, 573px\" \/><\/p>\n<div class=\"J_module\">\n<div class=\"detail-decorate-json-renderer-container\">\n<div class=\"magic-1\">\n<div class=\"magic-2\">\n<div class=\"magic-3\">\n<div class=\"magic-4\">\n<div class=\"magic-5\" data-spm-anchor-id=\"a2700.details.0.i69.2c8dabc3vwGabt\"><b class=\"magic-6\"><span class=\"magic-7\">Gli adesivi NFC personalizzati NTAG 213 sono rotondi da 18 mm con etichetta bianca vuota. I tag NTAG 213 funzionano perfettamente con i telefoni cellulari abilitati NFC<\/span><\/b><\/div>\n<div>\n<div><\/div>\n<\/div>\n<\/div>\n<\/div>\n<\/div>\n<\/div>\n<\/div>\n<\/div>\n<div class=\"J_module\">\n<div class=\"detail-decorate-json-renderer-container\">\n<div class=\"magic-1\">\n<div class=\"magic-2\">\n<div class=\"magic-3\">\n<div class=\"magic-4\"><b><span class=\"magic-8\">Cos&#039;\u00e8 un tag NFC e come funziona <\/span><\/b><br \/>\nNFC, Near Field Communication, i tag sono piccoli circuiti integrati progettati per memorizzare informazioni che possono essere recuperate<br \/>\nDispositivi abilitati NFC come smartphone e tablet. Sono piccoli adesivi, di forma rotonda o quadrata e hanno all&#039;incirca le dimensioni di una grossa moneta. Questi piccoli adesivi di tecnologia wireless consentono anche il trasferimento di dati tra due dispositivi abilitati NFC.<\/p>\n<div>\n<div>I tag NFC possono avere capacit\u00e0 di memoria diverse; \u00e8 possibile memorizzare un numero di telefono o un URL (indirizzo web) e per aggiungere protezione \u00e8 possibile bloccare i tag NFC in modo che una volta scritti i dati non possano essere alterati. Tuttavia possono essere ricodificati pi\u00f9 volte finch\u00e9 non vengono bloccati e, una volta bloccati, i tag NFC non possono essere sbloccati.<\/div>\n<div><\/div>\n<div>Per utilizzare un tag NFC, devi toccare l&#039;adesivo con il tuo dispositivo abilitato NFC oppure devi avvicinare il tuo dispositivo abbastanza (forse un pollice di distanza) per far s\u00ec che il dispositivo esegua le tue offerte programmate.<\/div>\n<\/div>\n<\/div>\n<\/div>\n<\/div>\n<\/div>\n<\/div>\n<\/div>\n<div class=\"J_module\">\n<div class=\"detail-decorate-json-renderer-container\">\n<div class=\"magic-1\">\n<div class=\"magic-2\">\n<div class=\"magic-3\">\n<div class=\"magic-4\"><span class=\"magic-9\"><span class=\"magic-10\"><b>Tag RFID da 13,56 MHz, il tag NFC \u00e8 facile da programmare, come la codifica URL, in modo che possa funzionare con smartphone Andriod\/IOS con NFC.<br \/>\nQuando il tag NFC viene chiuso nella posizione NFC sullo smartphone, il collegamento al sito Web programmato viene attivato immediatamente. Viene utilizzato principalmente per molte applicazioni come biglietti da visita, promozione aziendale, poster intelligenti, biglietteria per eventi, utilizzo industriale, ecc.<\/b><\/span><\/span><\/p>\n<div><b><span class=\"magic-9\">\u00a0<\/span><\/b><\/div>\n<div><span class=\"magic-10\"><b class=\"magic-9\">Le nostre caratteristiche:<br \/>\n<\/b><span class=\"magic-11\" style=\"font-family: Arial;\">1. Personalizzato<br \/>\n2. Velocit\u00e0 di consegna veloce<br \/>\n3. Struttura del tag RFID: chip RFID+antenna RFID+materiali di superficie<br \/>\n4. Fornitore di prodotti RFID professionali<\/span><\/span><\/div>\n<\/div>\n<\/div>\n<\/div>\n<\/div>\n<\/div>\n<\/div>\n<p>&nbsp;<\/p>\n<p>&nbsp;<\/p>","protected":false},"excerpt":{"rendered":"<p>Gli adesivi NFC compatti con chip NTAG213 215 216 consentono pubblicit\u00e0 intelligente, autenticazione dei prodotti e associazione rapida, rendendo le soluzioni RFID accessibili ed efficaci.<\/p>","protected":false},"featured_media":2111,"template":"","meta":[],"product_brand":[],"product_cat":[48],"product_tag":[],"class_list":{"0":"post-2109","1":"product","2":"type-product","3":"status-publish","4":"has-post-thumbnail","6":"product_cat-nfc-stickers","8":"first","9":"instock","10":"shipping-taxable","11":"product-type-simple"},"_links":{"self":[{"href":"https:\/\/nfc-readers.com\/it\/wp-json\/wp\/v2\/product\/2109","targetHints":{"allow":["GET"]}}],"collection":[{"href":"https:\/\/nfc-readers.com\/it\/wp-json\/wp\/v2\/product"}],"about":[{"href":"https:\/\/nfc-readers.com\/it\/wp-json\/wp\/v2\/types\/product"}],"wp:featuredmedia":[{"embeddable":true,"href":"https:\/\/nfc-readers.com\/it\/wp-json\/wp\/v2\/media\/2111"}],"wp:attachment":[{"href":"https:\/\/nfc-readers.com\/it\/wp-json\/wp\/v2\/media?parent=2109"}],"wp:term":[{"taxonomy":"product_brand","embeddable":true,"href":"https:\/\/nfc-readers.com\/it\/wp-json\/wp\/v2\/product_brand?post=2109"},{"taxonomy":"product_cat","embeddable":true,"href":"https:\/\/nfc-readers.com\/it\/wp-json\/wp\/v2\/product_cat?post=2109"},{"taxonomy":"product_tag","embeddable":true,"href":"https:\/\/nfc-readers.com\/it\/wp-json\/wp\/v2\/product_tag?post=2109"}],"curies":[{"name":"wp","href":"https:\/\/api.w.org\/{rel}","templated":true}]}}