{"id":2249,"date":"2024-04-26T07:56:44","date_gmt":"2024-04-26T07:56:44","guid":{"rendered":"https:\/\/nfc-readers.com\/?post_type=product&#038;p=2249"},"modified":"2024-09-24T06:00:37","modified_gmt":"2024-09-24T06:00:37","slug":"contactless-acr1281u-c2-uid-card-reader","status":"publish","type":"product","link":"https:\/\/nfc-readers.com\/it\/ic-reader\/contactless-acr1281u-c2-uid-card-reader\/","title":{"rendered":"Lettore di carte UID ACR1281U-C2"},"content":{"rendered":"<h1>Lettore di carte UID ACR1281U-C2<\/h1>\n<p>Il lettore UID di schede ACR1281U-C2 \u00e8 una soluzione ideale per una facile integrazione in ambienti PC, libero dai problemi di installazione dei driver (Pos. Nessuna unit\u00e0 richiesta) e progettato per funzionare in modo efficiente su pi\u00f9 sistemi. Insieme alla sua capacit\u00e0 di leggere la carta da lontano, al design incentrato sull&#039;utente e alla struttura durevole, offre un funzionamento affidabile, rapido e facile da usare, altamente adatto a varie applicazioni in cui l&#039;identificazione rapida e sicura \u00e8 fondamentale.<\/p>\n<ul>\n<li>\n<h2>Interfaccia USB 2.0 a piena velocit\u00e0<\/h2>\n<\/li>\n<li>\n<h2>Classe tastiera HID USB<\/h2>\n<\/li>\n<li>\n<h2>Supporto per carte senza contatto:<\/h2>\n<ul>\n<li>\n<h3>Velocit\u00e0 di lettura\/scrittura fino a 848 kbps<\/h3>\n<\/li>\n<li>\n<h3>Antenna integrata per accesso tag senza contatto, con distanza di lettura tessera fino a 50 mm (a seconda del tipo di tag)<\/h3>\n<\/li>\n<li>\n<h3>Supporta le carte ISO 14443 Parte 4 Tipo A e B e la serie MIFARE\u00ae<\/h3>\n<\/li>\n<li>\n<h3>Funzionalit\u00e0 anticollisione integrata (\u00e8 possibile accedere a un solo tag alla volta)<\/h3>\n<\/li>\n<\/ul>\n<\/li>\n<li>\n<h2>Aggiornabilit\u00e0 del firmware USB<\/h2>\n<\/li>\n<li>\n<table width=\"498\">\n<tbody>\n<tr>\n<td colspan=\"2\" width=\"498\">Caratteristiche fisiche<\/td>\n<\/tr>\n<tr>\n<td width=\"209\">Dimensioni (mm)<\/td>\n<td width=\"289\">120,5 mm (L) x 72,0 mm (L) x 20,4 mm (A)<\/td>\n<\/tr>\n<tr>\n<td width=\"209\">Peso (g)<\/td>\n<td width=\"289\">140 g<\/td>\n<\/tr>\n<tr>\n<td colspan=\"2\" width=\"498\">Interfaccia USB<\/td>\n<\/tr>\n<tr>\n<td width=\"209\">Protocollo<\/td>\n<td width=\"289\">Classe tastiera HID USB<\/td>\n<\/tr>\n<tr>\n<td width=\"209\">Tipo di connettore<\/td>\n<td width=\"289\">Tipo standard A<\/td>\n<\/tr>\n<tr>\n<td width=\"209\">Fonte di potere<\/td>\n<td width=\"289\">Dalla porta USB<\/td>\n<\/tr>\n<tr>\n<td width=\"209\">Velocit\u00e0<\/td>\n<td width=\"289\">USB massima velocit\u00e0 (12 Mbps)<\/td>\n<\/tr>\n<tr>\n<td width=\"209\">Lunghezza del cavo<\/td>\n<td width=\"289\">2,0 m, fisso<\/td>\n<\/tr>\n<tr>\n<td colspan=\"2\" width=\"498\">Interfaccia smart card senza contatto<\/td>\n<\/tr>\n<tr>\n<td width=\"209\">Standard<\/td>\n<td width=\"289\">ISO 14443 A e B Parti 1-4, MIFARE\u00ae<\/td>\n<\/tr>\n<tr>\n<td rowspan=\"2\" width=\"209\">Protocollo<\/td>\n<td width=\"289\">Scheda conforme ISO 14443-4, T=CL<\/td>\n<\/tr>\n<tr>\n<td width=\"289\">Carta MIFARE\u00ae Classica, T=CL<\/td>\n<\/tr>\n<tr>\n<td colspan=\"2\" width=\"498\">Periferiche integrate<\/td>\n<\/tr>\n<tr>\n<td width=\"209\">GUIDATO<\/td>\n<td width=\"289\">2 monocolore: Rosso e Verde<\/td>\n<\/tr>\n<tr>\n<td width=\"209\">Cicalino<\/td>\n<td width=\"289\">Monotono<\/td>\n<\/tr>\n<tr>\n<td colspan=\"2\" width=\"498\">Altre caratteristiche<\/td>\n<\/tr>\n<tr>\n<td width=\"209\">Aggiornamento del firmware<\/td>\n<td width=\"289\">Supportato<\/td>\n<\/tr>\n<tr>\n<td colspan=\"2\" width=\"498\">Certificazioni\/Conformit\u00e0<\/td>\n<\/tr>\n<tr>\n<td rowspan=\"6\" width=\"209\">Certificazioni\/Conformit\u00e0<\/td>\n<td width=\"289\">ISO 14443<\/td>\n<\/tr>\n<tr>\n<td width=\"289\">USB a piena velocit\u00e0<\/td>\n<\/tr>\n<tr>\n<td width=\"289\">USB-HID<\/td>\n<\/tr>\n<tr>\n<td width=\"289\">CE<\/td>\n<\/tr>\n<tr>\n<td width=\"289\">FCC<\/td>\n<\/tr>\n<tr>\n<td width=\"289\">RoHS<\/td>\n<\/tr>\n<tr>\n<td colspan=\"2\" width=\"498\">Supporto del sistema operativo del driver del dispositivo<\/td>\n<\/tr>\n<tr>\n<td rowspan=\"4\" width=\"209\">Supporto del sistema operativo del driver del dispositivo<\/td>\n<td width=\"289\">Windows\u00ae<\/td>\n<\/tr>\n<tr>\n<td width=\"289\">Linux\u00ae<\/td>\n<\/tr>\n<tr>\n<td width=\"289\">MACOS\u00ae<\/td>\n<\/tr>\n<tr>\n<td width=\"289\">Android\u2122<\/td>\n<\/tr>\n<\/tbody>\n<\/table>\n<\/li>\n<li><iframe loading=\"lazy\" title=\"Lettore UID di schede ACR1281U-C2 - Demo (con strumento di configurazione)\" width=\"1020\" height=\"574\" src=\"https:\/\/www.youtube.com\/embed\/1UjSlask-OY?feature=oembed\" frameborder=\"0\" allow=\"accelerometer; autoplay; clipboard-write; encrypted-media; gyroscope; picture-in-picture; web-share\" referrerpolicy=\"strict-origin-when-cross-origin\" allowfullscreen><\/iframe><\/li>\n<\/ul>","protected":false},"excerpt":{"rendered":"<p>Il lettore di schede UID ACR1281U-C2 semplifica la configurazione, catturando gli UID delle schede RFID a 13,56 M senza driver, ideale per la verifica dell&#039;identit\u00e0 e il controllo degli accessi.<\/p>","protected":false},"featured_media":2250,"template":"","meta":[],"product_brand":[],"product_cat":[45,40],"product_tag":[],"class_list":{"0":"post-2249","1":"product","2":"type-product","3":"status-publish","4":"has-post-thumbnail","6":"product_cat-contactless-nfc-reader","7":"product_cat-rfid-nfc-reader","9":"first","10":"instock","11":"shipping-taxable","12":"product-type-simple"},"_links":{"self":[{"href":"https:\/\/nfc-readers.com\/it\/wp-json\/wp\/v2\/product\/2249","targetHints":{"allow":["GET"]}}],"collection":[{"href":"https:\/\/nfc-readers.com\/it\/wp-json\/wp\/v2\/product"}],"about":[{"href":"https:\/\/nfc-readers.com\/it\/wp-json\/wp\/v2\/types\/product"}],"wp:featuredmedia":[{"embeddable":true,"href":"https:\/\/nfc-readers.com\/it\/wp-json\/wp\/v2\/media\/2250"}],"wp:attachment":[{"href":"https:\/\/nfc-readers.com\/it\/wp-json\/wp\/v2\/media?parent=2249"}],"wp:term":[{"taxonomy":"product_brand","embeddable":true,"href":"https:\/\/nfc-readers.com\/it\/wp-json\/wp\/v2\/product_brand?post=2249"},{"taxonomy":"product_cat","embeddable":true,"href":"https:\/\/nfc-readers.com\/it\/wp-json\/wp\/v2\/product_cat?post=2249"},{"taxonomy":"product_tag","embeddable":true,"href":"https:\/\/nfc-readers.com\/it\/wp-json\/wp\/v2\/product_tag?post=2249"}],"curies":[{"name":"wp","href":"https:\/\/api.w.org\/{rel}","templated":true}]}}