{"id":2730,"date":"2024-06-07T08:01:07","date_gmt":"2024-06-07T08:01:07","guid":{"rendered":"https:\/\/nfc-readers.com\/?post_type=product&#038;p=2730"},"modified":"2024-09-24T02:54:03","modified_gmt":"2024-09-24T02:54:03","slug":"wallet-mate-nfc-reader-writer-support-apple-pay-and-google-vas","status":"publish","type":"product","link":"https:\/\/nfc-readers.com\/it\/ic-reader\/wallet-mate-nfc-reader-writer-support-apple-pay-and-google-vas\/","title":{"rendered":"Scrittore lettore NFC Wallet Mate: supporta Apple Pay e Google VAS"},"content":{"rendered":"<h1>Scrittore lettore NFC Wallet Mate: supporta Apple Pay e Google VAS<\/h1>\n<div><\/div>\n<div class=\"auto-hide-last-sibling-br paragraph_1252f paragraph-element\"><strong>Il lettore e scrittore NFC Wallet Mate<\/strong> emerge come un gadget all&#039;avanguardia, che integra protocolli VAS e funzionalit\u00e0 di lettore di controllo accessi NFC per un&#039;interazione senza carta migliorata. Accompagnato da un terminale POS con lettore NFC, robuste misure di sicurezza e ampia compatibilit\u00e0 con le applicazioni, \u00e8 pioniere di un nuovo standard di comfort ed efficienza. Il suo design e la sua funzionalit\u00e0 lo rendono un pezzo di equipaggiamento indispensabile per coloro che desiderano utilizzare i punti di forza della tecnologia NFC per transazioni sicure, fluide e rapide.<\/div>\n<div><\/div>\n<h2 class=\"auto-hide-last-sibling-br paragraph_1252f paragraph-element\">Interfaccia USB 2.0 ad alta velocit\u00e0<\/h2>\n<h3 class=\"auto-hide-last-sibling-br paragraph_1252f paragraph-element\"><br class=\"container_e695a wrapper_ad07b undefined\" \/>Conformit\u00e0 agli standard CCID<br class=\"container_e695a wrapper_ad07b undefined\" \/>Portafoglio mobile e lettore di smart card senza contatto:<br class=\"container_e695a wrapper_ad07b undefined\" \/>Certificato da Apple VAS e Google Smart Tap (Nota: WalletMate \u00e8 certificato solo per VAS, non per terminali di pagamento) Velocit\u00e0 di trasferimento dati che raggiungono i 424 kbps<br class=\"container_e695a wrapper_ad07b undefined\" \/>Antenna integrata per l&#039;accessibilit\u00e0 del tag contactless, che offre una distanza di lettura della carta fino a 50 mm (a seconda del tipo di tag)<br class=\"container_e695a wrapper_ad07b undefined\" \/>Compatibilit\u00e0 con le carte ISO 14443 tipo A e B, MIFARE\u00ae, FeliCa e tutti e quattro i tipi di tag NFC (ISO\/IEC 18092)<br class=\"container_e695a wrapper_ad07b undefined\" \/>Supporto per MIFARE\u00ae UID a 7 byte, MIFARE\u00ae Plus e MIFARE\u00ae DESfire<br class=\"container_e695a wrapper_ad07b undefined\" \/>Funzione anti-collisione integrata (\u00e8 possibile accedere a un solo tag alla volta)<\/h3>\n<h2 class=\"auto-hide-last-sibling-br paragraph_1252f paragraph-element\"><br class=\"container_e695a wrapper_ad07b undefined\" \/>Supporto NFC:<\/h2>\n<h3 class=\"auto-hide-last-sibling-br paragraph_1252f paragraph-element\"><br class=\"container_e695a wrapper_ad07b undefined\" \/>Funzionalit\u00e0 in modalit\u00e0 lettore\/scrittore<br class=\"container_e695a wrapper_ad07b undefined\" \/>Modalit\u00e0 peer-to-peer<br class=\"container_e695a wrapper_ad07b undefined\" \/>Modalit\u00e0 di emulazione della carta<\/h3>\n<h2 class=\"auto-hide-last-sibling-br paragraph_1252f paragraph-element\"><br class=\"container_e695a wrapper_ad07b undefined\" \/>Interfaccia di programmazione applicazioni:<\/h2>\n<h3 class=\"auto-hide-last-sibling-br paragraph_1252f paragraph-element\"><br class=\"container_e695a wrapper_ad07b undefined\" \/>Compatibilit\u00e0 di Apple VAS e Google Smart Tap API con le piattaforme Windows e Linux<br class=\"container_e695a wrapper_ad07b undefined\" \/>Supporto per PC\/SC<br class=\"container_e695a wrapper_ad07b undefined\" \/>Supporto per CT-API (facilitato da un wrapper basato su PC\/SC)<\/h3>\n<h2 class=\"auto-hide-last-sibling-br paragraph_1252f paragraph-element\">Caratteristiche aggiuntive:<\/h2>\n<h3 class=\"auto-hide-last-sibling-br paragraph_1252f paragraph-element\"><br class=\"container_e695a wrapper_ad07b undefined\" \/>LED bicolore controllabile dall&#039;utente<br class=\"container_e695a wrapper_ad07b undefined\" \/>Sistema di avviso acustico controllabile dall&#039;utente<br class=\"container_e695a wrapper_ad07b undefined\" \/>Capacit\u00e0 di aggiornamenti firmware USB<\/h3>\n<p>&nbsp;<\/p>\n<ul>\n<li>\n<table width=\"559\">\n<tbody>\n<tr>\n<td colspan=\"2\" width=\"559\">Caratteristiche fisiche<\/td>\n<\/tr>\n<tr>\n<td width=\"214\">Dimensioni (mm)<\/td>\n<td width=\"345\">98,0 mm (L) x 65,0 mm (L) x 12,8 mm (A)<\/td>\n<\/tr>\n<tr>\n<td width=\"214\">Peso (g)<\/td>\n<td width=\"345\">81 g<\/td>\n<\/tr>\n<tr>\n<td colspan=\"2\" width=\"559\">Interfaccia USB<\/td>\n<\/tr>\n<tr>\n<td width=\"214\">Protocollo<\/td>\n<td width=\"345\">CCID USB<\/td>\n<\/tr>\n<tr>\n<td width=\"214\">Tipo di connettore<\/td>\n<td width=\"345\">USB tipo A (ACR1252U-MW)<\/td>\n<\/tr>\n<tr>\n<td width=\"214\">Fonte di potere<\/td>\n<td width=\"345\">Dalla porta USB<\/td>\n<\/tr>\n<tr>\n<td width=\"214\">Velocit\u00e0<\/td>\n<td width=\"345\">USB massima velocit\u00e0 (12 Mbps)<\/td>\n<\/tr>\n<tr>\n<td width=\"214\">Lunghezza del cavo<\/td>\n<td width=\"345\">1,0 m, Non staccabile<\/td>\n<\/tr>\n<tr>\n<td colspan=\"2\" width=\"559\">Interfaccia smart card senza contatto<\/td>\n<\/tr>\n<tr>\n<td width=\"214\">Standard<\/td>\n<td width=\"345\">ISO\/IEC 18092 NFC, ISO 14443 Tipo A e B, MIFARE\u00ae, FeliCa<\/td>\n<\/tr>\n<tr>\n<td rowspan=\"4\" width=\"214\">Protocollo<\/td>\n<td width=\"345\">Scheda conforme ISO 14443-4, T=CL<\/td>\n<\/tr>\n<tr>\n<td width=\"345\">Carta MIFARE\u00ae Classica, T=CL<\/td>\n<\/tr>\n<tr>\n<td width=\"345\">ISO18092, tag NFC<\/td>\n<\/tr>\n<tr>\n<td width=\"345\">FeliCa<\/td>\n<\/tr>\n<tr>\n<td colspan=\"2\" width=\"559\">Periferiche integrate<\/td>\n<\/tr>\n<tr>\n<td width=\"214\">GUIDATO<\/td>\n<td width=\"345\">1 bicolore: rosso e verde<\/td>\n<\/tr>\n<tr>\n<td width=\"214\">Cicalino<\/td>\n<td width=\"345\">Monotono<\/td>\n<\/tr>\n<tr>\n<td colspan=\"2\" width=\"559\">Altre caratteristiche<\/td>\n<\/tr>\n<tr>\n<td width=\"214\">Aggiornamento del firmware<\/td>\n<td width=\"345\">Supportato<\/td>\n<\/tr>\n<tr>\n<td colspan=\"2\" width=\"559\">Certificazioni\/Conformit\u00e0<\/td>\n<\/tr>\n<tr>\n<td rowspan=\"4\" width=\"214\">Certificazioni\/Conformit\u00e0<\/td>\n<td width=\"345\">Certificazioni:<\/td>\n<\/tr>\n<tr>\n<td width=\"345\">Apple VAS, Google Smart Tap, marchio di certificazione del forum NFC, IEC\/EN 62368, CE, FCC, UKCA, J-LIS, VCCI, TELEC, KC, BIS, RoHS, REACH, WEEE<\/td>\n<\/tr>\n<tr>\n<td width=\"345\">Conformit\u00e0:<\/td>\n<\/tr>\n<tr>\n<td width=\"345\">CCID USB, PC\/SC<\/td>\n<\/tr>\n<tr>\n<td colspan=\"2\" width=\"559\">Supporto del sistema operativo del driver del dispositivo<\/td>\n<\/tr>\n<tr>\n<td width=\"214\">Supporto del sistema operativo del driver del dispositivo<\/td>\n<td width=\"345\">Windows\u00ae, Linux\u00ae, macOS (in sviluppo), Android\u2122 (in sviluppo)<\/td>\n<\/tr>\n<\/tbody>\n<\/table>\n<\/li>\n<\/ul>","protected":false},"excerpt":{"rendered":"<div>Il portafoglio mobile, l&#039;innovativo lettore NFC, supporta l&#039;interazione senza carta con pass digitali, supportati da VAS Apple e Google VAS per dispositivi iOS e Android.<\/div>\n<div><\/div>","protected":false},"featured_media":2731,"template":"","meta":[],"product_brand":[],"product_cat":[45,40],"product_tag":[],"class_list":{"0":"post-2730","1":"product","2":"type-product","3":"status-publish","4":"has-post-thumbnail","6":"product_cat-contactless-nfc-reader","7":"product_cat-rfid-nfc-reader","9":"first","10":"instock","11":"shipping-taxable","12":"product-type-simple"},"_links":{"self":[{"href":"https:\/\/nfc-readers.com\/it\/wp-json\/wp\/v2\/product\/2730","targetHints":{"allow":["GET"]}}],"collection":[{"href":"https:\/\/nfc-readers.com\/it\/wp-json\/wp\/v2\/product"}],"about":[{"href":"https:\/\/nfc-readers.com\/it\/wp-json\/wp\/v2\/types\/product"}],"wp:featuredmedia":[{"embeddable":true,"href":"https:\/\/nfc-readers.com\/it\/wp-json\/wp\/v2\/media\/2731"}],"wp:attachment":[{"href":"https:\/\/nfc-readers.com\/it\/wp-json\/wp\/v2\/media?parent=2730"}],"wp:term":[{"taxonomy":"product_brand","embeddable":true,"href":"https:\/\/nfc-readers.com\/it\/wp-json\/wp\/v2\/product_brand?post=2730"},{"taxonomy":"product_cat","embeddable":true,"href":"https:\/\/nfc-readers.com\/it\/wp-json\/wp\/v2\/product_cat?post=2730"},{"taxonomy":"product_tag","embeddable":true,"href":"https:\/\/nfc-readers.com\/it\/wp-json\/wp\/v2\/product_tag?post=2730"}],"curies":[{"name":"wp","href":"https:\/\/api.w.org\/{rel}","templated":true}]}}