{"id":2732,"date":"2024-10-07T08:34:31","date_gmt":"2024-10-07T08:34:31","guid":{"rendered":"https:\/\/nfc-readers.com\/?post_type=product&#038;p=2732"},"modified":"2024-10-28T14:32:27","modified_gmt":"2024-10-28T14:32:27","slug":"nfc-reader-writer-support-apple-pay-and-google-vas","status":"publish","type":"product","link":"https:\/\/nfc-readers.com\/it\/ic-reader\/nfc-reader-writer-support-apple-pay-and-google-vas\/","title":{"rendered":"Supporto lettore\/scrittore NFC Apple Pay e Google VAS"},"content":{"rendered":"<div class=\"auto-hide-last-sibling-br paragraph_1252f paragraph-element\">\n<h1>Supporto lettore\/scrittore NFC Apple Pay e Google VAS<\/h1>\n<p>Entra nel\u00a0<strong>Lettore NFC<\/strong>, un sofisticato pezzo di tecnologia progettato per migliorare le transazioni contactless e semplificare il controllo degli accessi con un&#039;efficienza senza pari. Che tu stia cercando di rendere le tue transazioni pi\u00f9 veloci, aumentare la sicurezza o semplicemente aggiornare la tua tecnologia, un lettore NFC \u00e8 uno strumento essenziale nel tuo arsenale. Con la capacit\u00e0 di leggere e scrivere\u00a0<strong>Tag NFC<\/strong>\u00a0e carte, compresi i formati pi\u00f9 diffusi come\u00a0<strong>Mifare<\/strong>, questo dispositivo \u00e8 all&#039;avanguardia nelle soluzioni di pagamento innovative.<\/p>\n<h2>Vantaggi della scelta del lettore NFC<\/h2>\n<p>Investire in un lettore NFC non \u00e8 solo un acquisto; \u00e8 un upgrade delle tue capacit\u00e0 di pagamento che offre numerosi vantaggi. Innanzitutto, aumenta la sicurezza abilitando\u00a0<strong>senza contatto<\/strong>\u00a0pagamenti, riducendo il rischio associato alle transazioni in contanti. \u00c8 anche progettato per essere facile da usare, vantando un semplice processo di configurazione che pu\u00f2 connettersi tramite USB a un&#039;ampia gamma di dispositivi, consentendo l&#039;integrazione con i sistemi esistenti. Il design compatto e portatile assicura che tu possa portare la tua capacit\u00e0 NFC ovunque tu vada, rendendolo ideale sia per commercianti che per privati.<\/p>\n<h3>1.\u00a0<strong>Supporto NFC completo<\/strong><\/h3>\n<p>IL\u00a0<strong>Lettore NFC<\/strong>\u00a0supporta molteplici funzionalit\u00e0 NFC, tra cui Reader\/Writer Mode, Peer-to-Peer Mode e Card Emulation Mode. Questa versatilit\u00e0 assicura la compatibilit\u00e0 con varie transazioni, dalla lettura\u00a0<strong>Schede NFC<\/strong>\u00a0per facilitare i pagamenti mobili tramite\u00a0<strong>Pagamento tramite Google<\/strong>\u00a0E\u00a0<strong>Pagamento tramite Apple<\/strong>.<\/p>\n<h4>Modalit\u00e0 lettore\/scrittore<\/h4>\n<p>Con la modalit\u00e0 Lettore\/Scrittore, gli utenti possono senza sforzo\u00a0<strong>leggere e scrivere<\/strong>\u00a0dati ai tag NFC, rendendo il dispositivo perfetto per applicazioni di gestione dell&#039;inventario e campagne di marketing.<\/p>\n<h4>Modalit\u00e0 peer-to-peer<\/h4>\n<p>La modalit\u00e0 Peer-to-Peer facilita la condivisione dei dati tra due dispositivi abilitati NFC, consentendo transazioni o trasferimenti di informazioni senza interruzioni, aumentando la praticit\u00e0 per gli utenti.<\/p>\n<h3>2.\u00a0<strong>Elevati standard di compatibilit\u00e0<\/strong><\/h3>\n<p>Questo lettore NFC \u00e8 compatibile con un&#039;ampia gamma di smart card, comprese le card ISO 14443 di tipo A e B, il che lo rende una soluzione universale per le aziende che necessitano di un\u00a0<strong>lettore di carte<\/strong>\u00a0per pi\u00f9 tipi di carte.<\/p>\n<h4>Supporta vari tag NFC<\/h4>\n<p>Oltre agli standard ISO, il dispositivo supporta anche formati come MIFARE\u00ae e FeliCa, garantendo un supporto completo praticamente per tutti gli utenti.<\/p>\n<h4>Connettivit\u00e0 USB<\/h4>\n<p>Grazie all&#039;interfaccia USB 2.0 ad alta velocit\u00e0, puoi facilmente collegare il lettore NFC a smartphone o tablet per rapidi trasferimenti di dati: tutto \u00e8 pronto per l&#039;uso\u00a0<strong>tramite USB<\/strong>.<\/p>\n<h3>3.\u00a0<strong>Funzionalit\u00e0 di sicurezza robuste<\/strong><\/h3>\n<p>La sicurezza \u00e8 fondamentale per qualsiasi dispositivo di transazione e il lettore NFC eccelle grazie alla sua funzione anticollisione integrata, che garantisce la lettura di un solo tag alla volta, riducendo significativamente le possibilit\u00e0 di corruzione dei dati o frodi.<\/p>\n<h4>Crittografia avanzata<\/h4>\n<p>Il lettore NFC supporta varie tecniche di crittografia per il trasferimento sicuro dei dati, garantendo la protezione delle informazioni sensibili durante l&#039;intera procedura di transazione.<\/p>\n<h4>Avvisi utente<\/h4>\n<p>Grazie al sistema di avviso acustico controllabile dall&#039;utente, gli utenti possono ricevere un feedback immediato durante le operazioni, migliorando l&#039;usabilit\u00e0 e garantendo che siano a conoscenza delle letture eseguite correttamente.<\/p>\n<h3>4.\u00a0<strong>Impatto ambientale<\/strong><\/h3>\n<p>Poich\u00e9 le aziende stanno diventando sempre pi\u00f9 consapevoli del loro impatto ambientale, l&#039;NFC Reader \u00e8 progettato tenendo a mente la sostenibilit\u00e0. Il dispositivo utilizza una potenza minima e pu\u00f2 essere collegato ai sistemi esistenti senza dover effettuare aggiornamenti hardware estesi, riducendo gli sprechi.<\/p>\n<h4>Uso efficiente dell&#039;energia<\/h4>\n<p>Operando a 13,56 MHz, l&#039;NFC Reader \u00e8 efficiente dal punto di vista energetico, consentendo un uso estensivo senza costi elevati di elettricit\u00e0. Le aziende possono utilizzare questa tecnologia senza temere un aumento della domanda di energia.<\/p>\n<h3>5.\u00a0<strong>Design intuitivo<\/strong><\/h3>\n<p>Il lettore NFC presenta un design compatto ed elegante che si integra perfettamente nel tuo flusso di lavoro. Il LED bicolore controllabile dall&#039;utente fornisce un feedback visivo immediato durante il funzionamento, notificando efficacemente agli utenti lo stato delle transazioni.<\/p>\n<h4>Portabilit\u00e0<\/h4>\n<p>Il suo telaio leggero lo rende una soluzione ideale per le attivit\u00e0 in movimento, dai negozi al dettaglio ai food truck, consentendo un rapido utilizzo ovunque sia necessario, rendendolo altamente efficiente sia per installazioni temporanee che permanenti.<\/p>\n<h3>6.\u00a0<strong>Compatibilit\u00e0 dell&#039;ecosistema<\/strong><\/h3>\n<p>Il lettore NFC \u00e8 compatibile con vari sistemi operativi, quali Windows, Linux e Android, consentendo un&#039;ampia applicazione in diversi ambienti.<\/p>\n<h4>Facile integrazione con sistemi consolidati<\/h4>\n<p>Potenzia i tuoi sistemi POS esistenti utilizzando il lettore NFC, sfruttando al contempo la sua compatibilit\u00e0 con gli app store pi\u00f9 diffusi per scaricare le applicazioni pi\u00f9 adatte alle tue esigenze aziendali.<\/p>\n<\/div>\n<table width=\"559\">\n<tbody>\n<tr>\n<td colspan=\"2\" width=\"559\">Caratteristiche fisiche<\/td>\n<\/tr>\n<tr>\n<td width=\"214\">Dimensioni (mm)<\/td>\n<td width=\"345\">98,0 mm (L) x 65,0 mm (L) x 12,8 mm (A)<\/td>\n<\/tr>\n<tr>\n<td width=\"214\">Peso (g)<\/td>\n<td width=\"345\">81 g<\/td>\n<\/tr>\n<tr>\n<td colspan=\"2\" width=\"559\">Interfaccia USB<\/td>\n<\/tr>\n<tr>\n<td width=\"214\">Protocollo<\/td>\n<td width=\"345\">CCID USB<\/td>\n<\/tr>\n<tr>\n<td width=\"214\">Tipo di connettore<\/td>\n<td width=\"345\">USB tipo A (ACR1252U-MW)<\/td>\n<\/tr>\n<tr>\n<td width=\"214\">Fonte di potere<\/td>\n<td width=\"345\">Dalla porta USB<\/td>\n<\/tr>\n<tr>\n<td width=\"214\">Velocit\u00e0<\/td>\n<td width=\"345\">USB massima velocit\u00e0 (12 Mbps)<\/td>\n<\/tr>\n<tr>\n<td width=\"214\">Lunghezza del cavo<\/td>\n<td width=\"345\">1,0 m, Non staccabile<\/td>\n<\/tr>\n<tr>\n<td colspan=\"2\" width=\"559\">Interfaccia smart card senza contatto<\/td>\n<\/tr>\n<tr>\n<td width=\"214\">Standard<\/td>\n<td width=\"345\">ISO\/IEC 18092 NFC, ISO 14443 Tipo A e B, MIFARE\u00ae, FeliCa<\/td>\n<\/tr>\n<tr>\n<td rowspan=\"4\" width=\"214\">Protocollo<\/td>\n<td width=\"345\">Scheda conforme ISO 14443-4, T=CL<\/td>\n<\/tr>\n<tr>\n<td width=\"345\">Carta MIFARE\u00ae Classica, T=CL<\/td>\n<\/tr>\n<tr>\n<td width=\"345\">ISO18092, tag NFC<\/td>\n<\/tr>\n<tr>\n<td width=\"345\">FeliCa<\/td>\n<\/tr>\n<tr>\n<td colspan=\"2\" width=\"559\">Periferiche integrate<\/td>\n<\/tr>\n<tr>\n<td width=\"214\">GUIDATO<\/td>\n<td width=\"345\">1 bicolore: rosso e verde<\/td>\n<\/tr>\n<tr>\n<td width=\"214\">Cicalino<\/td>\n<td width=\"345\">Monotono<\/td>\n<\/tr>\n<tr>\n<td colspan=\"2\" width=\"559\">Altre caratteristiche<\/td>\n<\/tr>\n<tr>\n<td width=\"214\">Aggiornamento del firmware<\/td>\n<td width=\"345\">Supportato<\/td>\n<\/tr>\n<tr>\n<td colspan=\"2\" width=\"559\">Certificazioni\/Conformit\u00e0<\/td>\n<\/tr>\n<tr>\n<td rowspan=\"4\" width=\"214\">Certificazioni\/Conformit\u00e0<\/td>\n<td width=\"345\">Certificazioni:<\/td>\n<\/tr>\n<tr>\n<td width=\"345\">Apple VAS, Google Smart Tap, marchio di certificazione del forum NFC, IEC\/EN 62368, CE, FCC, UKCA, J-LIS, VCCI, TELEC, KC, BIS, RoHS, REACH, WEEE<\/td>\n<\/tr>\n<tr>\n<td width=\"345\">Conformit\u00e0:<\/td>\n<\/tr>\n<tr>\n<td width=\"345\">CCID USB, PC\/SC<\/td>\n<\/tr>\n<tr>\n<td colspan=\"2\" width=\"559\">Supporto del sistema operativo del driver del dispositivo<\/td>\n<\/tr>\n<tr>\n<td width=\"214\">Supporto del sistema operativo del driver del dispositivo<\/td>\n<td width=\"345\">Windows\u00ae, Linux\u00ae, macOS (in sviluppo), Android\u2122 (in sviluppo)<\/td>\n<\/tr>\n<\/tbody>\n<\/table>\n<h2>Recensioni dei clienti<\/h2>\n<blockquote><p>&quot;Il lettore NFC ha trasformato il modo in cui elaboriamo i pagamenti. \u00c8 veloce, sicuro e incredibilmente facile da integrare con i nostri sistemi esistenti!&quot; \u2013\u00a0<strong>Giacomo T.<\/strong>, Responsabile della vendita al dettaglio<\/p><\/blockquote>\n<blockquote><p>&quot;Adoro quanto \u00e8 portatile questo lettore NFC! \u00c8 perfetto per la mia attivit\u00e0 di food truck.&quot; \u2013\u00a0<strong>Sandra W.<\/strong>, Proprietario di una piccola impresa<\/p><\/blockquote>\n<h2>Domande frequenti (FAQ)<\/h2>\n<p><strong>1. Quali tipi di carte pu\u00f2 leggere il lettore NFC?<\/strong><br \/>\nIl lettore NFC supporta le carte ISO 14443 di tipo A e B, MIFARE\u00ae, FeliCa e tutti i tag NFC conformi agli standard ISO\/IEC 18092.<\/p>\n<p><strong>2. Il lettore NFC \u00e8 compatibile con gli smartphone?<\/strong><br \/>\nS\u00ec, puoi facilmente collegare il lettore NFC alla maggior parte degli smartphone tramite USB per facilitare transazioni rapide e la condivisione dei dati.<\/p>\n<p><strong>3. Posso aggiornare il firmware?<\/strong><br \/>\nS\u00ec, il lettore NFC supporta gli aggiornamenti del firmware USB, garantendoti le funzionalit\u00e0 e gli aggiornamenti di sicurezza pi\u00f9 recenti.<\/p>\n<p><strong>4. Quanto lontano posso leggere i tag NFC?<\/strong><br \/>\nIl lettore NFC ha una distanza di lettura fino a 50 mm, a seconda del tipo di tag e delle sue capacit\u00e0 specifiche.<\/p>\n<hr \/>\n<p>Scegliendo NFC Reader, non stai solo investendo in un prodotto; stai adottando un modo pi\u00f9 intelligente di effettuare transazioni. Che tu lo stia integrando per uso personale o per un&#039;azienda, l&#039;efficienza, la compatibilit\u00e0 e la sicurezza di questo dispositivo lo rendono davvero indispensabile. Prova la prossima generazione di pagamenti contactless e scopri la differenza che pu\u00f2 fare nelle tue transazioni oggi stesso!<\/p>","protected":false},"excerpt":{"rendered":"<div>Supporto lettore\/scrittore NFC Apple Pay e Google VAS, approvato tramite VAS<strong>\u00a0Apple e Google VAS (servizio a valore aggiunto) <\/strong> protocolli dei giganti del settore Apple e Google, questo dispositivo apre la strada a un rivoluzionario impegno senza carta supportando un&#039;ampia gamma di pass digitali, inclusi ma non limitati a programmi fedelt\u00e0, biglietti di accesso e credenziali di identificazione per individui in contesti aziendali o educativi su iOS e dispositivi Android.<\/div>\n<div><\/div>","protected":false},"featured_media":2731,"template":"","meta":[],"product_brand":[],"product_cat":[45,40],"product_tag":[],"class_list":{"0":"post-2732","1":"product","2":"type-product","3":"status-publish","4":"has-post-thumbnail","6":"product_cat-contactless-nfc-reader","7":"product_cat-rfid-nfc-reader","9":"first","10":"instock","11":"shipping-taxable","12":"product-type-simple"},"_links":{"self":[{"href":"https:\/\/nfc-readers.com\/it\/wp-json\/wp\/v2\/product\/2732","targetHints":{"allow":["GET"]}}],"collection":[{"href":"https:\/\/nfc-readers.com\/it\/wp-json\/wp\/v2\/product"}],"about":[{"href":"https:\/\/nfc-readers.com\/it\/wp-json\/wp\/v2\/types\/product"}],"wp:featuredmedia":[{"embeddable":true,"href":"https:\/\/nfc-readers.com\/it\/wp-json\/wp\/v2\/media\/2731"}],"wp:attachment":[{"href":"https:\/\/nfc-readers.com\/it\/wp-json\/wp\/v2\/media?parent=2732"}],"wp:term":[{"taxonomy":"product_brand","embeddable":true,"href":"https:\/\/nfc-readers.com\/it\/wp-json\/wp\/v2\/product_brand?post=2732"},{"taxonomy":"product_cat","embeddable":true,"href":"https:\/\/nfc-readers.com\/it\/wp-json\/wp\/v2\/product_cat?post=2732"},{"taxonomy":"product_tag","embeddable":true,"href":"https:\/\/nfc-readers.com\/it\/wp-json\/wp\/v2\/product_tag?post=2732"}],"curies":[{"name":"wp","href":"https:\/\/api.w.org\/{rel}","templated":true}]}}