{"id":2758,"date":"2024-06-11T12:39:26","date_gmt":"2024-06-11T12:39:26","guid":{"rendered":"https:\/\/nfc-readers.com\/?post_type=product&#038;p=2758"},"modified":"2024-09-23T06:23:59","modified_gmt":"2024-09-23T06:23:59","slug":"acm1323s-rs232-contactless-reader-writer","status":"publish","type":"product","link":"https:\/\/nfc-readers.com\/it\/ic-reader\/acm1323s-rs232-contactless-reader-writer\/","title":{"rendered":"ACM1323S Lettore\/scrittore senza contatto RS232"},"content":{"rendered":"<h1>ACM1323S Lettore\/scrittore senza contatto RS232<\/h1>\n<p>ACM1323 \u00e8 un modulo lettore di smart card basato sulla tecnologia contactless a 13,56 MHz. Adotta il protocollo di comunicazione seriale e supporta opzionalmente l&#039;interfaccia RS232 o l&#039;interfaccia del segnale UARTTTL. Supporta la lettura e la scrittura di smart card di Classe A conformi alla norma ISO144431 Parte 4, comprese le schede CPU, MIFARE Classic, Mifare 1K\/4K, Mifare Plus e DESFire. L&#039;ACM1323S \u00e8 un vero dispositivo plug and play che pu\u00f2 essere utilizzato senza driver ed \u00e8 progettato per una rapida integrazione in sistemi integrati, adatto per una variet\u00e0 di scenari applicativi come punti di ricarica, tablet, distributori automatici, trasporti pubblici, controllo dell&#039;accesso alla rete, presenze e altri sistemi integrati. Supporta anche gli aggiornamenti del firmware senza la necessit\u00e0 di ulteriori modifiche hardware.<\/p>\n<table width=\"628\">\n<tbody>\n<tr>\n<td colspan=\"2\" width=\"628\">Caratteristiche fisiche<\/td>\n<\/tr>\n<tr>\n<td width=\"335\">Dimensioni (mm)<\/td>\n<td width=\"293\">73,5\u00d740,0\u00d74,5<\/td>\n<\/tr>\n<tr>\n<td width=\"335\">Peso (g)<\/td>\n<td width=\"293\">7.2<\/td>\n<\/tr>\n<tr>\n<td colspan=\"2\" width=\"628\">Interfaccia RS232<\/td>\n<\/tr>\n<tr>\n<td width=\"335\">Tipo di connettore<\/td>\n<td width=\"293\">RS232TTL<\/td>\n<\/tr>\n<tr>\n<td width=\"335\">Fonte di potere<\/td>\n<td width=\"293\">Dalla porta USB<\/td>\n<\/tr>\n<tr>\n<td width=\"335\">Lunghezza del cavo<\/td>\n<td width=\"293\">1 m, staccabile (su richiesta)<\/td>\n<\/tr>\n<tr>\n<td colspan=\"2\" width=\"628\">Interfaccia smart card senza contatto<\/td>\n<\/tr>\n<tr>\n<td width=\"335\">Standard<\/td>\n<td width=\"293\">Scheda CPU ISO 14443 tipo A MIFARE Classic, Mifare 1K\/4K, Mifare Plus e DESFire<\/td>\n<\/tr>\n<tr>\n<td rowspan=\"2\" width=\"335\">Protocollo<\/td>\n<td width=\"293\">Scheda conforme ISO 14443-4, T=CL<\/td>\n<\/tr>\n<tr>\n<td width=\"293\">Carta MIFARE\u00ae Classica, T=CL<\/td>\n<\/tr>\n<tr>\n<td colspan=\"2\" width=\"628\">Periferiche integrate<\/td>\n<\/tr>\n<tr>\n<td width=\"335\">GUIDATO<\/td>\n<td width=\"293\">1 bicolore: blu e verde<\/td>\n<\/tr>\n<tr>\n<td colspan=\"2\" width=\"628\">Altre caratteristiche<\/td>\n<\/tr>\n<tr>\n<td rowspan=\"3\" width=\"335\">Altre caratteristiche<\/td>\n<td width=\"293\">Tipi di carte supportate:<\/td>\n<\/tr>\n<tr>\n<td width=\"293\">ISO 14443 Tipo A e B Parti 1-4,<\/td>\n<\/tr>\n<tr>\n<td width=\"293\">MIFARE Classic\u00ae, MIFARE DESFire\u00ae, MIFARE Ultralight\u00ae, MIFARE Plus\u00ae<\/td>\n<\/tr>\n<tr>\n<td width=\"335\">Aggiornamento del firmware<\/td>\n<td width=\"293\">Supportato<\/td>\n<\/tr>\n<tr>\n<td colspan=\"2\" width=\"628\">Certificazioni\/Conformit\u00e0<\/td>\n<\/tr>\n<tr>\n<td rowspan=\"3\" width=\"335\">Certificazioni\/Conformit\u00e0<\/td>\n<td width=\"293\">Certificazioni:<\/td>\n<\/tr>\n<tr>\n<td width=\"293\">IEC\/EN 62368, CE, UKCA, FCC, VCCI, RoHS, REACH, WEEE, Microsoft\u00ae WHQL<\/td>\n<\/tr>\n<tr>\n<td width=\"293\">\u00a0 Conformit\u00e0:<\/td>\n<\/tr>\n<tr>\n<td colspan=\"2\" width=\"628\">Supporto del sistema operativo del driver del dispositivo<\/td>\n<\/tr>\n<tr>\n<td width=\"335\">Supporto del sistema operativo del driver del dispositivo<\/td>\n<td width=\"293\">Windows\u00ae, Linux\u00ae, macOS, Android\u2122<\/td>\n<\/tr>\n<\/tbody>\n<\/table>","protected":false},"excerpt":{"rendered":"<p>L&#039;ACM1323 \u00e8 un versatile lettore di schede RFID che funziona con varie smart card e si integra facilmente nei sistemi embedded.<\/p>","protected":false},"featured_media":2759,"template":"","meta":[],"product_brand":[],"product_cat":[41],"product_tag":[],"class_list":{"0":"post-2758","1":"product","2":"type-product","3":"status-publish","4":"has-post-thumbnail","6":"product_cat-module-ic-reader","8":"first","9":"instock","10":"shipping-taxable","11":"product-type-simple"},"_links":{"self":[{"href":"https:\/\/nfc-readers.com\/it\/wp-json\/wp\/v2\/product\/2758","targetHints":{"allow":["GET"]}}],"collection":[{"href":"https:\/\/nfc-readers.com\/it\/wp-json\/wp\/v2\/product"}],"about":[{"href":"https:\/\/nfc-readers.com\/it\/wp-json\/wp\/v2\/types\/product"}],"wp:featuredmedia":[{"embeddable":true,"href":"https:\/\/nfc-readers.com\/it\/wp-json\/wp\/v2\/media\/2759"}],"wp:attachment":[{"href":"https:\/\/nfc-readers.com\/it\/wp-json\/wp\/v2\/media?parent=2758"}],"wp:term":[{"taxonomy":"product_brand","embeddable":true,"href":"https:\/\/nfc-readers.com\/it\/wp-json\/wp\/v2\/product_brand?post=2758"},{"taxonomy":"product_cat","embeddable":true,"href":"https:\/\/nfc-readers.com\/it\/wp-json\/wp\/v2\/product_cat?post=2758"},{"taxonomy":"product_tag","embeddable":true,"href":"https:\/\/nfc-readers.com\/it\/wp-json\/wp\/v2\/product_tag?post=2758"}],"curies":[{"name":"wp","href":"https:\/\/api.w.org\/{rel}","templated":true}]}}