{"id":2765,"date":"2024-06-11T13:24:05","date_gmt":"2024-06-11T13:24:05","guid":{"rendered":"https:\/\/nfc-readers.com\/?post_type=product&#038;p=2765"},"modified":"2024-09-23T06:21:32","modified_gmt":"2024-09-23T06:21:32","slug":"acr1552u-a2-aquaguard-nfc-usb-contactless-reader-writer","status":"publish","type":"product","link":"https:\/\/nfc-readers.com\/it\/ic-reader\/acr1552u-a2-aquaguard-nfc-usb-contactless-reader-writer\/","title":{"rendered":"ACR1552U-A2 Lettore\/scrittore senza contatto USB AquaGuard NFC"},"content":{"rendered":"<h1>ACR1552U-A2 Lettore\/scrittore senza contatto USB AquaGuard NFC<\/h1>\n<p>Il lettore USB NFC AquaGuard ACR1552U-A2 \u00e8 un robusto dispositivo di quarta generazione basato sulla tecnologia contactless da 13,56 MHz. Funziona con carte e dispositivi contactless conformi agli standard IS0 14443 Tipo A e B, ISO 15693 e ISO 18092. La classificazione IP67 ne indica l&#039;eccezionale resistenza alla polvere e all&#039;acqua, garantendo un funzionamento ininterrotto anche in condizioni difficili. In conformit\u00e0 con gli standard CCID e PC\/SC, il lettore USB NFC AquaGuard ACR1552U-A2 offre comunicazioni ad alta velocit\u00e0 fino a 848 kbps. La shell certificata IP67 del lettore ospita funzionalit\u00e0 aggiornabili del firmware USB, estendendone la versatilit\u00e0 e la convenienza in numerosi settori, tra cui finanza, sanit\u00e0 e governo. Questo lettore NFC con grado di protezione IP67 supporta in modo intelligente tre modalit\u00e0 NFC: lettore\/scrittore, emulazione scheda ed emulazione tastiera. La sua robustezza e versatilit\u00e0 aprono una vasta gamma di potenziali applicazioni come pagamenti elettronici, sistemi di controllo degli accessi e biglietteria per i trasporti. Il lettore USB NFC ACR1552U-A2AquaGuard, con il suo supporto IP67, rappresenta una scelta resistente e affidabile nella tecnologia NFC.<\/p>\n<ul>\n<li>\n<h2>Interfaccia USB 2.0 a piena velocit\u00e0<\/h2>\n<\/li>\n<li>\n<h2>Conformit\u00e0 CCID<\/h2>\n<\/li>\n<li>\n<h2>Lettore di smart card senza contatto:<\/h2>\n<ul>\n<li>\n<h3>Velocit\u00e0 di lettura\/scrittura fino a 848 kbps<\/h3>\n<\/li>\n<li>\n<h3>Antenna integrata per accesso tag senza contatto, con distanza di lettura tessera fino a 70 mm (a seconda del tipo di tag)<\/h3>\n<\/li>\n<li>\n<h3>Supporta schede ISO 14443 tipo A e B, schede ISO 15693 e ISO18092 NFC<\/h3>\n<\/li>\n<li>\n<h3>Supporta MIFARE\u00ae (T=CL), FeliCa, tag NFC, SRI\/SRIX, CTS, Innovatron, Picopass, Topaz Card<\/h3>\n<\/li>\n<li>\n<h3>Funzionalit\u00e0 anticollisione integrata<\/h3>\n<\/li>\n<li>\n<h3>Supporta APDU estesa (max. 64 kbyte)<\/h3>\n<\/li>\n<li>\n<h3>Uno slot SAM conforme a ISO7816 (Classe A)<\/h3>\n<\/li>\n<li>\n<h3>Supporto NFC<\/h3>\n<ul>\n<li>\u00a0 \u00a0Modalit\u00e0 lettore\/scrittore di smart card<\/li>\n<li>\u00a0 \u00a0Modalit\u00e0 di emulazione della carta<\/li>\n<li>\u00a0 \u00a0Modalit\u00e0 di emulazione della tastiera<\/li>\n<\/ul>\n<\/li>\n<\/ul>\n<\/li>\n<li>\n<h2>Interfaccia di programmazione applicazioni:<\/h2>\n<ul>\n<li>\n<h3>Supporta PC\/SC<\/h3>\n<\/li>\n<li>\n<h3>Supporta CT-API (tramite wrapper su PC\/SC)<\/h3>\n<\/li>\n<\/ul>\n<\/li>\n<li>\n<h2>Periferiche:<\/h2>\n<ul>\n<li>\n<h3>LED bicolore controllabile dall&#039;utente (blu e verde)<\/h3>\n<\/li>\n<li>\n<h3>Cicalino controllabile dall&#039;utente (monotono)<\/h3>\n<\/li>\n<li>\n<h3>Uno slot SAM<\/h3>\n<\/li>\n<\/ul>\n<\/li>\n<li>\n<h2>Aggiornabilit\u00e0 del firmware USB<\/h2>\n<\/li>\n<\/ul>\n<table width=\"598\">\n<tbody>\n<tr>\n<td colspan=\"2\" width=\"598\">Caratteristiche fisiche<\/td>\n<\/tr>\n<tr>\n<td width=\"225\">Dimensioni (mm)<\/td>\n<td width=\"373\">Corpo principale: 98 x 65 x 12,8 mm<\/td>\n<\/tr>\n<tr>\n<td width=\"225\">Peso (g)<\/td>\n<td width=\"373\">89 g<\/td>\n<\/tr>\n<tr>\n<td colspan=\"2\" width=\"598\">Interfaccia USB<\/td>\n<\/tr>\n<tr>\n<td width=\"225\">Protocollo<\/td>\n<td width=\"373\">CCID USB<\/td>\n<\/tr>\n<tr>\n<td width=\"225\">Tipo di connettore<\/td>\n<td width=\"373\">USB tipo A (ACR1552U-A2), USB tipo C (ACR1552U-MF)<\/td>\n<\/tr>\n<tr>\n<td width=\"225\">Fonte di potere<\/td>\n<td width=\"373\">Dalla porta USB<\/td>\n<\/tr>\n<tr>\n<td width=\"225\">Velocit\u00e0<\/td>\n<td width=\"373\">USB massima velocit\u00e0 (12 Mbps)<\/td>\n<\/tr>\n<tr>\n<td width=\"225\">Lunghezza del cavo<\/td>\n<td width=\"373\">1 m, non staccabile<\/td>\n<\/tr>\n<tr>\n<td colspan=\"2\" width=\"598\">Interfaccia smart card senza contatto<\/td>\n<\/tr>\n<tr>\n<td width=\"225\">Standard<\/td>\n<td width=\"373\">ISO\/IEC 18092 NFC, ISO 14443 Tipo A e B, ISO 15693, MIFARE\u00ae, FeliCa<\/td>\n<\/tr>\n<tr>\n<td rowspan=\"5\" width=\"225\">Protocollo<\/td>\n<td width=\"373\">Scheda conforme ISO 14443-4, T=CL<\/td>\n<\/tr>\n<tr>\n<td width=\"373\">Carta MIFARE\u00ae Classica, T=CL<\/td>\n<\/tr>\n<tr>\n<td width=\"373\">ISO15693<\/td>\n<\/tr>\n<tr>\n<td width=\"373\">Tag NFC ISO 18092<\/td>\n<\/tr>\n<tr>\n<td width=\"373\">FeliCa<\/td>\n<\/tr>\n<tr>\n<td colspan=\"2\" width=\"598\">Periferiche integrate<\/td>\n<\/tr>\n<tr>\n<td width=\"225\">GUIDATO<\/td>\n<td width=\"373\">1 bicolore: blu e verde<\/td>\n<\/tr>\n<tr>\n<td width=\"225\">Cicalino<\/td>\n<td width=\"373\">S\u00cc<\/td>\n<\/tr>\n<tr>\n<td colspan=\"2\" width=\"598\">Altre caratteristiche<\/td>\n<\/tr>\n<tr>\n<td rowspan=\"4\" width=\"225\">Altre caratteristiche<\/td>\n<td width=\"373\">Tipi di carte supportate:<\/td>\n<\/tr>\n<tr>\n<td width=\"373\">ISO 14443 Tipo A e B Parti 1-4, ISO 15693, ISO 18092 NFC, MIFARE\u00ae, FeliCa, SRI\/SRIX, CTS, Innovatron, Picopass, Topaz Card<\/td>\n<\/tr>\n<tr>\n<td width=\"373\">\u00a0 Caratteristiche NFC:<\/td>\n<\/tr>\n<tr>\n<td width=\"373\">Lettore\/scrittore di smart card, emulazione tastiera, emulazione scheda<\/td>\n<\/tr>\n<tr>\n<td width=\"225\">Aggiornamento del firmware<\/td>\n<td width=\"373\">Supportato<\/td>\n<\/tr>\n<tr>\n<td colspan=\"2\" width=\"598\">Certificazioni\/Conformit\u00e0<\/td>\n<\/tr>\n<tr>\n<td rowspan=\"4\" width=\"225\">Certificazioni\/Conformit\u00e0<\/td>\n<td width=\"373\">Certificazioni:<\/td>\n<\/tr>\n<tr>\n<td width=\"373\">IEC\/EN 62368, CE, UKCA, FCC, VCCI, KC, J-LIS, RoHS, REACH, WEEE, Microsoft\u00ae WHQL,IP67<\/td>\n<\/tr>\n<tr>\n<td width=\"373\">Conformit\u00e0:<\/td>\n<\/tr>\n<tr>\n<td width=\"373\">CCID USB, PC\/SC<\/td>\n<\/tr>\n<tr>\n<td colspan=\"2\" width=\"598\">Supporto del sistema operativo del driver del dispositivo<\/td>\n<\/tr>\n<tr>\n<td width=\"225\">Supporto del sistema operativo del driver del dispositivo<\/td>\n<td width=\"373\">Windows\u00ae, Linux\u00ae, macOS, Android\u2122, iOS\/iPadOS (16 o successivo)<\/td>\n<\/tr>\n<tr>\n<td><\/td>\n<td><\/td>\n<\/tr>\n<\/tbody>\n<\/table>","protected":false},"excerpt":{"rendered":"<p>Il lettore di schede USB UID NFC AquaGuard ACR1552U-A2 \u00e8 un dispositivo robusto, progettato per prestazioni affidabili in ambienti difficili.<\/p>","protected":false},"featured_media":2770,"template":"","meta":[],"product_brand":[],"product_cat":[45,40],"product_tag":[],"class_list":{"0":"post-2765","1":"product","2":"type-product","3":"status-publish","4":"has-post-thumbnail","6":"product_cat-contactless-nfc-reader","7":"product_cat-rfid-nfc-reader","9":"first","10":"instock","11":"shipping-taxable","12":"product-type-simple"},"_links":{"self":[{"href":"https:\/\/nfc-readers.com\/it\/wp-json\/wp\/v2\/product\/2765","targetHints":{"allow":["GET"]}}],"collection":[{"href":"https:\/\/nfc-readers.com\/it\/wp-json\/wp\/v2\/product"}],"about":[{"href":"https:\/\/nfc-readers.com\/it\/wp-json\/wp\/v2\/types\/product"}],"wp:featuredmedia":[{"embeddable":true,"href":"https:\/\/nfc-readers.com\/it\/wp-json\/wp\/v2\/media\/2770"}],"wp:attachment":[{"href":"https:\/\/nfc-readers.com\/it\/wp-json\/wp\/v2\/media?parent=2765"}],"wp:term":[{"taxonomy":"product_brand","embeddable":true,"href":"https:\/\/nfc-readers.com\/it\/wp-json\/wp\/v2\/product_brand?post=2765"},{"taxonomy":"product_cat","embeddable":true,"href":"https:\/\/nfc-readers.com\/it\/wp-json\/wp\/v2\/product_cat?post=2765"},{"taxonomy":"product_tag","embeddable":true,"href":"https:\/\/nfc-readers.com\/it\/wp-json\/wp\/v2\/product_tag?post=2765"}],"curies":[{"name":"wp","href":"https:\/\/api.w.org\/{rel}","templated":true}]}}