{"id":2784,"date":"2024-06-12T02:17:57","date_gmt":"2024-06-12T02:17:57","guid":{"rendered":"https:\/\/nfc-readers.com\/?post_type=product&#038;p=2784"},"modified":"2024-09-23T06:09:10","modified_gmt":"2024-09-23T06:09:10","slug":"acr40t-premium-high-speed-usb-contact-sim-sized-smartcard-reader-writer","status":"publish","type":"product","link":"https:\/\/nfc-readers.com\/it\/ic-reader\/acr40t-premium-high-speed-usb-contact-sim-sized-smartcard-reader-writer\/","title":{"rendered":"ACR40T Lettore di smartcard USB a contatto premium ad alta velocit\u00e0 di dimensioni SIM"},"content":{"rendered":"<h1>ACR40T Lettore di smartcard USB a contatto premium ad alta velocit\u00e0 di dimensioni SIM<\/h1>\n<div class=\"auto-hide-last-sibling-br paragraph_1252f paragraph-element\">Presentazione di ACR40T, l&#039;ultimo lettore di smart card compatto con contatto USB ad alta velocit\u00e0 delle dimensioni di una SIM. Supporta gli aggiornamenti del firmware ed \u00e8 compatibile con smart card ISO 7816 Classe A, B e C (5 V, 3 V, 1,8 V), schede con microprocessore con protocolli T=0 e T=1 e un&#039;ampia gamma di schede di memoria disponibili nel mercato.<\/div>\n<div class=\"auto-hide-last-sibling-br paragraph_1252f paragraph-element\">Unendo tecnologia avanzata e innovativa, il vantaggio distintivo di ACR40T \u00e8 il design compatto e lo slot di inserimento smart card scorrevole per un&#039;esperienza fluida e senza problemi. Il design premium di ACR40T-A6\/A7 include un pulsante integrato per applicazioni specifiche, un caratteristica cruciale per convalidare la presenza dell&#039;utente, garantendo che l&#039;utente sia fisicamente l\u00ec per interagire con l&#039;applicazione. Aderendo agli standard CCID e PC\/SC nonch\u00e9 agli standard Microsoft\u00ae WHQL, ACR40T \u00e8 compatibile con pi\u00f9 sistemi operativi come Windows\u00ae, Linux\u00ae, macOS, Android\u2122. Supporta sia connessioni USB Type-A che USB Type-C.<\/div>\n<div>\n<ul>\n<li>\n<h2><strong>Supporta vari tipi di schede di contatto<\/strong><\/h2>\n<ul>\n<li>\n<h3>ISO 7816 Classe A, B e C (5 V, 3 V e 1,8 V)<\/h3>\n<\/li>\n<li>\n<h3>Scheda microprocessore (T=0, T=1)<\/h3>\n<\/li>\n<li>\n<h3>Scheda di memoria<\/h3>\n<\/li>\n<li>\n<h3>Dispone di protezione da cortocircuito<\/h3>\n<\/li>\n<\/ul>\n<\/li>\n<li>\n<h2><strong>Interfaccia di programmazione applicazioni:<\/strong><\/h2>\n<ul>\n<li>\n<h3>Supporta PC\/SC<\/h3>\n<\/li>\n<\/ul>\n<\/li>\n<li>\n<h2><strong>Periferiche integrate<\/strong><\/h2>\n<ul>\n<li>\n<h3>1 x LED programmabile (verde)<\/h3>\n<\/li>\n<li>\n<h3>1 pulsante integrato<\/h3>\n<\/li>\n<\/ul>\n<\/li>\n<\/ul>\n<table width=\"560\">\n<tbody>\n<tr>\n<td colspan=\"2\" width=\"560\">Caratteristiche fisiche<\/td>\n<\/tr>\n<tr>\n<td rowspan=\"2\" width=\"197\">Dimensioni (mm)<\/td>\n<td width=\"363\">ACR40T-A6: 49,5 mm (L) \u00d7 17,7 mm (L) \u00d7 8,0 mm (A)<\/td>\n<\/tr>\n<tr>\n<td width=\"363\">ACR40T-A7: 45,9 mm (L) \u00d7 17,7 mm (L) \u00d7 8,0 mm (A)<\/td>\n<\/tr>\n<tr>\n<td rowspan=\"2\" width=\"197\">Peso (g)<\/td>\n<td width=\"363\">ACR40T-A6: 8,1 g\u00b11,0 g<\/td>\n<\/tr>\n<tr>\n<td width=\"363\">ACR40T-A7: 6,2 g\u00b11,0 g<\/td>\n<\/tr>\n<tr>\n<td colspan=\"2\" width=\"560\">Interfaccia USB<\/td>\n<\/tr>\n<tr>\n<td width=\"197\">Protocollo<\/td>\n<td width=\"363\">CCID USB<\/td>\n<\/tr>\n<tr>\n<td rowspan=\"2\" width=\"197\">Tipo di connettore<\/td>\n<td width=\"363\">USB tipo A<\/td>\n<\/tr>\n<tr>\n<td width=\"363\">USB di tipo C<\/td>\n<\/tr>\n<tr>\n<td width=\"197\">Fonte di potere<\/td>\n<td width=\"363\">Dalla porta USB<\/td>\n<\/tr>\n<tr>\n<td width=\"197\">Velocit\u00e0<\/td>\n<td width=\"363\">USB massima velocit\u00e0 (12 Mbps)<\/td>\n<\/tr>\n<tr>\n<td colspan=\"2\" width=\"560\">Contatta l&#039;interfaccia Smart Card<\/td>\n<\/tr>\n<tr>\n<td width=\"197\">Numero di slot<\/td>\n<td width=\"363\">1 slot per scheda SIM (2FF)<\/td>\n<\/tr>\n<tr>\n<td width=\"197\">Protocollo<\/td>\n<td width=\"363\">T=0; T=1<\/td>\n<\/tr>\n<tr>\n<td colspan=\"2\" width=\"560\">Periferiche integrate<\/td>\n<\/tr>\n<tr>\n<td width=\"197\">Pulsanti<\/td>\n<td width=\"363\">1<\/td>\n<\/tr>\n<tr>\n<td width=\"197\">GUIDATO<\/td>\n<td width=\"363\">Verde<\/td>\n<\/tr>\n<tr>\n<td colspan=\"2\" width=\"560\">Altre caratteristiche<\/td>\n<\/tr>\n<tr>\n<td width=\"197\">Altre caratteristiche<\/td>\n<td width=\"363\">Supporta l&#039;aggiornamento del firmware<\/td>\n<\/tr>\n<tr>\n<td colspan=\"2\" width=\"560\">Certificazioni\/Conformit\u00e0<\/td>\n<\/tr>\n<tr>\n<td rowspan=\"12\" width=\"197\">Certificazioni\/Conformit\u00e0<\/td>\n<td width=\"363\">Certificazioni:<\/td>\n<\/tr>\n<tr>\n<td width=\"363\">UL62368<\/td>\n<\/tr>\n<tr>\n<td width=\"363\">CE<\/td>\n<\/tr>\n<tr>\n<td width=\"363\">UKCA<\/td>\n<\/tr>\n<tr>\n<td width=\"363\">FCC<\/td>\n<\/tr>\n<tr>\n<td width=\"363\">RoHS<\/td>\n<\/tr>\n<tr>\n<td width=\"363\">PORTATA<\/td>\n<\/tr>\n<tr>\n<td width=\"363\">VCCI<\/td>\n<\/tr>\n<tr>\n<td width=\"363\">Microsoft\u00ae WHQL<\/td>\n<\/tr>\n<tr>\n<td width=\"363\">Conformit\u00e0:<\/td>\n<\/tr>\n<tr>\n<td width=\"363\">CCID USB<\/td>\n<\/tr>\n<tr>\n<td width=\"363\">PC\/SC<\/td>\n<\/tr>\n<tr>\n<td colspan=\"2\" width=\"560\">Supporto del sistema operativo del driver del dispositivo<\/td>\n<\/tr>\n<tr>\n<td rowspan=\"4\" width=\"197\">Supporto del sistema operativo del driver del dispositivo<\/td>\n<td width=\"363\">Windows\u00ae<\/td>\n<\/tr>\n<tr>\n<td width=\"363\">Linux\u00ae<\/td>\n<\/tr>\n<tr>\n<td width=\"363\">Mac OS<\/td>\n<\/tr>\n<tr>\n<td width=\"363\">Android\u2122<\/td>\n<\/tr>\n<\/tbody>\n<\/table>\n<\/div>","protected":false},"excerpt":{"rendered":"<div class=\"auto-hide-last-sibling-br paragraph_1252f paragraph-element\">L&#039;ACR40T \u00e8 un lettore di smartcard CCID compatto che supporta varie smartcard ed \u00e8 compatibile con pi\u00f9 sistemi operativi.<\/div>","protected":false},"featured_media":2785,"template":"","meta":[],"product_brand":[],"product_cat":[39],"product_tag":[],"class_list":{"0":"post-2784","1":"product","2":"type-product","3":"status-publish","4":"has-post-thumbnail","6":"product_cat-usb-ic-smartcard-reader","8":"first","9":"instock","10":"shipping-taxable","11":"product-type-simple"},"_links":{"self":[{"href":"https:\/\/nfc-readers.com\/it\/wp-json\/wp\/v2\/product\/2784","targetHints":{"allow":["GET"]}}],"collection":[{"href":"https:\/\/nfc-readers.com\/it\/wp-json\/wp\/v2\/product"}],"about":[{"href":"https:\/\/nfc-readers.com\/it\/wp-json\/wp\/v2\/types\/product"}],"wp:featuredmedia":[{"embeddable":true,"href":"https:\/\/nfc-readers.com\/it\/wp-json\/wp\/v2\/media\/2785"}],"wp:attachment":[{"href":"https:\/\/nfc-readers.com\/it\/wp-json\/wp\/v2\/media?parent=2784"}],"wp:term":[{"taxonomy":"product_brand","embeddable":true,"href":"https:\/\/nfc-readers.com\/it\/wp-json\/wp\/v2\/product_brand?post=2784"},{"taxonomy":"product_cat","embeddable":true,"href":"https:\/\/nfc-readers.com\/it\/wp-json\/wp\/v2\/product_cat?post=2784"},{"taxonomy":"product_tag","embeddable":true,"href":"https:\/\/nfc-readers.com\/it\/wp-json\/wp\/v2\/product_tag?post=2784"}],"curies":[{"name":"wp","href":"https:\/\/api.w.org\/{rel}","templated":true}]}}