{"id":2815,"date":"2024-06-19T06:35:44","date_gmt":"2024-06-19T06:35:44","guid":{"rendered":"https:\/\/nfc-readers.com\/?post_type=product&#038;p=2815"},"modified":"2024-09-23T05:48:48","modified_gmt":"2024-09-23T05:48:48","slug":"acr39u-h1-high-speed-usb-contact-smartcard-reader-writer","status":"publish","type":"product","link":"https:\/\/nfc-readers.com\/it\/ic-reader\/acr39u-h1-high-speed-usb-contact-smartcard-reader-writer\/","title":{"rendered":"Lettore e scrittore di smart card a contatto USB ad alta velocit\u00e0 ACR39U-H1"},"content":{"rendered":"<h1>Lettore e scrittore di smart card a contatto USB ad alta velocit\u00e0 ACR39U-H1<\/h1>\n<p>L&#039;ACR39U-H1 \u00e8 un versatile lettore di smart card che supporta smart card ISO 7816 Classe A, B e C (5 V, 3 V e 1,8 V), schede a microprocessore con protocollo T=0 o T=1 e schede di memoria. In particolare, \u00e8 compatibile anche con la Malaysian Identity Card (Mykad). \u00c8 dotato di un&#039;interfaccia USB full speed e vanta una velocit\u00e0 di lettura\/scrittura delle smart card fino a 600 Kbps. L&#039;ACR39U-H1 \u00e8 incredibilmente resistente, con una durata di 200.000 cicli di inserimento delle card. Possiede varie certificazioni, tra cui EMV\u2122 Livello 1 (Contact) e PBOC (People&#039;s Bank of China), il che lo rende il lettore di smart card perfetto per le tue applicazioni di e-Banking ed e-Payment.<\/p>\n<ul>\n<li>\n<h2>Interfaccia USB a piena velocit\u00e0<\/h2>\n<\/li>\n<li>\n<h2>Compatibile con USB 3.0<\/h2>\n<\/li>\n<li>\n<h2>Connettore USB tipo A<\/h2>\n<\/li>\n<li>\n<h2>Plug and Play: il supporto CCID offre la massima mobilit\u00e0<\/h2>\n<\/li>\n<li>\n<h2>Lettore di smart card:<\/h2>\n<ul>\n<li>\n<h3>Interfaccia di contatto:<\/h3>\n<ul>\n<li>Supporta schede ISO 7816 Classe A, B e C (5 V, 3 V, 1,8 V)<\/li>\n<li>Supporta CAC (scheda di accesso comune)<\/li>\n<li>Supporta la scheda SIPRNET<\/li>\n<li>Supporta schede a microprocessore con protocollo T=0 o T=1<\/li>\n<li>Supporta schede di memoria<\/li>\n<li>Supporta la scheda Mykad<\/li>\n<li>Supporta PPS (selezione protocollo e parametri)<\/li>\n<li>Dispone di protezione da cortocircuito<\/li>\n<\/ul>\n<\/li>\n<\/ul>\n<\/li>\n<li>\n<h2>Interfaccia di programmazione applicazioni:<\/h2>\n<ul>\n<li>\n<h3>Supporta PC\/SC<\/h3>\n<\/li>\n<li>\n<h3>Supporta CT-API (tramite wrapper su PC\/SC)<\/h3>\n<\/li>\n<\/ul>\n<\/li>\n<li>\n<h2>Supporta Android\u2122 3.1 e versioni successive<\/h2>\n<\/li>\n<\/ul>\n<table width=\"478\">\n<tbody>\n<tr>\n<td colspan=\"2\" width=\"478\">Caratteristiche fisiche<\/td>\n<\/tr>\n<tr>\n<td width=\"237\">Dimensioni (mm)<\/td>\n<td width=\"241\">71,5 mm (Lunghezza) x 80,0 mm (Larghezza) x 80,0 mm (Altezza)<\/td>\n<\/tr>\n<tr>\n<td width=\"237\">Peso (g)<\/td>\n<td width=\"241\">174 grammi<\/td>\n<\/tr>\n<tr>\n<td colspan=\"2\" width=\"478\">Modalit\u00e0 autonoma<\/td>\n<\/tr>\n<tr>\n<td width=\"237\">Sistema operativo<\/td>\n<td width=\"241\">1 slot per schede di dimensioni standard<\/td>\n<\/tr>\n<tr>\n<td colspan=\"2\" width=\"478\">Interfaccia USB<\/td>\n<\/tr>\n<tr>\n<td width=\"237\">Protocollo<\/td>\n<td width=\"241\">CCID USB<\/td>\n<\/tr>\n<tr>\n<td width=\"237\">Tipo di connettore<\/td>\n<td width=\"241\">Standard Tipo-A<\/td>\n<\/tr>\n<tr>\n<td width=\"237\">Fonte di potere<\/td>\n<td width=\"241\">Dalla porta USB<\/td>\n<\/tr>\n<tr>\n<td width=\"237\">Velocit\u00e0<\/td>\n<td width=\"241\">USB 2.0 massima velocit\u00e0 (12 Mbps)<\/td>\n<\/tr>\n<tr>\n<td width=\"237\">Lunghezza del cavo<\/td>\n<td width=\"241\">1,5 m, fisso<\/td>\n<\/tr>\n<tr>\n<td colspan=\"2\" width=\"478\">Contatta l&#039;interfaccia Smart Card<\/td>\n<\/tr>\n<tr>\n<td width=\"237\">Numero di slot<\/td>\n<td width=\"241\">1 slot per schede di dimensioni standard<\/td>\n<\/tr>\n<tr>\n<td width=\"237\">Standard<\/td>\n<td width=\"241\">ISO 7816 Parti 1-4, Classe A, B, C (5 V, 3 V, 1,8 V)<\/td>\n<\/tr>\n<tr>\n<td width=\"237\">Protocollo<\/td>\n<td width=\"241\">T=0; T=1; Supporto per schede di memoria<\/td>\n<\/tr>\n<tr>\n<td width=\"237\">Altri<\/td>\n<td width=\"241\">Smart card Mykad Card, CAC, PIV, SIPRNET<\/td>\n<\/tr>\n<tr>\n<td colspan=\"2\" width=\"478\">Certificazioni\/Conformit\u00e0<\/td>\n<\/tr>\n<tr>\n<td rowspan=\"17\" width=\"237\">Certificazioni\/Conformit\u00e0<\/td>\n<td width=\"241\">EN62368\/IEC 62368<\/td>\n<\/tr>\n<tr>\n<td width=\"241\">CE<\/td>\n<\/tr>\n<tr>\n<td width=\"241\">FCC<\/td>\n<\/tr>\n<tr>\n<td width=\"241\">RoHS<\/td>\n<\/tr>\n<tr>\n<td width=\"241\">PORTATA<\/td>\n<\/tr>\n<tr>\n<td width=\"241\">EMV\u2122 Livello 1 (Contatti)<\/td>\n<\/tr>\n<tr>\n<td width=\"241\">KCC<\/td>\n<\/tr>\n<tr>\n<td width=\"241\">PBOC<\/td>\n<\/tr>\n<tr>\n<td width=\"241\">TAAA (Stati Uniti)<\/td>\n<\/tr>\n<tr>\n<td width=\"241\">UKCA<\/td>\n<\/tr>\n<tr>\n<td width=\"241\">VCCI<\/td>\n<\/tr>\n<tr>\n<td width=\"241\">RAEE<\/td>\n<\/tr>\n<tr>\n<td width=\"241\">ISO7816<\/td>\n<\/tr>\n<tr>\n<td width=\"241\">USB 2.0 a piena velocit\u00e0<\/td>\n<\/tr>\n<tr>\n<td width=\"241\">PC\/SC<\/td>\n<\/tr>\n<tr>\n<td width=\"241\">CCID<\/td>\n<\/tr>\n<tr>\n<td width=\"241\">Microsoft\u00ae WHQL<\/td>\n<\/tr>\n<tr>\n<td colspan=\"2\" width=\"478\">Supporto del sistema operativo del driver del dispositivo<\/td>\n<\/tr>\n<tr>\n<td rowspan=\"5\" width=\"237\">Supporto del sistema operativo del driver del dispositivo<\/td>\n<td width=\"241\">Windows\u00ae<\/td>\n<\/tr>\n<tr>\n<td width=\"241\">Linux\u00ae<\/td>\n<\/tr>\n<tr>\n<td width=\"241\">macOS\u00ae<\/td>\n<\/tr>\n<tr>\n<td width=\"241\">Solaris\u2122<\/td>\n<\/tr>\n<tr>\n<td width=\"241\">Android\u2122<\/td>\n<\/tr>\n<tr>\n<td><\/td>\n<td><\/td>\n<\/tr>\n<\/tbody>\n<\/table>","protected":false},"excerpt":{"rendered":"<p>L&#039;ACR39U-H1 \u00e8 un lettore di schede EMV PBOC di facile utilizzo, progettato per varie applicazioni, tra cui l&#039;e-Government e il controllo degli accessi.<\/p>","protected":false},"featured_media":2816,"template":"","meta":[],"product_brand":[],"product_cat":[39],"product_tag":[],"class_list":{"0":"post-2815","1":"product","2":"type-product","3":"status-publish","4":"has-post-thumbnail","6":"product_cat-usb-ic-smartcard-reader","8":"first","9":"instock","10":"shipping-taxable","11":"product-type-simple"},"_links":{"self":[{"href":"https:\/\/nfc-readers.com\/it\/wp-json\/wp\/v2\/product\/2815","targetHints":{"allow":["GET"]}}],"collection":[{"href":"https:\/\/nfc-readers.com\/it\/wp-json\/wp\/v2\/product"}],"about":[{"href":"https:\/\/nfc-readers.com\/it\/wp-json\/wp\/v2\/types\/product"}],"wp:featuredmedia":[{"embeddable":true,"href":"https:\/\/nfc-readers.com\/it\/wp-json\/wp\/v2\/media\/2816"}],"wp:attachment":[{"href":"https:\/\/nfc-readers.com\/it\/wp-json\/wp\/v2\/media?parent=2815"}],"wp:term":[{"taxonomy":"product_brand","embeddable":true,"href":"https:\/\/nfc-readers.com\/it\/wp-json\/wp\/v2\/product_brand?post=2815"},{"taxonomy":"product_cat","embeddable":true,"href":"https:\/\/nfc-readers.com\/it\/wp-json\/wp\/v2\/product_cat?post=2815"},{"taxonomy":"product_tag","embeddable":true,"href":"https:\/\/nfc-readers.com\/it\/wp-json\/wp\/v2\/product_tag?post=2815"}],"curies":[{"name":"wp","href":"https:\/\/api.w.org\/{rel}","templated":true}]}}