{"id":3178,"date":"2024-10-29T13:08:37","date_gmt":"2024-10-29T13:08:37","guid":{"rendered":"https:\/\/nfc-readers.com\/?post_type=product&#038;p=3178"},"modified":"2024-10-29T14:04:44","modified_gmt":"2024-10-29T14:04:44","slug":"optional-random-id-mifare-ultralight-aes-sticker-iso1443a","status":"publish","type":"product","link":"https:\/\/nfc-readers.com\/it\/ic-reader\/optional-random-id-mifare-ultralight-aes-sticker-iso1443a\/","title":{"rendered":"adesivo Mifare Ultralight AES ID casuale opzionale ISO1443A"},"content":{"rendered":"<h1><strong>adesivo Mifare Ultralight AES ID casuale opzionale ISO1443A<\/strong><\/h1>\n<p>IL\u00a0<strong>Adesivo Mifare Ultralight AES ID casuale opzionale ISO14443A<\/strong>\u00a0rappresenta l&#039;avanguardia della moderna tecnologia di biglietteria e controllo accessi. Combinando i vantaggi della comunicazione RFID e NFC, questa versatile smart card garantisce elevata sicurezza e praticit\u00e0, rendendola ideale per varie applicazioni come la biglietteria per eventi e le carte fedelt\u00e0. Se stai cercando una soluzione affidabile che eccella in termini di prestazioni offrendo al contempo esperienze utente fluide, non cercare oltre questo prodotto innovativo.<\/p>\n<h2>Perch\u00e9 scegliere l&#039;adesivo Mifare Ultralight AES?<\/h2>\n<p>L&#039;adesivo Mifare Ultralight AES \u00e8 progettato per migliorare la sicurezza e l&#039;usabilit\u00e0 in una pletora di casi d&#039;uso. Con la sua crittografia AES, i tuoi dati sono protetti da accessi non autorizzati, garantendoti tranquillit\u00e0. Il design compatto consente una facile integrazione nei sistemi esistenti, mentre l&#039;ampio raggio di lettura (fino a 100 cm) offre una praticit\u00e0 senza pari. Investire in questo prodotto significa investire in una tecnologia all&#039;avanguardia che soddisfa una variet\u00e0 di esigenze.<\/p>\n<h3><strong>Elevata sicurezza con crittografia AES<\/strong><\/h3>\n<p>Il fulcro dell&#039;adesivo Mifare Ultralight AES \u00e8 l&#039;elevato livello di sicurezza che fornisce attraverso\u00a0<strong>AES (standard di crittografia avanzato)<\/strong>Questa tecnologia di crittografia all&#039;avanguardia salvaguarda i dati degli utenti e garantisce una comunicazione sicura tra l&#039;adesivo e i lettori di carte. Poich\u00e9 le preoccupazioni sulla sicurezza continuano ad aumentare nel panorama digitale odierno, avere una soluzione smart card affidabile \u00e8 essenziale per le aziende che mirano a proteggere le informazioni sensibili.<\/p>\n<h3><strong>Aree di applicazione versatili<\/strong><\/h3>\n<p>Il Mifare Ultralight AES Sticker non \u00e8 solo una smart card; \u00e8 una soluzione versatile che pu\u00f2 essere utilizzata in varie applicazioni. Tra queste rientrano la biglietteria per eventi, programmi fedelt\u00e0, tessere per i trasporti e sistemi di controllo degli accessi.\u00a0<strong>ISO14443A<\/strong>\u00a0la conformit\u00e0 garantisce la compatibilit\u00e0 globale, rendendolo altamente adattabile per le aziende che desiderano semplificare le operazioni e migliorare l&#039;esperienza degli utenti.<\/p>\n<h3><strong>Design compatto e personalizzabile<\/strong><\/h3>\n<p>IL\u00a0<strong>Dimensioni 30mm<\/strong>\u00a0dell&#039;adesivo Mifare Ultralight AES si presta a essere facilmente attaccato a vari articoli, dai badge ai portachiavi. Le sue opzioni personalizzabili offrono alle aziende l&#039;opportunit\u00e0 di incorporare il branding senza soluzione di continuit\u00e0, assicurando che ogni adesivo non solo funzioni in modo efficiente, ma rappresenti anche il tuo marchio in modo efficace.<\/p>\n<table class=\"preview\" style=\"height: 270px;\" width=\"553\">\n<thead>\n<tr>\n<th>Caratteristica<\/th>\n<th>Specificazione<\/th>\n<\/tr>\n<\/thead>\n<tbody>\n<tr>\n<td>Materiale<\/td>\n<td>PET\/Carta patinata<\/td>\n<\/tr>\n<tr>\n<td>Patata fritta<\/td>\n<td>AES ultraleggero<\/td>\n<\/tr>\n<tr>\n<td>Frequenza<\/td>\n<td>13,56 MHz<\/td>\n<\/tr>\n<tr>\n<td>Campo di lettura<\/td>\n<td>0-100 centimetri<\/td>\n<\/tr>\n<tr>\n<td>Memoria<\/td>\n<td>144 byte<\/td>\n<\/tr>\n<tr>\n<td>Protocollo<\/td>\n<td>ISO14443A<\/td>\n<\/tr>\n<tr>\n<td>Unit\u00e0 di vendita<\/td>\n<td>Singolo articolo<\/td>\n<\/tr>\n<tr>\n<td>Dimensioni della confezione<\/td>\n<td>0,1 x 0,1 x 0,02 centimetri<\/td>\n<\/tr>\n<tr>\n<td>Peso lordo<\/td>\n<td>0,010 kg<\/td>\n<\/tr>\n<\/tbody>\n<\/table>\n<p>&nbsp;<\/p>","protected":false},"excerpt":{"rendered":"<p>L&#039;adesivo opzionale Random ID MIFARE Ultralight AES, conforme a ISO 14443A, offre funzionalit\u00e0 di sicurezza avanzate e gestione flessibile dei dati per soluzioni efficaci di controllo degli accessi e identificazione. Il suo design compatto consente una facile integrazione in varie applicazioni, garantendo al contempo prestazioni affidabili.<\/p>","protected":false},"featured_media":3179,"template":"","meta":[],"product_brand":[],"product_cat":[48],"product_tag":[],"class_list":{"0":"post-3178","1":"product","2":"type-product","3":"status-publish","4":"has-post-thumbnail","6":"product_cat-nfc-stickers","8":"first","9":"instock","10":"shipping-taxable","11":"product-type-simple"},"_links":{"self":[{"href":"https:\/\/nfc-readers.com\/it\/wp-json\/wp\/v2\/product\/3178","targetHints":{"allow":["GET"]}}],"collection":[{"href":"https:\/\/nfc-readers.com\/it\/wp-json\/wp\/v2\/product"}],"about":[{"href":"https:\/\/nfc-readers.com\/it\/wp-json\/wp\/v2\/types\/product"}],"wp:featuredmedia":[{"embeddable":true,"href":"https:\/\/nfc-readers.com\/it\/wp-json\/wp\/v2\/media\/3179"}],"wp:attachment":[{"href":"https:\/\/nfc-readers.com\/it\/wp-json\/wp\/v2\/media?parent=3178"}],"wp:term":[{"taxonomy":"product_brand","embeddable":true,"href":"https:\/\/nfc-readers.com\/it\/wp-json\/wp\/v2\/product_brand?post=3178"},{"taxonomy":"product_cat","embeddable":true,"href":"https:\/\/nfc-readers.com\/it\/wp-json\/wp\/v2\/product_cat?post=3178"},{"taxonomy":"product_tag","embeddable":true,"href":"https:\/\/nfc-readers.com\/it\/wp-json\/wp\/v2\/product_tag?post=3178"}],"curies":[{"name":"wp","href":"https:\/\/api.w.org\/{rel}","templated":true}]}}