{"id":3186,"date":"2024-10-29T13:27:39","date_gmt":"2024-10-29T13:27:39","guid":{"rendered":"https:\/\/nfc-readers.com\/?post_type=product&#038;p=3186"},"modified":"2024-10-29T13:59:52","modified_gmt":"2024-10-29T13:59:52","slug":"dia-30mm-ntag-424-dna-nfc-sticker-tamper-proof-high-security","status":"publish","type":"product","link":"https:\/\/nfc-readers.com\/it\/ic-reader\/dia-30mm-ntag-424-dna-nfc-sticker-tamper-proof-high-security\/","title":{"rendered":"Adesivo NFC DNA NTAG 424 da 30 mm, antimanomissione, ad alta sicurezza"},"content":{"rendered":"<h2><strong>Adesivo NFC DNA NTAG 424 da 30 mm, antimanomissione, ad alta sicurezza<\/strong><\/h2>\n<p>Scopri il prossimo livello di comunicazione sicura con <strong>Adesivo NFC DNA NTAG 424 diametro 30 mm<\/strong>Progettato per le aziende che desiderano migliorare le proprie misure di sicurezza, questo\u00a0<strong>Carta NFC<\/strong>\u00a0utilizza una tecnologia all&#039;avanguardia che non solo impedisce la manomissione, ma garantisce anche una tracciabilit\u00e0 senza soluzione di continuit\u00e0. Che tu operi nel settore del vino e che enfatizzi le misure anticontraffazione o in qualsiasi altro settore che necessiti di una protezione avanzata, questo versatile adesivo NFC \u00e8 una risorsa inestimabile.<\/p>\n<p>&nbsp;<\/p>\n<h2><strong>Principali vantaggi dell&#039;adesivo NFC DNA NTAG 424 da 30 mm di diametro<\/strong><\/h2>\n<p>IL\u00a0<strong>Adesivo NFC NTAG 424 DNA<\/strong>\u00a0integra caratteristiche stellari per fornire sicurezza e praticit\u00e0 di prim&#039;ordine. La sua flessibilit\u00e0 e facilit\u00e0 d&#039;uso lo rendono una soluzione eccezionale per le aziende che puntano a una comunicazione e una tracciabilit\u00e0 migliorate. Grazie alla capacit\u00e0 di trasportare informazioni vitali in modo sicuro, questi\u00a0<strong>Prodotti NFC<\/strong>\u00a0sono dotati di sicurezza AES a 128 bit, che li rende resistenti alla contraffazione. Investendo in questo prodotto innovativo, non solo salvaguarderai l&#039;integrit\u00e0 del tuo marchio, ma migliorerai anche la fiducia dei clienti.<\/p>\n<p>&nbsp;<\/p>\n<h3><strong>Soluzione innovativa per biglietti da visita NFC<\/strong><\/h3>\n<p>IL\u00a0<strong>Adesivo NFC DNA NTAG 424 diametro 30 mm<\/strong>\u00a0ridefinisce il modo in cui percepiamo i biglietti da visita tradizionali. Come\u00a0<strong>biglietto da visita digitale<\/strong>, consente agli utenti di &quot;toccare&quot; i loro smartphone per raccogliere informazioni di contatto senza sforzo. Dimentica la seccatura di portare con te pi\u00f9 biglietti da visita cartacei; con un semplice tocco, i clienti possono accedere ai tuoi profili social e ai dettagli di contatto in un istante. Questo\u00a0<strong>Biglietto da visita NFC<\/strong>\u00a0non solo migliora l&#039;immagine professionale del tuo marchio, ma dimostra anche il tuo impegno nell&#039;adottare tecnologie moderne.<\/p>\n<p>Inoltre, questi\u00a0<strong>Schede NFC<\/strong>\u00a0sono perfetti per eventi di networking in cui la prima impressione conta. Ti permettono di distinguerti in un ambiente competitivo rendendo la condivisione di informazioni interattiva e memorabile.<\/p>\n<p>&nbsp;<\/p>\n<h3><strong>Domande frequenti (FAQ)<\/strong><\/h3>\n<p><strong>D: Come si usa l&#039;adesivo NFC?<\/strong><br \/>\nR: Basta toccare l&#039;adesivo con lo smartphone e le informazioni incorporate appariranno sullo schermo.<\/p>\n<p><strong>D: Gli adesivi NFC sono personalizzabili?<\/strong><br \/>\nR: S\u00ec, offriamo design personalizzabili, inclusi loghi e opzioni di testo, che ti consentono di creare un&#039;esperienza NFC unica.<\/p>\n<p><strong>D: Qual \u00e8 la durata di vita dell&#039;adesivo NFC DNA NTAG 424 da 30 mm?<\/strong><br \/>\nR: Con una resistenza alla scrittura di 200.000 cicli, questi adesivi sono progettati per un uso a lungo termine e per garantire affidabilit\u00e0.<\/p>\n<p><strong>D: Posso usare questi adesivi per le promozioni?<\/strong><br \/>\nA: Certamente! Sono perfetti per campagne promozionali interattive e possono essere utilizzati per condividere offerte, sconti o informazioni sui prodotti.<\/p>\n<p>&nbsp;<\/p>\n<p>&nbsp;<\/p>\n<h3><strong>Specifiche tecniche della carta NFC<\/strong><\/h3>\n<table class=\"preview\" style=\"height: 299px;\" width=\"532\">\n<thead>\n<tr>\n<th><strong>Caratteristica<\/strong><\/th>\n<th><strong>Dettagli<\/strong><\/th>\n<\/tr>\n<\/thead>\n<tbody>\n<tr>\n<td><strong>Tipo di chip<\/strong><\/td>\n<td>NTAG424DNA<\/td>\n<\/tr>\n<tr>\n<td><strong>Memoria<\/strong><\/td>\n<td>416 byte<\/td>\n<\/tr>\n<tr>\n<td><strong>Sicurezza<\/strong><\/td>\n<td>AES a 128 bit, LRP<\/td>\n<\/tr>\n<tr>\n<td><strong>Chiavi di accesso<\/strong><\/td>\n<td>5 x 128 bit<\/td>\n<\/tr>\n<tr>\n<td><strong>Scrivi Resistenza<\/strong><\/td>\n<td>200.000 cicli<\/td>\n<\/tr>\n<tr>\n<td><strong>Interfaccia di comunicazione<\/strong><\/td>\n<td>Tipo di forum NFC 4<\/td>\n<\/tr>\n<tr>\n<td><strong>Materiale<\/strong><\/td>\n<td>ANIMALE DOMESTICO<\/td>\n<\/tr>\n<tr>\n<td><strong>Dimensioni dell&#039;antenna<\/strong><\/td>\n<td>Diametro 30mm<\/td>\n<\/tr>\n<tr>\n<td><strong>Confezione<\/strong><\/td>\n<td>1000-5000 pezzi\/rotolo<\/td>\n<\/tr>\n<tr>\n<td><strong>Certificazione<\/strong><\/td>\n<td>ISO14443A, ISO15693<\/td>\n<\/tr>\n<\/tbody>\n<\/table>\n<p>&nbsp;<\/p>","protected":false},"excerpt":{"rendered":"<p>L&#039;adesivo NFC DNA NTAG 424 da 30 mm di diametro offre un&#039;elevata sicurezza con tecnologia antimanomissione, assicurando una protezione affidabile dei dati e un&#039;esperienza utente fluida. Perfetto per le aziende che necessitano di soluzioni sicure!<\/p>","protected":false},"featured_media":3188,"template":"","meta":[],"product_brand":[],"product_cat":[48],"product_tag":[],"class_list":{"0":"post-3186","1":"product","2":"type-product","3":"status-publish","4":"has-post-thumbnail","6":"product_cat-nfc-stickers","8":"first","9":"instock","10":"shipping-taxable","11":"product-type-simple"},"_links":{"self":[{"href":"https:\/\/nfc-readers.com\/it\/wp-json\/wp\/v2\/product\/3186","targetHints":{"allow":["GET"]}}],"collection":[{"href":"https:\/\/nfc-readers.com\/it\/wp-json\/wp\/v2\/product"}],"about":[{"href":"https:\/\/nfc-readers.com\/it\/wp-json\/wp\/v2\/types\/product"}],"wp:featuredmedia":[{"embeddable":true,"href":"https:\/\/nfc-readers.com\/it\/wp-json\/wp\/v2\/media\/3188"}],"wp:attachment":[{"href":"https:\/\/nfc-readers.com\/it\/wp-json\/wp\/v2\/media?parent=3186"}],"wp:term":[{"taxonomy":"product_brand","embeddable":true,"href":"https:\/\/nfc-readers.com\/it\/wp-json\/wp\/v2\/product_brand?post=3186"},{"taxonomy":"product_cat","embeddable":true,"href":"https:\/\/nfc-readers.com\/it\/wp-json\/wp\/v2\/product_cat?post=3186"},{"taxonomy":"product_tag","embeddable":true,"href":"https:\/\/nfc-readers.com\/it\/wp-json\/wp\/v2\/product_tag?post=3186"}],"curies":[{"name":"wp","href":"https:\/\/api.w.org\/{rel}","templated":true}]}}