{"id":3225,"date":"2024-11-01T09:59:32","date_gmt":"2024-11-01T09:59:32","guid":{"rendered":"https:\/\/nfc-readers.com\/?post_type=product&#038;p=3225"},"modified":"2024-11-04T09:03:20","modified_gmt":"2024-11-04T09:03:20","slug":"mifare-rfid-pvc-card-full-color-printed-for-cashless-payment","status":"publish","type":"product","link":"https:\/\/nfc-readers.com\/it\/ic-reader\/mifare-rfid-pvc-card-full-color-printed-for-cashless-payment\/","title":{"rendered":"Carta MIFARE RFID PVC Stampata a colori per pagamenti senza contanti"},"content":{"rendered":"<h1><span style=\"color: #000080;\"><strong>Carta MIFARE RFID PVC stampata a colori per pagamenti senza contanti<\/strong><\/span><\/h1>\n<h4 class=\"w-8 h-8 flex-center rounded-lg cursor-pointer hover:bg-grey-fill1-hover\"><span style=\"color: #666699;\">IntroduzioneIn un&#039;epoca in cui le transazioni digitali stanno diventando la norma, <strong>Carta MIFARE RFID PVC<\/strong>, specificamente progettato per\u00a0<strong>pagamenti senza contanti<\/strong>, si distingue come uno strumento rivoluzionario per aziende e consumatori. Queste carte stampate a colori non solo forniscono una superficie attraente per il branding, ma vantano anche una tecnologia avanzata per transazioni sicure e senza interruzioni. Che tu lavori nel commercio al dettaglio, nella gestione di eventi o nel networking, queste carte rappresentano una soluzione versatile che soddisfa diverse esigenze nel nostro mondo digitale.<\/span><\/h4>\n<hr \/>\n<h2 class=\"w-8 h-8 flex-center rounded-lg cursor-pointer hover:bg-grey-fill1-hover\" style=\"text-align: center;\"><span style=\"color: #000080;\"><em><strong>Vantaggi del prodotto<\/strong><\/em><\/span><\/h2>\n<h3 class=\"w-8 h-8 flex-center rounded-lg cursor-pointer hover:bg-grey-fill1-hover\"><span style=\"color: #333399;\"><strong>1. Elevata sicurezza<\/strong><\/span><\/h3>\n<p class=\"w-8 h-8 flex-center rounded-lg cursor-pointer hover:bg-grey-fill1-hover\">Le nostre carte MIFARE RFID PVC utilizzano <strong>Tecnologia MIFARE Desfire EV3<\/strong>, noto per la sua elevata sicurezza e affidabilit\u00e0.<\/p>\n<p class=\"w-8 h-8 flex-center rounded-lg cursor-pointer hover:bg-grey-fill1-hover\">Questo chip avanzato assicura che le informazioni sensibili siano protette da accessi non autorizzati. Con pi\u00f9 livelli di crittografia, queste schede sono ideali per applicazioni che richiedono misure di sicurezza rigorose.<\/p>\n<div class=\"answer-markdown-box h-[calc(100%-57px)] bg-grey-layer2-normal\">\n<div class=\"markdown-body h-full\">\n<div class=\"custom-scrollbar overflow-auto custom-scrollbar-wide h-full\">\n<table class=\"preview\">\n<thead>\n<tr>\n<th><strong>Caratteristica<\/strong><\/th>\n<th><strong>Specificazione<\/strong><\/th>\n<\/tr>\n<\/thead>\n<tbody>\n<tr>\n<td><strong>Patata fritta<\/strong><\/td>\n<td>Mifare Desfire EV3<\/td>\n<\/tr>\n<tr>\n<td><strong>Opzioni di memoria<\/strong><\/td>\n<td>2K\/4K\/8K<\/td>\n<\/tr>\n<tr>\n<td><strong>Protocollo<\/strong><\/td>\n<td>ISO14443A<\/td>\n<\/tr>\n<tr>\n<td><strong>Frequenza<\/strong><\/td>\n<td>13,56 MHz<\/td>\n<\/tr>\n<tr>\n<td><strong>Materiale<\/strong><\/td>\n<td>PVC<\/td>\n<\/tr>\n<tr>\n<td><strong>Misurare<\/strong><\/td>\n<td>CR80 (85,5x54 mm)<\/td>\n<\/tr>\n<tr>\n<td><strong>Opzioni di stampa<\/strong><\/td>\n<td>Colori CMYK\/Pantone<\/td>\n<\/tr>\n<tr>\n<td><strong>Finiture superficiali<\/strong><\/td>\n<td>Lucido \/ Opaco<\/td>\n<\/tr>\n<tr>\n<td><strong>Origine<\/strong><\/td>\n<td>Guangdong, Cina<\/td>\n<\/tr>\n<tr>\n<td><strong>Tipo di carta<\/strong><\/td>\n<td>Carta senza contatto (RFID)<\/td>\n<\/tr>\n<tr>\n<td><strong>Temperatura di esercizio<\/strong><\/td>\n<td>-20\u00b0C a 60\u00b0C<\/td>\n<\/tr>\n<tr>\n<td><strong>Temperatura di conservazione<\/strong><\/td>\n<td>-40\u00b0C a 80\u00b0C<\/td>\n<\/tr>\n<tr>\n<td><strong>Umidit\u00e0<\/strong><\/td>\n<td>0-100%RH<\/td>\n<\/tr>\n<tr>\n<td><strong>Conservazione dei dati<\/strong><\/td>\n<td>10 anni o pi\u00f9<\/td>\n<\/tr>\n<tr>\n<td><strong>Alimentazione elettrica<\/strong><\/td>\n<td>Non \u00e8 richiesta alimentazione esterna<\/td>\n<\/tr>\n<tr>\n<td><strong>Tipo di sensore<\/strong><\/td>\n<td>13,56 MHz RFID<\/td>\n<\/tr>\n<tr>\n<td><strong>Allineare<\/strong><\/td>\n<td>Fino a 10 cm<\/td>\n<\/tr>\n<tr>\n<td><strong>Compatibilit\u00e0<\/strong><\/td>\n<td>Dispositivi abilitati NFC (smartphone, tablet, ecc.)<\/td>\n<\/tr>\n<tr>\n<td><strong>Sicurezza<\/strong><\/td>\n<td>Crittografia DES,3DES, AES<\/td>\n<\/tr>\n<tr>\n<td><strong>Certificazioni<\/strong><\/td>\n<td>ISO\/IEC14443, Forum NFC<\/td>\n<\/tr>\n<\/tbody>\n<\/table>\n<h2><\/h2>\n<h3><span style=\"color: #333399;\"><strong>2. Versatilit\u00e0 nelle applicazioni<\/strong><\/span><\/h3>\n<p>Queste versatili carte non sono solo per pagamenti senza contanti. Possono essere utilizzate in varie applicazioni, tra cui:<\/p>\n<ul>\n<li><strong>Controllo degli accessi<\/strong><\/li>\n<li><strong>Biglietteria per eventi<\/strong><\/li>\n<li><strong>Tessere associative<\/strong><\/li>\n<li><strong>Programmi fedelt\u00e0<\/strong><\/li>\n<li><strong>Biglietti da visita NFC<\/strong><\/li>\n<\/ul>\n<p>Questa adattabilit\u00e0 li rende un investimento intelligente per qualsiasi azienda che voglia migliorare la propria offerta di servizi.<\/p>\n<p>&nbsp;<\/p>\n<h3><span style=\"color: #333399;\"><strong>3. Durata e design<\/strong><\/span><\/h3>\n<p>Costruito da <strong>PVC di alta qualit\u00e0<\/strong>, queste carte sono impermeabili e resistenti all&#039;usura. Sono progettate per durare, riducendo la necessit\u00e0 di frequenti sostituzioni.\u00a0<strong>Stampa a colori<\/strong>\u00a0Le opzioni consentono alle aziende di creare design accattivanti in linea con il proprio marchio, garantendo che ogni biglietto da visita serva da strumento di marketing.<\/p>\n<p>&nbsp;<\/p>\n<h3><span style=\"color: #333399;\"><strong>4. Facile da usare<\/strong><\/span><\/h3>\n<p>Le nostre carte MIFARE RFID PVC sono progettate per essere facili da usare. Basta avvicinare la carta a qualsiasi dispositivo abilitato NFC per transazioni rapide. Questa esperienza intuitiva pu\u00f2 aumentare la soddisfazione del cliente e semplificare i processi di pagamento.<\/p>\n<p><img loading=\"lazy\" decoding=\"async\" class=\"alignnone wp-image-3344\" src=\"https:\/\/nfc-readers.com\/wp-content\/uploads\/2024\/11\/main-image-4-6-300x300.jpeg\" alt=\"\" width=\"336\" height=\"336\" srcset=\"https:\/\/nfc-readers.com\/wp-content\/uploads\/2024\/11\/main-image-4-6-300x300.jpeg 300w, https:\/\/nfc-readers.com\/wp-content\/uploads\/2024\/11\/main-image-4-6-150x150.jpeg 150w, https:\/\/nfc-readers.com\/wp-content\/uploads\/2024\/11\/main-image-4-6-768x768.jpeg 768w, https:\/\/nfc-readers.com\/wp-content\/uploads\/2024\/11\/main-image-4-6-12x12.jpeg 12w, https:\/\/nfc-readers.com\/wp-content\/uploads\/2024\/11\/main-image-4-6-600x600.jpeg 600w, https:\/\/nfc-readers.com\/wp-content\/uploads\/2024\/11\/main-image-4-6-100x100.jpeg 100w, https:\/\/nfc-readers.com\/wp-content\/uploads\/2024\/11\/main-image-4-6.jpeg 800w\" sizes=\"auto, (max-width: 336px) 100vw, 336px\" \/><img loading=\"lazy\" decoding=\"async\" class=\"alignnone wp-image-3346\" src=\"https:\/\/nfc-readers.com\/wp-content\/uploads\/2024\/11\/main-image-6-5-300x300.jpeg\" alt=\"\" width=\"347\" height=\"347\" srcset=\"https:\/\/nfc-readers.com\/wp-content\/uploads\/2024\/11\/main-image-6-5-300x300.jpeg 300w, https:\/\/nfc-readers.com\/wp-content\/uploads\/2024\/11\/main-image-6-5-150x150.jpeg 150w, https:\/\/nfc-readers.com\/wp-content\/uploads\/2024\/11\/main-image-6-5-768x768.jpeg 768w, https:\/\/nfc-readers.com\/wp-content\/uploads\/2024\/11\/main-image-6-5-12x12.jpeg 12w, https:\/\/nfc-readers.com\/wp-content\/uploads\/2024\/11\/main-image-6-5-600x600.jpeg 600w, https:\/\/nfc-readers.com\/wp-content\/uploads\/2024\/11\/main-image-6-5-100x100.jpeg 100w, https:\/\/nfc-readers.com\/wp-content\/uploads\/2024\/11\/main-image-6-5.jpeg 800w\" sizes=\"auto, (max-width: 347px) 100vw, 347px\" \/><\/p>\n<hr \/>\n<h2 style=\"text-align: center;\"><em><span style=\"color: #000080;\"><strong>Caratteristiche innovative<\/strong><\/span><\/em><\/h2>\n<h3><span style=\"color: #333399;\"><strong>1. Opzioni di personalizzazione<\/strong><\/span><\/h3>\n<p>La personalizzazione \u00e8 fondamentale per qualsiasi attivit\u00e0 che voglia lasciare un&#039;impressione duratura. Le nostre card offrono una gamma di opzioni di stampa, tra cui:<\/p>\n<ul>\n<li><strong>Stampa a colori<\/strong>: Design vivaci che faranno risaltare il tuo marchio.<\/li>\n<li><strong>Forme e dimensioni personalizzate<\/strong>: Adatta le dimensioni della carta alle tue esigenze.<\/li>\n<\/ul>\n<p>&nbsp;<\/p>\n<h3><span style=\"color: #333399;\"><strong>2. Compatibilit\u00e0 con la tecnologia NFC<\/strong><\/span><\/h3>\n<p>Le carte MIFARE RFID PVC sono compatibili con tutti i dispositivi abilitati NFC, garantendo una comunicazione senza interruzioni. Questa ampia compatibilit\u00e0 significa che gli utenti possono interagire facilmente con i loro smartphone o terminali di pagamento.<\/p>\n<p>&nbsp;<\/p>\n<h3><span style=\"color: #333399;\"><strong>3. Produzione ecosostenibile<\/strong><\/span><\/h3>\n<p>Le nostre carte sono realizzate in PVC resistente, riducendo gli sprechi rispetto alle carte di carta monouso. Investire in carte RFID di alta qualit\u00e0 \u00e8 un passo verso la sostenibilit\u00e0, che attrae i consumatori attenti all&#039;ambiente che cercano alternative pi\u00f9 ecologiche.<\/p>\n<p>&nbsp;<\/p>\n<h3><span style=\"color: #333399;\"><strong>4. Opzioni di ricarica e ristampa rapide<\/strong><\/span><\/h3>\n<p>Se dovessi mai aver bisogno di ristampare una card, il nostro processo semplificato consente un rapido riordino. Inoltre, le opzioni di personalizzazione significano che le ristampe possono mostrare informazioni aggiornate o marchi senza soluzione di continuit\u00e0.<\/p>\n<hr \/>\n<p>&nbsp;<\/p>\n<h3><em><span style=\"color: #666699;\">Uso quotidiano-\u00a0<strong>Tocca e paga<\/strong>: <\/span><\/em><\/h3>\n<p><strong>Per completare la transazione, i clienti devono semplicemente avvicinare la propria carta a un dispositivo compatibile.<\/strong><\/p>\n<ul>\n<li><strong>Condivisione delle informazioni<\/strong>: Grazie ai biglietti da visita NFC, gli utenti possono condividere le informazioni di contatto con un rapido tocco, eliminando la necessit\u00e0 dei tradizionali biglietti da visita.<\/li>\n<\/ul>\n<hr \/>\n<h2><\/h2>\n<h2 style=\"text-align: center;\"><em><span style=\"color: #000080;\"><strong>Recensioni dei clienti<\/strong><\/span><\/em><\/h2>\n<p><strong>Molte aziende hanno trovato vantaggioso il passaggio alle carte MIFARE RFID PVC sotto vari aspetti. Ecco alcune testimonianze dei nostri clienti:<\/strong><\/p>\n<p><span style=\"color: #008080;\"><strong>&quot;Da quando abbiamo integrato le carte MIFARE nel nostro sistema di pagamento cashless, il nostro tasso di transazioni \u00e8 aumentato drasticamente. Le carte sono facili da usare e hanno un design elegante che impressiona i nostri clienti&quot;. \u2013 John M., Retail Manager<\/strong><\/span><\/p>\n<blockquote><p><strong>&quot;I biglietti da visita NFC personalizzati che abbiamo ordinato hanno trasformato i nostri eventi di networking. Condividere i dettagli dei contatti \u00e8 ora un gioco da ragazzi e la qualit\u00e0 \u00e8 di prim&#039;ordine&quot;. \u2013 Sarah L., Event Coordinator<\/strong><\/p><\/blockquote>\n<hr \/>\n<h2><\/h2>\n<h2 style=\"text-align: center;\"><span style=\"color: #000080;\"><em><strong>Domande frequenti<\/strong><\/em><\/span><\/h2>\n<p><strong>1. Le carte MIFARE sono compatibili con tutti gli smartphone?<\/strong><\/p>\n<p>S\u00ec, le carte MIFARE RFID PVC sono compatibili con tutti gli smartphone abilitati NFC, consentendo agli utenti di effettuare transazioni senza problemi.<\/p>\n<p><strong>2. Posso personalizzare il design delle mie carte MIFARE?<\/strong><\/p>\n<p>Assolutamente! Le nostre carte sono dotate di varie opzioni di personalizzazione pensate per soddisfare le tue esigenze di branding.<\/p>\n<p><strong>3. Quanto sono sicure le carte MIFARE RFID PVC?<\/strong><\/p>\n<p>Grazie alla tecnologia MIFARE Desfire EV3, queste carte offrono un elevato livello di sicurezza per l&#039;archiviazione di informazioni sensibili.<\/p>\n<p><strong>4. Offrite la spedizione gratuita?<\/strong><\/p>\n<p>S\u00ec, forniamo\u00a0<strong>spedizione gratuita<\/strong>\u00a0su tutti gli ordini, garantendoti un valore aggiunto con il tuo acquisto.<\/p>\n<p>&nbsp;<\/p>\n<p><strong>5. Cosa devo fare se ho bisogno di ristampare una carta?<\/strong><\/p>\n<p>Il nostro processo di riordino senza problemi semplifica la richiesta di una ristampa. Basta effettuare l&#039;ordine e noi ci occuperemo del resto.<\/p>\n<p>&nbsp;<\/p>\n<hr \/>\n<h4><span style=\"color: #666699;\">Migliora le tue soluzioni di pagamento oggiInvestendo in\u00a0<strong>Carte MIFARE RFID PVC<\/strong>\u00a0rappresenta una mossa strategica verso la modernizzazione dei tuoi processi di transazione. Con i loro materiali di alta qualit\u00e0, la tecnologia avanzata e le ampie opzioni di personalizzazione, queste carte sono perfette per le aziende che mirano a migliorare l&#039;esperienza dei loro clienti.Inizia la tua transizione verso\u00a0<strong>soluzioni senza contanti<\/strong>\u00a0oggi! Che tu voglia integrare sistemi di pagamento intelligenti o creare straordinari biglietti da visita NFC, le carte MIFARE RFID PVC sono ci\u00f2 che fa per te.<\/span><\/h4>\n<h3><a href=\"\/\/dhoenijjpgpeimemopealfcbiecgceod\/sidepanel.html#\" target=\"_blank\" rel=\"noopener\">Contattaci per un campione gratuito<\/a><\/h3>\n<h3><span style=\"color: #008080;\"><strong>Non perdere questa opportunit\u00e0 per migliorare le capacit\u00e0 di pagamento e il branding della tua attivit\u00e0. Fai clic sul link in alto per chiedere informazioni sulle nostre opzioni di carta o richiedere un campione gratuito!<\/strong><\/span><\/h3>\n<\/div>\n<\/div>\n<\/div>","protected":false},"excerpt":{"rendered":"<div class=\"chat-list relative custom-scrollbar-reset-margin custom-scrollbar custom-scrollbar-hidden custom-scrollbar-float pb-9 flex-1 overflow-y-auto\">\n<div class=\"mx-auto max-w-[790px]\">\n<div class=\"message-item-outer relative px-4 mb-2\" data-id=\"0a4f4511-bd05-49a5-8695-d7a6fad22471\">\n<div class=\"content-area pl-[0px]\">\n<div class=\"message-item select-text relative\">\n<div class=\"message-inner relative\">\n<div class=\"py-[2px]\">\n<div class=\"flex flex-col gap-2\">\n<div class=\"answer-markdown-box overflow-x-auto select-text custom-scrollbar\">\n<div class=\"markdown-body\">\n<p>Ecco la tessera MIFARE RFID PVC, progettata per moderne soluzioni di pagamento senza contanti. Utilizzando la tecnologia MIFARE Desfire EV3, queste tessere stampate a colori garantiscono elevata sicurezza e affidabilit\u00e0, rendendole ideali per le aziende che richiedono la protezione dei dati sensibili. Versatili nell&#039;applicazione, possono essere utilizzate per il controllo degli accessi, la biglietteria per eventi, le tessere associative, i programmi fedelt\u00e0 e i biglietti da visita NFC. Realizzate in PVC resistente e impermeabile, queste tessere sono resistenti all&#039;usura, garantendo longevit\u00e0 e riducendo i costi di sostituzione. I clienti possono completare facilmente le transazioni semplicemente avvicinando la propria tessera a qualsiasi dispositivo abilitato NFC, offrendo un&#039;esperienza intuitiva che migliora la soddisfazione del cliente. Inoltre, le tessere offrono ampie opzioni di personalizzazione, tra cui la stampa a colori vivaci e forme personalizzate. Con metodi di produzione ecocompatibili, le tessere MIFARE RFID PVC rappresentano un&#039;alternativa sostenibile alle tradizionali tessere di carta. Investi oggi stesso nella modernizzazione dei tuoi processi di transazione e migliora la presenza del tuo marchio con queste tessere innovative e di alta qualit\u00e0. Richiedi un campione gratuito per esplorare in prima persona i loro vantaggi!<\/p>\n<\/div>\n<\/div>\n<\/div>\n<\/div>\n<\/div>\n<\/div>\n<\/div>\n<\/div>\n<\/div>\n<\/div>","protected":false},"featured_media":3341,"template":"","meta":[],"product_brand":[],"product_cat":[46],"product_tag":[],"class_list":{"0":"post-3225","1":"product","2":"type-product","3":"status-publish","4":"has-post-thumbnail","6":"product_cat-nfc-cards","8":"first","9":"instock","10":"shipping-taxable","11":"product-type-simple"},"_links":{"self":[{"href":"https:\/\/nfc-readers.com\/it\/wp-json\/wp\/v2\/product\/3225","targetHints":{"allow":["GET"]}}],"collection":[{"href":"https:\/\/nfc-readers.com\/it\/wp-json\/wp\/v2\/product"}],"about":[{"href":"https:\/\/nfc-readers.com\/it\/wp-json\/wp\/v2\/types\/product"}],"wp:featuredmedia":[{"embeddable":true,"href":"https:\/\/nfc-readers.com\/it\/wp-json\/wp\/v2\/media\/3341"}],"wp:attachment":[{"href":"https:\/\/nfc-readers.com\/it\/wp-json\/wp\/v2\/media?parent=3225"}],"wp:term":[{"taxonomy":"product_brand","embeddable":true,"href":"https:\/\/nfc-readers.com\/it\/wp-json\/wp\/v2\/product_brand?post=3225"},{"taxonomy":"product_cat","embeddable":true,"href":"https:\/\/nfc-readers.com\/it\/wp-json\/wp\/v2\/product_cat?post=3225"},{"taxonomy":"product_tag","embeddable":true,"href":"https:\/\/nfc-readers.com\/it\/wp-json\/wp\/v2\/product_tag?post=3225"}],"curies":[{"name":"wp","href":"https:\/\/api.w.org\/{rel}","templated":true}]}}