{"id":3226,"date":"2024-10-30T09:53:08","date_gmt":"2024-10-30T09:53:08","guid":{"rendered":"https:\/\/nfc-readers.com\/?post_type=product&#038;p=3226"},"modified":"2024-10-30T10:11:20","modified_gmt":"2024-10-30T10:11:20","slug":"waterproof-rfid-nfc-keychain-13-56mhz","status":"publish","type":"product","link":"https:\/\/nfc-readers.com\/it\/ic-reader\/waterproof-rfid-nfc-keychain-13-56mhz\/","title":{"rendered":"Portachiavi RFID NFC impermeabile 13,56 Mhz"},"content":{"rendered":"<h1 style=\"text-align: center;\"><strong>Portachiavi RFID NFC impermeabile 13,56 Mhz<\/strong><\/h1>\n<p>Nel mondo in rapida evoluzione dei veicoli elettrici (EV), praticit\u00e0, sicurezza e facilit\u00e0 d&#039;uso sono essenziali. Incontra il <strong>Portachiavi RFID NFC impermeabile<\/strong>\u00a0\u2014 un prodotto rivoluzionario che integra tecnologia all&#039;avanguardia con una durata eccezionale, specificamente progettato per\u00a0<strong>Stazioni di ricarica per veicoli elettrici<\/strong>. Operando su\u00a0<strong>13,56 MHz<\/strong>, questo portachiavi compatto ma potente \u00e8 lo strumento ideale per un accesso senza interruzioni e una maggiore sicurezza.<\/p>\n<p>Questo portachiavi \u00e8 un punto di svolta per i possessori di veicoli elettrici, offrendo non solo praticit\u00e0 ma anche tranquillit\u00e0. Immagina di accedere senza sforzo alle stazioni di ricarica senza armeggiare per cercare le chiavi o ricordare password complesse. <strong>Portachiavi RFID NFC impermeabile<\/strong>\u00a0offre una soluzione ideale con la sua capacit\u00e0 contactless e il design resistente alle intemperie, rendendolo un&#039;aggiunta preziosa ai tuoi accessori EV. Scopri perch\u00e9 vale la pena aggiungere questo innovativo portachiavi al tuo kit di attrezzi.<\/p>\n<p>&nbsp;<\/p>\n<h3><strong>Vantaggi del portachiavi RFID NFC impermeabile<\/strong><\/h3>\n<ol>\n<li><strong>Durata e resistenza alle intemperie<\/strong>: Realizzato con materiali di prima qualit\u00e0, questo portachiavi \u00e8 progettato per resistere agli agenti atmosferici, garantendone la funzionalit\u00e0 nel tempo, indipendentemente dalle condizioni atmosferiche.<\/li>\n<li><strong>Comunicazione senza contatto<\/strong>: Utilizzando le tecnologie RFID e NFC, il portachiavi consente un accesso rapido e sicuro alle stazioni di ricarica e ad altri sistemi di accesso senza chiave, senza contatto fisico.<\/li>\n<li><strong>Alta compatibilit\u00e0<\/strong>: Progettato su protocolli\u00a0<strong>ISO14443A e ISO15693<\/strong>, questo portachiavi RFID si interfaccia perfettamente con un&#039;ampia gamma di dispositivi, rendendolo versatile per diversi casi d&#039;uso oltre alla ricarica dei veicoli elettrici.<\/li>\n<li><strong>Lunga distanza di lettura<\/strong>: Con una distanza di lettura di\u00a0<strong>2-10 centimetri<\/strong>puoi accedere facilmente e rapidamente alla stazione di ricarica del tuo veicolo elettrico con il minimo sforzo.<\/li>\n<li><strong>Capacit\u00e0 riscrivibile<\/strong>: Il chip NTAG216 al suo interno consente un ciclo di scrittura fino a\u00a0<strong>100.000 volte<\/strong>, rendendo questo portachiavi non solo facile da usare, ma anche adattabile alle mutevoli esigenze.<\/li>\n<\/ol>\n<p>&nbsp;<\/p>\n<h3><strong>L&#039;importanza dell&#039;RFID nel mondo di oggi<\/strong><\/h3>\n<p>L&#039;RFID utilizza campi elettromagnetici per identificare e tracciare automaticamente i tag attaccati agli oggetti. Nel contesto delle tue esigenze di ricarica EV, questa tecnologia ti consente di sbloccare e autorizzare l&#039;accesso alle stazioni di ricarica semplicemente tenendo il tuo portachiavi vicino a un lettore RFID. La praticit\u00e0 che offre migliora significativamente l&#039;esperienza utente, consentendo una rapida\u00a0<strong>accesso senza chiave<\/strong>\u00a0alle stazioni di ricarica senza bisogno di contatto fisico.<\/p>\n<p>&nbsp;<\/p>\n<h3><strong>Specifiche tecniche e prestazioni<\/strong><\/h3>\n<div>Comprendere le capacit\u00e0 tecniche del portachiavi RFID NFC impermeabile \u00e8 fondamentale per i potenziali acquirenti. Ecco le specifiche che dovresti conoscere:<\/div>\n<div><\/div>\n<div><strong>Patata fritta<\/strong>: NTAG216<\/div>\n<div><strong>Ciclo di scrittura:<\/strong> 100.000 volte<\/div>\n<div><strong>Distanza di lettura<\/strong>: 2-10 centimetri<\/div>\n<div><strong>Temperatura operativa<\/strong>: da 20\u2103 a +65\u2103<\/div>\n<div><strong>Luogo d&#039;origine<\/strong>: Guangdong, Cina<\/div>\n<div><strong>MOQ (Quantit\u00e0 minima ordinabile)<\/strong>: 500 pezzi<\/div>\n<div><strong>Confezione<\/strong>: Pacchetto lavanderia personalizzabile<\/div>\n<div><strong>Capacit\u00e0 di fornitura<\/strong>: 20.000.000 pezzi al mese<\/div>\n<div><\/div>\n<div>Le metriche di prestazioni avanzate assicurano che questo portachiavi soddisfi le rigorose esigenze dell&#039;uso quotidiano. L&#039;elevato ciclo di scrittura e la tolleranza alla temperatura ne migliorano ulteriormente l&#039;utilit\u00e0 in diversi ambienti.<\/div>\n<h3><strong>Applicazioni per stazioni di ricarica per veicoli elettrici<\/strong><\/h3>\n<p>L&#039;applicazione primaria del\u00a0<strong>Portachiavi RFID NFC impermeabile<\/strong>\u00a0\u00e8 nelle stazioni di ricarica per veicoli elettrici. Il suo design e la sua tecnologia lo rendono la soluzione perfetta<\/p>\n<p>&nbsp;<\/p>\n<h3><strong>Domande frequenti sul portachiavi RFID NFC impermeabile<\/strong><\/h3>\n<h3>1.\u00a0<strong>Qual \u00e8 lo scopo del portachiavi RFID NFC impermeabile?<\/strong><\/h3>\n<p>Il portachiavi RFID NFC impermeabile \u00e8 progettato per fornire un accesso sicuro e contactless alle stazioni di ricarica EV e ad altri sistemi abilitati RFID. Consente agli utenti di sbloccare le stazioni semplicemente avvicinandosi al lettore, migliorando la praticit\u00e0 e l&#039;efficienza.<\/p>\n<h3>2.\u00a0<strong>Il portachiavi \u00e8 davvero impermeabile?<\/strong><\/h3>\n<p>S\u00ec, il portachiavi \u00e8 realizzato in materiali epossidici e PVC durevoli, il che lo rende impermeabile e resistente alle intemperie. Ci\u00f2 garantisce la funzionalit\u00e0 in varie condizioni atmosferiche, dalla pioggia al calore estremo.<\/p>\n<h3>3.\u00a0<strong>A quale distanza pu\u00f2 funzionare il portachiavi dal lettore RFID?<\/strong><\/h3>\n<p>Il portachiavi ha una distanza di lettura di 2-10 cm, il che significa che si attiva non appena si trova nelle vicinanze di un lettore RFID o di un dispositivo abilitato NFC.<\/p>\n<h3>4.\u00a0<strong>\u00c8 possibile personalizzare il portachiavi?<\/strong><\/h3>\n<p>S\u00ec, la confezione del portachiavi pu\u00f2 essere personalizzata per adattarsi al tuo marchio o a requisiti specifici. Ci\u00f2 lo rende un&#039;ottima opzione per le aziende che desiderano personalizzare le proprie soluzioni di accesso.<\/p>\n<h3>5.\u00a0<strong>Quante volte \u00e8 possibile scrivere sul portachiavi?<\/strong><\/h3>\n<p>Il portachiavi ha un ciclo di scrittura fino a 100.000 volte, garantendo ampia usabilit\u00e0 per varie applicazioni senza preoccuparsi del degrado delle prestazioni.<\/p>","protected":false},"excerpt":{"rendered":"<p>Il portachiavi RFID NFC impermeabile (13,56 MHz) offre un accesso sicuro e contactless per le stazioni di ricarica EV. Il suo design resistente assicura prestazioni affidabili in qualsiasi condizione atmosferica.<\/p>","protected":false},"featured_media":3234,"template":"","meta":[],"product_brand":[],"product_cat":[49],"product_tag":[],"class_list":{"0":"post-3226","1":"product","2":"type-product","3":"status-publish","4":"has-post-thumbnail","6":"product_cat-nfc-key-fobs","8":"first","9":"instock","10":"shipping-taxable","11":"product-type-simple"},"_links":{"self":[{"href":"https:\/\/nfc-readers.com\/it\/wp-json\/wp\/v2\/product\/3226","targetHints":{"allow":["GET"]}}],"collection":[{"href":"https:\/\/nfc-readers.com\/it\/wp-json\/wp\/v2\/product"}],"about":[{"href":"https:\/\/nfc-readers.com\/it\/wp-json\/wp\/v2\/types\/product"}],"wp:featuredmedia":[{"embeddable":true,"href":"https:\/\/nfc-readers.com\/it\/wp-json\/wp\/v2\/media\/3234"}],"wp:attachment":[{"href":"https:\/\/nfc-readers.com\/it\/wp-json\/wp\/v2\/media?parent=3226"}],"wp:term":[{"taxonomy":"product_brand","embeddable":true,"href":"https:\/\/nfc-readers.com\/it\/wp-json\/wp\/v2\/product_brand?post=3226"},{"taxonomy":"product_cat","embeddable":true,"href":"https:\/\/nfc-readers.com\/it\/wp-json\/wp\/v2\/product_cat?post=3226"},{"taxonomy":"product_tag","embeddable":true,"href":"https:\/\/nfc-readers.com\/it\/wp-json\/wp\/v2\/product_tag?post=3226"}],"curies":[{"name":"wp","href":"https:\/\/api.w.org\/{rel}","templated":true}]}}