{"id":3255,"date":"2024-10-30T13:04:41","date_gmt":"2024-10-30T13:04:41","guid":{"rendered":"https:\/\/nfc-readers.com\/?post_type=product&#038;p=3255"},"modified":"2024-11-14T14:40:45","modified_gmt":"2024-11-14T14:40:45","slug":"125khz-proximity-rewritable-tk4100-t5577-rfid-keyfob","status":"publish","type":"product","link":"https:\/\/nfc-readers.com\/it\/ic-reader\/125khz-proximity-rewritable-tk4100-t5577-rfid-keyfob\/","title":{"rendered":"Portachiavi RFID riscrivibile di prossimit\u00e0 TK4100 T5577 da 125 KHz"},"content":{"rendered":"<h1 style=\"text-align: center;\"><strong>Portachiavi RFID riscrivibile di prossimit\u00e0 TK4100 T5577 da 125 KHz<\/strong><\/h1>\n<p>IL\u00a0<strong>Portachiavi RFID riscrivibile di prossimit\u00e0 TK4100 T5577 da 125 KHz<\/strong>\u00a0\u00e8 una soluzione innovativa per i sistemi di controllo degli accessi, che fornisce un modo robusto e versatile per gestire ingressi sicuri. Questo portachiavi di alta qualit\u00e0 \u00e8 riscrivibile, consentendo agli utenti di modificare le informazioni in base alle proprie esigenze. Che venga utilizzato per controllare l&#039;accesso a edifici, hotel o chiavi di auto, questo portachiavi si integra perfettamente nei protocolli di sicurezza.<\/p>\n<h2>Vantaggi del portachiavi RFID TK4100 T5577<\/h2>\n<p>I vantaggi di investire in questo portachiavi RFID vanno oltre il semplice controllo degli accessi. \u00c8 impermeabile e antiurto, garantendo durevolezza anche in condizioni ambientali difficili. Con opzioni personalizzabili, tra cui la stampa del logo, questo portachiavi offre un&#039;opportunit\u00e0 per il branding mantenendo la funzionalit\u00e0. La funzione riscrivibile ne migliora l&#039;adattabilit\u00e0 per varie applicazioni, rendendolo una scelta ideale sia per le aziende che per l&#039;uso personale.<\/p>\n<h2>Caratteristiche principali del portachiavi RFID TK4100 T5577<\/h2>\n<p>IL\u00a0<strong>Portachiavi RFID riscrivibile di prossimit\u00e0 TK4100 T5577 da 125 KHz<\/strong>\u00a0si distingue nella sua categoria per diverse caratteristiche senza pari. Questo portachiavi integra sia i chip TK4100 che T5577, consentendo una compatibilit\u00e0 varia con le tecnologie RFID esistenti.<\/p>\n<ul>\n<li><strong>Capacit\u00e0 multifrequenza<\/strong>:Questo portachiavi funziona sia a frequenze di 125 KHz che di 13,56 MHz, garantendo un&#039;ampia compatibilit\u00e0 con diversi sistemi di controllo accessi.<\/li>\n<li><strong>Design compatto e leggero<\/strong>: Grazie al suo formato mini tag, il portachiavi pu\u00f2 essere facilmente attaccato al portachiavi o alla borsa, rendendolo semplice da trasportare e utilizzare.<\/li>\n<\/ul>\n<p>Il portachiavi funge principalmente da\u00a0<strong>portachiavi RFID senza contatto<\/strong>, semplificando notevolmente l&#039;elaborazione degli ingressi per gli utenti. Questa praticit\u00e0 \u00e8 particolarmente utile in ambienti affollati come hotel e uffici.<\/p>\n<h2>Durata: impermeabile e antiurto<\/h2>\n<p>Uno dei tratti distintivi del\u00a0<strong>Portachiavi RFID TK4100 T5577<\/strong>\u00a0\u00e8 la sua notevole durata.<\/p>\n<ul>\n<li><strong>Impermeabile\/resistente alle intemperie<\/strong>: Realizzato in materiale ABS di alta qualit\u00e0, pu\u00f2 resistere all&#039;esposizione all&#039;acqua e agli elementi, garantendo un funzionamento affidabile in tutte le condizioni. Questa caratteristica elimina le preoccupazioni durante il tempo piovoso o in ambienti esterni, consentendo prestazioni costanti.<\/li>\n<li><strong>Design antiurto<\/strong>:La struttura robusta garantisce inoltre che il portachiavi resista a cadute e urti senza problemi, rendendolo ideale per chi conduce uno stile di vita attivo o lavora in ambienti difficili.<\/li>\n<\/ul>\n<p>Questa durevolezza non solo aumenta la longevit\u00e0 del prodotto, ma contribuisce anche alla sua affidabilit\u00e0 come dispositivo di ingresso sicuro.<\/p>\n<h2>Capacit\u00e0 riscrivibile: personalizzazione e adattabilit\u00e0<\/h2>\n<p>Un&#039;altra caratteristica distintiva del\u00a0<strong>Portachiavi RFID TK4100 T5577<\/strong>\u00a0\u00e8 la sua capacit\u00e0 di riscrivere.<\/p>\n<ul>\n<li><strong>Informazioni personalizzabili<\/strong>: Gli utenti possono modificare o aggiornare i dati RFID memorizzati nel portachiavi. Questa funzionalit\u00e0 \u00e8 particolarmente utile per le organizzazioni che richiedono aggiornamenti frequenti per accedere ai permessi o per le aziende che cercano di personalizzare il marchio sul portachiavi.<\/li>\n<li><strong>Duplicazione facile<\/strong>:La natura riscrivibile consente una facile duplicazione, consentendo alle aziende di produrre portachiavi di backup senza sforzo, senza dover sostituire intere unit\u00e0.<\/li>\n<\/ul>\n<p>Questo livello di personalizzazione crea uno strumento altamente adattabile per il controllo degli accessi, offrendo al contempo notevoli opportunit\u00e0 di risparmio sui costi.<\/p>\n<h2>Specifiche: Panoramica tecnica dettagliata<\/h2>\n<p>IL\u00a0<strong>Portachiavi RFID TK4100 T5577<\/strong>\u00a0\u00e8 progettato con caratteristiche specifiche per facilitare un controllo efficiente degli accessi:<\/p>\n<table class=\"w-fit !mb-0 !max-w-none\" style=\"height: 187px;\" width=\"477\">\n<thead>\n<tr>\n<th><strong>Specificazione<\/strong><\/th>\n<th><strong>Dettagli<\/strong><\/th>\n<\/tr>\n<\/thead>\n<tbody>\n<tr>\n<td><strong>Gamma di frequenza<\/strong><\/td>\n<td>125KHz e 13,56MHz<\/td>\n<\/tr>\n<tr>\n<td><strong>Interfaccia di comunicazione<\/strong><\/td>\n<td>RFID<\/td>\n<\/tr>\n<tr>\n<td><strong>Materiale<\/strong><\/td>\n<td>addominali<\/td>\n<\/tr>\n<tr>\n<td><strong>Opzioni colore<\/strong><\/td>\n<td>Nero, Marrone, Blu, Rosso, Rosa<\/td>\n<\/tr>\n<tr>\n<td><strong>Disponibilit\u00e0 del campione<\/strong><\/td>\n<td>Campioni disponibili<\/td>\n<\/tr>\n<tr>\n<td><strong>Quantit\u00e0 minima d&#039;ordine (MOQ)<\/strong><\/td>\n<td>200 pezzi<\/td>\n<\/tr>\n<\/tbody>\n<\/table>\n<p>&nbsp;<\/p>\n<p>&nbsp;<\/p>","protected":false},"excerpt":{"rendered":"<p>Il portachiavi RFID TK4100 T5577 Proximity Rewritable da 125 KHz fornisce un controllo degli accessi sicuro e contactless con un design durevole e personalizzabile. Ideale per varie applicazioni, garantisce flessibilit\u00e0 e affidabilit\u00e0 nella gestione degli ingressi.<\/p>","protected":false},"featured_media":3262,"template":"","meta":[],"product_brand":[],"product_cat":[49],"product_tag":[],"class_list":{"0":"post-3255","1":"product","2":"type-product","3":"status-publish","4":"has-post-thumbnail","6":"product_cat-nfc-key-fobs","8":"first","9":"instock","10":"shipping-taxable","11":"product-type-simple"},"_links":{"self":[{"href":"https:\/\/nfc-readers.com\/it\/wp-json\/wp\/v2\/product\/3255","targetHints":{"allow":["GET"]}}],"collection":[{"href":"https:\/\/nfc-readers.com\/it\/wp-json\/wp\/v2\/product"}],"about":[{"href":"https:\/\/nfc-readers.com\/it\/wp-json\/wp\/v2\/types\/product"}],"wp:featuredmedia":[{"embeddable":true,"href":"https:\/\/nfc-readers.com\/it\/wp-json\/wp\/v2\/media\/3262"}],"wp:attachment":[{"href":"https:\/\/nfc-readers.com\/it\/wp-json\/wp\/v2\/media?parent=3255"}],"wp:term":[{"taxonomy":"product_brand","embeddable":true,"href":"https:\/\/nfc-readers.com\/it\/wp-json\/wp\/v2\/product_brand?post=3255"},{"taxonomy":"product_cat","embeddable":true,"href":"https:\/\/nfc-readers.com\/it\/wp-json\/wp\/v2\/product_cat?post=3255"},{"taxonomy":"product_tag","embeddable":true,"href":"https:\/\/nfc-readers.com\/it\/wp-json\/wp\/v2\/product_tag?post=3255"}],"curies":[{"name":"wp","href":"https:\/\/api.w.org\/{rel}","templated":true}]}}