{"id":3264,"date":"2024-10-30T13:19:53","date_gmt":"2024-10-30T13:19:53","guid":{"rendered":"https:\/\/nfc-readers.com\/?post_type=product&#038;p=3264"},"modified":"2024-10-30T13:19:53","modified_gmt":"2024-10-30T13:19:53","slug":"rewritable-abs-t5577-lf-125khz-waterproof-rfid-keyfob","status":"publish","type":"product","link":"https:\/\/nfc-readers.com\/it\/ic-reader\/rewritable-abs-t5577-lf-125khz-waterproof-rfid-keyfob\/","title":{"rendered":"Portachiavi RFID impermeabile ABS T5577 LF 125Khz riscrivibile"},"content":{"rendered":"<h1 style=\"text-align: center;\"><strong>Portachiavi RFID impermeabile ABS T5577 LF 125Khz riscrivibile<\/strong><\/h1>\n<p>&nbsp;<\/p>\n<p>Presentazione del\u00a0<strong>Portachiavi RFID impermeabile ABS T5577 LF 125KHz riscrivibile<\/strong>: la soluzione ideale per le tue esigenze di controllo degli accessi! Che tu abbia bisogno di un portachiavi per sicurezza, praticit\u00e0 o efficienza, questo versatile portachiavi RFID offre caratteristiche eccezionali che lo rendono un must per uso sia personale che professionale.<\/p>\n<p>Questo portachiavi resistente e sicuro \u00e8 progettato per resistere a condizioni meteorologiche avverse ed \u00e8 perfetto per applicazioni all&#039;aperto. Con una bassa frequenza di 125 KHz, questo portachiavi RFID assicura una comunicazione stabile ed \u00e8 scrivibile, consentendoti di modificarlo in base alle tue esigenze specifiche. In questa completa descrizione del prodotto, approfondiremo i molteplici vantaggi del portachiavi RFID ABS T5577 riscrivibile e scopriremo perch\u00e9 vale la pena prenderlo in considerazione per le tue soluzioni di controllo degli accessi.<\/p>\n<p>&nbsp;<\/p>\n<h3><strong>Panoramica del portachiavi ABS T5577 riscrivibile<\/strong><\/h3>\n<p>IL\u00a0<strong>Portachiavi RFID impermeabile ABS T5577 LF 125KHz riscrivibile<\/strong>\u00a0\u00e8 la combinazione perfetta di sicurezza, versatilit\u00e0 e facilit\u00e0 d&#039;uso. Progettato nel Guangdong, Cina, e prodotto da ZD, questo portachiavi RFID pu\u00f2 essere utilizzato in vari ambienti, offrendo una soluzione affidabile per i sistemi di controllo degli accessi.<\/p>\n<p>Che tu stia gestendo un hotel, proteggendo un parcheggio o supervisionando un evento, la funzione riscrivibile ti consente di personalizzare ogni portachiavi per applicazioni specifiche, rendendolo una scelta conveniente sia per le aziende che per i privati.<\/p>\n<p>&nbsp;<\/p>\n<h3><strong>Caratteristiche principali<\/strong><\/h3>\n<p>IL\u00a0<strong>Portachiavi ABS T5577 riscrivibile<\/strong>\u00a0vanta una variet\u00e0 di caratteristiche speciali:<\/p>\n<ul>\n<li><strong>Impermeabile e resistente alle intemperie:<\/strong>\u00a0Costruito per resistere agli agenti atmosferici esterni, garantendo durevolezza e affidabilit\u00e0.<\/li>\n<li><strong>Progettazione del mini tag:<\/strong>\u00a0Compatto e leggero, facile da trasportare e utilizzare.<\/li>\n<li><strong>Comunicazione RFID:<\/strong>\u00a0Utilizza la tecnologia RFID per un&#039;interazione fluida con i lettori compatibili.<\/li>\n<li><strong>Capacit\u00e0 di scrittura:<\/strong>\u00a0Personalizzare il portachiavi \u00e8 semplice: puoi riscrivere le informazioni ogni volta che vuoi.<\/li>\n<li><strong>Variet\u00e0 di colori:<\/strong>\u00a0Disponibile in giallo, blu, rosso, nero, verde e altri colori, per offrire una scelta estetica e funzionale.<\/li>\n<li><strong>Stampa incisa al laser:<\/strong>\u00a0Ideale per le aziende che desiderano esporre loghi o numeri di serie.<\/li>\n<\/ul>\n<p>Queste caratteristiche rendono questo portachiavi una scelta pratica per diverse applicazioni, aumentandone il valore in un sistema di controllo accessi.<\/p>\n<p>&nbsp;<\/p>\n<h3><strong>Durata e impermeabilit\u00e0<\/strong><\/h3>\n<p>Uno dei vantaggi pi\u00f9 importanti dell&#039;\u00a0<strong>Portachiavi ABS T5577 riscrivibile<\/strong>\u00a0\u00e8 il suo design impermeabile e resistente alle intemperie. Realizzato in materiale ABS di alta qualit\u00e0, \u00e8 resistente alle mutevoli condizioni meteorologiche e in grado di funzionare in modo affidabile in ambienti esterni.<\/p>\n<p>Le sue capacit\u00e0 a bassa frequenza (125 KHz) aiutano anche a migliorare l&#039;efficienza della comunicazione con i lettori RFID, consentendo agli utenti di accedere senza problemi senza preoccuparsi di eventuali problemi atmosferici che potrebbero compromettere il loro accesso. Questo livello di durata lo rende particolarmente prezioso per hotel e sistemi di sicurezza per esterni, dove tempo e affidabilit\u00e0 sono essenziali.<\/p>\n<p>&nbsp;<\/p>\n<h3><strong>Facilit\u00e0 d&#039;uso e configurazione<\/strong><\/h3>\n<p>Impostazione del\u00a0<strong>Portachiavi ABS T5577 riscrivibile<\/strong>\u00a0\u00e8 semplice, il che lo rende una scelta ideale anche per coloro che non sono particolarmente esperti di tecnologia. La funzionalit\u00e0 riscrivibile consente agli utenti di aggiornare o modificare rapidamente i dati archiviati senza la necessit\u00e0 di strumenti o applicazioni complesse.<\/p>\n<p>Basta caricare il portachiavi su un programmatore RFID appropriato e iniziare a codificare le informazioni desiderate, che si tratti di un numero identificativo univoco, permessi di accesso o altri dati rilevanti. Questa semplice configurazione semplifica l&#039;integrazione del portachiavi in qualsiasi sistema di controllo accessi esistente.<\/p>\n<p>&nbsp;<\/p>\n<h3><strong>Domande frequenti (FAQ)<\/strong><\/h3>\n<h3>D1: Qual \u00e8 la frequenza del portachiavi RFID ABS T5577 riscrivibile?<\/h3>\n<p><strong>UN:<\/strong>\u00a0Il portachiavi ABS T5577 riscrivibile funziona a una frequenza di\u00a0<strong>125KHz<\/strong>, che consente una comunicazione efficace con i lettori RFID comunemente utilizzati nei sistemi di controllo degli accessi.<\/p>\n<h3>D2: Il portachiavi \u00e8 impermeabile?<\/h3>\n<p><strong>UN:<\/strong>\u00a0S\u00ec, il portachiavi riscrivibile ABS T5577 \u00e8 impermeabile e resistente alle intemperie, garantendo durata e affidabilit\u00e0 anche in ambienti esterni difficili.<\/p>\n<h3>D3: Posso riscrivere le informazioni sul portachiavi?<\/h3>\n<p><strong>UN:<\/strong>\u00a0Assolutamente! Questo portachiavi \u00e8 dotato di un\u00a0<strong>capacit\u00e0 riscrivibile<\/strong>\u00a0che consente di personalizzare o aggiornare facilmente le informazioni memorizzate in base alle proprie esigenze.<\/p>\n<h3>D4: Di che materiale \u00e8 fatto il portachiavi?<\/h3>\n<p><strong>UN:<\/strong>\u00a0Il portachiavi \u00e8 realizzato in materiale di alta qualit\u00e0\u00a0<strong>Materiale ABS<\/strong>, che garantisce durevolezza e resistenza all&#039;usura.<\/p>\n<h3>D5: Come si imposta il portachiavi?<\/h3>\n<p><strong>UN:<\/strong>\u00a0Impostare il portachiavi ABS T5577 riscrivibile \u00e8 semplice. Basta collegarlo a un programmatore RFID compatibile per caricare le informazioni desiderate, come numeri ID o permessi di accesso.<\/p>","protected":false},"excerpt":{"rendered":"<p>IL\u00a0<strong>Portachiavi RFID impermeabile ABS T5577 LF 125KHz riscrivibile<\/strong>\u00a0offre una soluzione versatile e durevole per le esigenze di controllo degli accessi, combinando funzionalit\u00e0 riscrivibili di facile utilizzo con affidabilit\u00e0 resistente alle intemperie. Ideale per applicazioni esterne, questo portachiavi assicura una comunicazione sicura ed efficiente con i lettori RFID in un design compatto.<\/p>","protected":false},"featured_media":3265,"template":"","meta":[],"product_brand":[],"product_cat":[49],"product_tag":[],"class_list":{"0":"post-3264","1":"product","2":"type-product","3":"status-publish","4":"has-post-thumbnail","6":"product_cat-nfc-key-fobs","8":"first","9":"instock","10":"shipping-taxable","11":"product-type-simple"},"_links":{"self":[{"href":"https:\/\/nfc-readers.com\/it\/wp-json\/wp\/v2\/product\/3264","targetHints":{"allow":["GET"]}}],"collection":[{"href":"https:\/\/nfc-readers.com\/it\/wp-json\/wp\/v2\/product"}],"about":[{"href":"https:\/\/nfc-readers.com\/it\/wp-json\/wp\/v2\/types\/product"}],"wp:featuredmedia":[{"embeddable":true,"href":"https:\/\/nfc-readers.com\/it\/wp-json\/wp\/v2\/media\/3265"}],"wp:attachment":[{"href":"https:\/\/nfc-readers.com\/it\/wp-json\/wp\/v2\/media?parent=3264"}],"wp:term":[{"taxonomy":"product_brand","embeddable":true,"href":"https:\/\/nfc-readers.com\/it\/wp-json\/wp\/v2\/product_brand?post=3264"},{"taxonomy":"product_cat","embeddable":true,"href":"https:\/\/nfc-readers.com\/it\/wp-json\/wp\/v2\/product_cat?post=3264"},{"taxonomy":"product_tag","embeddable":true,"href":"https:\/\/nfc-readers.com\/it\/wp-json\/wp\/v2\/product_tag?post=3264"}],"curies":[{"name":"wp","href":"https:\/\/api.w.org\/{rel}","templated":true}]}}