{"id":3296,"date":"2024-11-01T05:02:29","date_gmt":"2024-11-01T05:02:29","guid":{"rendered":"https:\/\/nfc-readers.com\/?post_type=product&#038;p=3296"},"modified":"2024-11-01T05:02:30","modified_gmt":"2024-11-01T05:02:30","slug":"aes-128-encryption-algorithm-nfc-forum-4-dia-30mm-nfc-tag","status":"publish","type":"product","link":"https:\/\/nfc-readers.com\/it\/ic-reader\/aes-128-encryption-algorithm-nfc-forum-4-dia-30mm-nfc-tag\/","title":{"rendered":"Algoritmo di crittografia AES 128 NFC Forum 4 Dia 30mm Tag NFC"},"content":{"rendered":"<h1 style=\"text-align: center;\"><strong>Algoritmo di crittografia AES 128 NFC Forum 4 Dia 30mm Tag NFC<\/strong><\/h1>\n<p>&nbsp;<\/p>\n<p>IL <strong>Algoritmo di crittografia AES 128 NFC Forum 4 Dia 30mm Tag NFC<\/strong>\u00a0\u00e8 una soluzione versatile e sicura per una variet\u00e0 di applicazioni che richiedono una comunicazione dati affidabile e sicurezza. Realizzato con tecnologia all&#039;avanguardia, questo tag NFC integra l&#039;avanzato chip NTAG 424 DNA, garantendo il massimo livello di protezione dei dati tramite UID crittografato AES 128, rendendolo una scelta ideale per aziende e uso personale. In questa completa descrizione del prodotto, approfondiremo le sue caratteristiche, i vantaggi e le applicazioni pratiche, evidenziando perch\u00e9 \u00e8 un degno investimento per le tue esigenze NFC.<\/p>\n<p>&nbsp;<\/p>\n<h3><strong>Perch\u00e9 acquistare il tag NFC con crittografia AES 128?<\/strong><\/h3>\n<p>Il Tag NFC Forum 4 dotato di crittografia AES 128 offre sicurezza e funzionalit\u00e0 senza pari in una forma compatta. Le sue caratteristiche impermeabili e resistenti alle intemperie lo rendono resistente all&#039;uso all&#039;aperto, garantendo la possibilit\u00e0 di applicarlo a varie superfici, incluso il metallo. Progettato per utilizzi innovativi, da <strong>associazione wifi<\/strong>\u00a0A\u00a0<strong>integrazioni di poster card<\/strong>, questo tag NFC fornisce un metodo sicuro per trasmettere dati senza sforzo. Inoltre, la sua compatibilit\u00e0 con\u00a0<strong>Dispositivi mobili abilitati NFC<\/strong>\u00a0semplifica l&#039;esperienza utente, consentendo un facile accesso alle informazioni con un semplice tocco.<\/p>\n<p>&nbsp;<\/p>\n<h3><strong>Caratteristiche speciali del tag NFC con crittografia AES 128<\/strong><\/h3>\n<p>&nbsp;<\/p>\n<p>IL\u00a0<strong>Tag NFC con crittografia AES 128<\/strong>\u00a0\u00e8 ricco di funzionalit\u00e0 che ne migliorano la funzionalit\u00e0 e l&#039;affidabilit\u00e0 in vari ambienti:<\/p>\n<ul>\n<li><strong>Impermeabile \/ resistente alle intemperie:<\/strong>\u00a0Ci\u00f2 garantisce durevolezza e prestazioni sia in ambienti interni che esterni, proteggendolo da umidit\u00e0 e polvere.<\/li>\n<li><strong>Antimanomissione:<\/strong>\u00a0Il tag include funzionalit\u00e0 che indicano se \u00e8 stato manomesso, garantendo un ulteriore livello di sicurezza contro gli accessi non autorizzati.<\/li>\n<\/ul>\n<p>La sua combinazione unica di funzionalit\u00e0 lo rende la scelta preferita dalle aziende che desiderano migliorare le proprie misure di sicurezza o semplificare le proprie operazioni.<\/p>\n<p>&nbsp;<\/p>\n<table class=\"preview\" style=\"height: 271px;\" width=\"529\">\n<thead>\n<tr>\n<th>Specificazione<\/th>\n<th>Dettagli<\/th>\n<\/tr>\n<\/thead>\n<tbody>\n<tr>\n<td>Numero di modello<\/td>\n<td>Modello SX-T424DNA<\/td>\n<\/tr>\n<tr>\n<td>Patata fritta<\/td>\n<td>NTAG424DNA<\/td>\n<\/tr>\n<tr>\n<td>Misurare<\/td>\n<td>Diametro 30mm<\/td>\n<\/tr>\n<tr>\n<td>Capacit\u00e0<\/td>\n<td>50 punti<\/td>\n<\/tr>\n<tr>\n<td>Tasso di trasmissione<\/td>\n<td>848 Kbit\/s<\/td>\n<\/tr>\n<tr>\n<td>Protocollo<\/td>\n<td>La norma ISO\/IEC 14443-A<\/td>\n<\/tr>\n<tr>\n<td>Tipo di tag<\/td>\n<td>Forum NFC 4<\/td>\n<\/tr>\n<tr>\n<td>Finitura superficiale<\/td>\n<td>Lucido\/opaco<\/td>\n<\/tr>\n<tr>\n<td>Confezione<\/td>\n<td>1000-5000 pezzi\/<\/td>\n<\/tr>\n<\/tbody>\n<\/table>\n<h3><\/h3>\n<h3><strong>Domande frequenti sul tag NFC<\/strong><\/h3>\n<h3>1.\u00a0<strong>Cos&#039;\u00e8 un tag NFC?<\/strong><\/h3>\n<p>Un tag NFC (Near Field Communication) \u00e8 un piccolo chip che consente la comunicazione wireless tra dispositivi quando sono molto vicini. \u00c8 comunemente utilizzato per lo scambio di dati, i pagamenti contactless e varie applicazioni nel marketing e nella condivisione di informazioni.<\/p>\n<h3>2.\u00a0<strong>In che modo la crittografia AES 128 migliora la sicurezza?<\/strong><\/h3>\n<p>La crittografia AES 128 aggiunge un livello di sicurezza codificando i dati memorizzati sul tag NFC. Ci\u00f2 significa che anche se qualcuno riesce a leggere i dati, non sar\u00e0 in grado di comprenderli senza la chiave di decrittazione appropriata, proteggendo cos\u00ec le informazioni sensibili da accessi non autorizzati.<\/p>\n<h3>3.\u00a0<strong>Questo tag NFC pu\u00f2 essere utilizzato su superfici metalliche?<\/strong><\/h3>\n<p>S\u00ec, il tag NFC AES 128 Encryption \u00e8 specificamente progettato per la versatilit\u00e0 e pu\u00f2 essere applicato a superfici metalliche e ad altri materiali. Ci\u00f2 lo rende ideale per varie applicazioni, tra cui l&#039;etichettatura dei prodotti e gli usi industriali.<\/p>\n<h3>4.\u00a0<strong>Quali dispositivi sono compatibili con i tag NFC?<\/strong><\/h3>\n<p>La maggior parte degli smartphone e dei tablet moderni che supportano la tecnologia NFC sono compatibili con questo tag. Gli utenti possono leggere facilmente i dati memorizzati semplicemente toccando il loro dispositivo contro il tag NFC.<\/p>\n<h3>5.\u00a0<strong>Questo tag pu\u00f2 essere riscritto?<\/strong><\/h3>\n<p>S\u00ec, il tag NFC AES 128 Encryption \u00e8 riscrivibile, il che consente di modificare i dati archiviati in base alle esigenze. Questa funzionalit\u00e0 \u00e8 particolarmente utile per le aziende che richiedono flessibilit\u00e0 nell&#039;aggiornamento delle informazioni.<\/p>","protected":false},"excerpt":{"rendered":"<p>Il tag AES 128 Encryption NFC Forum 4, con un diametro di 30 mm, offre una solida sicurezza per la trasmissione dei dati. Ideale per varie applicazioni, assicura interazioni NFC fluide e affidabili.<\/p>","protected":false},"featured_media":3297,"template":"","meta":[],"product_brand":[],"product_cat":[47],"product_tag":[],"class_list":{"0":"post-3296","1":"product","2":"type-product","3":"status-publish","4":"has-post-thumbnail","6":"product_cat-nfc-tags","8":"first","9":"instock","10":"shipping-taxable","11":"product-type-simple"},"_links":{"self":[{"href":"https:\/\/nfc-readers.com\/it\/wp-json\/wp\/v2\/product\/3296","targetHints":{"allow":["GET"]}}],"collection":[{"href":"https:\/\/nfc-readers.com\/it\/wp-json\/wp\/v2\/product"}],"about":[{"href":"https:\/\/nfc-readers.com\/it\/wp-json\/wp\/v2\/types\/product"}],"wp:featuredmedia":[{"embeddable":true,"href":"https:\/\/nfc-readers.com\/it\/wp-json\/wp\/v2\/media\/3297"}],"wp:attachment":[{"href":"https:\/\/nfc-readers.com\/it\/wp-json\/wp\/v2\/media?parent=3296"}],"wp:term":[{"taxonomy":"product_brand","embeddable":true,"href":"https:\/\/nfc-readers.com\/it\/wp-json\/wp\/v2\/product_brand?post=3296"},{"taxonomy":"product_cat","embeddable":true,"href":"https:\/\/nfc-readers.com\/it\/wp-json\/wp\/v2\/product_cat?post=3296"},{"taxonomy":"product_tag","embeddable":true,"href":"https:\/\/nfc-readers.com\/it\/wp-json\/wp\/v2\/product_tag?post=3296"}],"curies":[{"name":"wp","href":"https:\/\/api.w.org\/{rel}","templated":true}]}}