{"id":3303,"date":"2024-11-01T05:12:29","date_gmt":"2024-11-01T05:12:29","guid":{"rendered":"https:\/\/nfc-readers.com\/?post_type=product&#038;p=3303"},"modified":"2024-11-01T05:12:29","modified_gmt":"2024-11-01T05:12:29","slug":"dia-30mm-ntag-424-dna-nfc-sticker-tamper-proof-high-security-2","status":"publish","type":"product","link":"https:\/\/nfc-readers.com\/it\/ic-reader\/dia-30mm-ntag-424-dna-nfc-sticker-tamper-proof-high-security-2\/","title":{"rendered":"Adesivo NFC DNA NTAG 424 da 30 mm, antimanomissione, ad alta sicurezza"},"content":{"rendered":"<h1 style=\"text-align: center;\"><strong>Adesivo NFC DNA NTAG 424 da 30 mm, antimanomissione, ad alta sicurezza<\/strong><\/h1>\n<p>&nbsp;<\/p>\n<p>Migliora l&#039;autenticit\u00e0 del tuo prodotto con l&#039;innovativo\u00a0<strong>Adesivo NFC DNA NTAG 424 diametro 30 mm<\/strong>Questo prodotto all&#039;avanguardia unisce elevata sicurezza e funzionalit\u00e0 intuitive, rendendolo uno strumento indispensabile per la tracciabilit\u00e0 anticontraffazione del vino rosso e oltre. Con le sue capacit\u00e0 antimanomissione, il design impermeabile e l&#039;interfaccia di comunicazione sicura, questo adesivo NFC \u00e8 essenziale per i marchi che desiderano proteggere i propri prodotti e garantire la fiducia dei clienti.<\/p>\n<h3><\/h3>\n<p>&nbsp;<\/p>\n<p>La crescente necessit\u00e0 di verifica dei prodotti nel mercato odierno non pu\u00f2 essere sopravvalutata. Con l&#039;aumento dei casi di contraffazione, soprattutto in prodotti di valore come il vino rosso, garantire l&#039;integrit\u00e0 del tuo marchio \u00e8 fondamentale. L&#039;adesivo NFC NTAG 424 DNA offre incredibili protezioni contro manomissioni e accessi non autorizzati, vantando funzionalit\u00e0 supportate da protocolli di sicurezza all&#039;avanguardia. Investendo in questi adesivi NFC, proteggi il tuo prodotto, migliori l&#039;esperienza del cliente e rafforzi la fedelt\u00e0 al marchio.<\/p>\n<p>&nbsp;<\/p>\n<h3><strong>Panoramica e specifiche del prodotto<\/strong><\/h3>\n<p>IL\u00a0<strong>Adesivo NFC NTAG 424 DNA diametro 30 mm<\/strong>\u00a0\u00e8 progettato per prestazioni premium, combinando un chip ad alta sicurezza con capacit\u00e0 multifunzionali. Creato da materiali durevoli\u00a0<strong>Materiale PET<\/strong>, questo adesivo non \u00e8 solo progettato per durare, ma anche per resistere a varie condizioni ambientali. Di seguito sono riportate le specifiche critiche da notare:<\/p>\n<ul>\n<li><strong>Modello di chip<\/strong>: DNA NTAG 424<\/li>\n<li><strong>Misurare<\/strong>: Diametro 30mm<\/li>\n<li><strong>Memoria<\/strong>: 416 byte<\/li>\n<li><strong>Frequenza<\/strong>: 13,56 MHz<\/li>\n<li><strong>Tipo di forum NFC<\/strong>: Tipo 4<\/li>\n<li><strong>Protocollo di sicurezza<\/strong>: AES a 128 bit, LRP<\/li>\n<li><strong>Chiavi di accesso<\/strong>: 5 x 128 bit<\/li>\n<li><strong>Scrivi Resistenza<\/strong>: 200.000 cicli<\/li>\n<li><strong>Materiale<\/strong>: PET (impermeabile\/resistente alle intemperie)<\/li>\n<li><strong>Luogo d&#039;origine<\/strong>: Guangdong, Cina<\/li>\n<\/ul>\n<p>Queste specifiche indicano che questo adesivo NFC \u00e8 progettato per garantire elevate prestazioni e affidabilit\u00e0, ed \u00e8 ideale per applicazioni che richiedono interazione costante e sicurezza dei dati.<\/p>\n<p>&nbsp;<\/p>\n<p>&nbsp;<\/p>\n<h3><strong>Caratteristiche principali dell&#039;adesivo NFC NTAG 424 DNA<\/strong><\/h3>\n<p>&nbsp;<\/p>\n<p>IL\u00a0<strong>Adesivo NFC<\/strong>\u00a0integra alcuni\u00a0<strong>caratteristiche speciali<\/strong>\u00a0che ne migliorano le prestazioni complessive. Ecco alcune caratteristiche di spicco:<\/p>\n<ul>\n<li><strong>Impermeabile e resistente alle intemperie<\/strong>: Questo adesivo NFC \u00e8 progettato per resistere a varie condizioni ambientali, rendendolo adatto sia per applicazioni interne che esterne. Che si tratti di uno schizzo d&#039;acqua o dell&#039;esposizione alla luce solare, il\u00a0<strong>Adesivo NFC NTAG 424 DNA<\/strong>\u00a0rimane funzionale e intatto.<\/li>\n<li><strong>Comunicazione ad alte prestazioni<\/strong>: Funzionante ad una frequenza di\u00a0<strong>13,56 MHz<\/strong>, questo adesivo NFC consente una comunicazione rapida con\u00a0<strong>Smartphone abilitati NFC<\/strong>\u00a0e dispositivi. Tale interazione fluida garantisce un accesso efficiente e rapido alle informazioni quando l&#039;adesivo viene scansionato.<\/li>\n<li><strong>Tecnologia antimanomissione<\/strong>: La capacit\u00e0 dell&#039;adesivo di fungere da sigillo antimanomissione garantisce tranquillit\u00e0. Se qualcuno tenta di accedere alle informazioni senza la dovuta autorizzazione, l&#039;adesivo segnala la manomissione, proteggendo cos\u00ec l&#039;integrit\u00e0 del prodotto.<\/li>\n<\/ul>\n<p>Questa combinazione di caratteristiche rende l&#039;adesivo NFC NTAG 424 DNA una risorsa preziosa per le aziende che investono nella protezione e nella verifica dei propri prodotti.<\/p>\n<p>&nbsp;<\/p>\n<h3><strong>FAQ: Domande frequenti sull&#039;adesivo NFC DNA NTAG 424 da 30 mm<\/strong><\/h3>\n<h3>1.\u00a0<strong>A cosa serve l&#039;adesivo NFC NTAG 424 DNA da 30 mm?<\/strong><\/h3>\n<p>L&#039;adesivo NTAG 424 DNA NFC \u00e8 utilizzato principalmente per l&#039;autenticazione dei prodotti e l&#039;anticontraffazione, in particolare per articoli di valore come il vino rosso. Pu\u00f2 anche servire a varie applicazioni in settori come la vendita al dettaglio, la logistica e la gestione dell&#039;inventario, fornendo un facile accesso ai contenuti digitali quando scansionati con uno smartphone abilitato NFC.<\/p>\n<h3>2.\u00a0<strong>Come si usa l&#039;adesivo NFC?<\/strong><\/h3>\n<p>Per usare l&#039;adesivo NFC, basta staccare la pellicola adesiva e attaccarla alla superficie desiderata. Per effettuare la scansione, gli utenti hanno bisogno di uno smartphone o di un dispositivo abilitato NFC. Tenendo il dispositivo vicino all&#039;adesivo, \u00e8 possibile accedere automaticamente alle informazioni in esso memorizzate.<\/p>\n<h3>3.\u00a0<strong>L&#039;adesivo NFC NTAG 424 DNA \u00e8 impermeabile?<\/strong><\/h3>\n<p>S\u00ec, l&#039;adesivo NTAG 424 DNA NFC \u00e8 progettato per essere impermeabile e resistente alle intemperie. Pu\u00f2 resistere a varie condizioni ambientali, rendendolo adatto sia per applicazioni indoor che outdoor.<\/p>\n<h3>4.\u00a0<strong>Quanto sono sicuri i dati memorizzati sull&#039;adesivo NFC?<\/strong><\/h3>\n<p>L&#039;adesivo presenta solidi protocolli di sicurezza, tra cui crittografia AES a 128 bit e chiavi di accesso multiple (5 x 128 bit). Questo livello di sicurezza aiuta a proteggere i dati da accessi non autorizzati e garantisce che solo gli utenti autorizzati possano recuperare o modificare le informazioni memorizzate su di esso.<\/p>\n<h3>5.\u00a0<strong>\u00c8 possibile aggiornare i dati presenti sull&#039;adesivo NFC?<\/strong><\/h3>\n<p>S\u00ec, i dati memorizzati sull&#039;adesivo NTAG 424 DNA NFC possono essere aggiornati tramite un dispositivo abilitato NFC. Questa funzionalit\u00e0 \u00e8 particolarmente utile per le aziende che hanno bisogno di mantenere le informazioni sui prodotti aggiornate e pertinenti nel tempo.<\/p>","protected":false},"excerpt":{"rendered":"<p>IL\u00a0<strong>Adesivo NFC DNA NTAG 424 diametro 30 mm<\/strong>\u00a0offre caratteristiche di elevata sicurezza e antimanomissione, rendendolo una soluzione essenziale per l&#039;autenticazione dei prodotti e l&#039;anticontraffazione. Progettato per durare e impermeabilizzare, questo adesivo NFC garantisce protezione affidabile e tracciabilit\u00e0 per un&#039;ampia gamma di applicazioni.<\/p>","protected":false},"featured_media":3304,"template":"","meta":[],"product_brand":[],"product_cat":[48],"product_tag":[],"class_list":{"0":"post-3303","1":"product","2":"type-product","3":"status-publish","4":"has-post-thumbnail","6":"product_cat-nfc-stickers","8":"first","9":"instock","10":"shipping-taxable","11":"product-type-simple"},"_links":{"self":[{"href":"https:\/\/nfc-readers.com\/it\/wp-json\/wp\/v2\/product\/3303","targetHints":{"allow":["GET"]}}],"collection":[{"href":"https:\/\/nfc-readers.com\/it\/wp-json\/wp\/v2\/product"}],"about":[{"href":"https:\/\/nfc-readers.com\/it\/wp-json\/wp\/v2\/types\/product"}],"wp:featuredmedia":[{"embeddable":true,"href":"https:\/\/nfc-readers.com\/it\/wp-json\/wp\/v2\/media\/3304"}],"wp:attachment":[{"href":"https:\/\/nfc-readers.com\/it\/wp-json\/wp\/v2\/media?parent=3303"}],"wp:term":[{"taxonomy":"product_brand","embeddable":true,"href":"https:\/\/nfc-readers.com\/it\/wp-json\/wp\/v2\/product_brand?post=3303"},{"taxonomy":"product_cat","embeddable":true,"href":"https:\/\/nfc-readers.com\/it\/wp-json\/wp\/v2\/product_cat?post=3303"},{"taxonomy":"product_tag","embeddable":true,"href":"https:\/\/nfc-readers.com\/it\/wp-json\/wp\/v2\/product_tag?post=3303"}],"curies":[{"name":"wp","href":"https:\/\/api.w.org\/{rel}","templated":true}]}}