{"id":3318,"date":"2024-11-01T05:29:10","date_gmt":"2024-11-01T05:29:10","guid":{"rendered":"https:\/\/nfc-readers.com\/?post_type=product&#038;p=3318"},"modified":"2024-11-01T05:29:20","modified_gmt":"2024-11-01T05:29:20","slug":"iso15693-icode-custom-size-pet-wet-dry-inlay-nfc-sticker","status":"publish","type":"product","link":"https:\/\/nfc-readers.com\/it\/ic-reader\/iso15693-icode-custom-size-pet-wet-dry-inlay-nfc-sticker\/","title":{"rendered":"Adesivo NFC con inserto bagnato asciutto in PET di dimensioni personalizzate ISO15693 ICODE"},"content":{"rendered":"<h1 style=\"text-align: center;\"><strong>Adesivo NFC con inserto bagnato asciutto in PET di dimensioni personalizzate ISO15693 ICODE<\/strong><\/h1>\n<p>&nbsp;<\/p>\n<p>Nell&#039;era digitale odierna, l&#039;integrazione della tecnologia Near Field Communication (NFC) ha trasformato il modo in cui le aziende comunicano e interagiscono con i propri clienti.\u00a0<strong>Adesivo NFC con inserto bagnato asciutto in PET di dimensioni personalizzate ISO15693 ICODE<\/strong>\u00a0rappresenta un significativo progresso nei prodotti NFC, offrendo comunicazioni affidabili, applicazioni versatili e una durata eccezionale. Questo versatile adesivo NFC, progettato per vari casi d&#039;uso, garantisce interazioni fluide tra dispositivi, rendendolo uno strumento essenziale per le aziende moderne e per i privati.<\/p>\n<p>Con un adesivo NFC, puoi semplificare i processi, migliorare il coinvolgimento degli utenti e rendere pi\u00f9 efficienti le attivit\u00e0 quotidiane. Che tu stia cercando di aggiornare le tue strategie di marketing, migliorare l&#039;esperienza del cliente o semplificare le transazioni, questo adesivo NFC fornisce le funzionalit\u00e0 e l&#039;affidabilit\u00e0 di cui hai bisogno.<\/p>\n<p>&nbsp;<\/p>\n<h2><strong>Caratteristiche uniche<\/strong><\/h2>\n<p>Le caratteristiche distintive dell&#039;adesivo ISO15693 ICODE NFC lo rendono uno strumento indispensabile per aziende e privati che desiderano semplificare le proprie attivit\u00e0.<\/p>\n<ul>\n<li><strong>Impermeabile\/resistente alle intemperie<\/strong>: La capacit\u00e0 di resistere a varie condizioni ambientali significa che gli adesivi NFC possono essere utilizzati in ambienti esterni o in aree in cui potrebbe essere presente umidit\u00e0. Questa caratteristica assicura che l&#039;adesivo mantenga la sua funzionalit\u00e0 senza degradarsi nel tempo.<\/li>\n<li><strong>Dimensioni personalizzate<\/strong>: Questo adesivo NFC pu\u00f2 essere realizzato in diverse dimensioni e forme, a seconda delle esigenze, rendendolo adatto a diverse applicazioni, che si tratti di etichettatura di prodotti, badge di controllo degli accessi o materiale promozionale.<\/li>\n<\/ul>\n<p>Queste caratteristiche uniche non solo migliorano l&#039;usabilit\u00e0, ma ampliano anche le possibilit\u00e0 di applicazione in molteplici settori.<\/p>\n<p>&nbsp;<\/p>\n<h2><strong>Specifiche tecniche<\/strong><\/h2>\n<table class=\"w-fit !mb-0 !max-w-none\" style=\"height: 300px;\" width=\"443\">\n<thead>\n<tr>\n<th>Specificazione<\/th>\n<th>Dettagli<\/th>\n<\/tr>\n<\/thead>\n<tbody>\n<tr>\n<td><strong>Frequenza<\/strong><\/td>\n<td>13,56 MHz<\/td>\n<\/tr>\n<tr>\n<td><strong>Tipi di chip<\/strong><\/td>\n<td>CODICE ICODE SLIX \/ SLIX2 \/ SLIXS<\/td>\n<\/tr>\n<tr>\n<td><strong>Memoria<\/strong><\/td>\n<td>Basato su chip<\/td>\n<\/tr>\n<tr>\n<td><strong>Protocollo<\/strong><\/td>\n<td>ISO15693<\/td>\n<\/tr>\n<tr>\n<td><strong>Materiale<\/strong><\/td>\n<td>ANIMALE DOMESTICO<\/td>\n<\/tr>\n<tr>\n<td><strong>Dimensioni personalizzate<\/strong><\/td>\n<td>50*50MM o personalizzato<\/td>\n<\/tr>\n<tr>\n<td><strong>Luogo d&#039;origine<\/strong><\/td>\n<td>Guangdong, Cina<\/td>\n<\/tr>\n<tr>\n<td><strong>Dettagli dell&#039;imballaggio<\/strong><\/td>\n<td>100 pezzi\/sacchetto, 5000 pezzi\/scatola<\/td>\n<\/tr>\n<tr>\n<td><strong>Porta<\/strong><\/td>\n<td>Shenzen<\/td>\n<\/tr>\n<tr>\n<td><strong>Peso<\/strong><\/td>\n<td>0,010 kg<\/td>\n<\/tr>\n<\/tbody>\n<\/table>\n<p>Le specifiche tecniche dettagliate garantiscono che il prodotto soddisfi gli standard del settore, garantendo al contempo flessibilit\u00e0 per diverse applicazioni.<\/p>\n<p>&nbsp;<\/p>\n<h2><strong>Domande frequenti<\/strong><\/h2>\n<p>Ecco alcune domande frequenti riguardanti l&#039;\u00a0<strong>Adesivo NFC con inserto bagnato asciutto in PET di dimensioni personalizzate ISO15693 ICODE<\/strong>\u00a0per aiutarti a comprendere meglio le sue capacit\u00e0 e applicazioni:<\/p>\n<h3><strong>1. Quali dispositivi possono interagire con l&#039;adesivo NFC?<\/strong><\/h3>\n<p>Gli adesivi NFC sono compatibili con la maggior parte\u00a0<strong>Smartphone abilitati NFC<\/strong>, tablet e lettori contactless. I dispositivi che supportano la tecnologia NFC saranno in grado di leggere le informazioni incorporate nell&#039;adesivo.<\/p>\n<h3><strong>2. Quanto \u00e8 durevole l&#039;adesivo NFC?<\/strong><\/h3>\n<p>L&#039;adesivo ISO15693 ICODE NFC \u00e8 realizzato in\u00a0<strong>Materiale PET<\/strong>, rendendolo entrambi\u00a0<strong>impermeabile e resistente alle intemperie<\/strong>\u00c8 progettato per resistere a diverse condizioni ambientali, garantendo affidabilit\u00e0 e longevit\u00e0 in diverse impostazioni.<\/p>\n<h3><strong>3. Posso personalizzare le dimensioni e la forma dell&#039;adesivo NFC?<\/strong><\/h3>\n<p>S\u00ec! L&#039;adesivo NFC pu\u00f2 essere prodotto in\u00a0<strong>diverse dimensioni e forme<\/strong>, consentendo la personalizzazione per soddisfare le esigenze specifiche della tua applicazione. Chiedi informazioni sulle opzioni disponibili.<\/p>\n<h3><strong>4. Qual \u00e8 il raggio di lettura dell&#039;adesivo NFC?<\/strong><\/h3>\n<p>La portata di lettura della tecnologia NFC \u00e8 in genere\u00a0<strong>qualche centimetro<\/strong>\u00a0(fino a 10 cm). Le prestazioni dell&#039;adesivo possono variare a seconda del dispositivo utilizzato per la scansione e dei fattori ambientali.<\/p>\n<h3><strong>5. Quali informazioni posso memorizzare sull&#039;adesivo NFC?<\/strong><\/h3>\n<p>\u00c8 possibile memorizzare vari tipi di informazioni su un adesivo NFC, tra cui\u00a0<strong>URL, informazioni di contatto, testo e piccoli dati binari<\/strong>\u00a0(tipicamente entro i limiti della memoria del chip). Utilizzando diverse opzioni di chip (come ICODE SLIX), la memoria pu\u00f2 variare.<\/p>","protected":false},"excerpt":{"rendered":"<p>L&#039;adesivo NFC ISO15693 ICODE Custom Size PET WET Dry Inlay \u00e8 una soluzione NFC versatile e durevole, progettata per una comunicazione fluida sia in ambienti asciutti che bagnati. Con dimensioni personalizzabili e robuste caratteristiche impermeabili, \u00e8 ideale per varie applicazioni, dalle promozioni di marketing al controllo accessi sicuro.<\/p>","protected":false},"featured_media":3319,"template":"","meta":[],"product_brand":[],"product_cat":[48],"product_tag":[],"class_list":{"0":"post-3318","1":"product","2":"type-product","3":"status-publish","4":"has-post-thumbnail","6":"product_cat-nfc-stickers","8":"first","9":"instock","10":"shipping-taxable","11":"product-type-simple"},"_links":{"self":[{"href":"https:\/\/nfc-readers.com\/it\/wp-json\/wp\/v2\/product\/3318","targetHints":{"allow":["GET"]}}],"collection":[{"href":"https:\/\/nfc-readers.com\/it\/wp-json\/wp\/v2\/product"}],"about":[{"href":"https:\/\/nfc-readers.com\/it\/wp-json\/wp\/v2\/types\/product"}],"wp:featuredmedia":[{"embeddable":true,"href":"https:\/\/nfc-readers.com\/it\/wp-json\/wp\/v2\/media\/3319"}],"wp:attachment":[{"href":"https:\/\/nfc-readers.com\/it\/wp-json\/wp\/v2\/media?parent=3318"}],"wp:term":[{"taxonomy":"product_brand","embeddable":true,"href":"https:\/\/nfc-readers.com\/it\/wp-json\/wp\/v2\/product_brand?post=3318"},{"taxonomy":"product_cat","embeddable":true,"href":"https:\/\/nfc-readers.com\/it\/wp-json\/wp\/v2\/product_cat?post=3318"},{"taxonomy":"product_tag","embeddable":true,"href":"https:\/\/nfc-readers.com\/it\/wp-json\/wp\/v2\/product_tag?post=3318"}],"curies":[{"name":"wp","href":"https:\/\/api.w.org\/{rel}","templated":true}]}}