{"id":3325,"date":"2024-11-01T05:35:51","date_gmt":"2024-11-01T05:35:51","guid":{"rendered":"https:\/\/nfc-readers.com\/?post_type=product&#038;p=3325"},"modified":"2024-11-01T05:35:51","modified_gmt":"2024-11-01T05:35:51","slug":"ntag-215-75mm-nfc-epoxy-custom-table-menu-sticker","status":"publish","type":"product","link":"https:\/\/nfc-readers.com\/it\/ic-reader\/ntag-215-75mm-nfc-epoxy-custom-table-menu-sticker\/","title":{"rendered":"Ntag 215 75MM NFC Adesivo per menu da tavolo personalizzato in resina epossidica"},"content":{"rendered":"<h1 style=\"text-align: center;\"><strong>Ntag 215 75MM NFC Adesivo per menu da tavolo personalizzato in resina epossidica<\/strong><\/h1>\n<p>&nbsp;<\/p>\n<p>Nel panorama in continua evoluzione della tecnologia della ristorazione,\u00a0<strong>Ntag 215 75MM NFC Adesivo per menu da tavolo personalizzato in resina epossidica<\/strong>\u00a0emerge come una soluzione innovativa per le moderne esperienze culinarie. Questo versatile adesivo NFC consente ai ristoranti di presentare i loro menu in modo fresco e coinvolgente, migliorando al contempo l&#039;esperienza del cliente attraverso la potenza della tecnologia contactless. Dite addio ai tradizionali menu cartacei e date il benvenuto all&#039;interazione digitale senza soluzione di continuit\u00e0.<\/p>\n<p>&nbsp;<\/p>\n<h3><strong>Vantaggi dell&#039;adesivo epossidico Ntag 215 NFC<\/strong><\/h3>\n<p>L&#039;adesivo NFC Ntag 215 non \u00e8 solo un prodotto; \u00e8 uno strumento trasformativo per migliorare i servizi di ospitalit\u00e0. Con la sua caratteristica impermeabile e le opzioni di personalizzazione, questo tag NFC soddisfa le esigenze uniche di diversi esercizi di ristorazione. Ecco motivi convincenti per investire in questo prodotto:<\/p>\n<ul>\n<li><strong>Condivisione senza contatto<\/strong>:I clienti possono accedere facilmente ai menu digitali utilizzando i loro smartphone dotati di tecnologia NFC, creando un&#039;esperienza culinaria igienica e interattiva.<\/li>\n<li><strong>Personalizzazione<\/strong>: Personalizza l&#039;adesivo con diverse dimensioni, stampe e design per adattarlo al meglio al marchio del tuo ristorante, evidenziando al contempo il tuo menu e le tue promozioni.<\/li>\n<li><strong>Durevole e affidabile<\/strong>: Grazie al design impermeabile e resistente alle intemperie e alla realizzazione con materiali di alta qualit\u00e0 come resina epossidica e carta\/PVC, l&#039;adesivo Ntag 215 \u00e8 progettato per durare, garantendo un utilizzo a lungo termine in ristoranti molto frequentati.<\/li>\n<li><\/li>\n<\/ul>\n<h3><strong>Caratteristiche dell&#039;adesivo NFC Ntag 215<\/strong><\/h3>\n<p>IL\u00a0<strong>Ntag 215 75MM NFC Adesivo per menu da tavolo personalizzato in resina epossidica<\/strong>\u00a0vanta numerose specifiche che lo distinguono:<\/p>\n<ul>\n<li><strong>Materiali<\/strong>: Realizzato da\u00a0<strong>epossidica e carta\/PVC<\/strong>Questo adesivo \u00e8 progettato per durare a lungo e resistere alle tipiche condizioni dei ristoranti.<\/li>\n<li><strong>Dimensioni e personalizzazione<\/strong>: Mentre la dimensione standard \u00e8\u00a0<strong>75MM<\/strong>sono disponibili dimensioni personalizzate, consentendo una personalizzazione completa in base al tema del negozio o alle esigenze del men\u00f9.<\/li>\n<li><strong>Interfaccia di comunicazione<\/strong>: Utilizzando l&#039;interfaccia di comunicazione NFC, funziona su un\u00a0<strong>frequenza di 13,56 MHz<\/strong>, garantendo affidabilit\u00e0 e velocit\u00e0 nel trasferimento dei dati.<\/li>\n<\/ul>\n<p>Offrendo opzioni per\u00a0<strong>stampa offset e serigrafica<\/strong>, l&#039;adesivo Ntag 215 pu\u00f2 riportare il tuo logo, codici QR o voci di menu dettagliate, migliorando il riconoscimento del marchio e il coinvolgimento dei clienti.<\/p>\n<p>&nbsp;<\/p>\n<h3><strong>Opzioni di personalizzazione<\/strong><\/h3>\n<p>Poich\u00e9 la personalizzazione \u00e8 un aspetto significativo dell&#039;\u00a0<strong>Adesivo NFC Ntag 215<\/strong>, i ristoranti possono scegliere tra una miriade di opzioni:<\/p>\n<ul>\n<li><strong>Opzioni di stampa<\/strong>: Seleziona da\u00a0<strong>stampa offset, serigrafia o codici QR<\/strong>\u00a0\u2013 tutti progettati su misura per adattarsi al tema del ristorante.<\/li>\n<li><strong>Dimensioni e forme<\/strong>: Mentre il diametro standard \u00e8\u00a0<strong>75MM<\/strong>, le aziende possono richiedere dimensioni personalizzate per adattarsi a tavoli specifici o esigenze di arredamento. Le opzioni flessibili consentono l&#039;adattamento a diversi ambienti, sia con montaggi piatti che su metallo.<\/li>\n<\/ul>\n<p>Grazie alla possibilit\u00e0 di personalizzare il tuo adesivo NFC, il tuo ristorante potr\u00e0 mantenere la coerenza del marchio migliorando al contempo l&#039;interazione con i clienti.<\/p>\n<p>&nbsp;<\/p>\n<h3><strong>Domande frequenti per l&#039;adesivo per menu da tavolo personalizzato Ntag 215 NFC Epoxy<\/strong><\/h3>\n<h3>1.\u00a0<strong>Che cos&#039;\u00e8 l&#039;adesivo per men\u00f9 da tavolo personalizzato in resina epossidica Ntag 215 NFC?<\/strong><\/h3>\n<p>L&#039;adesivo Ntag 215 NFC Epoxy Custom Table Menu \u00e8 un adesivo NFC contactless durevole, progettato per ristoranti e altri esercizi di ristorazione. Consente ai clienti di accedere facilmente a menu e promozioni digitali toccando l&#039;adesivo con i propri smartphone abilitati NFC.<\/p>\n<h3>2.\u00a0<strong>Come funziona la tecnologia NFC?<\/strong><\/h3>\n<p>NFC (Near Field Communication) consente la comunicazione wireless tra dispositivi su brevi distanze (solitamente inferiori a 4 cm). Quando un cliente tocca il suo smartphone abilitato NFC contro l&#039;adesivo Ntag 215, legge i dati memorizzati nell&#039;adesivo e visualizza il menu digitale sul suo dispositivo.<\/p>\n<h3>3.\u00a0<strong>Gli adesivi sono impermeabili?<\/strong><\/h3>\n<p>S\u00ec, gli adesivi Ntag 215 sono progettati per essere impermeabili e resistenti alle intemperie. Ci\u00f2 garantisce durata e longevit\u00e0 anche in ambienti di ristoranti affollati, dove versamenti e schizzi sono comuni.<\/p>\n<h3>4.\u00a0<strong>Posso personalizzare il design dell&#039;adesivo?<\/strong><\/h3>\n<p>Assolutamente! Puoi personalizzare l&#039;adesivo Ntag 215 NFC con varie opzioni di design, tra cui stampa offset, serigrafia, loghi, codici QR e dimensioni personalizzate. Ci\u00f2 ti consente di allineare efficacemente l&#039;adesivo al branding del tuo ristorante.<\/p>\n<h3>5.\u00a0<strong>Quali sono le opzioni di chip disponibili?<\/strong><\/h3>\n<p>L&#039;adesivo Ntag 215 \u00e8 precaricato con il chip Ntag 215, ma puoi anche scegliere altre opzioni di chip NFC come Ntag 213, Ntag 216 o configurazioni personalizzate in base alle tue esigenze specifiche.<\/p>","protected":false},"excerpt":{"rendered":"<p>L&#039;adesivo per menu da tavolo personalizzato Ntag 215 75MM NFC Epoxy offre ai clienti un modo semplice e contactless per accedere ai menu digitali. Durevole e personalizzabile, migliora l&#039;esperienza culinaria nei ristoranti moderni.<\/p>","protected":false},"featured_media":3326,"template":"","meta":[],"product_brand":[],"product_cat":[48],"product_tag":[],"class_list":{"0":"post-3325","1":"product","2":"type-product","3":"status-publish","4":"has-post-thumbnail","6":"product_cat-nfc-stickers","8":"first","9":"instock","10":"shipping-taxable","11":"product-type-simple"},"_links":{"self":[{"href":"https:\/\/nfc-readers.com\/it\/wp-json\/wp\/v2\/product\/3325","targetHints":{"allow":["GET"]}}],"collection":[{"href":"https:\/\/nfc-readers.com\/it\/wp-json\/wp\/v2\/product"}],"about":[{"href":"https:\/\/nfc-readers.com\/it\/wp-json\/wp\/v2\/types\/product"}],"wp:featuredmedia":[{"embeddable":true,"href":"https:\/\/nfc-readers.com\/it\/wp-json\/wp\/v2\/media\/3326"}],"wp:attachment":[{"href":"https:\/\/nfc-readers.com\/it\/wp-json\/wp\/v2\/media?parent=3325"}],"wp:term":[{"taxonomy":"product_brand","embeddable":true,"href":"https:\/\/nfc-readers.com\/it\/wp-json\/wp\/v2\/product_brand?post=3325"},{"taxonomy":"product_cat","embeddable":true,"href":"https:\/\/nfc-readers.com\/it\/wp-json\/wp\/v2\/product_cat?post=3325"},{"taxonomy":"product_tag","embeddable":true,"href":"https:\/\/nfc-readers.com\/it\/wp-json\/wp\/v2\/product_tag?post=3325"}],"curies":[{"name":"wp","href":"https:\/\/api.w.org\/{rel}","templated":true}]}}