{"id":3332,"date":"2024-11-01T05:43:23","date_gmt":"2024-11-01T05:43:23","guid":{"rendered":"https:\/\/nfc-readers.com\/?post_type=product&#038;p=3332"},"modified":"2024-11-01T05:43:24","modified_gmt":"2024-11-01T05:43:24","slug":"ntag-213-custom-nfc-epoxy-sticker-for-nfc-smart-phone","status":"publish","type":"product","link":"https:\/\/nfc-readers.com\/it\/ic-reader\/ntag-213-custom-nfc-epoxy-sticker-for-nfc-smart-phone\/","title":{"rendered":"Adesivo epossidico NFC personalizzato Ntag 213 per smartphone NFC"},"content":{"rendered":"<h1 style=\"text-align: center;\"><strong>Adesivo epossidico NFC personalizzato Ntag 213 per smartphone NFC<\/strong><\/h1>\n<p>&nbsp;<\/p>\n<p>Esplora il futuro della connettivit\u00e0 con\u00a0<strong>Adesivo epossidico NFC personalizzato Ntag 213<\/strong>, un prodotto versatile e innovativo progettato per interazioni fluide con\u00a0<strong>Smartphone abilitati NFC<\/strong>Con le sue eccellenti caratteristiche, tra cui\u00a0<em>impermeabilizzazione<\/em>, un materiale epossidico durevole e opzioni personalizzabili, questo tag NFC non \u00e8 solo un altro gadget, ma uno strumento rivoluzionario che migliora la tua esperienza digitale. Dalle applicazioni di pagamento alla facile condivisione di informazioni digitali, l&#039;adesivo Ntag 213 \u00e8 un must per chiunque cerchi praticit\u00e0 ed efficienza.<\/p>\n<p>&nbsp;<\/p>\n<h3><strong>Perch\u00e9 dovresti acquistare gli adesivi NFC Ntag 213<\/strong><\/h3>\n<p>Scegliere il tag NFC giusto pu\u00f2 elevare il tuo business o il tuo personal branding, garantendo al contempo un&#039;esperienza utente fluida. L&#039;adesivo epossidico NFC personalizzato Ntag 213 si distingue per la sua miscela unica di affidabilit\u00e0, alte prestazioni e adattabilit\u00e0. Con la capacit\u00e0 di memorizzare 144 byte di dati, questo adesivo NFC \u00e8 ideale per una moltitudine di applicazioni, il che lo rende uno strumento essenziale nel mondo tecnologico odierno. Ma perch\u00e9 vale la pena acquistare questo adesivo? Ecco alcuni motivi convincenti:<\/p>\n<ul>\n<li><strong>Durata<\/strong>: Grazie al suo rivestimento epossidico, questo adesivo NFC \u00e8\u00a0<strong>impermeabile e resistente alle intemperie<\/strong>, consentendogli di mantenere la funzionalit\u00e0 in vari ambienti.<\/li>\n<li><strong>Versatilit\u00e0<\/strong>: Grazie alle opzioni di personalizzazione in termini di dimensioni, colore e grafica di stampa, puoi adattare questo prodotto alle tue specifiche esigenze di branding.<\/li>\n<li><strong>Facile integrazione<\/strong>: Compatibile con un&#039;ampia gamma di\u00a0<strong>Dispositivi NFC<\/strong>, inclusi Android e iPhone, consente agli utenti di condividere informazioni e interagire con contenuti digitali senza alcuno sforzo.<\/li>\n<\/ul>\n<p>&nbsp;<\/p>\n<h3><strong>Caratteristiche e vantaggi del prodotto<\/strong><\/h3>\n<h3>Dimensioni e colori personalizzati<\/h3>\n<p>Ogni progetto \u00e8 unico e il nostro\u00a0<strong>Adesivi NFC Ntag 213<\/strong>\u00a0pu\u00f2 essere adattato per soddisfare requisiti specifici. Se hai bisogno di un\u00a0<strong>rettangolo<\/strong>, ovale o rotondo, offriamo flessibilit\u00e0 in forma e dimensione. Puoi anche scegliere tra una variet\u00e0 di colori per completare il tuo marchio. Questo livello di\u00a0<strong>personalizzazione<\/strong>\u00a0garantisce la soluzione perfetta per le tue strategie di marketing o progetti personali.<\/p>\n<h3>Design impermeabile e resistente alle intemperie<\/h3>\n<p>IL\u00a0<strong>materiale epossidico<\/strong>\u00a0utilizzato nell&#039;adesivo Ntag 213 conferisce una notevole protezione contro l&#039;umidit\u00e0 e le condizioni meteorologiche avverse. Questo\u00a0<strong>impermeabile<\/strong>\u00a0capacit\u00e0 significa che non devi preoccuparti dell&#039;esposizione agli elementi. Che siano utilizzati all&#039;interno o all&#039;esterno, questi tag NFC manterranno la loro funzionalit\u00e0 ed efficacia, rendendoli adatti per applicazioni come pubblicit\u00e0 esterna o dispositivi intelligenti che richiedono resilienza.<\/p>\n<h3>Frequenza di comunicazione 13,56 MHz<\/h3>\n<p>Utilizzando lo standard\u00a0<strong>Frequenza di comunicazione 13,56 MHz<\/strong>, questi adesivi NFC sfruttano la potenza di\u00a0<strong>RFID<\/strong>\u00a0tecnologia. Questa frequenza fornisce un&#039;interfaccia di comunicazione affidabile, assicurando un trasferimento dati veloce e sicuro quando scansionato da un dispositivo abilitato NFC. Questa compatibilit\u00e0 migliora ulteriormente l&#039;usabilit\u00e0, consentendo un&#039;esperienza fluida su varie piattaforme e dispositivi.<\/p>\n<h3>Chip NTAG213 per alte prestazioni<\/h3>\n<p>Al centro di ogni adesivo personalizzato Ntag 213 c&#039;\u00e8 il\u00a0<strong>Circuito integrato NTAG213<\/strong>, rinomato per le sue elevate prestazioni e versatilit\u00e0. Con una memoria di\u00a0<strong>144 byte<\/strong>, memorizza correttamente URL, testo o piccoli set di dati. L&#039;architettura del chip consente applicazioni estese, dai biglietti da visita alle campagne di marketing interattive. La sua affidabilit\u00e0 garantisce che i tuoi tag possano essere scansionati e consultati ripetutamente senza guasti.<\/p>\n<p>&nbsp;<\/p>\n<h3><strong>Specifiche tecniche<\/strong><\/h3>\n<table class=\"w-fit !mb-0 !max-w-none\" style=\"height: 297px;\" width=\"431\">\n<thead>\n<tr>\n<th>Caratteristica<\/th>\n<th>Specificazione<\/th>\n<\/tr>\n<\/thead>\n<tbody>\n<tr>\n<td>Patata fritta<\/td>\n<td>NTAG213<\/td>\n<\/tr>\n<tr>\n<td>Frequenza<\/td>\n<td>13,56 MHz<\/td>\n<\/tr>\n<tr>\n<td>Memoria<\/td>\n<td>144 byte<\/td>\n<\/tr>\n<tr>\n<td>Protocollo<\/td>\n<td>ISO14443<\/td>\n<\/tr>\n<tr>\n<td>Materiale<\/td>\n<td>Epossidico<\/td>\n<\/tr>\n<tr>\n<td>Misurare<\/td>\n<td>Costume<\/td>\n<\/tr>\n<tr>\n<td>Colore<\/td>\n<td>Costume<\/td>\n<\/tr>\n<tr>\n<td>Opzioni di stampa<\/td>\n<td>Stampa offset\/Pantone\/QR<\/td>\n<\/tr>\n<tr>\n<td>Luogo d&#039;origine<\/td>\n<td>Guangdong, Cina<\/td>\n<\/tr>\n<tr>\n<td>Caratteristiche speciali<\/td>\n<td>Impermeabile\/resistente alle intemperie<\/td>\n<\/tr>\n<\/tbody>\n<\/table>\n<h3><\/h3>\n<h3><strong>Domande frequenti<\/strong><\/h3>\n<h3>Quali dispositivi sono compatibili con l&#039;adesivo NFC Ntag 213?<\/h3>\n<p>Gli adesivi Ntag 213 sono compatibili con tutti gli smartphone abilitati NFC, compresi i marchi pi\u00f9 noti come\u00a0<strong>iPhone<\/strong>\u00a0E\u00a0<strong>SAMSUNG<\/strong>.<\/p>\n<h3>Quanto dura la batteria?<\/h3>\n<p>Gli adesivi Ntag 213 NFC non richiedono una batteria; sono dispositivi passivi che traggono energia dal lettore abilitato NFC. Finch\u00e9 il tag \u00e8 intatto e nel raggio d&#039;azione, funzioner\u00e0.<\/p>\n<h3>Questi adesivi possono essere utilizzati all&#039;esterno?<\/h3>\n<p>S\u00ec! I nostri adesivi NFC sono progettati per essere\u00a0<strong>impermeabile e resistente alle intemperie<\/strong>, rendendoli adatti sia per applicazioni interne che esterne.<\/p>\n<h3>Esiste una distanza massima di scansione?<\/h3>\n<p>La distanza di scansione effettiva \u00e8 solitamente fino a 10 cm (4 pollici), a seconda della potenza dell&#039;antenna NFC del dispositivo e dei fattori ambientali.<\/p>","protected":false},"excerpt":{"rendered":"<p>IL\u00a0<strong>Adesivo epossidico NFC personalizzato NTAG-213<\/strong>\u00a0\u00e8 un tag NFC versatile e impermeabile progettato per un&#039;interazione fluida con gli smartphone abilitati NFC. Personalizzabile in dimensioni, colore e opzioni di stampa, questo adesivo resistente consente ad aziende e privati di condividere contenuti digitali senza sforzo, migliorando il coinvolgimento degli utenti e le opportunit\u00e0 di branding.<\/p>","protected":false},"featured_media":3333,"template":"","meta":[],"product_brand":[],"product_cat":[48],"product_tag":[],"class_list":{"0":"post-3332","1":"product","2":"type-product","3":"status-publish","4":"has-post-thumbnail","6":"product_cat-nfc-stickers","8":"first","9":"instock","10":"shipping-taxable","11":"product-type-simple"},"_links":{"self":[{"href":"https:\/\/nfc-readers.com\/it\/wp-json\/wp\/v2\/product\/3332","targetHints":{"allow":["GET"]}}],"collection":[{"href":"https:\/\/nfc-readers.com\/it\/wp-json\/wp\/v2\/product"}],"about":[{"href":"https:\/\/nfc-readers.com\/it\/wp-json\/wp\/v2\/types\/product"}],"wp:featuredmedia":[{"embeddable":true,"href":"https:\/\/nfc-readers.com\/it\/wp-json\/wp\/v2\/media\/3333"}],"wp:attachment":[{"href":"https:\/\/nfc-readers.com\/it\/wp-json\/wp\/v2\/media?parent=3332"}],"wp:term":[{"taxonomy":"product_brand","embeddable":true,"href":"https:\/\/nfc-readers.com\/it\/wp-json\/wp\/v2\/product_brand?post=3332"},{"taxonomy":"product_cat","embeddable":true,"href":"https:\/\/nfc-readers.com\/it\/wp-json\/wp\/v2\/product_cat?post=3332"},{"taxonomy":"product_tag","embeddable":true,"href":"https:\/\/nfc-readers.com\/it\/wp-json\/wp\/v2\/product_tag?post=3332"}],"curies":[{"name":"wp","href":"https:\/\/api.w.org\/{rel}","templated":true}]}}