{"id":3348,"date":"2024-11-01T10:53:48","date_gmt":"2024-11-01T10:53:48","guid":{"rendered":"https:\/\/nfc-readers.com\/?post_type=product&#038;p=3348"},"modified":"2024-11-04T09:04:23","modified_gmt":"2024-11-04T09:04:23","slug":"rfid-ultralight-playground-ticket-proximity-pvc-vip-card","status":"publish","type":"product","link":"https:\/\/nfc-readers.com\/it\/ic-reader\/rfid-ultralight-playground-ticket-proximity-pvc-vip-card\/","title":{"rendered":"Mifare Ultralight ev1 PVC RFID Card per biglietti da parco giochi"},"content":{"rendered":"<h1><strong><span style=\"color: #000080;\">Mifare Ultralight ev1 PVC RFID Card per biglietti da parco giochi<\/span><\/strong><\/h1>\n<p>&nbsp;<\/p>\n<h4><strong><span style=\"color: #008080;\">Rivoluzionare le soluzioni di controllo accessi e biglietteria<\/span><\/strong><\/h4>\n<p><span style=\"color: #666699;\">Nel mondo cashless di oggi, la Mifare Ultralight ev1 PVC RFID Card for Playground ticket \u00e8 all&#039;avanguardia nelle moderne soluzioni di biglietteria e controllo accessi. Questa card high-tech non solo semplifica l&#039;ingresso nei parchi divertimento e negli eventi, ma migliora anche l&#039;esperienza utente con il suo design robusto e la tecnologia smart card. Offrendo sicurezza, praticit\u00e0 e versatilit\u00e0 senza pari, \u00e8 la scelta ideale per le aziende che mirano ad aumentare il coinvolgimento dei clienti e l&#039;efficienza operativa.<\/span><\/p>\n<hr \/>\n<h2><\/h2>\n<h2 style=\"text-align: center;\"><span style=\"color: #000080;\"><em><strong>Caratteristiche e vantaggi del prodotto<\/strong><\/em><\/span><\/h2>\n<h3><span style=\"color: #333399;\">1. <strong>Materiale durevole e affidabile<\/strong><\/span><\/h3>\n<p>Realizzata in PVC di alta qualit\u00e0, questa carta RFID \u00e8 progettata per resistere a condizioni ambientali difficili.\u00a0<strong>impermeabile<\/strong>\u00a0E\u00a0<strong>resistente alle intemperie<\/strong>\u00a0caratteristiche prevengono l&#039;usura, garantendo una durata a lungo termine. Sia che venga utilizzato in parchi di divertimento all&#039;aperto o in eventi al chiuso, il\u00a0<strong>Carta RFID Ultralight Playground<\/strong>\u00a0rimane funzionale e visivamente accattivante, il che pu\u00f2 ridurre i costi di sostituzione nel tempo.<\/p>\n<p>&nbsp;<\/p>\n<h3><span style=\"color: #333399;\"><strong>2. Applicazioni versatili<\/strong><\/span><\/h3>\n<p>Progettata per una variet\u00e0 di utilizzi, la tessera RFID in PVC Mifare Ultralight ev1 per biglietti da parco giochi \u00e8 perfetta per\u00a0<strong>biglietteria<\/strong>,\u00a0<strong>controllo degli accessi<\/strong>,\u00a0<strong>programmi fedelt\u00e0<\/strong>, E\u00a0<strong>gestione degli eventi<\/strong>. La carta semplifica efficacemente i processi di ingresso, rendendola un&#039;eccellente scelta per sistemi di trasporto pubblico, parchi di divertimento, festival e altro ancora. La sua versatilit\u00e0 consente alle aziende di implementare una soluzione unificata per diverse esigenze operative.<\/p>\n<p>&nbsp;<\/p>\n<h3><span style=\"color: #333399;\">3. <strong>Esperienza utente comoda<\/strong><\/span><\/h3>\n<p>Con un\u00a0<strong>distanza di lettura<\/strong>\u00a0di 1-20 cm e un&#039;opzione di spessore di\u00a0<strong>0,76 mm\/0,84 mm<\/strong>, la carta assicura facilit\u00e0 d&#039;uso e soddisfazione del cliente. Gli utenti possono semplicemente avvicinare la carta a qualsiasi dispositivo abilitato NFC, ottenendo una transazione rapida.\u00a0<strong>senza contatto<\/strong>\u00a0Questa caratteristica riduce al minimo il contatto fisico e migliora l&#039;igiene, un aspetto essenziale nell&#039;ambiente odierno.<\/p>\n<p>&nbsp;<\/p>\n<h3><span style=\"color: #333399;\"><strong>4. Opzioni di personalizzazione<\/strong><\/span><\/h3>\n<p>La tessera RFID in PVC Mifare Ultralight ev1 per biglietti Playground offre un&#039;ampia personalizzazione per soddisfare le esigenze di branding e marketing. I clienti possono scegliere tra varie opzioni di stampa, tra cui\u00a0<strong>Stampa CMYK4C<\/strong>,\u00a0<strong>stampa termica<\/strong>, E\u00a0<strong>stampa serigrafica<\/strong>Inoltre, elementi come\u00a0<strong>codice laser<\/strong>,\u00a0<strong>numeri di serie<\/strong>, E\u00a0<strong>goffratura<\/strong>\u00a0pu\u00f2 essere personalizzato per creare un&#039;identit\u00e0 unica per ogni carta, migliorando la visibilit\u00e0 e la fedelt\u00e0 al marchio.<\/p>\n<p>&nbsp;<\/p>\n<h3><span style=\"color: #333399;\"><strong>5. Specifiche tecniche<\/strong><\/span><\/h3>\n<div class=\"table-with-header rounded-lg border border-solid border-grey-line2-normal w-fit max-w-full mb-2\">\n<div class=\"overflow-x-auto custom-scrollbar custom-scrollbar-float max-w-full\">\n<table class=\"w-fit !mb-0 !max-w-none\" style=\"height: 339px;\" width=\"403\">\n<thead>\n<tr>\n<th>Caratteristica<\/th>\n<th>Specificazione<\/th>\n<\/tr>\n<\/thead>\n<tbody>\n<tr>\n<td><\/td>\n<td><\/td>\n<\/tr>\n<tr>\n<td>Tipo di chip<\/td>\n<td>MIFARE Ultralight\u00ae C<\/td>\n<\/tr>\n<tr>\n<td>Frequenza<\/td>\n<td>13,56 MHz<\/td>\n<\/tr>\n<tr>\n<td>Materiale<\/td>\n<td>PVC<\/td>\n<\/tr>\n<tr>\n<td>Distanza di lettura<\/td>\n<td>2-10 CENTIMETRI<\/td>\n<\/tr>\n<tr>\n<td>Spessore<\/td>\n<td>0,76 mm \/ 0,84 mm \/ Personalizzato<\/td>\n<\/tr>\n<tr>\n<td>Misurare<\/td>\n<td>CR80<\/td>\n<\/tr>\n<tr>\n<td>Mestiere<\/td>\n<td>Codice laser, inchiostro UV, numero di serie.<\/td>\n<\/tr>\n<tr>\n<td>Ciclo di scrittura<\/td>\n<td>100.000 volte<\/td>\n<\/tr>\n<tr>\n<td>Luogo d&#039;origine<\/td>\n<td>Guangdong, Cina<\/td>\n<\/tr>\n<\/tbody>\n<\/table>\n<\/div>\n<\/div>\n<hr \/>\n<h2 style=\"text-align: center;\"><span style=\"color: #000080;\"><strong>Istruzioni per l&#039;uso<\/strong><\/span><\/h2>\n<ol>\n<li><strong>Attiva la Carta<\/strong>: Assicurati che la carta sia attivata tramite il tuo software di gestione RFID.<\/li>\n<li><strong>Tocca Lettore<\/strong>: Tenere la carta a una distanza compresa tra 1 e 20 cm dal lettore NFC.<\/li>\n<li><strong>Conferma della transazione<\/strong>: Il lettore confermer\u00e0 la transazione tramite un segnale acustico o un indicatore luminoso.<\/li>\n<li><strong>Accesso concesso<\/strong>: Gli utenti possono procedere all&#039;accesso al locale o all&#039;utilizzo del servizio.<\/li>\n<\/ol>\n<p>&nbsp;<\/p>\n<h2 style=\"text-align: center;\"><em><span style=\"color: #000080;\"><strong>Produzione ecosostenibile<\/strong><\/span><\/em><\/h2>\n<p><span style=\"color: #666699;\">La sostenibilit\u00e0 \u00e8 fondamentale per la produzione moderna e la produzione della Mifare Ultralight ev1 PVC RFID Card for Playground Ticket \u00e8 in linea con le pratiche ecologiche. Investendo in materiali e processi sostenibili, le aziende possono contribuire alla salvaguardia ambientale, fornendo al contempo un prodotto di alta qualit\u00e0. Questo impegno trova riscontro nei consumatori attenti all&#039;ambiente e rafforza la responsabilit\u00e0 aziendale.<\/span><\/p>","protected":false},"excerpt":{"rendered":"<p>Scopri la tessera RFID in PVC Mifare Ultralight ev1 per biglietti da gioco: resistente, versatile ed ecologica per un controllo degli accessi e un&#039;emissione di biglietti senza interruzioni.<\/p>","protected":false},"featured_media":3349,"template":"","meta":[],"product_brand":[],"product_cat":[46],"product_tag":[],"class_list":{"0":"post-3348","1":"product","2":"type-product","3":"status-publish","4":"has-post-thumbnail","6":"product_cat-nfc-cards","8":"first","9":"instock","10":"shipping-taxable","11":"product-type-simple"},"_links":{"self":[{"href":"https:\/\/nfc-readers.com\/it\/wp-json\/wp\/v2\/product\/3348","targetHints":{"allow":["GET"]}}],"collection":[{"href":"https:\/\/nfc-readers.com\/it\/wp-json\/wp\/v2\/product"}],"about":[{"href":"https:\/\/nfc-readers.com\/it\/wp-json\/wp\/v2\/types\/product"}],"wp:featuredmedia":[{"embeddable":true,"href":"https:\/\/nfc-readers.com\/it\/wp-json\/wp\/v2\/media\/3349"}],"wp:attachment":[{"href":"https:\/\/nfc-readers.com\/it\/wp-json\/wp\/v2\/media?parent=3348"}],"wp:term":[{"taxonomy":"product_brand","embeddable":true,"href":"https:\/\/nfc-readers.com\/it\/wp-json\/wp\/v2\/product_brand?post=3348"},{"taxonomy":"product_cat","embeddable":true,"href":"https:\/\/nfc-readers.com\/it\/wp-json\/wp\/v2\/product_cat?post=3348"},{"taxonomy":"product_tag","embeddable":true,"href":"https:\/\/nfc-readers.com\/it\/wp-json\/wp\/v2\/product_tag?post=3348"}],"curies":[{"name":"wp","href":"https:\/\/api.w.org\/{rel}","templated":true}]}}