{"id":3353,"date":"2024-11-01T11:19:32","date_gmt":"2024-11-01T11:19:32","guid":{"rendered":"https:\/\/nfc-readers.com\/?post_type=product&#038;p=3353"},"modified":"2024-11-04T08:59:53","modified_gmt":"2024-11-04T08:59:53","slug":"iso14443a-mifare-rfid-hotel-card-magnetic-stripe-available","status":"publish","type":"product","link":"https:\/\/nfc-readers.com\/it\/ic-reader\/iso14443a-mifare-rfid-hotel-card-magnetic-stripe-available\/","title":{"rendered":"Banda magnetica RFID MIFARE ISO14443A disponibile per la carta alberghiera"},"content":{"rendered":"<h1><span style=\"color: #000080;\"><strong>Banda magnetica RFID MIFARE ISO14443A disponibile per la carta alberghiera<\/strong><\/span><\/h1>\n<p><span style=\"color: #666699;\">Il futuro del controllo degli accessiNel moderno settore dell&#039;ospitalit\u00e0, l&#039;accesso senza soluzione di continuit\u00e0 alle camere e alle strutture \u00e8 fondamentale. <strong>Carta alberghiera RFID MIFARE ISO14443A con banda magnetica<\/strong>\u00a0\u00e8 emersa come una soluzione trasformativa che fonde la tecnologia RFID avanzata e un design user-friendly. Questa carta migliora l&#039;esperienza degli ospiti, garantendo al contempo la massima sicurezza per la gestione dell&#039;hotel. <\/span><\/p>\n<p><span style=\"color: #666699;\">Gli ospiti possono usufruire di un accesso contactless, mentre gli operatori alberghieri beneficiano di una maggiore sicurezza ed efficienza. Con le sue caratteristiche di impermeabilit\u00e0 e resistenza alle intemperie, la tessera RFID \u00e8 progettata per durare, garantendo longevit\u00e0 anche negli ambienti pi\u00f9 affollati. Questa tessera non solo semplifica il processo di check-in, ma funge anche da strumento affidabile per il controllo degli accessi, il tutto offrendo opzioni di personalizzazione per riflettere l&#039;identit\u00e0 del marchio del tuo hotel.<\/span><\/p>\n<hr \/>\n<h2><\/h2>\n<h2 style=\"text-align: center;\"><em><strong><span style=\"color: #000080;\">Descrizione del prodotto<\/span><\/strong><\/em><\/h2>\n<h3><span style=\"color: #333399;\"> <strong>1. Caratteristiche principali della carta alberghiera RFID ISO14443A MIFARE<\/strong><\/span><\/h3>\n<p>IL\u00a0<strong>Carta alberghiera RFID MIFARE ISO14443A<\/strong>\u00a0offre una gamma di funzionalit\u00e0 innovative che soddisfano sia gli operatori alberghieri che gli ospiti. Utilizzando tecnologie avanzate\u00a0<strong>MIFARE\u00ae Ultralight C<\/strong>\u00a0tecnologia chip, questa scheda funziona ad una frequenza di\u00a0<strong>13,56 MHz<\/strong>\u00a0sotto il\u00a0<strong>Protocollo ISO14443A<\/strong>Questa specifica consente un accesso rapido e sicuro con un&#039;interazione minima necessaria, fornendo un vero\u00a0<strong>esperienza senza contatto<\/strong>.Con il suo\u00a0<strong>impermeabile<\/strong>\u00a0E\u00a0<strong>resistente alle intemperie<\/strong>\u00a0design, la scheda rimane funzionale in diversi ambienti, assicurando che resista all&#039;usura quotidiana. Inoltre, l&#039;incorporazione di un\u00a0<strong>banda magnetica<\/strong>\u00a0consente versatilit\u00e0 nei sistemi di controllo degli accessi. Questa doppia funzionalit\u00e0 assicura che, sia che venga utilizzata per l&#039;ingresso nelle camere d&#039;albergo o in altre strutture, la tessera RFID fornisca un servizio affidabile e senza interruzioni.<\/p>\n<p>&nbsp;<\/p>\n<h3><span style=\"color: #333399;\"><strong>3. Specifiche tecniche<\/strong><\/span><\/h3>\n<p>La comprensione delle specifiche tecniche \u00e8 fondamentale per la scelta della giusta soluzione di controllo degli accessi. Di seguito \u00e8 riportata una tabella dettagliata delle\u00a0<strong>Carta alberghiera RFID MIFARE ISO14443A<\/strong> specifiche:<\/p>\n<div class=\"table-with-header rounded-lg border border-solid border-grey-line2-normal w-fit max-w-full mb-2\">\n<div class=\"h-8 items-center flex justify-between px-2 text-xs border-0 border-b border-solid border-grey-line2-normal\">\n<div class=\"h-[26px] w-[26px] text-text-primary-3 cursor-pointer hover:text-text-primary-2 flex-center\"><\/div>\n<\/div>\n<div class=\"overflow-x-auto custom-scrollbar custom-scrollbar-float max-w-full\">\n<table class=\"w-fit !mb-0 !max-w-none\">\n<thead>\n<tr>\n<th>Specificazione<\/th>\n<th>Valore<\/th>\n<\/tr>\n<\/thead>\n<tbody>\n<tr>\n<td>Patata fritta<\/td>\n<td>MIFARE\u00ae Ultralight C<\/td>\n<\/tr>\n<tr>\n<td>Frequenza<\/td>\n<td>13,56 MHz<\/td>\n<\/tr>\n<tr>\n<td>Interfaccia di comunicazione<\/td>\n<td>RFID, NFC<\/td>\n<\/tr>\n<tr>\n<td>Materiale<\/td>\n<td>PVC<\/td>\n<\/tr>\n<tr>\n<td>Misurare<\/td>\n<td>85,5 x54 mm \/ personalizzato<\/td>\n<\/tr>\n<tr>\n<td>Banda magnetica<\/td>\n<td>Loco300 originale \/ Hico2750\/4000 originale<\/td>\n<\/tr>\n<tr>\n<td>Finitura superficiale<\/td>\n<td>Lucido, Opaco, Satinato<\/td>\n<\/tr>\n<tr>\n<td>Codificare<\/td>\n<td>Stampa codice QR\/codice laser<\/td>\n<\/tr>\n<tr>\n<td>Opzioni di stampa<\/td>\n<td>Stampa offset CMYK\/Serigrafia\/Digitale<\/td>\n<\/tr>\n<\/tbody>\n<\/table>\n<\/div>\n<\/div>\n<p>Queste specifiche evidenziano la versatilit\u00e0 e la tecnologia avanzata della carta, mentre il design soddisfa le esigenze sia degli utenti sia della direzione dell&#039;hotel.<\/p>\n<p>&nbsp;<\/p>\n<h3><span style=\"color: #333399;\"><strong>4. Vantaggi dell&#039;utilizzo delle carte alberghiere RFID<\/strong><\/span><\/h3>\n<p><span style=\"color: #666699;\">Integrare il\u00a0<strong>Carta alberghiera RFID MIFARE ISO14443A<\/strong>\u00a0nelle operazioni di un hotel porta numerosi vantaggi. In primo luogo, il\u00a0<strong>senza contatto<\/strong>\u00a0la tecnologia migliora l&#039;esperienza degli ospiti, consentendo un accesso rapido e semplice alle camere e alle strutture senza armeggiare con le chiavi tradizionali. Ci\u00f2 velocizza i processi di check-in, che alla fine si traducono in una maggiore soddisfazione degli ospiti.<\/span><\/p>\n<p><span style=\"color: #666699;\">Inoltre, la tecnologia RFID consente un&#039;efficace\u00a0<strong>controllo degli accessi<\/strong>\u00a0gestione. Il personale dell&#039;hotel pu\u00f2 facilmente tracciare i modelli di utilizzo, garantendo una maggiore sicurezza e riducendo al minimo gli accessi non autorizzati. Con funzionalit\u00e0 come\u00a0<strong>autenticazione reciproca<\/strong>, le possibilit\u00e0 di duplicazione non autorizzata sono praticamente eliminate.<\/span><\/p>\n<p>&nbsp;<\/p>\n<h2 style=\"text-align: center;\"><span style=\"color: #000080;\"><em><strong>Domande frequenti<\/strong><\/em><\/span><\/h2>\n<p><span style=\"color: #008080;\"><strong>1. Qual \u00e8 la durata di vita della tessera alberghiera RFID?<\/strong><\/span><\/p>\n<p>Grazie al materiale in PVC resistente e alle caratteristiche di resistenza alle intemperie, la carta dura diversi anni in normali condizioni di utilizzo.<\/p>\n<hr \/>\n<p><span style=\"color: #008080;\"><strong>2. \u00c8 possibile personalizzare la carta con il nostro marchio?<\/strong><\/span><\/p>\n<p>S\u00ec, puoi personalizzare la tessera con il logo e i colori del tuo hotel utilizzando diverse opzioni di stampa e finitura.<\/p>\n<hr \/>\n<p><strong><span style=\"color: #008080;\">3. La carta \u00e8 compatibile con i sistemi RFID esistenti?<\/span><\/strong><\/p>\n<p>S\u00ec, \u00e8 compatibile con la maggior parte dei sistemi di controllo accessi RFID che utilizzano <strong>Protocollo ISO14443A<\/strong>.<\/p>","protected":false},"excerpt":{"rendered":"<p>La tessera alberghiera ISO14443A MIFARE RFID offre accesso contactless, maggiore sicurezza e opzioni di personalizzazione, rendendola ideale per le moderne esigenze dell&#039;ospitalit\u00e0.<\/p>","protected":false},"featured_media":3354,"template":"","meta":[],"product_brand":[],"product_cat":[46],"product_tag":[],"class_list":{"0":"post-3353","1":"product","2":"type-product","3":"status-publish","4":"has-post-thumbnail","6":"product_cat-nfc-cards","8":"first","9":"instock","10":"shipping-taxable","11":"product-type-simple"},"_links":{"self":[{"href":"https:\/\/nfc-readers.com\/it\/wp-json\/wp\/v2\/product\/3353","targetHints":{"allow":["GET"]}}],"collection":[{"href":"https:\/\/nfc-readers.com\/it\/wp-json\/wp\/v2\/product"}],"about":[{"href":"https:\/\/nfc-readers.com\/it\/wp-json\/wp\/v2\/types\/product"}],"wp:featuredmedia":[{"embeddable":true,"href":"https:\/\/nfc-readers.com\/it\/wp-json\/wp\/v2\/media\/3354"}],"wp:attachment":[{"href":"https:\/\/nfc-readers.com\/it\/wp-json\/wp\/v2\/media?parent=3353"}],"wp:term":[{"taxonomy":"product_brand","embeddable":true,"href":"https:\/\/nfc-readers.com\/it\/wp-json\/wp\/v2\/product_brand?post=3353"},{"taxonomy":"product_cat","embeddable":true,"href":"https:\/\/nfc-readers.com\/it\/wp-json\/wp\/v2\/product_cat?post=3353"},{"taxonomy":"product_tag","embeddable":true,"href":"https:\/\/nfc-readers.com\/it\/wp-json\/wp\/v2\/product_tag?post=3353"}],"curies":[{"name":"wp","href":"https:\/\/api.w.org\/{rel}","templated":true}]}}