{"id":3365,"date":"2024-11-01T14:47:51","date_gmt":"2024-11-01T14:47:51","guid":{"rendered":"https:\/\/nfc-readers.com\/?post_type=product&#038;p=3365"},"modified":"2024-11-01T15:00:46","modified_gmt":"2024-11-01T15:00:46","slug":"custom-read-write-flexible-ntag213-215-216-epoxy-nfc-tag","status":"publish","type":"product","link":"https:\/\/nfc-readers.com\/it\/ic-reader\/custom-read-write-flexible-ntag213-215-216-epoxy-nfc-tag\/","title":{"rendered":"Tag NFC epossidico flessibile NTAG213 215 216 di lettura-scrittura personalizzato"},"content":{"rendered":"<h1 style=\"text-align: center;\"><strong>Tag NFC epossidico flessibile NTAG213 215 216 di lettura-scrittura personalizzato<\/strong><\/h1>\n<p>&nbsp;<\/p>\n<p>Nel mondo digitale frenetico di oggi, la tecnologia NFC (Near Field Communication) sta rivoluzionando il modo in cui interagiamo con i nostri dispositivi, condividiamo informazioni e ci colleghiamo con i consumatori. <strong>Tag NFC epossidico flessibile NTAG213\/215\/216 di lettura-scrittura personalizzato<\/strong>\u00a0\u00e8 un prodotto innovativo progettato per migliorare le tue capacit\u00e0 di comunicazione, pur essendo versatile e facile da usare. Grazie alle sue capacit\u00e0 impermeabili, alle caratteristiche personalizzabili e alla gamma di applicazioni, questo tag NFC si distingue come la scelta migliore per aziende e privati.<\/p>\n<p>Sfruttando la potenza dell&#039;NFC, puoi semplificare le interazioni, aumentare l&#039;efficienza e coinvolgere direttamente gli utenti. Che tu stia cercando tag NFC per la condivisione sui social media o per creare soluzioni intelligenti, questo prodotto offre la combinazione perfetta di funzionalit\u00e0 e praticit\u00e0. Migliora la tua efficienza operativa e il coinvolgimento degli utenti incorporando questi <strong>Tag NFC<\/strong>\u00a0nella tua strategia oggi stesso!<\/p>\n<p>&nbsp;<\/p>\n<h3><strong>Caratteristiche speciali del tag NFC in resina epossidica NTAG213\/215\/216<\/strong><\/h3>\n<p>IL\u00a0<strong>Tag NFC epossidico flessibile NTAG213\/215\/216 di lettura-scrittura personalizzato<\/strong>\u00a0\u00e8 dotato di una moltitudine di\u00a0<strong>caratteristiche speciali<\/strong>\u00a0che lo distinguono dai tag NFC standard.<\/p>\n<ul>\n<li><strong>Impermeabile\/resistente alle intemperie:<\/strong>\u00a0Questi tag NFC sono realizzati con materiali che assicurano durevolezza e funzionalit\u00e0 in varie condizioni ambientali. Sia che vengano utilizzati all&#039;interno che all&#039;esterno, resistono all&#039;umidit\u00e0 e sono costruiti per resistere ai rigori di diversi climi.<\/li>\n<li><strong>Dimensioni e fattore di forma personalizzabili:<\/strong>\u00a0Disponibile in una dimensione standard di\u00a0<strong>25mm<\/strong>, con opzioni di personalizzazione, questi\u00a0<strong>Adesivi NFC<\/strong>\u00a0pu\u00f2 essere personalizzato per soddisfare requisiti specifici del progetto o esigenze di branding.<\/li>\n<li><strong>Opzioni di memoria riscrivibile:<\/strong>\u00a0A seconda del tipo di chip selezionato, la memoria pu\u00f2 variare da\u00a0<strong>Da 144 a 888 byte<\/strong>, consentendo agli utenti di memorizzare informazioni essenziali, come URL, dettagli di contatto o dati dell&#039;app. Ci\u00f2 consente\u00a0<strong>tag NFC riscrivibili<\/strong>\u00a0da riutilizzare per diverse campagne e applicazioni, a seconda delle necessit\u00e0.<\/li>\n<\/ul>\n<p>In un panorama digitale in cui le informazioni vengono costantemente aggiornate, avere a disposizione opzioni personalizzabili e flessibili \u00e8 di inestimabile valore per le aziende che vogliono mantenere la propria rilevanza.<\/p>\n<p>&nbsp;<\/p>\n<h3><strong>Vantaggi dell&#039;utilizzo dei chip NTAG213, NTAG215 e NTAG216<\/strong><\/h3>\n<p>Ogni chip della serie NTAG offre vantaggi unici che soddisfano le diverse esigenze degli utenti:<\/p>\n<ul>\n<li><strong>NTAG213:<\/strong>\u00a0Progettato per applicazioni semplici, questo chip offre ampio spazio di archiviazione e funzionalit\u00e0 di base, ideali per condividere URL o dettagli di contatto.<\/li>\n<li><strong>NTAG215:<\/strong>\u00a0Grazie alle capacit\u00e0 di memoria espanse, l&#039;NTAG215 \u00e8 perfetto per applicazioni pi\u00f9 complesse, come i giochi per dispositivi mobili, e per la creazione di esperienze sufficientemente interattive da distinguersi.<\/li>\n<li><strong>NTAG216:<\/strong>\u00a0Per coloro che necessitano di una maggiore capacit\u00e0 di archiviazione dei dati, l&#039;NTAG216 offre la pi\u00f9 alta capacit\u00e0 di memoria della serie, rendendolo adatto per applicazioni che richiedono un trasferimento o un&#039;archiviazione dei dati pi\u00f9 estesi<\/li>\n<\/ul>\n<p>&nbsp;<\/p>\n<h3><strong>Domande frequenti (FAQ)<\/strong><\/h3>\n<h3>1.\u00a0<strong>Quali tipi di tag NFC sono disponibili?<\/strong><\/h3>\n<p>Esistono vari tipi di tag NFC, tra cui NTAG213, NTAG215 e NTAG216. Ognuno offre diverse capacit\u00e0 di memoria e funzionalit\u00e0. Inoltre, ci sono tag riscrivibili, adesivi e tag specializzati progettati per superfici specifiche, tra cui applicazioni su metallo e su metallo.<\/p>\n<h3>2.\u00a0<strong>Come faccio a sapere se il mio telefono \u00e8 abilitato NFC?<\/strong><\/h3>\n<p>La maggior parte degli smartphone prodotti negli ultimi anni, sia dispositivi Android che iOS, sono dotati di tecnologia NFC. Puoi controllare le specifiche o le impostazioni del tuo dispositivo per scoprire se NFC \u00e8 supportato. Cerca l&#039;opzione NFC nel menu delle impostazioni o consulta il sito Web del produttore.<\/p>\n<h3>3.\u00a0<strong>Posso riscrivere i dati sui tag NFC?<\/strong><\/h3>\n<p>S\u00ec! Il nostro\u00a0<strong>Tag NFC NTAG213\/215\/216<\/strong>\u00a0sono riscrivibili, il che significa che puoi aggiornare o modificare i dati memorizzati su di essi pi\u00f9 volte. Ci\u00f2 li rende una soluzione versatile per aziende e usi personali, consentendo aggiornamenti facili senza dover sostituire il tag.<\/p>\n<h3>4.\u00a0<strong>Qual \u00e8 la distanza di lettura per i tag NFC?<\/strong><\/h3>\n<p>In genere, i tag NFC hanno una distanza di lettura di\u00a0<strong>1-5 centimetri<\/strong>Questa breve distanza garantisce una comunicazione sicura e diretta tra il tag NFC e il dispositivo abilitato NFC.<\/p>\n<h3>5.\u00a0<strong>I tag NFC sono impermeabili?<\/strong><\/h3>\n<p>S\u00ec, il nostro\u00a0<strong>Tag NFC epossidici flessibili NTAG213\/215\/216 di lettura-scrittura personalizzati<\/strong>\u00a0sono progettati per essere impermeabili e resistenti alle intemperie, il che li rende adatti all&#039;uso all&#039;aperto e alle diverse condizioni ambientali.<\/p>","protected":false},"excerpt":{"rendered":"<p>Il tag NFC Epoxy flessibile NTAG213\/215\/216 Read-Write Custom offre soluzioni durevoli e impermeabili per applicazioni versatili, consentendo una condivisione e un&#039;interazione dei dati senza soluzione di continuit\u00e0. Perfetto per marketing, social media e altro ancora!<\/p>","protected":false},"featured_media":3366,"template":"","meta":[],"product_brand":[],"product_cat":[47],"product_tag":[],"class_list":{"0":"post-3365","1":"product","2":"type-product","3":"status-publish","4":"has-post-thumbnail","6":"product_cat-nfc-tags","8":"first","9":"instock","10":"shipping-taxable","11":"product-type-simple"},"_links":{"self":[{"href":"https:\/\/nfc-readers.com\/it\/wp-json\/wp\/v2\/product\/3365","targetHints":{"allow":["GET"]}}],"collection":[{"href":"https:\/\/nfc-readers.com\/it\/wp-json\/wp\/v2\/product"}],"about":[{"href":"https:\/\/nfc-readers.com\/it\/wp-json\/wp\/v2\/types\/product"}],"wp:featuredmedia":[{"embeddable":true,"href":"https:\/\/nfc-readers.com\/it\/wp-json\/wp\/v2\/media\/3366"}],"wp:attachment":[{"href":"https:\/\/nfc-readers.com\/it\/wp-json\/wp\/v2\/media?parent=3365"}],"wp:term":[{"taxonomy":"product_brand","embeddable":true,"href":"https:\/\/nfc-readers.com\/it\/wp-json\/wp\/v2\/product_brand?post=3365"},{"taxonomy":"product_cat","embeddable":true,"href":"https:\/\/nfc-readers.com\/it\/wp-json\/wp\/v2\/product_cat?post=3365"},{"taxonomy":"product_tag","embeddable":true,"href":"https:\/\/nfc-readers.com\/it\/wp-json\/wp\/v2\/product_tag?post=3365"}],"curies":[{"name":"wp","href":"https:\/\/api.w.org\/{rel}","templated":true}]}}