{"id":3386,"date":"2024-11-02T12:57:27","date_gmt":"2024-11-02T12:57:27","guid":{"rendered":"https:\/\/nfc-readers.com\/?post_type=product&#038;p=3386"},"modified":"2024-11-04T08:53:34","modified_gmt":"2024-11-04T08:53:34","slug":"rfid-design-music-event-event-staff-pvc-nfc-card","status":"publish","type":"product","link":"https:\/\/nfc-readers.com\/it\/ic-reader\/rfid-design-music-event-event-staff-pvc-nfc-card\/","title":{"rendered":"Carta NFC in PVC per evento musicale"},"content":{"rendered":"<h1 style=\"text-align: left;\"><span style=\"color: #000080;\"><strong>Carta NFC in PVC per evento musicale<\/strong><\/span><\/h1>\n<div class=\"table-with-header rounded-lg border border-solid border-grey-line2-normal w-fit max-w-full mb-2\">\n<div class=\"h-8 items-center flex justify-between px-2 text-xs border-0 border-b border-solid border-grey-line2-normal\">\n<div class=\"text-text-primary-3 flex items-center gap-1\">\n<h3 style=\"text-align: left;\"><span style=\"color: #008080;\"><strong>Sblocca il potere della gestione degli eventi senza soluzione di continuit\u00e0<\/strong><\/span><\/h3>\n<p style=\"text-align: left;\"><strong><span style=\"color: #666699;\">Come organizzatore di eventi, sai che un controllo degli accessi senza soluzione di continuit\u00e0 e una gestione efficiente della folla sono le chiavi per un evento di successo. La PVC NFC Card for Music Event \u00e8 la soluzione che stavi cercando, rivoluzionando il modo in cui gestisci i tuoi festival musicali, le tue mostre e i tuoi forum.<\/span><\/strong><\/p>\n<p style=\"text-align: left;\"><strong><span style=\"color: #666699;\">Realizzate con tecnologia leader del settore e durata senza pari, queste carte NFC offrono un pacchetto completo di funzionalit\u00e0 che eleveranno la tua esperienza di evento. Dall&#039;autenticazione affidabile dell&#039;identit\u00e0 al controllo fluido dei visitatori giornalieri, la carta NFC in PVC per eventi musicali \u00e8 lo strumento essenziale di cui hai bisogno per portare la gestione del tuo evento al livello successivo.<\/span><\/strong><\/p>\n<h2 style=\"text-align: left;\"><span style=\"color: #000080;\"><em><strong>Descrizione del prodotto<\/strong><\/em><\/span><\/h2>\n<h3 style=\"text-align: left;\"><span style=\"color: #333399;\"><strong>1. Attributi chiave: <\/strong><\/span><\/h3>\n<h3 style=\"text-align: left;\"><span style=\"color: #333399;\"><strong>Qualit\u00e0 e sicurezza senza compromessi<\/strong><\/span><\/h3>\n<p style=\"text-align: left;\">La carta NFC in PVC per eventi musicali \u00e8 realizzata per resistere ai rigori degli ambienti ad alto traffico. Realizzata in resistente\u00a0<strong>PVC<\/strong>Queste schede sono progettate per resistere all&#039;usura, garantendo un&#039;affidabilit\u00e0 a lungo termine anche nelle condizioni pi\u00f9 difficili.<\/p>\n<h3 style=\"text-align: left;\"><strong><span style=\"color: #333399;\">2. Vantaggi specifici del settore: <\/span><\/strong><\/h3>\n<h3 style=\"text-align: left;\"><strong><span style=\"color: #333399;\">Su misura per gli organizzatori di eventi<\/span><\/strong><\/h3>\n<p style=\"text-align: left;\">Progettato tenendo a mente le esigenze uniche degli organizzatori di eventi, <strong>la carta NFC in PVC per eventi musicali<\/strong>\u00a0offre una serie di funzionalit\u00e0 che si integrano perfettamente con i sistemi di controllo degli accessi e semplificano la gestione della folla.<\/p>\n<p>&nbsp;<\/p>\n<h3><span style=\"color: #333399;\"><strong>3. Caratteristiche<\/strong><\/span><\/h3>\n<\/div>\n<\/div>\n<\/div>\n<div class=\"table-with-header rounded-lg border border-solid border-grey-line2-normal w-fit max-w-full mb-2\">\n<div class=\"overflow-x-auto custom-scrollbar custom-scrollbar-float max-w-full\">\n<table class=\"w-fit !mb-0 !max-w-none\">\n<thead>\n<tr>\n<th><strong>Categoria<\/strong><\/th>\n<th><strong>Dettagli<\/strong><\/th>\n<\/tr>\n<\/thead>\n<tbody>\n<tr>\n<td><strong>Materiale<\/strong><\/td>\n<td>PVC di alta qualit\u00e0, durevole per un uso a lungo termine.<\/td>\n<\/tr>\n<tr>\n<td><strong>Tecnologia dei chip<\/strong><\/td>\n<td>Chip compatibili NFC (Ntag213, Ntag215, Ntag216) per una maggiore sicurezza.<\/td>\n<\/tr>\n<tr>\n<td><strong>Durata<\/strong><\/td>\n<td>Impermeabile e resistente alle intemperie per eventi all&#039;aperto.<\/td>\n<\/tr>\n<tr>\n<td><strong>Frequenza<\/strong><\/td>\n<td>13,56 MHz<\/td>\n<\/tr>\n<tr>\n<td><strong>Distanza di lettura<\/strong><\/td>\n<td>0-10 centimetri<\/td>\n<\/tr>\n<tr>\n<td><strong>Opzioni di dimensione<\/strong><\/td>\n<td>Dimensioni personalizzate: 70x100mm, 80x120mm, 85,5x54mm<\/td>\n<\/tr>\n<tr>\n<td><strong>Opzioni di spessore<\/strong><\/td>\n<td>Da 0,76 mm a 0,85 mm<\/td>\n<\/tr>\n<tr>\n<td><strong>Metodo di stampa<\/strong><\/td>\n<td>Stampa a quattro colori CMYK, offset e serigrafia.<\/td>\n<\/tr>\n<tr>\n<td><strong>Finitura superficiale<\/strong><\/td>\n<td>Disponibili versioni lucida, opaca o satinata.<\/td>\n<\/tr>\n<tr>\n<td><strong>Verifica dell&#039;identit\u00e0<\/strong><\/td>\n<td>Supporta i sistemi di controllo degli accessi per impedire ingressi non autorizzati.<\/td>\n<\/tr>\n<tr>\n<td><strong>Controllo dei visitatori<\/strong><\/td>\n<td>Gestione efficiente del flusso dei partecipanti per eventi di pi\u00f9 giorni.<\/td>\n<\/tr>\n<tr>\n<td><strong>Gestione della folla<\/strong><\/td>\n<td>Facilita le procedure di ingresso, riducendo i tempi di attesa.<\/td>\n<\/tr>\n<tr>\n<td><strong>Personalizzazione<\/strong><\/td>\n<td>Progetti personalizzati per marchi e temi di eventi.<\/td>\n<\/tr>\n<tr>\n<td><strong>Impatto ambientale<\/strong><\/td>\n<td>Materiali ecocompatibili con possibilit\u00e0 di riciclo.<\/td>\n<\/tr>\n<tr>\n<td><strong>Feedback dei clienti<\/strong><\/td>\n<td>Recensioni degli utenti che evidenziano efficacia e affidabilit\u00e0.<\/td>\n<\/tr>\n<tr>\n<td><\/td>\n<td><\/td>\n<\/tr>\n<\/tbody>\n<\/table>\n<\/div>\n<\/div>\n<div class=\"chat-list relative custom-scrollbar-reset-margin custom-scrollbar custom-scrollbar-hidden custom-scrollbar-float pb-9 flex-1 overflow-y-auto\">\n<div class=\"mx-auto max-w-[790px]\">\n<div class=\"message-item-outer relative px-4 mb-2\" data-id=\"d48d37b0-da1a-4c85-9917-d0c1a6993b41\">\n<div class=\"content-area pl-[0px]\">\n<div class=\"message-item select-text relative\">\n<div class=\"message-inner relative\">\n<div class=\"py-[2px]\">\n<div class=\"flex flex-col gap-2\">\n<div class=\"answer-markdown-box overflow-x-auto select-text custom-scrollbar\">\n<div class=\"markdown-body\">\n<h3><strong><span style=\"color: #333399;\">4. Interfaccia di comunicazione: <\/span><\/strong><\/h3>\n<h3><strong><span style=\"color: #333399;\">Sfruttando la tecnologia RFID e NFC<\/span><\/strong><\/h3>\n<p>Utilizzando\u00a0<strong>Interfacce di comunicazione RFID e NFC<\/strong>la tessera NFC in PVC per eventi musicali facilita lo scambio rapido e affidabile di dati tra la tessera e i lettori, consentendo un controllo agevole degli accessi e una gestione efficiente della folla.<\/p>\n<p>&nbsp;<\/p>\n<h3><span style=\"color: #333399;\"><strong>5. Frequenza e distanza di lettura: <\/strong><\/span><\/h3>\n<h3><span style=\"color: #333399;\"><strong>Ottimizzato per prestazioni senza interruzioni<\/strong><\/span><\/h3>\n<p>Operando a un\u00a0<strong>Frequenza 13,56 MHz<\/strong>\u00a0e vantando un\u00a0<strong>Distanza di lettura 0-10 cm<\/strong>Queste schede NFC garantiscono prestazioni affidabili, assicurando un&#039;esperienza senza problemi sia agli organizzatori dell&#039;evento che ai partecipanti.<\/p>\n<p>&nbsp;<\/p>\n<h3><strong><span style=\"color: #333399;\">6. Opzioni di personalizzazione: <\/span><\/strong><\/h3>\n<h3><strong><span style=\"color: #333399;\">Su misura per le tue esigenze<\/span><\/strong><\/h3>\n<p>Offrendo una gamma di\u00a0<strong>opzioni di dimensioni e spessore<\/strong>la tessera NFC in PVC per eventi musicali pu\u00f2 essere personalizzata per soddisfare le esigenze specifiche del tuo evento, che si tratti di un festival musicale su larga scala o di un forum di settore riservato.<\/p>\n<p>&nbsp;<\/p>\n<h3><strong><span style=\"color: #333399;\">7. Stampa e finiture superficiali: <\/span><\/strong><\/h3>\n<h3><strong><span style=\"color: #333399;\">Migliora il tuo marchio<\/span><\/strong><\/h3>\n<p>Con\u00a0<strong>Stampa CMYK 4C, offset e serigrafia<\/strong>\u00a0capacit\u00e0, queste carte NFC possono essere decorate con grafiche e loghi vivaci, completate da una scelta di\u00a0<strong>finiture superficiali lucide, opache o satinate<\/strong>\u00a0per allinearsi all&#039;estetica del tuo marchio.<\/p>\n<p>&nbsp;<\/p>\n<h3><strong><span style=\"color: #333399;\">8. Impatto ambientale: <\/span><\/strong><\/h3>\n<h3><strong><span style=\"color: #333399;\">Soluzioni sostenibili per eventi<\/span><\/strong><\/h3>\n<p>Come organizzatori di eventi, comprendiamo l&#039;importanza della responsabilit\u00e0 ambientale. Ecco perch\u00e9 la PVC NFC Card for Music Event \u00e8 progettata con materiali eco-compatibili e opzioni di riciclaggio, consentendoti di ospitare i tuoi eventi con un focus sulla sostenibilit\u00e0.<\/p>\n<p>&nbsp;<\/p>\n<\/div>\n<\/div>\n<\/div>\n<\/div>\n<\/div>\n<\/div>\n<\/div>\n<\/div>\n<\/div>\n<\/div>\n<p>&nbsp;<\/p>\n<p><strong><span style=\"color: #008080;\">Questa tabella evidenzia le caratteristiche e i vantaggi principali della tessera NFC in PVC per eventi musicali, rendendola uno strumento essenziale per una gestione efficace dell&#039;evento. <\/span><\/strong><\/p>\n<h3><span style=\"color: #008000;\"><em><strong>Per maggiori informazioni o per richiedere campioni gratuiti, compila il modulo di richiesta e saremo lieti di aiutarti!<\/strong><\/em><\/span><\/h3>","protected":false},"excerpt":{"rendered":"<p>Migliora l&#039;esperienza del tuo evento con la tessera NFC in PVC per eventi musicali: la soluzione definitiva per un controllo degli accessi senza interruzioni e una gestione efficiente della folla.<\/p>","protected":false},"featured_media":3387,"template":"","meta":[],"product_brand":[],"product_cat":[46],"product_tag":[],"class_list":{"0":"post-3386","1":"product","2":"type-product","3":"status-publish","4":"has-post-thumbnail","6":"product_cat-nfc-cards","8":"first","9":"instock","10":"shipping-taxable","11":"product-type-simple"},"_links":{"self":[{"href":"https:\/\/nfc-readers.com\/it\/wp-json\/wp\/v2\/product\/3386","targetHints":{"allow":["GET"]}}],"collection":[{"href":"https:\/\/nfc-readers.com\/it\/wp-json\/wp\/v2\/product"}],"about":[{"href":"https:\/\/nfc-readers.com\/it\/wp-json\/wp\/v2\/types\/product"}],"wp:featuredmedia":[{"embeddable":true,"href":"https:\/\/nfc-readers.com\/it\/wp-json\/wp\/v2\/media\/3387"}],"wp:attachment":[{"href":"https:\/\/nfc-readers.com\/it\/wp-json\/wp\/v2\/media?parent=3386"}],"wp:term":[{"taxonomy":"product_brand","embeddable":true,"href":"https:\/\/nfc-readers.com\/it\/wp-json\/wp\/v2\/product_brand?post=3386"},{"taxonomy":"product_cat","embeddable":true,"href":"https:\/\/nfc-readers.com\/it\/wp-json\/wp\/v2\/product_cat?post=3386"},{"taxonomy":"product_tag","embeddable":true,"href":"https:\/\/nfc-readers.com\/it\/wp-json\/wp\/v2\/product_tag?post=3386"}],"curies":[{"name":"wp","href":"https:\/\/api.w.org\/{rel}","templated":true}]}}