{"id":3396,"date":"2024-11-03T02:56:29","date_gmt":"2024-11-03T02:56:29","guid":{"rendered":"https:\/\/nfc-readers.com\/?post_type=product&#038;p=3396"},"modified":"2024-11-03T02:56:30","modified_gmt":"2024-11-03T02:56:30","slug":"fast-read-encrypted-rfid-nfc-event-wristband-ntag215-mifare","status":"publish","type":"product","link":"https:\/\/nfc-readers.com\/it\/ic-reader\/fast-read-encrypted-rfid-nfc-event-wristband-ntag215-mifare\/","title":{"rendered":"Braccialetto RFID NFC per eventi crittografati a lettura rapida Ntag215 MIFARE"},"content":{"rendered":"<h1 style=\"text-align: center;\">Braccialetto RFID NFC per eventi crittografati a lettura rapida Ntag215 MIFARE<\/h1>\n<p>&nbsp;<\/p>\n<p>Nell&#039;era digitale, il controllo degli accessi senza soluzione di continuit\u00e0 e le soluzioni di transazione senza contanti sono diventati essenziali per eventi di tutte le dimensioni. Introduzione di <strong>Braccialetto RFID NFC per eventi crittografati a lettura rapida Ntag215 MIFARE<\/strong>\u00a0da\u00a0<em>SXNFC<\/em>, la soluzione definitiva per migliorare l&#039;esperienza degli ospiti e garantire una gestione efficiente degli eventi. Progettato specificamente per vari eventi, dai festival musicali e gli eventi sportivi alle conferenze e agli scenari di controllo degli accessi, questo braccialetto combina tecnologia all&#039;avanguardia con funzionalit\u00e0 intuitive.<\/p>\n<p>&nbsp;<\/p>\n<h3>Perch\u00e9 acquistare il braccialetto per eventi RFID NFC crittografato Fast-Read?<\/h3>\n<p>IL\u00a0<strong>Ntag215 MIFARE<\/strong>\u00a0Il braccialetto RFID\/NFC \u00e8 un prodotto innovativo che offre numerosi vantaggi. Realizzato in PVC resistente e materiali intrecciati, promette longevit\u00e0 e affidabilit\u00e0. La sua funzionalit\u00e0 di lettura rapida garantisce tempi di attesa ridotti, migliorando il flusso degli ospiti ai punti di ingresso. Inoltre, con il suo design impermeabile, puoi utilizzare con sicurezza questi braccialetti in eventi all&#039;aperto, parchi acquatici e altro, dove l&#039;esposizione all&#039;umidit\u00e0 \u00e8 un problema.<\/p>\n<p>Con il\u00a0<strong>Braccialetto NFC<\/strong>, non stai solo acquistando un prodotto; stai investendo in un&#039;esperienza di partecipazione migliorata. Questi braccialetti sono ideali per transazioni senza contanti, semplificando gli acquisti con soluzioni di pagamento contactless. Non dovrai pi\u00f9 preoccuparti di gestire contanti o biglietti fisici: tutto pu\u00f2 essere gestito comodamente tramite il braccialetto.<\/p>\n<p>&nbsp;<\/p>\n<h2>Caratteristiche speciali del braccialetto RFID NFC per eventi<\/h2>\n<p>IL\u00a0<strong>Braccialetto RFID NFC per eventi crittografati a lettura rapida Ntag215 MIFARE<\/strong>\u00a0\u00e8 ricco di caratteristiche che lo rendono una scelta intelligente per ogni occasione.<\/p>\n<ul>\n<li><strong>Sicurezza antimanomissione:<\/strong>\u00a0Ogni braccialetto \u00e8 dotato di tecnologia crittografata per proteggere i dati sensibili, garantendo tranquillit\u00e0 sia agli organizzatori dell&#039;evento sia ai partecipanti.<\/li>\n<li><strong>Facile da usare:<\/strong>\u00a0I braccialetti sono facili da usare: basta avvicinarli a un lettore NFC per accedere o effettuare un pagamento senza contanti.<\/li>\n<li><strong>Intervallo di lettura:<\/strong>\u00a0Grazie alla distanza di lettura fino a 10 cm, questi braccialetti funzionano in modo efficiente senza bisogno del contatto diretto con il lettore.<\/li>\n<\/ul>\n<p>La combinazione di queste caratteristiche speciali garantisce non solo una maggiore sicurezza, ma migliora anche l&#039;esperienza complessiva dell&#039;utente.<\/p>\n<p>&nbsp;<\/p>\n<h2>Vantaggi delle transazioni senza contanti con i braccialetti NFC<\/h2>\n<p>L&#039;ascesa dei pagamenti senza contanti sta rapidamente trasformando il settore degli eventi. Ecco i principali vantaggi dell&#039;utilizzo\u00a0<strong>Braccialetti NFC<\/strong>\u00a0per transazioni senza contanti:<\/p>\n<ul>\n<li><strong>Maggiore comodit\u00e0:<\/strong>\u00a0Gli ospiti possono effettuare acquisti con un semplice tocco del loro braccialetto, rendendo le transazioni rapide e facili.<\/li>\n<li><strong>Tempi di attesa ridotti:<\/strong>\u00a0Meno tempo trascorso in coda significa miglioramento<\/li>\n<\/ul>\n<h2>Vantaggi delle transazioni senza contanti con i braccialetti NFC<\/h2>\n<p>L&#039;ascesa dei pagamenti senza contanti sta rapidamente trasformando il settore degli eventi. Ecco i principali vantaggi dell&#039;utilizzo\u00a0<strong>Braccialetti NFC<\/strong>\u00a0per transazioni senza contanti:<\/p>\n<ul>\n<li><strong>Maggiore comodit\u00e0:<\/strong>\u00a0Gli ospiti possono effettuare acquisti con un semplice tocco del loro braccialetto, rendendo le transazioni rapide e facili.<\/li>\n<li><strong>Tempi di attesa ridotti:<\/strong>\u00a0Meno tempo trascorso in coda significa miglioramento<\/li>\n<\/ul>\n<p>&nbsp;<\/p>\n<h3>Domande frequenti sui braccialetti RFID NFC per eventi<\/h3>\n<h4>1.\u00a0<strong>Cosa sono i braccialetti RFID NFC per eventi?<\/strong><\/h4>\n<p>I braccialetti RFID NFC per eventi sono dispositivi indossabili dotati di tecnologia di identificazione a radiofrequenza (RFID) e Near Field Communication (NFC). Facilitano il controllo sicuro degli accessi, le transazioni senza contanti e la raccolta dati per gli eventi.<\/p>\n<h4>2.\u00a0<strong>Come funzionano i braccialetti RFID?<\/strong><\/h4>\n<p>I braccialetti RFID funzionano trasmettendo informazioni in modalit\u00e0 wireless tramite onde radio a un lettore RFID. Quando un partecipante avvicina il proprio braccialetto a un lettore, questo trasmette dati per il controllo degli accessi o l&#039;elaborazione dei pagamenti.<\/p>\n<h4>3.\u00a0<strong>Di quali materiali sono realizzati i braccialetti RFID NFC?<\/strong><\/h4>\n<p>I nostri braccialetti RFID sono realizzati principalmente in PVC resistente e materiali intrecciati, progettati per essere impermeabili e resistenti alle intemperie, cos\u00ec da resistere a vari eventi.<\/p>\n<h4>4.\u00a0<strong>Quali sono i vantaggi dell&#039;utilizzo della tecnologia NFC nei braccialetti?<\/strong><\/h4>\n<p>La tecnologia NFC consente transazioni contactless rapide e sicure, migliorando l&#039;esperienza degli ospiti riducendo i tempi di attesa e riducendo al minimo la necessit\u00e0 di denaro contante o biglietti.<\/p>\n<h4>5.\u00a0<strong>I braccialetti sono personalizzabili?<\/strong><\/h4>\n<p>S\u00ec! I nostri braccialetti RFID possono essere personalizzati con il marchio, i loghi e i colori del tuo evento per migliorare il coinvolgimento dei partecipanti e promuovere il tuo evento.<\/p>","protected":false},"excerpt":{"rendered":"<p>Il braccialetto per eventi RFID NFC Fast-Read Encrypted Ntag215 MIFARE consente il controllo sicuro degli accessi e pagamenti senza contanti, migliorando l&#039;esperienza degli ospiti agli eventi. Impermeabile e personalizzabile, garantisce affidabilit\u00e0 e praticit\u00e0 per ogni occasione.<\/p>","protected":false},"featured_media":3397,"template":"","meta":[],"product_brand":[],"product_cat":[50],"product_tag":[],"class_list":{"0":"post-3396","1":"product","2":"type-product","3":"status-publish","4":"has-post-thumbnail","6":"product_cat-silicone-rfid-nfc-wristbands","8":"first","9":"instock","10":"shipping-taxable","11":"product-type-simple"},"_links":{"self":[{"href":"https:\/\/nfc-readers.com\/it\/wp-json\/wp\/v2\/product\/3396","targetHints":{"allow":["GET"]}}],"collection":[{"href":"https:\/\/nfc-readers.com\/it\/wp-json\/wp\/v2\/product"}],"about":[{"href":"https:\/\/nfc-readers.com\/it\/wp-json\/wp\/v2\/types\/product"}],"wp:featuredmedia":[{"embeddable":true,"href":"https:\/\/nfc-readers.com\/it\/wp-json\/wp\/v2\/media\/3397"}],"wp:attachment":[{"href":"https:\/\/nfc-readers.com\/it\/wp-json\/wp\/v2\/media?parent=3396"}],"wp:term":[{"taxonomy":"product_brand","embeddable":true,"href":"https:\/\/nfc-readers.com\/it\/wp-json\/wp\/v2\/product_brand?post=3396"},{"taxonomy":"product_cat","embeddable":true,"href":"https:\/\/nfc-readers.com\/it\/wp-json\/wp\/v2\/product_cat?post=3396"},{"taxonomy":"product_tag","embeddable":true,"href":"https:\/\/nfc-readers.com\/it\/wp-json\/wp\/v2\/product_tag?post=3396"}],"curies":[{"name":"wp","href":"https:\/\/api.w.org\/{rel}","templated":true}]}}