{"id":3410,"date":"2024-11-03T03:16:05","date_gmt":"2024-11-03T03:16:05","guid":{"rendered":"https:\/\/nfc-readers.com\/?post_type=product&#038;p=3410"},"modified":"2024-11-04T03:17:59","modified_gmt":"2024-11-04T03:17:59","slug":"custom-logo-waterproof-polyester-woven-rfid-nfc-wristbands","status":"publish","type":"product","link":"https:\/\/nfc-readers.com\/it\/ic-reader\/custom-logo-waterproof-polyester-woven-rfid-nfc-wristbands\/","title":{"rendered":"Braccialetti RFID NFC in poliestere impermeabile intrecciato con logo personalizzato"},"content":{"rendered":"<h1 style=\"text-align: center;\"><strong>Braccialetti RFID NFC in poliestere impermeabile intrecciato con logo personalizzato<\/strong><\/h1>\n<p>&nbsp;<\/p>\n<p>In un mondo che valorizza sempre di pi\u00f9 la comodit\u00e0 e la connettivit\u00e0, <strong>Braccialetti RFID NFC in poliestere impermeabile con logo personalizzato<\/strong>\u00a0si distinguono come una scelta superiore per aziende e organizzatori di eventi. Questi innovativi braccialetti combinano le ultime novit\u00e0 in\u00a0<strong>Tecnologia RFID<\/strong>\u00a0con design elegante e materiali robusti, che li rendono ideali per una variet\u00e0 di applicazioni, dai festival e parchi acquatici agli eventi aziendali e soluzioni di pagamento senza contanti. Con il loro\u00a0<strong>impermeabile<\/strong>\u00a0Grazie alle loro caratteristiche e alla possibilit\u00e0 di personalizzazione, questi braccialetti non solo aumentano la visibilit\u00e0 del marchio, ma migliorano anche l&#039;esperienza dell&#039;utente, garantendo il massimo valore per il proprio investimento.<\/p>\n<p>&nbsp;<\/p>\n<h2>Perch\u00e9 scegliere i braccialetti RFID NFC personalizzati?<\/h2>\n<p>Come organizzatori di eventi, capite l&#039;importanza di un controllo degli accessi senza soluzione di continuit\u00e0, di un branding efficace e della massimizzazione dell&#039;esperienza degli ospiti. Questi braccialetti offrono tutto questo e molto altro. Con\u00a0<strong>Tecnologia RFID<\/strong>\u00a0operando ad una frequenza di\u00a0<strong>13,56 MHz<\/strong>, semplificano le operazioni, riducono i tempi di attesa e migliorano la sicurezza per eventi di qualsiasi dimensione. Inoltre, con la possibilit\u00e0 di incorporare loghi personalizzati tramite strumenti avanzati\u00a0<strong>Stampa CMYK<\/strong>, questi braccialetti sono anche uno strumento promozionale. Non sono solo funzionali ma anche alla moda, il che li rende un successo tra i partecipanti!<\/p>\n<p>&nbsp;<\/p>\n<h2>Caratteristiche dei braccialetti RFID NFC<\/h2>\n<h3>Soluzioni avanzate per il controllo degli accessi<\/h3>\n<p>I braccialetti RFID NFC sono uno strumento potente per\u00a0<strong>controllo degli accessi<\/strong>, consentendo agli organizzatori di eventi di fornire aree VIP e accessi speciali con facilit\u00e0. Utilizzando il\u00a0<strong>Chip MIFARE Classic 1K<\/strong>, questi braccialetti possono memorizzare informazioni chiave e trasmetterle tramite un sistema sicuro\u00a0<strong>Interfaccia di comunicazione NFC<\/strong>Di conseguenza, sono perfetti per i locali che hanno bisogno di assegnare aree per gli ospiti o di fornire un accesso a pi\u00f9 livelli durante gli eventi.<\/p>\n<h3>Funzionalit\u00e0 di pagamento senza contanti<\/h3>\n<p>Di&#039; addio alle lunghe file e alla gestione inutile del contante con\u00a0<strong>pagamento senza contanti<\/strong>\u00a0sistemi. I nostri braccialetti RFID consentono transazioni senza soluzione di continuit\u00e0, consentendo agli utenti di effettuare pagamenti in modo rapido e semplice presso stand, bar e attrazioni. Ci\u00f2 non solo migliora la\u00a0<strong>esperienza degli ospiti<\/strong>\u00a0ma riduce notevolmente i tempi di attesa, consentendo ai partecipanti di concentrarsi sul divertimento dell&#039;evento anzich\u00e9 preoccuparsi dei soldi.<\/p>\n<h2>Materiali e durata<\/h2>\n<h3>Design robusto per qualsiasi ambiente<\/h3>\n<p>Costruito da una miscela unica di\u00a0<strong>poliestere intrecciato<\/strong>\u00a0E\u00a0<strong>PVC<\/strong>, questi braccialetti vantano una durata impressionante e\u00a0<strong>impermeabile<\/strong>\u00a0capacit\u00e0. Che si tratti di una giornata di sole a un festival o di una giornata trascorsa a sguazzare in un parco acquatico, questi braccialetti sono progettati per resistere agli elementi. Le loro propriet\u00e0 di resistenza alle intemperie assicurano che non si degraderanno se esposti a pioggia o acqua, preservando l&#039;usabilit\u00e0 e l&#039;affidabilit\u00e0 del\u00a0<strong>Tecnologia RFID<\/strong>\u00a0incorporato all&#039;interno.<\/p>\n<h3>Resistenza alla temperatura<\/h3>\n<p>IL\u00a0<strong>temperatura di lavoro<\/strong>\u00a0dei nostri braccialetti varia da\u00a0<strong>da -20\u00b0C a +80\u00b0C<\/strong>, assicurandone la funzionalit\u00e0 sia negli eventi estivi caldi che nei raduni all&#039;aperto freddi. Questa resilienza alla temperatura salvaguarda le prestazioni del\u00a0<strong>Chip RFID<\/strong>\u00a0e aiuta a mantenerne l&#039;integrit\u00e0, cos\u00ec puoi essere certo che il tuo braccialetto funzioner\u00e0 efficacemente in tutte le condizioni.<\/p>\n<p>&nbsp;<\/p>\n<h2>Specifiche tecniche<\/h2>\n<table class=\"w-fit !mb-0 !max-w-none\" style=\"height: 303px;\" width=\"424\">\n<thead>\n<tr>\n<th><strong>Specificazione<\/strong><\/th>\n<th><strong>Dettagli<\/strong><\/th>\n<\/tr>\n<\/thead>\n<tbody>\n<tr>\n<td><strong>Numero di modello<\/strong><\/td>\n<td>SX-NW<\/td>\n<\/tr>\n<tr>\n<td><strong>Tipo di chip<\/strong><\/td>\n<td>MIFARE Classico 1K<\/td>\n<\/tr>\n<tr>\n<td><strong>Frequenza<\/strong><\/td>\n<td>13,56 MHz<\/td>\n<\/tr>\n<tr>\n<td><strong>Campo di lettura<\/strong><\/td>\n<td>2-5 cm<\/td>\n<\/tr>\n<tr>\n<td><strong>Materiale<\/strong><\/td>\n<td>Tessuto + PVC<\/td>\n<\/tr>\n<tr>\n<td><strong>Opzioni di dimensione<\/strong><\/td>\n<td>30<em>26mm, 40<\/em>25mm o personalizzato<\/td>\n<\/tr>\n<tr>\n<td><strong>Tipo di stampa<\/strong><\/td>\n<td>Stampa CMYK 4C, serigrafia<\/td>\n<\/tr>\n<tr>\n<td><strong>Finitura superficiale<\/strong><\/td>\n<td>Lucido, Satinato, Opaco<\/td>\n<\/tr>\n<tr>\n<td><strong>Intervallo di temperatura<\/strong><\/td>\n<td>da -20\u00b0C a +80\u00b0C<\/td>\n<\/tr>\n<tr>\n<td><strong>Protocollo<\/strong><\/td>\n<td>ISO14443A<\/td>\n<\/tr>\n<\/tbody>\n<\/table>\n<h2><\/h2>\n<h2>Domande frequenti (FAQ)<\/h2>\n<h3>1. Cosa sono i braccialetti RFID?<\/h3>\n<p><strong>Braccialetti RFID<\/strong>\u00a0sono braccialetti indossabili dotati di tecnologia RFID (Radio Frequency Identification). Memorizzano dati che possono essere trasmessi in modalit\u00e0 wireless tramite NFC (Near Field Communication), consentendo un controllo efficiente degli accessi, transazioni senza contanti e raccolta dati durante gli eventi.<\/p>\n<h3>2. Come funzionano i braccialetti RFID?<\/h3>\n<p>I braccialetti RFID contengono un piccolo chip RFID che comunica con un lettore tramite onde radio. Quando viene scansionato da un lettore RFID, il braccialetto trasmette informazioni memorizzate, concedendo l&#039;accesso o elaborando transazioni senza la necessit\u00e0 di contatto fisico.<\/p>\n<h3>3. Questi braccialetti sono impermeabili?<\/h3>\n<p>S\u00ec! Il nostro\u00a0<strong>braccialetti RFID personalizzati intrecciati<\/strong>\u00a0sono progettati per essere\u00a0<strong>impermeabile<\/strong>, rendendoli adatti a vari eventi, compresi quelli tenuti in parchi acquatici e festival all&#039;aperto. I loro materiali durevoli assicurano che mantengano la funzionalit\u00e0 anche quando esposti all&#039;acqua.<\/p>\n<h3>4. \u00c8 possibile personalizzare i braccialetti?<\/h3>\n<p>Assolutamente! I nostri braccialetti RFID possono essere completamente personalizzati per soddisfare le tue esigenze di branding. Puoi scegliere diverse dimensioni, colori e tecniche di stampa come\u00a0<strong>Stampa a colori CMYK<\/strong>,\u00a0<strong>Stampa spot UV<\/strong>e finiture metalliche come\u00a0<strong>lamina d&#039;argento o d&#039;oro<\/strong>.<\/p>\n<h3>5. Quanto sono durevoli i braccialetti?<\/h3>\n<p>Realizzato da una combinazione di\u00a0<strong>poliestere intrecciato<\/strong>\u00a0E\u00a0<strong>PVC<\/strong>, i nostri braccialetti sono robusti e progettati per resistere a diverse condizioni ambientali, compresi intervalli di temperatura di\u00a0<strong>da -20\u00b0C a +80\u00b0C<\/strong>Sono inoltre antimanomissione, garantendone la sicurezza durante gli eventi.<\/p>","protected":false},"excerpt":{"rendered":"<p>I braccialetti RFID NFC in poliestere impermeabile con logo personalizzato uniscono la durevolezza a un marchio elegante, rendendoli ideali per eventi e controllo accessi sicuro. Perfetti per transazioni senza contanti, migliorano l&#039;esperienza utente promuovendo al contempo il tuo marchio.<\/p>","protected":false},"featured_media":3411,"template":"","meta":[],"product_brand":[],"product_cat":[50],"product_tag":[],"class_list":{"0":"post-3410","1":"product","2":"type-product","3":"status-publish","4":"has-post-thumbnail","6":"product_cat-silicone-rfid-nfc-wristbands","8":"first","9":"instock","10":"shipping-taxable","11":"product-type-simple"},"_links":{"self":[{"href":"https:\/\/nfc-readers.com\/it\/wp-json\/wp\/v2\/product\/3410","targetHints":{"allow":["GET"]}}],"collection":[{"href":"https:\/\/nfc-readers.com\/it\/wp-json\/wp\/v2\/product"}],"about":[{"href":"https:\/\/nfc-readers.com\/it\/wp-json\/wp\/v2\/types\/product"}],"wp:featuredmedia":[{"embeddable":true,"href":"https:\/\/nfc-readers.com\/it\/wp-json\/wp\/v2\/media\/3411"}],"wp:attachment":[{"href":"https:\/\/nfc-readers.com\/it\/wp-json\/wp\/v2\/media?parent=3410"}],"wp:term":[{"taxonomy":"product_brand","embeddable":true,"href":"https:\/\/nfc-readers.com\/it\/wp-json\/wp\/v2\/product_brand?post=3410"},{"taxonomy":"product_cat","embeddable":true,"href":"https:\/\/nfc-readers.com\/it\/wp-json\/wp\/v2\/product_cat?post=3410"},{"taxonomy":"product_tag","embeddable":true,"href":"https:\/\/nfc-readers.com\/it\/wp-json\/wp\/v2\/product_tag?post=3410"}],"curies":[{"name":"wp","href":"https:\/\/api.w.org\/{rel}","templated":true}]}}