{"id":3417,"date":"2024-11-03T03:26:02","date_gmt":"2024-11-03T03:26:02","guid":{"rendered":"https:\/\/nfc-readers.com\/?post_type=product&#038;p=3417"},"modified":"2024-11-03T03:26:03","modified_gmt":"2024-11-03T03:26:03","slug":"fabric-wrist-band-13-56mhz-nfc-bracelet-dispose-wristbands","status":"publish","type":"product","link":"https:\/\/nfc-readers.com\/it\/ic-reader\/fabric-wrist-band-13-56mhz-nfc-bracelet-dispose-wristbands\/","title":{"rendered":"Braccialetto in tessuto da polso 13,56 mhz NFC Braccialetti usa e getta"},"content":{"rendered":"<h1 style=\"text-align: center;\"><strong>Braccialetto in tessuto da polso 13,56 mhz NFC Braccialetti usa e getta<\/strong><\/h1>\n<p>&nbsp;<\/p>\n<p>Nel mondo frenetico di oggi, la necessit\u00e0 di una gestione fluida e di un&#039;esperienza utente migliorata \u00e8 fondamentale, soprattutto in occasione di eventi, festival e luoghi in cui un controllo efficiente degli accessi \u00e8 fondamentale. Il nostro <strong>Braccialetto in tessuto NFC da 13,56 MHz Braccialetti usa e getta<\/strong>\u00a0offrono un mix unico di funzionalit\u00e0 ed estetica, assicurando che le tue operazioni procedano senza intoppi e offrendo agli ospiti un&#039;esperienza memorabile. Con caratteristiche come\u00a0<strong>monouso<\/strong>,\u00a0<strong>disegni colorati<\/strong>, e avanzato\u00a0<strong>Non-FC<\/strong>\u00a0Grazie alla tecnologia, questi braccialetti rappresentano una svolta per qualsiasi organizzatore di eventi.<\/p>\n<p>&nbsp;<\/p>\n<h2>Perch\u00e9 scegliere i braccialetti NFC in tessuto?<\/h2>\n<p>Quando si tratta di orientarsi nello spettro dei prodotti RFID e NFC, il braccialetto NFC da 13,56 MHz in tessuto Dispose Wristbands si distingue per il design innovativo e le solide capacit\u00e0.<\/p>\n<h3>Punti salienti del prodotto:<\/h3>\n<ul>\n<li><strong>Facilmente personalizzabile<\/strong>\u00a0con opzioni per la stampa di loghi, codici a barre e codici QR.<\/li>\n<li><strong>Controllo rapido degli accessi<\/strong>\u00a0e operazioni semplificate che migliorano l&#039;esperienza degli ospiti e la sicurezza.<\/li>\n<li><strong>Tessuto resistente ma confortevole<\/strong>\u00a0Perfetto da indossare tutto il giorno durante festival musicali, parchi acquatici o eventi aziendali.<\/li>\n<\/ul>\n<p>Questi braccialetti sono progettati per fornire un\u00a0<strong>pagamento senza contanti<\/strong>\u00a0soluzione che garantisce al contempo la tranquillit\u00e0 degli organizzatori dell&#039;evento, sapendo di disporre di mezzi affidabili per gestire in modo efficiente il controllo degli accessi.<\/p>\n<p>&nbsp;<\/p>\n<h2>Caratteristiche speciali dei braccialetti NFC in tessuto<\/h2>\n<p>Quando si considera\u00a0<strong>braccialetti rfid per eventi<\/strong>, IL\u00a0<em>Braccialetto NFC da polso in tessuto 13,56 MHz<\/em>\u00a0offre una moltitudine di funzionalit\u00e0 speciali progettate per migliorare l&#039;efficienza e arricchire l&#039;esperienza degli ospiti.<\/p>\n<h3>Design colorato monouso<\/h3>\n<p>Questi braccialetti sono disponibili in una gamma di colori vivaci, assicurando che non solo svolgano uno scopo funzionale, ma siano anche in linea con i requisiti estetici del tuo marchio.\u00a0<strong>monouso<\/strong>\u00a0Questa funzionalit\u00e0 aggiunge un ulteriore livello di sicurezza, poich\u00e9 ogni braccialetto \u00e8 codificato in modo univoco per un singolo evento, riducendo al minimo il rischio di accessi non autorizzati.<\/p>\n<h3>Interfacce di comunicazione RFID e NFC<\/h3>\n<p>Progettati con tecnologia all&#039;avanguardia, questi braccialetti utilizzano\u00a0<strong>RFID<\/strong>\u00a0E\u00a0<strong>Non-FC<\/strong>\u00a0interfacce di comunicazione per garantire interazioni rapide e affidabili con i lettori RFID. Questa capacit\u00e0 facilita\u00a0<strong>pagamento senza contatto<\/strong>\u00a0e gestione degli accessi, semplificando il processo di ammissione sia per gli ospiti che per i dipendenti.<\/p>\n<p>&nbsp;<\/p>\n<h2>Domande frequenti sulla tecnologia NFC<\/h2>\n<h3>Che cos&#039;\u00e8 la tecnologia NFC?<\/h3>\n<p>NFC, o Near Field Communication, consente ai dispositivi di comunicare tra loro tramite onde radio. Consente transazioni e condivisione di informazioni senza soluzione di continuit\u00e0 semplicemente avvicinando i dispositivi.<\/p>\n<h3>Questi braccialetti sono impermeabili?<\/h3>\n<p>I nostri braccialetti NFC sono progettati per essere resistenti all&#039;acqua, il che li rende adatti per eventi nei parchi acquatici o festival all&#039;aperto.<\/p>\n<h3>Posso personalizzare i braccialetti?<\/h3>\n<p>S\u00ec, sono disponibili opzioni di personalizzazione, tra cui la stampa del logo, dei codici a barre e la stampa del codice QR sia sul braccialetto che sulla tessera.<\/p>","protected":false},"excerpt":{"rendered":"<p>IL\u00a0<strong>Braccialetto NFC da polso in tessuto 13,56 MHz<\/strong>\u00a0\u00e8 una soluzione pratica ed elegante per la gestione degli eventi, che offre un controllo degli accessi senza soluzione di continuit\u00e0 e possibilit\u00e0 di pagamento senza contanti. Progettati per un uso singolo, questi vivaci braccialetti migliorano l&#039;esperienza degli ospiti, garantendo al contempo sicurezza ed efficienza in qualsiasi evento.<\/p>","protected":false},"featured_media":3424,"template":"","meta":[],"product_brand":[],"product_cat":[50],"product_tag":[],"class_list":{"0":"post-3417","1":"product","2":"type-product","3":"status-publish","4":"has-post-thumbnail","6":"product_cat-silicone-rfid-nfc-wristbands","8":"first","9":"instock","10":"shipping-taxable","11":"product-type-simple"},"_links":{"self":[{"href":"https:\/\/nfc-readers.com\/it\/wp-json\/wp\/v2\/product\/3417","targetHints":{"allow":["GET"]}}],"collection":[{"href":"https:\/\/nfc-readers.com\/it\/wp-json\/wp\/v2\/product"}],"about":[{"href":"https:\/\/nfc-readers.com\/it\/wp-json\/wp\/v2\/types\/product"}],"wp:featuredmedia":[{"embeddable":true,"href":"https:\/\/nfc-readers.com\/it\/wp-json\/wp\/v2\/media\/3424"}],"wp:attachment":[{"href":"https:\/\/nfc-readers.com\/it\/wp-json\/wp\/v2\/media?parent=3417"}],"wp:term":[{"taxonomy":"product_brand","embeddable":true,"href":"https:\/\/nfc-readers.com\/it\/wp-json\/wp\/v2\/product_brand?post=3417"},{"taxonomy":"product_cat","embeddable":true,"href":"https:\/\/nfc-readers.com\/it\/wp-json\/wp\/v2\/product_cat?post=3417"},{"taxonomy":"product_tag","embeddable":true,"href":"https:\/\/nfc-readers.com\/it\/wp-json\/wp\/v2\/product_tag?post=3417"}],"curies":[{"name":"wp","href":"https:\/\/api.w.org\/{rel}","templated":true}]}}