{"id":3430,"date":"2024-11-03T03:39:41","date_gmt":"2024-11-03T03:39:41","guid":{"rendered":"https:\/\/nfc-readers.com\/?post_type=product&#038;p=3430"},"modified":"2024-11-03T03:39:42","modified_gmt":"2024-11-03T03:39:42","slug":"waterproof-passive-nfc-rfid-silicone-wristband","status":"publish","type":"product","link":"https:\/\/nfc-readers.com\/it\/ic-reader\/waterproof-passive-nfc-rfid-silicone-wristband\/","title":{"rendered":"Braccialetto in silicone RFID NFC passivo impermeabile"},"content":{"rendered":"<h1 style=\"text-align: center;\"><strong>Braccialetto in silicone RFID NFC passivo impermeabile<\/strong><\/h1>\n<p>&nbsp;<\/p>\n<p>In un&#039;epoca in cui tecnologia e praticit\u00e0 si intrecciano perfettamente, <strong>Braccialetto in silicone RFID NFC passivo impermeabile<\/strong>\u00a0si distingue come un accessorio eccezionale. Questo innovativo braccialetto \u00e8 progettato per soddisfare le esigenze dinamiche degli utenti, offrendo praticit\u00e0 e sicurezza senza pari per una variet\u00e0 di applicazioni, tra cui eventi, controllo degli accessi e transazioni senza contanti. Che tu stia organizzando un festival impressionante, gestendo una palestra o gestendo un parco acquatico, questo braccialetto offre una soluzione impermeabile per semplificare le operazioni e migliorare l&#039;esperienza utente.<\/p>\n<p>Ma cosa rende il braccialetto in silicone RFID NFC passivo impermeabile degno di un investimento? Beh, offre non solo vantaggi pratici come resistenza all&#039;acqua e durevolezza, ma anche un design personalizzabile, assicurando che il tuo marchio si distingua. Con la capacit\u00e0 di supportare pagamenti senza contanti e controllo degli accessi, \u00e8 uno strumento efficace per organizzatori di eventi e aziende. Approfondiamo le caratteristiche e i vantaggi di questo straordinario prodotto.<\/p>\n<p>&nbsp;<\/p>\n<h2>Durata senza pari e caratteristiche impermeabili<\/h2>\n<p>Una delle caratteristiche distintive del\u00a0<strong>Braccialetto in silicone RFID NFC passivo impermeabile<\/strong>\u00a0\u00e8 la sua notevole durata. Realizzato in silicone di alta qualit\u00e0, questo braccialetto \u00e8\u00a0<strong>impermeabile<\/strong>,\u00a0<strong>resistente alle intemperie<\/strong>, E\u00a0<strong>a prova di umidit\u00e0<\/strong>, rendendolo adatto a vari ambienti e condizioni. Che piova o ci sia il sole, questo braccialetto non si dannegger\u00e0 facilmente, consentendo ai tuoi ospiti o partecipanti di godersi la loro esperienza senza preoccuparsi di usura e rotture.<\/p>\n<p>IL\u00a0<strong>silicone<\/strong>\u00a0il materiale non solo assicura longevit\u00e0 ma \u00e8 anche confortevole sulla pelle, rendendolo perfetto sia per l&#039;uso casual che per situazioni attive come festival o eventi sportivi. Questa durevolezza significa che non dovrai sostituire i cinturini frequentemente, il che si traduce in un notevole risparmio sui costi nel tempo.<\/p>\n<p>Inoltre, le propriet\u00e0 del silicone lo rendono resistente agli elementi aggressivi, consentendogli di sopportare l&#039;esposizione a parchi acquatici, spa, palestre e vari eventi all&#039;aperto. Pertanto, gli utenti possono indossare con sicurezza questo braccialetto sapendo che pu\u00f2 gestire attivit\u00e0 rigorose senza compromettere la funzionalit\u00e0.<\/p>\n<h2>Interfaccia di comunicazione versatile<\/h2>\n<p>Utilizzando\u00a0<strong>Tecnologia NFC<\/strong>, il braccialetto in silicone RFID NFC passivo impermeabile vanta un&#039;interfaccia di comunicazione senza soluzione di continuit\u00e0 che migliora l&#039;esperienza dell&#039;utente. Operando a una frequenza di\u00a0<strong>13,56 MHz<\/strong>, questo braccialetto \u00e8 ottimizzato per interazioni rapide e affidabili.<\/p>\n<p>La tecnologia NFC consente\u00a0<strong>pagamenti senza contatto<\/strong>, rendendolo una soluzione perfetta per gli organizzatori di eventi che desiderano semplificare i processi. Gli ospiti possono facilmente toccare il loro braccialetto nei punti vendita senza dover armeggiare con contanti o carte, riducendo cos\u00ec i tempi di attesa e migliorando il flusso complessivo agli eventi. Questo\u00a0<strong>pagamento senza contatto<\/strong>\u00a0Questa funzione non solo aumenta la praticit\u00e0 per gli utenti, ma migliora anche l&#039;efficienza per i venditori e il personale dell&#039;evento.<\/p>\n<p>Inoltre, i braccialetti abilitati NFC sono una manna per il controllo degli accessi. Puoi concedere o limitare l&#039;accesso ad aree specifiche semplicemente scansionando il braccialetto con un lettore RFID, assicurando un processo di ingresso fluido e sicuro per aree VIP, backstage o qualsiasi zona riservata.<\/p>\n<h2>Opzioni di personalizzazione innovative<\/h2>\n<p>La personalizzazione \u00e8 una caratteristica significativa del braccialetto in silicone RFID NFC passivo impermeabile. Con opzioni per\u00a0<strong>loghi personalizzati<\/strong>\u00a0e varie tecniche di stampa come\u00a0<strong>stampa serigrafica<\/strong>,\u00a0<strong>goffratura<\/strong>, E\u00a0<strong>incisione laser<\/strong>le aziende possono creare un&#039;identit\u00e0 unica che sia in sintonia con il loro marchio.<\/p>\n<p>La personalizzazione si estende a dimensioni, colori e design, consentendo alle aziende di adattare i braccialetti in base ai temi dell&#039;evento o all&#039;estetica del marchio. Questo tocco personalizzato non solo aumenta la visibilit\u00e0 del marchio, ma pu\u00f2 anche aumentare il coinvolgimento dei partecipanti attraverso esperienze memorabili. Immagina di arrivare a un festival in cui ogni braccialetto ha un logo o un design unico che rappresenta il tema dell&#039;evento: questo aspetto contribuisce in modo significativo all&#039;atmosfera generale e al divertimento.<\/p>\n<p>Inoltre, la capacit\u00e0 di incorporare codici QR pu\u00f2 anche aprire strade per una migliore interazione. I partecipanti possono scansionare i loro braccialetti per accedere ai programmi, partecipare a concorsi o persino recuperare informazioni di contatto, migliorando cos\u00ec la loro esperienza complessiva all&#039;evento.<\/p>\n<h2>Capacit\u00e0 di sicurezza e controllo degli accessi<\/h2>\n<p>La sicurezza \u00e8 fondamentale in qualsiasi evento o attivit\u00e0 commerciale e il braccialetto in silicone RFID NFC passivo impermeabile risponde a questa esigenza in modo efficace. Incorporando tecnologie avanzate\u00a0<strong>Tecnologia RFID<\/strong>, questi braccialetti forniscono un\u00a0<strong>a prova di manomissione<\/strong>\u00a0mezzo di controllo degli accessi che aumenta significativamente i livelli di sicurezza durante gli eventi.<\/p>\n<p>Con integrato\u00a0<strong>Tecnologia del chip MIFARE DESfire EV3<\/strong>, gli utenti beneficiano di una trasmissione dati sicura, assicurando che le informazioni contenute nel braccialetto rimangano protette. Questo chip non solo supporta tecniche di crittografia, fornendo livelli di sicurezza, ma garantisce anche un rapido trasferimento dei dati, migliorando l&#039;esperienza utente e riducendo i ritardi.<\/p>\n<p>Inoltre, i braccialetti RFID possono essere programmati per permessi di accesso specifici, assicurando che solo il personale autorizzato possa accedere a determinate aree. Questa funzionalit\u00e0 \u00e8 particolarmente utile per grandi eventi, in cui la gestione della folla \u00e8 fondamentale sia per la sicurezza che per l&#039;efficienza operativa.<\/p>\n<p>&nbsp;<\/p>\n<h2>Specifiche tecniche e dimensioni<\/h2>\n<table class=\"w-fit !mb-0 !max-w-none\" style=\"height: 133px;\" width=\"407\">\n<thead>\n<tr>\n<th>Specificazione<\/th>\n<th>Dettagli<\/th>\n<\/tr>\n<\/thead>\n<tbody>\n<tr>\n<td><strong>Materiale<\/strong><\/td>\n<td>Silicone<\/td>\n<\/tr>\n<tr>\n<td><strong>Misurare<\/strong><\/td>\n<td>238x13mm<\/td>\n<\/tr>\n<tr>\n<td><strong>Spessore<\/strong><\/td>\n<td>3 millimetri<\/td>\n<\/tr>\n<tr>\n<td><strong>Tipo di chip<\/strong><\/td>\n<td>Mifare DESfire EV3<\/td>\n<\/tr>\n<\/tbody>\n<\/table>\n<p>&nbsp;<\/p>\n<h2>Domande frequenti (FAQ)<\/h2>\n<p>Ecco alcune domande frequenti riguardanti l&#039;\u00a0<strong>Braccialetto in silicone RFID NFC passivo impermeabile<\/strong>, insieme alle loro risposte per aiutarti a prendere una decisione informata.<\/p>\n<h3>1.\u00a0<strong>Cos&#039;\u00e8 la tecnologia NFC e come funziona con il braccialetto?<\/strong><\/h3>\n<p>NFC (Near Field Communication) \u00e8 un set di protocolli di comunicazione che consente a due dispositivi elettronici, in genere uno smartphone e un lettore, di comunicare su brevi distanze, solitamente inferiori a 4 pollici. Il braccialetto contiene un chip NFC incorporato che pu\u00f2 trasmettere informazioni quando posizionato vicino a un lettore NFC, abilitando funzioni come pagamenti contactless, controllo degli accessi e condivisione dei dati.<\/p>\n<h3>2.\u00a0<strong>Il braccialetto \u00e8 adatto per le attivit\u00e0 in acqua?<\/strong><\/h3>\n<p>Assolutamente! Il braccialetto in silicone RFID NFC passivo impermeabile \u00e8 progettato per essere\u00a0<strong>impermeabile<\/strong>\u00a0E\u00a0<strong>resistente alle intemperie<\/strong>Ci\u00f2 lo rende ideale per l&#039;uso in vari ambienti acquatici come parchi acquatici, piscine e spa.<\/p>\n<h3>3.\u00a0<strong>Posso personalizzare i braccialetti con il mio logo o disegno?<\/strong><\/h3>\n<p>S\u00ec, sono disponibili opzioni di personalizzazione! Puoi ordinare braccialetti con il logo della tua azienda e scegliere tra diverse tecniche di stampa, come la serigrafia, la goffratura o l&#039;incisione laser, per creare un braccialetto che completi l&#039;identit\u00e0 del tuo marchio.<\/p>\n<h3>4.\u00a0<strong>Quanto dura il braccialetto?<\/strong><\/h3>\n<p>Il cinturino \u00e8 realizzato in silicone di alta qualit\u00e0, che garantisce un&#039;eccellente durata e resistenza all&#039;usura, anche in ambienti difficili. Con la cura adeguata, possono durare per molteplici utilizzi, soprattutto se utilizzati in ambienti controllati.<\/p>\n<h3>5.\u00a0<strong>Il braccialetto pu\u00f2 essere riutilizzato?<\/strong><\/h3>\n<p>Sebbene il braccialetto sia durevole, il suo utilizzo previsto \u00e8 principalmente per applicazioni a evento singolo come festival o concerti. Tuttavia, possono essere riutilizzati in scenari diversi, purch\u00e9 non siano danneggiati o contrassegnati in un modo che li identifichi come usati.<\/p>","protected":false},"excerpt":{"rendered":"<div class=\"chat-list relative custom-scrollbar-reset-margin custom-scrollbar custom-scrollbar-hidden custom-scrollbar-float pb-9 flex-1 overflow-y-auto\">\n<div class=\"mx-auto max-w-[790px]\">\n<div class=\"message-item-outer relative px-4 mb-2\" data-id=\"d5e57210-2b0a-4a51-8aa4-f3908258a790\">\n<div class=\"content-area pl-[0px]\">\n<div class=\"message-item select-text relative\">\n<div class=\"message-inner relative\">\n<div class=\"py-[2px]\">\n<div class=\"flex flex-col gap-2\">\n<div class=\"answer-markdown-box overflow-x-auto select-text custom-scrollbar\">\n<div class=\"markdown-body\"><\/div>\n<\/div>\n<\/div>\n<\/div>\n<\/div>\n<\/div>\n<\/div>\n<\/div>\n<\/div>\n<\/div>\n<div>\n<div class=\"input-box relative max-w-[790px] mx-auto\">\n<div class=\"chat-input-box relative bg-grey-layer2-normal px-3 max-w-[790px] mx-auto pb-1\">\n<div class=\"main-input-area\">\n<div class=\"chat-input-top-bar gap-2 py-2 flex justify-start items-center\">\n<div class=\"flex gap-[6px] min-w-[90px] max-w-[calc(100%-40px)]\">\n<div class=\"flex gap-0\">\n<div class=\"relative\">\n<div class=\"topbar-btn h-[30px] w-[30px] flex overflow-hidden text-text-primary-1 items-center justify-center text-xs leading-4 rounded-lg model-btn model-btn-no-bg\" role=\"button\">Il braccialetto in silicone RFID NFC passivo impermeabile offre una soluzione affidabile e durevole per il controllo sicuro degli accessi e le transazioni senza contanti in qualsiasi evento. Ideale per festival, palestre e parchi acquatici, offre praticit\u00e0 e personalizzazione con un design elegante.<\/div>\n<\/div>\n<\/div>\n<\/div>\n<\/div>\n<\/div>\n<\/div>\n<\/div>\n<\/div>","protected":false},"featured_media":3431,"template":"","meta":[],"product_brand":[],"product_cat":[50],"product_tag":[],"class_list":{"0":"post-3430","1":"product","2":"type-product","3":"status-publish","4":"has-post-thumbnail","6":"product_cat-silicone-rfid-nfc-wristbands","8":"first","9":"instock","10":"shipping-taxable","11":"product-type-simple"},"_links":{"self":[{"href":"https:\/\/nfc-readers.com\/it\/wp-json\/wp\/v2\/product\/3430","targetHints":{"allow":["GET"]}}],"collection":[{"href":"https:\/\/nfc-readers.com\/it\/wp-json\/wp\/v2\/product"}],"about":[{"href":"https:\/\/nfc-readers.com\/it\/wp-json\/wp\/v2\/types\/product"}],"wp:featuredmedia":[{"embeddable":true,"href":"https:\/\/nfc-readers.com\/it\/wp-json\/wp\/v2\/media\/3431"}],"wp:attachment":[{"href":"https:\/\/nfc-readers.com\/it\/wp-json\/wp\/v2\/media?parent=3430"}],"wp:term":[{"taxonomy":"product_brand","embeddable":true,"href":"https:\/\/nfc-readers.com\/it\/wp-json\/wp\/v2\/product_brand?post=3430"},{"taxonomy":"product_cat","embeddable":true,"href":"https:\/\/nfc-readers.com\/it\/wp-json\/wp\/v2\/product_cat?post=3430"},{"taxonomy":"product_tag","embeddable":true,"href":"https:\/\/nfc-readers.com\/it\/wp-json\/wp\/v2\/product_tag?post=3430"}],"curies":[{"name":"wp","href":"https:\/\/api.w.org\/{rel}","templated":true}]}}