{"id":3437,"date":"2024-11-03T04:49:53","date_gmt":"2024-11-03T04:49:53","guid":{"rendered":"https:\/\/nfc-readers.com\/?post_type=product&#038;p=3437"},"modified":"2024-11-05T10:39:50","modified_gmt":"2024-11-05T10:39:50","slug":"disposable-hf-uhf-rfid-nfc-wristband-for-event-ticket","status":"publish","type":"product","link":"https:\/\/nfc-readers.com\/it\/ic-reader\/disposable-hf-uhf-rfid-nfc-wristband-for-event-ticket\/","title":{"rendered":"Braccialetto monouso HF RFID NFC per biglietti di eventi"},"content":{"rendered":"<h1 style=\"text-align: center;\"><strong>Braccialetto monouso HF RFID NFC per biglietti di eventi<\/strong><\/h1>\n<p>&nbsp;<\/p>\n<p>Nel mondo frenetico di oggi, gli organizzatori di eventi devono stare al passo con le ultime tecnologie per offrire un&#039;esperienza indimenticabile ai loro partecipanti. Uno dei modi pi\u00f9 efficaci per raggiungere questo obiettivo \u00e8 attraverso <strong>Braccialetti monouso HF RFID NFC<\/strong>Questi innovativi braccialetti rivoluzionano il modo in cui vengono gestiti gli eventi, migliorando la sicurezza, semplificando il controllo degli accessi e promuovendo i pagamenti senza contanti. Che si tratti di festival musicali, parchi acquatici o eventi aziendali, questi braccialetti garantiscono un&#039;esperienza fluida sia per gli ospiti che per gli organizzatori.<\/p>\n<p>&nbsp;<\/p>\n<h3><strong>Perch\u00e9 scegliere i braccialetti monouso RFID\/NFC?<\/strong><\/h3>\n<p>IL\u00a0<strong>Braccialetto monouso HF RFID NFC<\/strong>\u00a0\u00e8 progettato specificamente per gli eventi, combinando praticit\u00e0 e tecnologia all&#039;avanguardia. Ecco perch\u00e9 investire in questi braccialetti vale ogni centesimo:<\/p>\n<ol>\n<li><strong>Sicurezza avanzata:<\/strong>\u00a0I braccialetti utilizzano la tecnologia RFID per offrire soluzioni di accesso sicure, riducendo significativamente il rischio di accesso non autorizzato. Il materiale durevole e il design assicurano che siano a prova di manomissione.<\/li>\n<li><strong>Soluzioni senza contanti:<\/strong>\u00a0Con le crescenti preferenze dei consumatori per i pagamenti senza contanti, questi braccialetti possono essere integrati con i sistemi di elaborazione dei pagamenti, consentendo ai partecipanti di effettuare acquisti in modo rapido e senza sforzo. Ci\u00f2 semplifica il flusso del commercio durante gli eventi, migliorando l&#039;esperienza degli ospiti.<\/li>\n<li><strong>Comodit\u00e0 e semplicit\u00e0 d&#039;uso:<\/strong>\u00a0I partecipanti possono semplicemente scansionare i loro braccialetti per entrare e fare acquisti, riducendo i tempi di attesa e rendendo la loro esperienza pi\u00f9 piacevole.<\/li>\n<li><strong>Personalizzazione:<\/strong>\u00a0I marchi hanno la possibilit\u00e0 di personalizzare ogni braccialetto con loghi, dettagli dell&#039;evento e codici QR, consentendo un branding e un marketing efficaci.<\/li>\n<li><strong>Conveniente:<\/strong>\u00a0Essendo un&#039;opzione monouso, questi braccialetti rappresentano una scelta economica senza compromettere la qualit\u00e0 o la sicurezza.<\/li>\n<\/ol>\n<p>Ora, approfondiamo le caratteristiche del nostro\u00a0<strong>Braccialetto monouso HF RFID NFC per biglietti di eventi<\/strong>.<\/p>\n<p>&nbsp;<\/p>\n<h3><strong>Specifiche tecniche<\/strong><\/h3>\n<table class=\"w-fit !mb-0 !max-w-none\">\n<thead>\n<tr>\n<th>Caratteristica<\/th>\n<th>Specificazione<\/th>\n<\/tr>\n<\/thead>\n<tbody>\n<tr>\n<td>Marchio<\/td>\n<td>SXNFC<\/td>\n<\/tr>\n<tr>\n<td>Luogo d&#039;origine<\/td>\n<td>Guangdong, Cina<\/td>\n<\/tr>\n<tr>\n<td>Frequenza<\/td>\n<td>13,56 MHz<\/td>\n<\/tr>\n<tr>\n<td>Protocollo<\/td>\n<td>ISO14443A<\/td>\n<\/tr>\n<tr>\n<td>Tipo di chip<\/td>\n<td>Chip NFC\/HF<\/td>\n<\/tr>\n<tr>\n<td>Utilizzo<\/td>\n<td>Biglietteria per eventi, controllo accessi, pagamento senza contanti<\/td>\n<\/tr>\n<tr>\n<td>Materiale<\/td>\n<td>Carta Dupont<\/td>\n<\/tr>\n<tr>\n<td>Misurare<\/td>\n<td>250*19,5mm<\/td>\n<\/tr>\n<tr>\n<td>Stampa<\/td>\n<td>Stampa offset a colori<\/td>\n<\/tr>\n<\/tbody>\n<\/table>\n<p>&nbsp;<\/p>\n<h3><strong>Domande frequenti (FAQ)<\/strong><\/h3>\n<p><strong>D1: Come posso personalizzare i braccialetti?<\/strong><br \/>\nA: Le personalizzazioni possono essere richieste durante il processo di ordinazione. Puoi specificare il tuo design, logo, codici QR o numeri di serie.<\/p>\n<p><strong>D2: I braccialetti sono impermeabili?<\/strong><br \/>\nA: S\u00ec, il\u00a0<strong>Carta Dupont<\/strong>\u00a0il materiale utilizzato nella fabbricazione \u00e8 resistente all&#039;acqua, garantendo la resistenza alle pi\u00f9 svariate condizioni meteorologiche.<\/p>\n<p><strong>D3: I braccialetti possono essere riutilizzati?<\/strong><br \/>\nR: Questi braccialetti sono progettati per essere utilizzati una sola volta; garantiscono la massima sicurezza e la massima resistenza alle manomissioni per tutta la durata dell&#039;evento.<\/p>\n<p>&nbsp;<\/p>\n<h3><strong>Mentre si riducono gli sprechi: soluzioni ecologicamente responsabili<\/strong><\/h3>\n<p>Nella nostra ricerca di soluzioni innovative, siamo anche consapevoli del nostro impatto ambientale.\u00a0<strong>Braccialetto monouso HF UHF RFID NFC<\/strong>\u00a0sostiene la sostenibilit\u00e0 ecologica nei seguenti modi:<\/p>\n<ul>\n<li><strong>Design monouso:<\/strong>\u00a0Come un\u00a0<strong>braccialetto monouso<\/strong>si elimina la necessit\u00e0 di processi di reso e lavaggio, con conseguente risparmio di risorse ed energia.<\/li>\n<li><strong>Considerazioni sui materiali:<\/strong>\u00a0Utilizzando\u00a0<strong>Carta Dupont<\/strong>, noto per essere riciclabile, contribuisce a ridurre l&#039;impronta di carbonio complessiva associata alle forniture per eventi.<\/li>\n<\/ul>","protected":false},"excerpt":{"rendered":"<p>Il braccialetto monouso HF RFID NFC per biglietti di eventi offre un modo sicuro ed efficiente per gestire il controllo degli accessi a qualsiasi evento. Il suo design personalizzabile garantisce un&#039;esperienza fluida per i partecipanti, consentendo al contempo pagamenti senza contanti e misure di sicurezza migliorate.<\/p>","protected":false},"featured_media":3438,"template":"","meta":[],"product_brand":[],"product_cat":[50],"product_tag":[],"class_list":{"0":"post-3437","1":"product","2":"type-product","3":"status-publish","4":"has-post-thumbnail","6":"product_cat-silicone-rfid-nfc-wristbands","8":"first","9":"instock","10":"shipping-taxable","11":"product-type-simple"},"_links":{"self":[{"href":"https:\/\/nfc-readers.com\/it\/wp-json\/wp\/v2\/product\/3437","targetHints":{"allow":["GET"]}}],"collection":[{"href":"https:\/\/nfc-readers.com\/it\/wp-json\/wp\/v2\/product"}],"about":[{"href":"https:\/\/nfc-readers.com\/it\/wp-json\/wp\/v2\/types\/product"}],"wp:featuredmedia":[{"embeddable":true,"href":"https:\/\/nfc-readers.com\/it\/wp-json\/wp\/v2\/media\/3438"}],"wp:attachment":[{"href":"https:\/\/nfc-readers.com\/it\/wp-json\/wp\/v2\/media?parent=3437"}],"wp:term":[{"taxonomy":"product_brand","embeddable":true,"href":"https:\/\/nfc-readers.com\/it\/wp-json\/wp\/v2\/product_brand?post=3437"},{"taxonomy":"product_cat","embeddable":true,"href":"https:\/\/nfc-readers.com\/it\/wp-json\/wp\/v2\/product_cat?post=3437"},{"taxonomy":"product_tag","embeddable":true,"href":"https:\/\/nfc-readers.com\/it\/wp-json\/wp\/v2\/product_tag?post=3437"}],"curies":[{"name":"wp","href":"https:\/\/api.w.org\/{rel}","templated":true}]}}