{"id":3450,"date":"2024-11-03T08:01:44","date_gmt":"2024-11-03T08:01:44","guid":{"rendered":"https:\/\/nfc-readers.com\/?post_type=product&#038;p=3450"},"modified":"2024-11-04T08:45:59","modified_gmt":"2024-11-04T08:45:59","slug":"nfc-with-qr-code-stainless-contactless-business-card","status":"publish","type":"product","link":"https:\/\/nfc-readers.com\/it\/ic-reader\/nfc-with-qr-code-stainless-contactless-business-card\/","title":{"rendered":"NFC con codice QR Biglietto da visita contactless in acciaio inox"},"content":{"rendered":"<h1><span style=\"color: #000080;\"><strong>NFC con codice QR Biglietto da visita contactless in acciaio inox<\/strong><\/span><\/h1>\n<p><span style=\"color: #666699;\">Nel mondo digitale frenetico di oggi, la necessit\u00e0 di soluzioni di networking innovative ed efficaci \u00e8 pi\u00f9 importante che mai. Entra nel <strong>Biglietto da visita contactless in acciaio inossidabile NFC con codice QR<\/strong>, uno strumento all&#039;avanguardia progettato per ridefinire il modo in cui i professionisti condividono le proprie informazioni. Unendo la tecnologia moderna a un design elegante, questo biglietto da visita consente agli utenti di condividere senza sforzo i propri dati di contatto, profili social e altro ancora tramite semplici tocchi e scansioni. Con innumerevoli opzioni di personalizzazione, questo biglietto da visita contactless non solo migliora la tua immagine professionale, ma semplifica anche i processi di networking.<\/span><\/p>\n<p>&nbsp;<\/p>\n<h2 style=\"text-align: center;\"><span style=\"color: #000080;\"><strong>Attributi chiave dei biglietti da visita NFC\u00a0<\/strong><\/span><\/h2>\n<p>La tecnologia NFC sta trasformando il networking offrendo attributi unici che la distinguono dai tradizionali biglietti da visita. Queste carte facilitano la condivisione rapida ed efficiente delle informazioni, consentendo agli utenti di trasferire i propri dati di contatto con un semplice tocco di uno smartphone.\u00a0<strong>Biglietto da visita contactless in acciaio inossidabile NFC con codice QR<\/strong>\u00a0incorpora tecnologie avanzate come:<\/p>\n<ul>\n<li><strong>Comunicazione RFID:<\/strong>\u00a0Funziona su una frequenza di 13,56 MHz, consentendo connessioni rapide tra dispositivi.<\/li>\n<li><strong>Opzioni chip personalizzate:<\/strong>\u00a0Disponibile con chip NTAG213, NTAG215 o NTAG216, per garantire flessibilit\u00e0 in base alle esigenze dell&#039;utente.<\/li>\n<\/ul>\n<p>Sfruttando queste caratteristiche chiave, questo biglietto da visita non solo rappresenta il tuo marchio professionale, ma mette anche in mostra il tuo impegno verso l&#039;innovazione.<\/p>\n<p>&nbsp;<\/p>\n<h2 style=\"text-align: center;\"><span style=\"color: #000080;\"><em><strong>Caratteristiche del design: <\/strong><\/em><\/span><\/h2>\n<h2>Fare un&#039;impressione duratura<\/h2>\n<p><strong>Appello estetico<\/strong>\u00a0\u00e8 fondamentale in qualsiasi interazione aziendale. Il\u00a0<strong>Biglietto da visita contactless in acciaio inossidabile NFC con codice QR<\/strong>\u00a0\u00e8 progettato con una gamma di funzionalit\u00e0 personalizzabili per soddisfare le preferenze individuali, assicurando che non solo si distingua ma che si allinei anche con l&#039;identit\u00e0 del tuo marchio. Le principali funzionalit\u00e0 di progettazione includono:<\/p>\n<ul>\n<li><strong>Finiture:<\/strong>\u00a0Scegli tra superfici lucide o opache per un aspetto sofisticato che si adatta al tuo stile.<\/li>\n<li><strong>Opzioni di materiale:<\/strong>\u00a0Realizzate in acciaio inossidabile di alta qualit\u00e0, queste carte non solo hanno un aspetto lussuoso, ma sono anche resistenti all&#039;usura.<\/li>\n<li><strong>Loghi e modelli personalizzati:<\/strong>\u00a0Personalizza la tua tessera con l&#039;incisione del tuo logo, creando un tocco unico che accresce la visibilit\u00e0 del tuo marchio.<\/li>\n<\/ul>\n<p>Investendo in un biglietto da visita NFC dal design professionale, ti distinguerai dalla concorrenza.<\/p>\n<p>&nbsp;<\/p>\n<h2 style=\"text-align: center;\"><span style=\"color: #000080;\"><em><strong>Resistenza all&#039;acqua e alle intemperie <\/strong><\/em><\/span><\/h2>\n<p><span style=\"color: #666699;\">Nella frenesia delle attivit\u00e0 quotidiane di networking, \u00e8 necessario un biglietto da visita che resista a diverse condizioni ambientali. <\/span><\/p>\n<p><span style=\"color: #666699;\">Il materiale inossidabile del\u00a0<strong>Biglietto da visita contactless in acciaio inossidabile NFC con codice QR<\/strong>\u00a0\u00c8:<\/span><\/p>\n<ul>\n<li><strong>Impermeabile:<\/strong>\u00a0Protegge i tuoi dati da versamenti accidentali e condizioni di umidit\u00e0.<\/li>\n<li><strong>Resistente alle intemperie:<\/strong>\u00a0Ideale per qualsiasi clima, garantisce che la tua carta rimanga intatta e perfettamente funzionante indipendentemente dagli elementi esterni.<\/li>\n<\/ul>\n<p>Questa durevolezza garantisce che la tua carta manterr\u00e0 le sue qualit\u00e0 estetiche e funzionali nel tempo, rendendola un investimento saggio.<\/p>\n<p>&nbsp;<\/p>\n<h2 style=\"text-align: center;\"><em><strong><span style=\"color: #000080;\">Interfaccia di comunicazione intuitiva\u00a0<\/span><\/strong><\/em><\/h2>\n<p>Una delle caratteristiche pi\u00f9 notevoli del\u00a0<strong>Biglietto da visita contactless in acciaio inossidabile NFC con codice QR<\/strong>\u00a0\u00e8 la sua interfaccia di comunicazione user-friendly. La capacit\u00e0 di utilizzare entrambi\u00a0<strong>NFC e RFID<\/strong>\u00a0tecnologie garantisce che le tue informazioni siano accessibili in modo rapido e semplice da vari dispositivi. Ecco come funziona:<\/p>\n<ul>\n<li><strong>Tecnologia NFC:<\/strong>\u00a0Gli utenti devono semplicemente toccare il loro smartphone contro la carta per recuperare i dettagli del contatto. Questa semplicit\u00e0 promuove interazioni rapide nelle impostazioni di rete.<\/li>\n<li><strong>Integrazione del codice QR:<\/strong>\u00a0La carta \u00e8 dotata di un codice QR integrato, che fornisce un ulteriore mezzo di condivisione delle informazioni per coloro che non dispongono di dispositivi abilitati NFC.<\/li>\n<\/ul>\n<p>Questa interfaccia di comunicazione doppia ti consente di entrare in contatto con potenziali clienti o partner senza alcuno sforzo.<\/p>\n<p>&nbsp;<\/p>\n<h2 style=\"text-align: center;\"><span style=\"color: #000080;\"><em><strong>Specifiche che contano<\/strong><\/em><\/span><\/h2>\n<p>|\u00a0<strong>Materiale<\/strong>\u00a0| Acciaio inossidabile |<br \/>\n|\u00a0<strong>Frequenza<\/strong>\u00a0|13,56 MHz |<br \/>\n|\u00a0<strong>Misurare<\/strong>\u00a0|85,5 mm x54 mm \/ Personalizzato |<br \/>\n|\u00a0<strong>Spessore<\/strong>\u00a0|0,8 mm \/ Personalizzato |<br \/>\n|\u00a0<strong>Opzioni chip<\/strong> | Personalizzato \/ NTAG213 \/215 \/216 |<br \/>\n|\u00a0<strong>Opzioni colore<\/strong>\u00a0| Nero, Bianco, Oro rosa, Oro, Blu |<br \/>\n|\u00a0<strong>Caratteristiche speciali<\/strong>\u00a0| Impermeabile \/ Resistente alle intemperie, Lusso|<\/p>\n<p>&nbsp;<\/p>\n<h2 style=\"text-align: center;\"><span style=\"color: #000080;\"><em><strong>Sezione FAQ<\/strong><\/em><\/span><\/h2>\n<p><strong><span style=\"color: #008080;\">D: Posso personalizzare il design della carta?<\/span><\/strong><\/p>\n<p>R: Assolutamente! Puoi scegliere colori, finiture superficiali e persino incisioni per i loghi, rendendo la tua carta davvero unica.<\/p>\n<p>&nbsp;<\/p>\n<p><strong><span style=\"color: #008080;\">D: La funzionalit\u00e0 NFC \u00e8 compatibile con tutti gli smartphone?<\/span><\/strong><\/p>\n<p>R: S\u00ec, la scheda NFC \u00e8 progettata per funzionare con la maggior parte degli smartphone che supportano la tecnologia NFC.<\/p>","protected":false},"excerpt":{"rendered":"<p>Rivoluziona il networking con il nostro biglietto da visita contactless in acciaio inossidabile con codice QR e NFC: condividi le tue informazioni senza sforzo con un design elegante e personalizzabile!<\/p>","protected":false},"featured_media":3448,"template":"","meta":[],"product_brand":[],"product_cat":[46],"product_tag":[],"class_list":{"0":"post-3450","1":"product","2":"type-product","3":"status-publish","4":"has-post-thumbnail","6":"product_cat-nfc-cards","8":"first","9":"instock","10":"shipping-taxable","11":"product-type-simple"},"_links":{"self":[{"href":"https:\/\/nfc-readers.com\/it\/wp-json\/wp\/v2\/product\/3450","targetHints":{"allow":["GET"]}}],"collection":[{"href":"https:\/\/nfc-readers.com\/it\/wp-json\/wp\/v2\/product"}],"about":[{"href":"https:\/\/nfc-readers.com\/it\/wp-json\/wp\/v2\/types\/product"}],"wp:featuredmedia":[{"embeddable":true,"href":"https:\/\/nfc-readers.com\/it\/wp-json\/wp\/v2\/media\/3448"}],"wp:attachment":[{"href":"https:\/\/nfc-readers.com\/it\/wp-json\/wp\/v2\/media?parent=3450"}],"wp:term":[{"taxonomy":"product_brand","embeddable":true,"href":"https:\/\/nfc-readers.com\/it\/wp-json\/wp\/v2\/product_brand?post=3450"},{"taxonomy":"product_cat","embeddable":true,"href":"https:\/\/nfc-readers.com\/it\/wp-json\/wp\/v2\/product_cat?post=3450"},{"taxonomy":"product_tag","embeddable":true,"href":"https:\/\/nfc-readers.com\/it\/wp-json\/wp\/v2\/product_tag?post=3450"}],"curies":[{"name":"wp","href":"https:\/\/api.w.org\/{rel}","templated":true}]}}