{"id":3498,"date":"2024-11-04T07:04:41","date_gmt":"2024-11-04T07:04:41","guid":{"rendered":"https:\/\/nfc-readers.com\/?post_type=product&#038;p=3498"},"modified":"2024-11-04T08:28:09","modified_gmt":"2024-11-04T08:28:09","slug":"tap-url-writing-social-business-facebook-review-nfc-cards","status":"publish","type":"product","link":"https:\/\/nfc-readers.com\/it\/ic-reader\/tap-url-writing-social-business-facebook-review-nfc-cards\/","title":{"rendered":"Tocca URL Scrittura Social Business Facebook Recensione NFC Cards"},"content":{"rendered":"<h1><span style=\"color: #000080;\"><strong>Tocca URL Scrittura Social Business Facebook Recensione NFC Cards<\/strong><\/span><\/h1>\n<p><span style=\"color: #333399;\">Nel frenetico mondo digitale di oggi, le aziende puntano a una connettivit\u00e0 e interazione senza soluzione di continuit\u00e0 con i propri clienti. Le carte NFC sono emerse come uno strumento rivoluzionario che colma il divario tra il mondo fisico e quello digitale. Con le loro straordinarie funzionalit\u00e0, tra cui Tap URL Writing, fungono da potente mezzo per l&#039;integrazione aziendale sui social e per migliorare il coinvolgimento dei clienti attraverso canali come le recensioni di Facebook. Questo articolo approfondisce il fascino e i vantaggi delle nostre carte NFC e come possono trasformare le tue operazioni aziendali.<\/span><\/p>\n<h2><\/h2>\n<h2 style=\"text-align: center;\"><em><strong><span style=\"color: #000080;\">Perch\u00e9 investire nelle carte NFC?<\/span><\/strong><\/em><\/h2>\n<p style=\"text-align: left;\">Le carte NFC semplificano la complessit\u00e0 del coinvolgimento dei clienti e della promozione del marchio. Con capacit\u00e0 come la scrittura di URL e il collegamento a recensioni di social media come Facebook, queste carte migliorano l&#039;esperienza dei clienti creando al contempo nuove vie per il marketing. La loro struttura impermeabile e le ampie opzioni di memoria assicurano che non solo soddisfino gli standard di qualit\u00e0, ma possano anche sopravvivere a diversi ambienti, rendendole un investimento eccellente per le aziende.<\/p>\n<p>&nbsp;<\/p>\n<p>&nbsp;<\/p>\n<h2 style=\"text-align: center;\"><em><span style=\"color: #000080;\"><strong>Panoramica completa delle carte NFC<\/strong><\/span><\/em><\/h2>\n<h3><span style=\"color: #333399;\"><strong> Attributi principali delle carte NFC<\/strong><\/span><\/h3>\n<p>Le carte NFC sono progettate con diverse caratteristiche chiave che soddisfano le moderne esigenze aziendali:<br \/>\n<strong>Impermeabile \/ resistente alle intemperie:<\/strong><\/p>\n<p>Costruite per durare, le nostre carte NFC possono resistere a varie condizioni ambientali. Questa durevolezza significa che puoi usarle per il marketing all&#039;aperto, eventi o qualsiasi luogo in cui le carte tradizionali probabilmente fallirebbero.<\/p>\n<p><strong>Interfaccia di comunicazione:<\/strong><\/p>\n<p>L&#039;utilizzo della tecnologia NFC (Near Field Communication) consente una comoda comunicazione contactless. Questa funzionalit\u00e0 non solo semplifica le transazioni, ma rende anche la condivisione delle informazioni aziendali senza sforzo.<\/p>\n<p><strong>Attributi specifici del settore:<\/strong><\/p>\n<p>Le carte NFC sono particolarmente utili per settori specifici che necessitano di soluzioni di identificazione e controllo.<\/p>\n<p>Possono sfruttare le funzionalit\u00e0 di queste carte le attivit\u00e0 che spaziano dal commercio al dettaglio all&#039;ospitalit\u00e0.<\/p>\n<p><strong>Dimensioni e design personalizzati:<\/strong><\/p>\n<p>Le nostre card NFC possono essere personalizzate in diverse dimensioni (dimensioni standard 85,5 x 54 mm o su misura) e design per abbinarsi perfettamente al marchio della tua azienda.<\/p>\n<p><strong>Tecnologia avanzata dei chip:<\/strong><\/p>\n<p>Utilizzando chip come NTAG213, 215 e 216 (marchi registrati di NXP BV), le nostre schede garantiscono elevate prestazioni e rapide capacit\u00e0 di condivisione dei dati.<\/p>\n<h3><span style=\"color: #333399;\"><strong>Caratteristiche speciali delle nostre carte NFC<\/strong><\/span><\/h3>\n<h3><strong>Funzionalit\u00e0 multiuso<\/strong><\/h3>\n<p><span style=\"color: #008080;\">Che vengano utilizzate per l&#039;identificazione, il controllo degli accessi, i programmi fedelt\u00e0 o semplicemente come strumento di marketing, le carte NFC sono versatili:<\/span><\/p>\n<p><strong>Funzionalit\u00e0 di scrittura URL tramite tocco: <\/strong><\/p>\n<p>Consentire agli utenti di toccare i loro telefoni sulla scheda NFC li reindirizza automaticamente a URL specifici, come siti Web aziendali o profili di social media. Questa funzionalit\u00e0 \u00e8 fondamentale per promuovere prodotti o servizi in modo efficace.<\/p>\n<p><strong>Recensioni di Social Business:<\/strong><\/p>\n<p>Grazie al link dedicato alle recensioni su Facebook, i potenziali clienti possono leggere testimonianze ed esperienze che creano immediatamente fiducia.<\/p>\n<h2><\/h2>\n<h2 style=\"text-align: center;\"><em><span style=\"color: #000080;\"><strong>Rispettoso dell&#039;ambiente<\/strong><\/span><\/em><\/h2>\n<p>Realizzate con materiali ecosostenibili come il PVC, le nostre carte NFC non sono solo robuste, ma danno anche priorit\u00e0 alla sostenibilit\u00e0:<\/p>\n<p><strong>Materiali riciclabili:<\/strong> Il nostro impegno nei confronti della responsabilit\u00e0 ambientale significa che una volta terminato il ciclo di vita della carta, questa pu\u00f2 essere riciclata, riducendo cos\u00ec l&#039;impatto ambientale.<\/p>\n<h2 style=\"text-align: center;\"><span style=\"color: #000080;\"><em><strong>Specifiche tecniche che dovresti conoscere<\/strong><\/em><\/span><\/h2>\n<p><strong><span style=\"color: #008080;\">| Specifiche | Dettagli |<\/span><\/strong><br \/>\n<strong><span style=\"color: #008080;\">|&#8212;&#8212;&#8212;&#8212;&#8212;&#8212;&#8212;&#8212;|&#8212;&#8212;&#8212;&#8212;&#8212;&#8212;&#8212;&#8212;&#8212;&#8212;&#8212;&#8212;&#8212;&#8212;&#8212;-|<\/span><\/strong><br \/>\n<strong><span style=\"color: #008080;\">| Frequenza |13,56 MHz |<\/span><\/strong><br \/>\n<strong><span style=\"color: #008080;\">| Opzioni di memoria |144\/504\/888 byte |<\/span><\/strong><br \/>\n<strong><span style=\"color: #008080;\">| Materiale | PVC\/Epossidico\/Carta\/PET |<\/span><\/strong><br \/>\n<strong><span style=\"color: #008080;\">| Dimensioni | Personalizzabile, standard85,5 *54 mm |<\/span><\/strong><br \/>\n<strong><span style=\"color: #008080;\">| Microchip | NTAG213\/215\/216 |<\/span><\/strong><br \/>\n<strong><span style=\"color: #008080;\">| Distanza di lettura |2-10 cm |<\/span><\/strong><br \/>\n<strong><span style=\"color: #008080;\">| Artigianato | Codice QR, stampa a getto d&#039;inchiostro, incisione laser|<\/span><\/strong><br \/>\n<strong><span style=\"color: #008080;\">| Quantit\u00e0 minima ordinabile (MOQ) |500 unit\u00e0 |<\/span><\/strong><\/p>\n<p>&nbsp;<\/p>\n<h2 style=\"text-align: center;\"><em><strong><span style=\"color: #000080;\">Istruzioni per l&#039;uso<\/span><\/strong><\/em><\/h2>\n<p>Utilizzare le carte NFC \u00e8 facile come toccare. Basta tenere il dispositivo abilitato NFC vicino alla carta per attivare l&#039;azione definita su di essa. Ecco una rapida guida per l&#039;utente:<br \/>\nAssicurati che la funzionalit\u00e0 NFC sia abilitata sul tuo smartphone.<br \/>\nAvvicina il tuo dispositivo alla scheda NFC.<br \/>\nAttendi che sullo schermo venga visualizzata la notifica o il messaggio che ti indirizza all&#039;URL o alla pagina del social media desiderata.<\/p>\n<h2 style=\"text-align: center;\"><em><span style=\"color: #000080;\"><strong>Feedback e approfondimenti dei clienti<\/strong><\/span><\/em><\/h2>\n<p><strong>Applicazioni nel mondo reale<\/strong><\/p>\n<p>I clienti hanno utilizzato le nostre carte NFC in vari modi:<br \/>\nProgrammi fedelt\u00e0: le aziende stanno integrando le carte NFC nei loro programmi fedelt\u00e0, consentendo ai clienti di accedere ai premi con un semplice tocco.<\/p>\n<p><strong>Coinvolgimento nell&#039;evento: <\/strong><\/p>\n<p>Durante fiere ed eventi, le aziende utilizzano queste tessere per offrire ai visitatori un accesso immediato alle informazioni, aumentando cos\u00ec il coinvolgimento.<\/p>","protected":false},"excerpt":{"rendered":"<p>Scopri come le carte NFC collegano il mondo digitale e quello fisico, migliorando il coinvolgimento dei clienti e semplificando l&#039;accesso alle recensioni e alle informazioni sui social.<\/p>","protected":false},"featured_media":3494,"template":"","meta":[],"product_brand":[],"product_cat":[46],"product_tag":[],"class_list":{"0":"post-3498","1":"product","2":"type-product","3":"status-publish","4":"has-post-thumbnail","6":"product_cat-nfc-cards","8":"first","9":"instock","10":"shipping-taxable","11":"product-type-simple"},"_links":{"self":[{"href":"https:\/\/nfc-readers.com\/it\/wp-json\/wp\/v2\/product\/3498","targetHints":{"allow":["GET"]}}],"collection":[{"href":"https:\/\/nfc-readers.com\/it\/wp-json\/wp\/v2\/product"}],"about":[{"href":"https:\/\/nfc-readers.com\/it\/wp-json\/wp\/v2\/types\/product"}],"wp:featuredmedia":[{"embeddable":true,"href":"https:\/\/nfc-readers.com\/it\/wp-json\/wp\/v2\/media\/3494"}],"wp:attachment":[{"href":"https:\/\/nfc-readers.com\/it\/wp-json\/wp\/v2\/media?parent=3498"}],"wp:term":[{"taxonomy":"product_brand","embeddable":true,"href":"https:\/\/nfc-readers.com\/it\/wp-json\/wp\/v2\/product_brand?post=3498"},{"taxonomy":"product_cat","embeddable":true,"href":"https:\/\/nfc-readers.com\/it\/wp-json\/wp\/v2\/product_cat?post=3498"},{"taxonomy":"product_tag","embeddable":true,"href":"https:\/\/nfc-readers.com\/it\/wp-json\/wp\/v2\/product_tag?post=3498"}],"curies":[{"name":"wp","href":"https:\/\/api.w.org\/{rel}","templated":true}]}}