{"id":3530,"date":"2024-11-06T09:00:03","date_gmt":"2024-11-06T09:00:03","guid":{"rendered":"https:\/\/nfc-readers.com\/?post_type=product&#038;p=3530"},"modified":"2024-11-06T09:00:03","modified_gmt":"2024-11-06T09:00:03","slug":"iso14443a-high-security-anti-fake-ntag-424-nfc-sticker","status":"publish","type":"product","link":"https:\/\/nfc-readers.com\/it\/ic-reader\/iso14443a-high-security-anti-fake-ntag-424-nfc-sticker\/","title":{"rendered":"Adesivo NFC anti-falsificazione NTAG 424 ad alta sicurezza ISO14443A"},"content":{"rendered":"<h1 style=\"text-align: center;\"><strong>Adesivo NFC anti-falsificazione NTAG 424 ad alta sicurezza ISO14443A<\/strong><\/h1>\n<p>&nbsp;<\/p>\n<p>IL <strong>Etichetta NFC NTAG 424 DNA<\/strong>\u00a0\u00e8 una soluzione all&#039;avanguardia progettata per applicazioni anticontraffazione avanzate. Sfruttando il protocollo ISO 14443A e dotato di funzionalit\u00e0 di sicurezza avanzate, questo adesivo NFC \u00e8 fondamentale per i marchi che desiderano proteggere la propria propriet\u00e0 intellettuale e aumentare la fiducia dei clienti. Con le sue capacit\u00e0 ad alte prestazioni, il design facile da usare e le applicazioni versatili, l&#039;adesivo NFC NTAG 424 DNA non \u00e8 solo un prodotto, \u00e8 un gateway sicuro verso un futuro pi\u00f9 intelligente.<\/p>\n<p>&nbsp;<\/p>\n<h3>Introduzione all&#039;adesivo NTAG 424 DNA NFC<\/h3>\n<p>IL\u00a0<strong>Etichetta NFC NTAG 424 DNA<\/strong>\u00a0rappresenta l&#039;avanguardia della tecnologia NFC, concentrandosi sulla massimizzazione della sicurezza per varie applicazioni, in particolare nel campo dell&#039;autenticazione dei prodotti. Questo adesivo NFC integra funzionalit\u00e0 avanzate del chip DNA NTAG424, che \u00e8 in grado di comunicare in modo sicuro e offre un&#039;eccellente protezione contro la contraffazione. Con dimensioni di\u00a0<strong>25mm<\/strong>\u00a0diametro e\u00a0<strong>45mm x 30mm<\/strong>\u00a0per le opzioni rettangolari, questo prodotto \u00e8 pensato su misura per i marchi che puntano sull&#039;efficacia senza compromettere l&#039;estetica.<\/p>\n<p>&nbsp;<\/p>\n<h3>Caratteristiche principali del tag NFC NTAG 424<\/h3>\n<p>Il tag NFC NTAG 424 DNA vanta diverse caratteristiche speciali progettate per migliorare la funzionalit\u00e0 e la sicurezza:<\/p>\n<ul>\n<li><strong>Conformit\u00e0 al protocollo<\/strong>: Il tag opera su\u00a0<strong>ISO14443A<\/strong>\u00a0protocollo, garantendo la compatibilit\u00e0 con un&#039;ampia gamma di dispositivi abilitati NFC.<\/li>\n<li><strong>Alta frequenza di comunicazione<\/strong>: Con una frequenza di\u00a0<strong>13,56 MHz<\/strong>Questi adesivi garantiscono capacit\u00e0 di comunicazione ottimali per uno scambio dati affidabile.<\/li>\n<li><strong>Opzioni personalizzabili<\/strong>: Gli utenti possono scegliere tra diverse dimensioni e opzioni di stampa, tra cui\u00a0<strong>Stampa a colori CMYK<\/strong>,\u00a0<strong>stampa offset<\/strong>, E\u00a0<strong>stampa serigrafica<\/strong>, consentendo opportunit\u00e0 di branding uniche.<\/li>\n<\/ul>\n<p>NTAG 424 DNA supporta anche la comunicazione crittografata, rendendolo ideale per applicazioni sensibili come sistemi di pagamento e autenticazione sicura.<\/p>\n<p>&nbsp;<\/p>\n<h3>Vantaggi degli adesivi NFC per la protezione del marchio<\/h3>\n<p>Investire in\u00a0<strong>Tecnologia NFC<\/strong>\u00a0come l&#039;adesivo NTAG 424 DNA offre numerosi vantaggi:<\/p>\n<ul>\n<li><strong>Sicurezza avanzata<\/strong>: Grazie alle sue caratteristiche di elevata sicurezza, il tag NFC offre ai marchi la tranquillit\u00e0 che i loro prodotti siano protetti dai contraffattori.<\/li>\n<li><strong>Maggiore fiducia dei consumatori<\/strong>: Fornire ai consumatori un modo semplice per verificare l&#039;autenticit\u00e0 del prodotto tramite il loro\u00a0<strong>Smartphone abilitati NFC<\/strong>\u00a0pu\u00f2 aumentare la fedelt\u00e0 e la fiducia nel marchio.<\/li>\n<li><strong>Rapporto costo-efficacia<\/strong>: Rispetto alle misure di sicurezza tradizionali, i tag NFC rappresentano spesso una soluzione pi\u00f9 conveniente per proteggere i prodotti.<\/li>\n<\/ul>\n<p>&nbsp;<\/p>\n<h3>Specifiche tecniche del DNA NTAG 424<\/h3>\n<table class=\"w-fit !mb-0 !max-w-none\">\n<thead>\n<tr>\n<th>Specificazione<\/th>\n<th>Dettagli<\/th>\n<\/tr>\n<\/thead>\n<tbody>\n<tr>\n<td><strong>Patata fritta<\/strong><\/td>\n<td>DNA NTAG424<\/td>\n<\/tr>\n<tr>\n<td><strong>Frequenza<\/strong><\/td>\n<td>13,56 MHz<\/td>\n<\/tr>\n<tr>\n<td><strong>Interfaccia di comunicazione<\/strong><\/td>\n<td>NFC, RFID<\/td>\n<\/tr>\n<tr>\n<td><strong>Distanza di lettura<\/strong><\/td>\n<td>1-10 cm<\/td>\n<\/tr>\n<tr>\n<td><strong>Materiale<\/strong><\/td>\n<td>Carta patinata, PET<\/td>\n<\/tr>\n<tr>\n<td><strong>Opzioni di dimensione<\/strong><\/td>\n<td>Diametro: 25 mm, rettangolare: 45 mm x 30 mm o personalizzato<\/td>\n<\/tr>\n<tr>\n<td><strong>Dimensioni della confezione<\/strong><\/td>\n<td>0,3 x 0,3 x 0,02 centimetri<\/td>\n<\/tr>\n<tr>\n<td><strong>Peso lordo<\/strong><\/td>\n<td>0,001 kg<\/td>\n<\/tr>\n<\/tbody>\n<\/table>\n<p>&nbsp;<\/p>\n<h3>Domande frequenti (FAQ)<\/h3>\n<h4>1.\u00a0<strong>Cos&#039;\u00e8 il tag NFC NTAG 424 DNA e come funziona?<\/strong><\/h4>\n<p>Il tag NFC NTAG 424 DNA \u00e8 un adesivo NFC ad alta sicurezza che consente agli utenti di autenticare i prodotti utilizzando i loro smartphone abilitati NFC. Funziona sul protocollo ISO 14443A a una frequenza di 13,56 MHz, consentendo comunicazioni e trasferimenti di dati sicuri tra il tag e i dispositivi compatibili.<\/p>\n<h4>2.\u00a0<strong>Quali sono le caratteristiche principali dell&#039;NTAG 424 DNA?<\/strong><\/h4>\n<p>Le caratteristiche principali includono:<\/p>\n<ul>\n<li>Autenticazione dinamica per una maggiore sicurezza.<\/li>\n<li>Tecnologia antimanomissione per impedire accessi non autorizzati.<\/li>\n<li>Dimensioni personalizzabili e opzioni di stampa per il branding.<\/li>\n<li>Distanza di lettura da 1 a 10 cm, adatta a varie applicazioni.<\/li>\n<\/ul>\n<h4>3.\u00a0<strong>Come posso utilizzare il tag NFC NTAG 424 DNA?<\/strong><\/h4>\n<p>Il tag NFC pu\u00f2 essere utilizzato per:<\/p>\n<ul>\n<li>Autenticazione del prodotto per verificare la legittimit\u00e0 degli articoli.<\/li>\n<li>Biglietteria per eventi offrendo un metodo di accesso sicuro e facilmente leggibile.<\/li>\n<li>Imballaggi intelligenti per migliorare il coinvolgimento dei clienti attraverso informazioni sui prodotti e contenuti promozionali.<\/li>\n<\/ul>\n<h4>4.\u00a0<strong>Quali materiali sono utilizzati nel tag NFC NTAG 424 DNA?<\/strong><\/h4>\n<p>Il tag NFC NTAG 424 DNA \u00e8 realizzato principalmente in carta patinata e PET, offrendo resistenza e flessibilit\u00e0 per varie applicazioni.<\/p>","protected":false},"excerpt":{"rendered":"<p>IL\u00a0<strong>Adesivo NFC anti-falsificazione NTAG 424 ad alta sicurezza ISO14443A<\/strong>\u00a0\u00e8 una soluzione all&#039;avanguardia progettata per l&#039;autenticazione sicura dei prodotti e misure anticontraffazione. Con crittografia avanzata e funzionalit\u00e0 di autenticazione dinamica, questo adesivo NFC consente ai marchi di proteggere i propri prodotti e aumentare la fiducia dei consumatori senza sforzo.<\/p>","protected":false},"featured_media":3531,"template":"","meta":[],"product_brand":[],"product_cat":[48],"product_tag":[],"class_list":{"0":"post-3530","1":"product","2":"type-product","3":"status-publish","4":"has-post-thumbnail","6":"product_cat-nfc-stickers","8":"first","9":"instock","10":"shipping-taxable","11":"product-type-simple"},"_links":{"self":[{"href":"https:\/\/nfc-readers.com\/it\/wp-json\/wp\/v2\/product\/3530","targetHints":{"allow":["GET"]}}],"collection":[{"href":"https:\/\/nfc-readers.com\/it\/wp-json\/wp\/v2\/product"}],"about":[{"href":"https:\/\/nfc-readers.com\/it\/wp-json\/wp\/v2\/types\/product"}],"wp:featuredmedia":[{"embeddable":true,"href":"https:\/\/nfc-readers.com\/it\/wp-json\/wp\/v2\/media\/3531"}],"wp:attachment":[{"href":"https:\/\/nfc-readers.com\/it\/wp-json\/wp\/v2\/media?parent=3530"}],"wp:term":[{"taxonomy":"product_brand","embeddable":true,"href":"https:\/\/nfc-readers.com\/it\/wp-json\/wp\/v2\/product_brand?post=3530"},{"taxonomy":"product_cat","embeddable":true,"href":"https:\/\/nfc-readers.com\/it\/wp-json\/wp\/v2\/product_cat?post=3530"},{"taxonomy":"product_tag","embeddable":true,"href":"https:\/\/nfc-readers.com\/it\/wp-json\/wp\/v2\/product_tag?post=3530"}],"curies":[{"name":"wp","href":"https:\/\/api.w.org\/{rel}","templated":true}]}}