{"id":3553,"date":"2024-11-06T12:50:53","date_gmt":"2024-11-06T12:50:53","guid":{"rendered":"https:\/\/nfc-readers.com\/?post_type=product&#038;p=3553"},"modified":"2024-11-06T12:50:53","modified_gmt":"2024-11-06T12:50:53","slug":"nfc-rfid-sticker-alien-h9-9662-9654-9610-9640-long-read-range","status":"publish","type":"product","link":"https:\/\/nfc-readers.com\/it\/ic-reader\/nfc-rfid-sticker-alien-h9-9662-9654-9610-9640-long-read-range\/","title":{"rendered":"Adesivo NFC RFID Alien H9 9662 9654 9610 9640 Lunga portata di lettura"},"content":{"rendered":"<h1 style=\"text-align: center;\"><strong>Adesivo NFC RFID Alien H9 9662 9654 9610 9640 Lunga portata di lettura<\/strong><\/h1>\n<p>Nel mondo digitale frenetico di oggi, una comunicazione efficace e il trasferimento delle informazioni possono migliorare notevolmente l&#039;efficienza operativa. <strong>Adesivo NFC RFID Alien H9<\/strong>\u00a0\u00e8 una soluzione eccezionale, che vanta un\u00a0<strong>lungo raggio di lettura<\/strong>\u00a0e funzionalit\u00e0 avanzate che soddisfano varie applicazioni, tra cui parcheggio, gestione dell&#039;inventario e altro ancora. Con una distanza di lettura impressionante di\u00a0<strong>3-7 metri<\/strong>Questo adesivo versatile garantisce un&#039;interazione fluida tra dispositivi abilitati NFC, rivoluzionando il modo in cui gli utenti interagiscono con i dati.<\/p>\n<p>Integrando una tecnologia all&#039;avanguardia in un formato compatto, il tag Alien H9 pu\u00f2 elevare i tuoi processi aziendali, migliorare le esperienze dei clienti e facilitare una connettivit\u00e0 senza sforzo. Scopri gli incredibili vantaggi dell&#039;adesivo Alien H9 NFC RFID per capire perch\u00e9 \u00e8 un investimento utile per le tue esigenze.<\/p>\n<p>&nbsp;<\/p>\n<h2>Panoramica della tecnologia NFC e RFID<\/h2>\n<p>NFC (Near Field Communication) e RFID (Radio Frequency Identification) sono potenti tecnologie di comunicazione wireless che facilitano lo scambio di dati tra dispositivi. NFC consente transazioni e interazioni sicure a distanza ravvicinata, mentre RFID consente letture a lungo raggio, rendendolo essenziale per vari settori.\u00a0<strong>Alieno H9<\/strong>\u00a0L&#039;adesivo NFC RFID combina queste due tecnologie, sfruttando una frequenza di\u00a0<strong>860-960 MHz<\/strong>, garantendo prestazioni ottimali in diverse applicazioni.<\/p>\n<p>&nbsp;<\/p>\n<h2>Specifiche principali dell&#039;adesivo RFID NFC Alien H9<\/h2>\n<p>IL\u00a0<strong>Adesivo RFID NFC Alien H9<\/strong>\u00a0\u00e8 dotato di una variet\u00e0 di caratteristiche e specifiche progettate per soddisfare le esigenze della tecnologia moderna:<\/p>\n<ul>\n<li><strong>Tipo di chip<\/strong>: Alieno H9<\/li>\n<li><strong>Dimensione del tag<\/strong>: 92 x 26 mm<\/li>\n<li><strong>Dimensioni dell&#039;antenna<\/strong>Dimensioni: 70 x 17 mm<\/li>\n<li><strong>Memoria EPC<\/strong>: 128 bit<\/li>\n<li><strong>Distanza di lettura<\/strong>: In media, 3-7 metri<\/li>\n<li><strong>Frequenza<\/strong>: Funziona a 860-960 MHz<\/li>\n<li><strong>Origine della produzione<\/strong>: Guangdong, Cina<\/li>\n<li><strong>Marchio<\/strong>: SX<\/li>\n<li><strong>Numero di modello<\/strong>Tipo: SX-050<\/li>\n<\/ul>\n<p>Queste specifiche evidenziano le elevate prestazioni e il design efficiente che rendono l&#039;Alien H9 leader sul mercato.<\/p>\n<p>&nbsp;<\/p>\n<h2>Specifiche tecniche dettagliate<\/h2>\n<table class=\"w-fit !mb-0 !max-w-none\" style=\"height: 196px;\" width=\"401\">\n<thead>\n<tr>\n<th>Specificazione<\/th>\n<th>Dettagli<\/th>\n<\/tr>\n<\/thead>\n<tbody>\n<tr>\n<td><strong>Interfaccia di comunicazione<\/strong><\/td>\n<td>RFID<\/td>\n<\/tr>\n<tr>\n<td><strong>Tipo di carta<\/strong><\/td>\n<td>Leggere\/scrivere<\/td>\n<\/tr>\n<tr>\n<td><strong>Finitura superficiale<\/strong><\/td>\n<td>Lucido \/ Opaco<\/td>\n<\/tr>\n<tr>\n<td><strong>Stampa<\/strong><\/td>\n<td>Stampa offset a bobina CMYK<\/td>\n<\/tr>\n<tr>\n<td><strong>Dimensioni del pacco<\/strong><\/td>\n<td>Dimensioni: 20 x 10 x 1 cm<\/td>\n<\/tr>\n<tr>\n<td><strong>Peso lordo<\/strong><\/td>\n<td>0,100 kg<\/td>\n<\/tr>\n<\/tbody>\n<\/table>\n<p>&nbsp;<\/p>\n<h2>Domande frequenti sull&#039;adesivo NFC RFID Alien H9<\/h2>\n<p><strong>D1: Quanto \u00e8 lunga la distanza di lettura?<\/strong><br \/>\nA1: La distanza di lettura varia in genere da\u00a0<strong>Da 3 a 7 metri<\/strong>, a seconda delle condizioni ambientali.<\/p>\n<p><strong>D2: L&#039;adesivo \u00e8 personalizzabile?<\/strong><br \/>\nR2: S\u00ec, l&#039;Alien H9 supporta la personalizzazione tramite la stampa e la codifica del codice per applicazioni esclusive.<\/p>","protected":false},"excerpt":{"rendered":"<p>L&#039;adesivo NFC RFID Alien H9 \u00e8 progettato per prestazioni ottimali con un ampio raggio di lettura, rendendolo ideale per diverse applicazioni come la gestione dell&#039;inventario e il controllo sicuro degli accessi. La sua struttura durevole garantisce affidabilit\u00e0 in vari ambienti.<\/p>","protected":false},"featured_media":3558,"template":"","meta":[],"product_brand":[],"product_cat":[48],"product_tag":[],"class_list":{"0":"post-3553","1":"product","2":"type-product","3":"status-publish","4":"has-post-thumbnail","6":"product_cat-nfc-stickers","8":"first","9":"instock","10":"shipping-taxable","11":"product-type-simple"},"_links":{"self":[{"href":"https:\/\/nfc-readers.com\/it\/wp-json\/wp\/v2\/product\/3553","targetHints":{"allow":["GET"]}}],"collection":[{"href":"https:\/\/nfc-readers.com\/it\/wp-json\/wp\/v2\/product"}],"about":[{"href":"https:\/\/nfc-readers.com\/it\/wp-json\/wp\/v2\/types\/product"}],"wp:featuredmedia":[{"embeddable":true,"href":"https:\/\/nfc-readers.com\/it\/wp-json\/wp\/v2\/media\/3558"}],"wp:attachment":[{"href":"https:\/\/nfc-readers.com\/it\/wp-json\/wp\/v2\/media?parent=3553"}],"wp:term":[{"taxonomy":"product_brand","embeddable":true,"href":"https:\/\/nfc-readers.com\/it\/wp-json\/wp\/v2\/product_brand?post=3553"},{"taxonomy":"product_cat","embeddable":true,"href":"https:\/\/nfc-readers.com\/it\/wp-json\/wp\/v2\/product_cat?post=3553"},{"taxonomy":"product_tag","embeddable":true,"href":"https:\/\/nfc-readers.com\/it\/wp-json\/wp\/v2\/product_tag?post=3553"}],"curies":[{"name":"wp","href":"https:\/\/api.w.org\/{rel}","templated":true}]}}