{"id":3564,"date":"2024-11-06T13:06:22","date_gmt":"2024-11-06T13:06:22","guid":{"rendered":"https:\/\/nfc-readers.com\/?post_type=product&#038;p=3564"},"modified":"2024-11-14T14:59:24","modified_gmt":"2024-11-14T14:59:24","slug":"t5577-dia-25mm-coated-paper-programmable-flexible-rfid-tag","status":"publish","type":"product","link":"https:\/\/nfc-readers.com\/it\/ic-reader\/t5577-dia-25mm-coated-paper-programmable-flexible-rfid-tag\/","title":{"rendered":"T5577 Tag RFID flessibile programmabile in carta patinata da 25 mm di diametro"},"content":{"rendered":"<h1 style=\"text-align: center;\"><strong>T5577 Tag RFID flessibile programmabile in carta patinata da 25 mm di diametro<\/strong><\/h1>\n<p>IL <strong>Tag RFID flessibile programmabile in carta patinata T5577 Dia 25mm<\/strong>\u00a0\u00e8 un prodotto straordinario nel mondo della tecnologia NFC, progettato per migliorare le soluzioni di biglietteria e semplificare i processi di identificazione in vari settori.<\/p>\n<p>Con l&#039;avanzato chip T5577 incorporato in un design resiliente e versatile, questo tag RFID coniuga funzionalit\u00e0 e praticit\u00e0. Questa descrizione ti guider\u00e0 attraverso i vantaggi, le caratteristiche, le specifiche e altro ancora, evidenziando perch\u00e9 questo tag \u00e8 un must per le tue esigenze aziendali o personali.<\/p>\n<p>&nbsp;<\/p>\n<h3><strong>Interfaccia di comunicazione: come funziona l&#039;RFID<\/strong><\/h3>\n<p>Dotato di un potente\u00a0<strong>RFID<\/strong>\u00a0interfaccia di comunicazione, il 12T5577 funziona ad una frequenza di\u00a0<strong>125KHz<\/strong>. Ci\u00f2 consente la comunicazione tra il tag e i dispositivi o lettori abilitati NFC, facilitando rapidi scambi di dati. Basta toccare il tuo\u00a0<strong>Telefono cellulare o dispositivo abilitato NFC<\/strong>\u00a0sul tag per recuperare o scrivere informazioni all&#039;istante.<\/p>\n<p>&nbsp;<\/p>\n<p>&nbsp;<\/p>\n<h3><strong>Aree di applicazione: dal ticketing alla gestione delle risorse<\/strong><\/h3>\n<p>I tag RFID T5577 sono progettati principalmente per <strong>biglietteria<\/strong>\u00a0applicazioni ma possono essere efficacemente utilizzati in vari campi, tra cui la gestione dell&#039;inventario al dettaglio, i sistemi di controllo degli accessi e la gestione degli eventi. La loro capacit\u00e0 di programmare e riscrivere facilmente i dati li rende eccezionalmente utili in ambienti dinamici in cui le informazioni devono essere aggiornate frequentemente.<\/p>\n<p>&nbsp;<\/p>\n<h3><strong>Perch\u00e9 acquistare il tag RFID 12T5577?<\/strong><\/h3>\n<p>Investire nel\u00a0<strong>Etichetta RFID 12T5577<\/strong>\u00a0significa scegliere efficienza, adattabilit\u00e0 e durata. A differenza dei metodi di identificazione tradizionali, i tag RFID forniscono un rapido accesso ai dati e possono essere programmati per memorizzare facilmente una variet\u00e0 di informazioni. Per le aziende coinvolte nella biglietteria, nella gestione dell&#039;inventario o nell&#039;identificazione dei servizi, questi tag semplificano notevolmente le operazioni, riducono l&#039;errore umano e migliorano l&#039;esperienza del cliente.<\/p>\n<p>Realizzato in carta patinata con un diametro di 25 mm, il tag \u00e8 leggero e flessibile, il che lo rende ideale per diverse applicazioni che vanno dal branding alla logistica. Inoltre, questo prodotto vanta caratteristiche come l&#039;impermeabilit\u00e0\/resistenza alle intemperie, un ampio raggio di lettura da 2 a 10 cm e un ciclo di scrittura fino a 100.000 volte, garantendo longevit\u00e0 e prestazioni affidabili.<\/p>\n<p>&nbsp;<\/p>\n<h3><strong>Specifiche tecniche<\/strong><\/h3>\n<table class=\"w-fit !mb-0 !max-w-none\" style=\"height: 285px;\" width=\"426\">\n<thead>\n<tr>\n<th><strong>Specificazione<\/strong><\/th>\n<th><strong>Dettagli<\/strong><\/th>\n<\/tr>\n<\/thead>\n<tbody>\n<tr>\n<td><strong>Patata fritta<\/strong><\/td>\n<td>T5577<\/td>\n<\/tr>\n<tr>\n<td><strong>Misurare<\/strong><\/td>\n<td>Diametro 25mm<\/td>\n<\/tr>\n<tr>\n<td><strong>Materiale<\/strong><\/td>\n<td>Carta patinata<\/td>\n<\/tr>\n<tr>\n<td><strong>Superficie<\/strong><\/td>\n<td>Opaco, Lucido, Satinato<\/td>\n<\/tr>\n<tr>\n<td><strong>Campo di lettura<\/strong><\/td>\n<td>2-10 centimetri<\/td>\n<\/tr>\n<tr>\n<td><strong>Protocollo<\/strong><\/td>\n<td>ISO11784\/11785<\/td>\n<\/tr>\n<tr>\n<td><strong>Ciclo di scrittura<\/strong><\/td>\n<td>100.000 volte<\/td>\n<\/tr>\n<tr>\n<td><strong>Temperatura di esercizio<\/strong><\/td>\n<td>Temperatura ambiente: da 20 a +80\u00b0C<\/td>\n<\/tr>\n<tr>\n<td><strong>Luogo d&#039;origine<\/strong><\/td>\n<td>Guangdong, Cina<\/td>\n<\/tr>\n<tr>\n<td><strong>Opzione di stampa<\/strong><\/td>\n<td>Stampa offset\/serigrafica 4C<\/td>\n<\/tr>\n<\/tbody>\n<\/table>\n<p>&nbsp;<\/p>\n<h2><strong>Domande frequenti (FAQ)<\/strong><\/h2>\n<h3><strong>1. Cosa sono le tecnologie NFC e RFID?<\/strong><\/h3>\n<p><strong>NFC (comunicazione in prossimit\u00e0)<\/strong>\u00a0E\u00a0<strong>RFID (identificazione a radiofrequenza)<\/strong>\u00a0sono tecnologie di comunicazione wireless che consentono ai dispositivi di scambiare dati su brevi distanze. NFC \u00e8 spesso utilizzato per pagamenti mobili e trasferimento dati, mentre RFID \u00e8 comunemente impiegato per il monitoraggio e la gestione dell&#039;inventario.<\/p>\n<h3><strong>2. Come si programmano i tag RFID T5577?<\/strong><\/h3>\n<p>Per programmare i tag RFID 12T5577, hai bisogno di un dispositivo abilitato NFC e di un&#039;app compatibile. Basta scaricare un&#039;app di scrittura NFC, aprirla e seguire le istruzioni per immettere i dati che desideri memorizzare sul tag. Una volta programmati i dati, il tag pu\u00f2 essere letto da qualsiasi dispositivo abilitato NFC.<\/p>\n<h3><strong>3. Qual \u00e8 il raggio di lettura del tag RFID T5577?<\/strong><\/h3>\n<p>L&#039;intervallo di lettura per il tag RFID 12T5577 \u00e8\u00a0<strong>Da 2 a 10 centimetri<\/strong>Questa gamma \u00e8 ottimale per la maggior parte delle applicazioni, consentendo scambi di dati rapidi ed efficienti senza la necessit\u00e0 di contatto fisico.<\/p>\n<h3><strong>4. Questi tag sono impermeabili?<\/strong><\/h3>\n<p>S\u00ec, i tag RFID T5577 sono progettati per essere impermeabili\/resistenti alle intemperie, il che li rende adatti sia per applicazioni indoor che outdoor. Possono resistere all&#039;esposizione all&#039;umidit\u00e0 e a varie condizioni ambientali.<\/p>","protected":false},"excerpt":{"rendered":"<p>IL <strong>Tag RFID flessibile programmabile in carta patinata T5577 Dia 25mm<\/strong>\u00a0\u00e8 una soluzione versatile e durevole per l&#039;archiviazione e il recupero efficiente dei dati, ideale per la gestione dei biglietti e dell&#039;inventario. Il suo design impermeabile, unito alla possibilit\u00e0 di essere facilmente programmato e personalizzato, lo rende una scelta affidabile per una variet\u00e0 di applicazioni.<\/p>","protected":false},"featured_media":3565,"template":"","meta":[],"product_brand":[],"product_cat":[47],"product_tag":[],"class_list":{"0":"post-3564","1":"product","2":"type-product","3":"status-publish","4":"has-post-thumbnail","6":"product_cat-nfc-tags","8":"first","9":"instock","10":"shipping-taxable","11":"product-type-simple"},"_links":{"self":[{"href":"https:\/\/nfc-readers.com\/it\/wp-json\/wp\/v2\/product\/3564","targetHints":{"allow":["GET"]}}],"collection":[{"href":"https:\/\/nfc-readers.com\/it\/wp-json\/wp\/v2\/product"}],"about":[{"href":"https:\/\/nfc-readers.com\/it\/wp-json\/wp\/v2\/types\/product"}],"wp:featuredmedia":[{"embeddable":true,"href":"https:\/\/nfc-readers.com\/it\/wp-json\/wp\/v2\/media\/3565"}],"wp:attachment":[{"href":"https:\/\/nfc-readers.com\/it\/wp-json\/wp\/v2\/media?parent=3564"}],"wp:term":[{"taxonomy":"product_brand","embeddable":true,"href":"https:\/\/nfc-readers.com\/it\/wp-json\/wp\/v2\/product_brand?post=3564"},{"taxonomy":"product_cat","embeddable":true,"href":"https:\/\/nfc-readers.com\/it\/wp-json\/wp\/v2\/product_cat?post=3564"},{"taxonomy":"product_tag","embeddable":true,"href":"https:\/\/nfc-readers.com\/it\/wp-json\/wp\/v2\/product_tag?post=3564"}],"curies":[{"name":"wp","href":"https:\/\/api.w.org\/{rel}","templated":true}]}}