{"id":3578,"date":"2024-11-06T13:26:21","date_gmt":"2024-11-06T13:26:21","guid":{"rendered":"https:\/\/nfc-readers.com\/?post_type=product&#038;p=3578"},"modified":"2024-11-06T13:26:21","modified_gmt":"2024-11-06T13:26:21","slug":"nfc-sticker-manufacturer-customize-anti-counterfeiting-label","status":"publish","type":"product","link":"https:\/\/nfc-readers.com\/it\/ic-reader\/nfc-sticker-manufacturer-customize-anti-counterfeiting-label\/","title":{"rendered":"Il produttore di adesivi NFC personalizza l&#039;etichetta anticontraffazione"},"content":{"rendered":"<h1 style=\"text-align: center;\"><strong>Il produttore di adesivi NFC personalizza l&#039;etichetta anticontraffazione<\/strong><\/h1>\n<p>&nbsp;<\/p>\n<p>Nell&#039;era digitale odierna, la necessit\u00e0 di soluzioni di branding sicure e affidabili non \u00e8 mai stata cos\u00ec fondamentale. Il nostro <strong>Adesivi NFC<\/strong>, specificamente progettati per applicazioni anticontraffazione, offrono un modo rivoluzionario per garantire l&#039;autenticit\u00e0 del prodotto e aumentare la fiducia del cliente. Su misura e personalizzati per una variet\u00e0 di usi, i nostri\u00a0<strong>Tag NFC<\/strong>\u00a0sono pi\u00f9 di semplici adesivi; sono una firma di sicurezza che pu\u00f2 essere integrata senza problemi nella tua attivit\u00e0. Utilizzando tecnologie avanzate come la\u00a0<strong>Etichetta NFC NTAG 424 DNA<\/strong>Questi adesivi offrono una serie di funzionalit\u00e0 che non solo proteggono i tuoi prodotti, ma coinvolgono anche i tuoi clienti in modi nuovi e innovativi.<\/p>\n<p>&nbsp;<\/p>\n<p><strong>Perch\u00e9 acquistare adesivi NFC?<\/strong><br \/>\nInvestire in adesivi NFC del nostro produttore significa salvaguardare il tuo marchio dalla contraffazione, offrendo al contempo un&#039;esperienza interattiva ai tuoi clienti. L&#039;uso di adesivi ad alte prestazioni <strong>RFID e NFC<\/strong>\u00a0tecnologia assicura che ogni adesivo agisca come un identificatore univoco, migliorando non solo la sicurezza ma anche l&#039;esperienza complessiva del marchio. Queste non sono semplici etichette; sono potenti strumenti per costruire la fiducia dei consumatori.<\/p>\n<p>&nbsp;<\/p>\n<h3>Caratteristiche speciali degli adesivi NFC<\/h3>\n<p>Gli adesivi NFC sono dotati di funzionalit\u00e0 che li rendono una scelta superiore per le applicazioni anticontraffazione. Dalle opzioni di personalizzazione alle varie dimensioni e forme, questi adesivi combinano funzionalit\u00e0 con interfacce intuitive.<\/p>\n<h3>Interfaccia di comunicazione: RFID e NFC<\/h3>\n<p>Esplora l&#039;integrazione perfetta di\u00a0<strong>RFID e NFC<\/strong>\u00a0tecnologie in questi adesivi. Scopri come funzionano insieme per fornire solide capacit\u00e0 di comunicazione tra i tag e i dispositivi abilitati NFC.<\/p>\n<h3>Frequenza e prestazioni<\/h3>\n<p>Con una frequenza di\u00a0<strong>13,56 MHz<\/strong>Questi tag NFC garantiscono una distanza di lettura affidabile di 1-10 cm, garantendo una scansione rapida ed efficiente sia in contesti di vendita al dettaglio che in applicazioni logistiche.<\/p>\n<h3>Materiali utilizzati: carta patinata e PET<\/h3>\n<p>La scelta dei materiali influisce sulla durata e sulle prestazioni degli adesivi NFC. Questa sezione approfondisce il motivo per cui utilizziamo\u00a0<strong>carta patinata e PET<\/strong>\u00a0e come questi materiali contribuiscono alla longevit\u00e0 dell&#039;adesivo e alla sua utilizzabilit\u00e0 in diversi ambienti.<\/p>\n<p>&nbsp;<\/p>\n<h2>Domande frequenti (FAQ)<\/h2>\n<h3>1.\u00a0<strong>Cosa sono gli adesivi NFC e come funzionano?<\/strong><\/h3>\n<p>Gli adesivi NFC (Near Field Communication) sono piccole etichette dotate di tecnologia NFC che consente la comunicazione wireless tra l&#039;adesivo e dispositivi abilitati NFC, come smartphone o tablet. Quando un utente tocca l&#039;adesivo con il proprio dispositivo, pu\u00f2 attivare varie azioni, come la visualizzazione di informazioni sul prodotto, la visita di un sito Web o la conferma dell&#039;autenticit\u00e0.<\/p>\n<hr \/>\n<h3>2.\u00a0<strong>Qual \u00e8 la distanza massima di lettura dei vostri adesivi NFC?<\/strong><\/h3>\n<p>I nostri adesivi NFC hanno una distanza di lettura di\u00a0<strong>1-10 centimetri<\/strong>\u00a0(circa 0,4-4 pollici). La portata effettiva dipende dal dispositivo utilizzato e dall&#039;ambiente in cui viene scansionato.<\/p>\n<hr \/>\n<h3>3.\u00a0<strong>Gli adesivi NFC sono personalizzabili?<\/strong><\/h3>\n<p>S\u00ec! I nostri adesivi NFC possono essere completamente personalizzati in termini di dimensioni, forma, design e contenuto stampato. Offriamo\u00a0<strong>Stampa a colori CMYK, stampa offset e stampa serigrafica<\/strong>\u00a0opzioni per garantire che il messaggio del tuo marchio venga visualizzato in modo prominente.<\/p>","protected":false},"excerpt":{"rendered":"<p>I nostri adesivi NFC sono etichette anticontraffazione personalizzate progettate per migliorare la sicurezza e l&#039;autenticit\u00e0 del prodotto. Grazie alla tecnologia avanzata e ai design unici, questi adesivi offrono alle aziende una soluzione affidabile per proteggere il loro marchio e coinvolgere i clienti in modo interattivo.<\/p>","protected":false},"featured_media":3579,"template":"","meta":[],"product_brand":[],"product_cat":[48],"product_tag":[],"class_list":{"0":"post-3578","1":"product","2":"type-product","3":"status-publish","4":"has-post-thumbnail","6":"product_cat-nfc-stickers","8":"first","9":"instock","10":"shipping-taxable","11":"product-type-simple"},"_links":{"self":[{"href":"https:\/\/nfc-readers.com\/it\/wp-json\/wp\/v2\/product\/3578","targetHints":{"allow":["GET"]}}],"collection":[{"href":"https:\/\/nfc-readers.com\/it\/wp-json\/wp\/v2\/product"}],"about":[{"href":"https:\/\/nfc-readers.com\/it\/wp-json\/wp\/v2\/types\/product"}],"wp:featuredmedia":[{"embeddable":true,"href":"https:\/\/nfc-readers.com\/it\/wp-json\/wp\/v2\/media\/3579"}],"wp:attachment":[{"href":"https:\/\/nfc-readers.com\/it\/wp-json\/wp\/v2\/media?parent=3578"}],"wp:term":[{"taxonomy":"product_brand","embeddable":true,"href":"https:\/\/nfc-readers.com\/it\/wp-json\/wp\/v2\/product_brand?post=3578"},{"taxonomy":"product_cat","embeddable":true,"href":"https:\/\/nfc-readers.com\/it\/wp-json\/wp\/v2\/product_cat?post=3578"},{"taxonomy":"product_tag","embeddable":true,"href":"https:\/\/nfc-readers.com\/it\/wp-json\/wp\/v2\/product_tag?post=3578"}],"curies":[{"name":"wp","href":"https:\/\/api.w.org\/{rel}","templated":true}]}}